{"id":6495,"date":"2021-05-26T16:21:45","date_gmt":"2021-05-26T20:21:45","guid":{"rendered":"https:\/\/www.drfranklinpena.com\/?page_id=6495"},"modified":"2021-07-05T10:22:06","modified_gmt":"2021-07-05T14:22:06","slug":"lifting-muslos","status":"publish","type":"page","link":"https:\/\/www.drfranklinpena.com\/mywp\/procedimientos\/cuerpo\/lifting-muslos\/","title":{"rendered":"Lifting de Muslos"},"content":{"rendered":"<div class=\"wpb-content-wrapper\"><p>[vc_row css=\u00bb.vc_custom_1519054678978{margin-bottom: 0px !important;padding-top: 30px !important;padding-bottom: 30px !important;}\u00bb][vc_column css=\u00bb.vc_custom_1519054634540{margin-bottom: 0px !important;padding-top: 0px !important;padding-bottom: 0px !important;}\u00bb][vc_row_inner css=\u00bb.vc_custom_1547477350296{padding-top: 0px !important;padding-bottom: 0px !important;}\u00bb][vc_column_inner css=\u00bb.vc_custom_1519054625769{margin-bottom: 0px !important;padding-top: 0px !important;padding-bottom: 0px !important;}\u00bb][vc_column_text]<\/p>\n<h3><strong>Lifting de Muslos o Cruroplastia<\/strong><\/h3>\n<p>[\/vc_column_text][vc_column_text css=\u00bb.vc_custom_1622060052732{margin-bottom: 0px !important;}\u00bb]<\/p>\n<h4>Descripci\u00f3n<\/h4>\n<p>El lifting de muslos o cruroplastia es el procedimiento quir\u00fargico que se utiliza para eliminar la flacidez de los muslos, reduciendo la grasa localizada en esa zona.<\/p>\n<p>El objetivo principal de la cirug\u00eda de muslos es devolver el contorno adecuado a los muslos, causado por el exceso de peso. [\/vc_column_text][\/vc_column_inner][\/vc_row_inner][\/vc_column][\/vc_row][vc_row][vc_column][vc_row_inner css=\u00bb.vc_custom_1547477382145{padding-top: 0px !important;padding-bottom: 0px !important;}\u00bb][vc_column_inner css=\u00bb.vc_custom_1519054625769{margin-bottom: 0px !important;padding-top: 0px !important;padding-bottom: 0px !important;}\u00bb][vc_column_text css=\u00bb.vc_custom_1548861651372{margin-bottom: 0px !important;}\u00bb]<\/p>\n<h4>Infograf\u00eda<\/h4>\n<p>Detalles espec\u00edficos del procedimiento:[\/vc_column_text][\/vc_column_inner][\/vc_row_inner][vc_row_inner css=\u00bb.vc_custom_1547491983217{margin-bottom: 0px !important;padding-top: 0px !important;padding-bottom: 0px !important;}\u00bb][vc_column_inner width=\u00bb1\/2&#8243; css=\u00bb.vc_custom_1547567872835{margin-bottom: 0px !important;padding-top: 0px !important;padding-bottom: 0px !important;}\u00bb offset=\u00bbvc_col-md-4&#8243;]<div class=\"list_item lists_2 clearfix\"><div class=\"list_left list_image\"><img decoding=\"async\" src=\"https:\/\/i0.wp.com\/www.drfranklinpena.com\/mywp\/wp-content\/uploads\/2019\/01\/tiempocirugia-1.png?fit=60%2C60&#038;ssl=1\" class=\"scale-with-grid\" alt=\"Lifting de Muslos\" width=\"\" height=\"\"\/><\/div><div class=\"list_right\"><h4 class=\"title \">Tiempo de cirug\u00eda<\/h4><div class=\"desc\">2 horas<\/div><\/div><\/div>\n[\/vc_column_inner][vc_column_inner width=\u00bb1\/2&#8243; offset=\u00bbvc_col-md-4&#8243;]<div class=\"list_item lists_2 clearfix\"><div class=\"list_left list_image\"><img decoding=\"async\" src=\"https:\/\/i0.wp.com\/www.drfranklinpena.com\/mywp\/wp-content\/uploads\/2019\/01\/anestesia-1.png?fit=60%2C60&#038;ssl=1\" class=\"scale-with-grid\" alt=\"Lifting de Muslos\" width=\"\" height=\"\"\/><\/div><div class=\"list_right\"><h4 class=\"title \">Anestesia<\/h4><div class=\"desc\">Anestesia Local<\/div><\/div><\/div>\n[\/vc_column_inner][vc_column_inner width=\u00bb1\/2&#8243; offset=\u00bbvc_col-md-4&#8243;]<div class=\"list_item lists_2 clearfix\"><div class=\"list_left list_image\"><img decoding=\"async\" src=\"https:\/\/i0.wp.com\/www.drfranklinpena.com\/mywp\/wp-content\/uploads\/2019\/01\/hospitalizacion.png?fit=60%2C60&#038;ssl=1\" class=\"scale-with-grid\" alt=\"Lifting de Muslos\" width=\"\" height=\"\"\/><\/div><div class=\"list_right\"><h4 class=\"title \">Hospitalizaci\u00f3n<\/h4><div class=\"desc\">1 noche<\/div><\/div><\/div>\n[\/vc_column_inner][vc_column_inner width=\u00bb1\/2&#8243; offset=\u00bbvc_col-md-4&#8243;]<div class=\"list_item lists_2 clearfix\"><div class=\"list_left list_image\"><img decoding=\"async\" src=\"https:\/\/i0.wp.com\/www.drfranklinpena.com\/mywp\/wp-content\/uploads\/2019\/01\/recuperacion.png?fit=60%2C60&#038;ssl=1\" class=\"scale-with-grid\" alt=\"Lifting de Muslos\" width=\"\" height=\"\"\/><\/div><div class=\"list_right\"><h4 class=\"title \">Recuperaci\u00f3n<\/h4><div class=\"desc\">7 a 14 d\u00edas<\/div><\/div><\/div>\n[\/vc_column_inner][vc_column_inner width=\u00bb1\/2&#8243; offset=\u00bbvc_col-md-4&#8243;]<div class=\"list_item lists_2 clearfix\"><div class=\"list_left list_image\"><img decoding=\"async\" src=\"https:\/\/i0.wp.com\/www.drfranklinpena.com\/mywp\/wp-content\/uploads\/2019\/01\/efectos.png?fit=60%2C60&#038;ssl=1\" class=\"scale-with-grid\" alt=\"Lifting de Muslos\" width=\"\" height=\"\"\/><\/div><div class=\"list_right\"><h4 class=\"title \">Efectos<\/h4><div class=\"desc\">3 semanas<\/div><\/div><\/div>\n[\/vc_column_inner][vc_column_inner width=\u00bb1\/2&#8243; offset=\u00bbvc_col-md-4&#8243;]<div class=\"list_item lists_2 clearfix\"><div class=\"list_left list_image\"><img decoding=\"async\" src=\"https:\/\/i0.wp.com\/www.drfranklinpena.com\/mywp\/wp-content\/uploads\/2019\/01\/resultados.png?fit=60%2C60&#038;ssl=1\" class=\"scale-with-grid\" alt=\"Lifting de Muslos\" width=\"\" height=\"\"\/><\/div><div class=\"list_right\"><h4 class=\"title \">Resultados<\/h4><div class=\"desc\">3 meses<\/div><\/div><\/div>\n[\/vc_column_inner][\/vc_row_inner][\/vc_column][\/vc_row][vc_row css=\u00bb.vc_custom_1617654656123{margin-right: 15px !important;margin-bottom: 0px !important;padding-top: 40px !important;padding-bottom: 40px !important;background: #07397e url(https:\/\/www.drfranklinpena.com\/mywp\/wp-content\/uploads\/2021\/04\/banner-bg6.jpg?id=6176) !important;background-position: center !important;background-repeat: no-repeat !important;background-size: cover !important;}\u00bb][vc_column css=\u00bb.vc_custom_1518646975951{margin-bottom: 0px !important;padding-top: 0px !important;padding-bottom: 0px !important;}\u00bb][vc_row_inner equal_height=\u00bbyes\u00bb content_placement=\u00bbmiddle\u00bb css=\u00bb.vc_custom_1519134969446{margin-bottom: 0px !important;padding-top: 0px !important;padding-right: 3% !important;padding-bottom: 0px !important;padding-left: 3% !important;}\u00bb][vc_column_inner css=\u00bb.vc_custom_1550261994491{margin-bottom: 0px !important;padding-top: 0px !important;padding-bottom: 0px !important;}\u00bb offset=\u00bbvc_col-lg-7 vc_col-md-7 vc_col-xs-12&#8243;][vc_custom_heading text=\u00bb\u00bfLISTA PARA PLANIFICAR TU CIRUG\u00cdA?\u00bb font_container=\u00bbtag:h1|font_size:1.5rem|text_align:center|color:%23ffffff|line_height:1.2em\u00bb use_theme_fonts=\u00bbyes\u00bb css_animation=\u00bbfadeInLeft\u00bb css=\u00bb.vc_custom_1550257863051{margin-top: 10px !important;margin-bottom: 10px !important;padding-top: 0px !important;padding-bottom: 0px !important;}\u00bb][\/vc_column_inner][vc_column_inner css=\u00bb.vc_custom_1550262009091{margin-bottom: 0px !important;padding-top: 0px !important;padding-bottom: 0px !important;}\u00bb offset=\u00bbvc_col-lg-3 vc_col-md-3 vc_col-xs-12&#8243;][vc_btn title=\u00bbPRESUPUESTO\u00bb style=\u00bbcustom\u00bb custom_background=\u00bb#e80e97&#8243; custom_text=\u00bb#ffffff\u00bb shape=\u00bbsquare\u00bb align=\u00bbcenter\u00bb css_animation=\u00bbfadeInRight\u00bb link=\u00bburl:https%3A%2F%2Fwww.drfranklinpena.com%2Fconsulta%2F|||\u00bb el_class=\u00bbfrontcta\u00bb css=\u00bb.vc_custom_1617652929318{margin-top: 0px !important;margin-bottom: 0px !important;}\u00bb][\/vc_column_inner][\/vc_row_inner][\/vc_column][\/vc_row][vc_row][vc_column][vc_row_inner css=\u00bb.vc_custom_1547477402338{padding-top: 0px !important;padding-bottom: 0px !important;}\u00bb][vc_column_inner css=\u00bb.vc_custom_1519054625769{margin-bottom: 0px !important;padding-top: 0px !important;padding-bottom: 0px !important;}\u00bb][vc_column_text css=\u00bb.vc_custom_1622060216313{margin-bottom: 0px !important;}\u00bb]El candidato ideal para esta cirug\u00eda es una persona con una buena calidad de piel, elasticidad y firmeza suficiente.<\/p>\n<p>Al igual que cualquier otro procedimiento de cirug\u00eda pl\u00e1stica, debe ser una persona que cuente con buena salud y condici\u00f3n f\u00edsica.<\/p>\n<p>Esta contraindicada en pacientes con sobrepeso. Se necesita contar con un peso estable para ser candidato.[\/vc_column_text][\/vc_column_inner][\/vc_row_inner][vc_row_inner css=\u00bb.vc_custom_1547477410031{padding-top: 0px !important;padding-bottom: 0px !important;}\u00bb][vc_column_inner css=\u00bb.vc_custom_1519054625769{margin-bottom: 0px !important;padding-top: 0px !important;padding-bottom: 0px !important;}\u00bb][vc_column_text css=\u00bb.vc_custom_1625494911547{margin-bottom: 0px !important;}\u00bb]<\/p>\n<h4>Ventajas<\/h4>\n<p>Incrementa el autoestima, y mejora la silueta considerablemente. Esta intervenci\u00f3n que elimina la grasa en exceso y la piel sobrante de la zona, tambi\u00e9n ayuda a mejorar el roce de las piernas que muchas veces resulta molesto para las pacientes.[\/vc_column_text][\/vc_column_inner][\/vc_row_inner][vc_row_inner css=\u00bb.vc_custom_1547477418659{padding-top: 0px !important;padding-bottom: 0px !important;}\u00bb][vc_column_inner css=\u00bb.vc_custom_1519054625769{margin-bottom: 0px !important;padding-top: 0px !important;padding-bottom: 0px !important;}\u00bb][vc_column_text css=\u00bb.vc_custom_1622060371881{margin-bottom: 0px !important;}\u00bb]<\/p>\n<h4>Resultados esperados<\/h4>\n<p><strong>Con el lifting de muslos se consigue:<\/strong><\/p>\n<ul>\n<li>Disminuir de forma notable la grasa entre las piernas.<\/li>\n<li>Redefine el contorno corporal de la zona.<\/li>\n<li>Ayuda a controlar el roce provocado por la flacidez en la zona.<\/li>\n<\/ul>\n<p>Los resultados ser\u00e1n permanentes siempre que se siga con una alimentaci\u00f3n saludable y balanceada, y as\u00ed evitar cambios bruscos de peso.[\/vc_column_text][\/vc_column_inner][\/vc_row_inner][vc_row_inner css=\u00bb.vc_custom_1547477425900{padding-top: 0px !important;padding-bottom: 0px !important;}\u00bb][vc_column_inner css=\u00bb.vc_custom_1519054625769{margin-bottom: 0px !important;padding-top: 0px !important;padding-bottom: 0px !important;}\u00bb][vc_column_text css=\u00bb.vc_custom_1622060390897{margin-bottom: 0px !important;}\u00bb]<\/p>\n<h4>Intervenci\u00f3n<\/h4>\n<p>Para la intervenci\u00f3n se realiza una incisi\u00f3n en la parte de adentro de los muslos mediante la cual se elimina la grasa sobrante y se estira devolviendo firmeza al \u00e1rea. Despu\u00e9s de cosen estas incisiones y se realiza un vendaje compresivo. [\/vc_column_text][\/vc_column_inner][\/vc_row_inner][vc_row_inner css=\u00bb.vc_custom_1547477434223{padding-top: 0px !important;padding-bottom: 0px !important;}\u00bb][vc_column_inner css=\u00bb.vc_custom_1519054625769{margin-bottom: 0px !important;padding-top: 0px !important;padding-bottom: 0px !important;}\u00bb][vc_column_text css=\u00bb.vc_custom_1622060435506{margin-bottom: 0px !important;}\u00bb]<\/p>\n<h4>Post-operatorio<\/h4>\n<p>Los primeros d\u00edas despu\u00e9s de la cirug\u00eda, debe llevar un vendaje o faja compresora.<\/p>\n<p>El vendaje comprensivo se coloca en las primeras 48 horas despu\u00e9s de la cirug\u00eda, y tambi\u00e9n un dreaje aspirativo que se realizar\u00e1 durante las primeras 24 horas.<\/p>\n<p>Esto le ayudar\u00e1 a la pronta recuperaci\u00f3n y facilita que la piel se adapte a su nueva forma. Es normal una leve inflamaci\u00f3n en los primeros d\u00edas y que se presenten hematomas en el \u00e1rea tratada. Por eso, es muy importante que evite en estos d\u00edas la exposici\u00f3n al sol.<\/p>\n<p>Las primeras semanas se notar\u00e1 la inflamaci\u00f3n y quiz\u00e1s presente un poco de dolor en las piernas, lo cual se controlar\u00e1 con la medicaci\u00f3n recetada por el Dr. Franklin Pe\u00f1a.<\/p>\n<p>Una vez de alta, se realiza la consulta de seguimiento en las primeras 48 \u2013 72 horas para retirar el vendaje y realizar la cura.<\/p>\n<p>Las complicaciones con mayor incidencia de esta cirug\u00eda son: hematomas y seromas que requieran drenajes o necrosis cut\u00e1nea (p\u00e9rdida de vitalidad).<br \/>\n[\/vc_column_text][\/vc_column_inner][\/vc_row_inner][\/vc_column][\/vc_row][vc_row css=\u00bb.vc_custom_1547492342797{margin-bottom: 0px !important;}\u00bb][vc_column][vc_row_inner css=\u00bb.vc_custom_1547672290369{padding-top: 0px !important;padding-bottom: 0px !important;}\u00bb][vc_column_inner css=\u00bb.vc_custom_1519054625769{margin-bottom: 0px !important;padding-top: 0px !important;padding-bottom: 0px !important;}\u00bb][vc_column_text css=\u00bb.vc_custom_1547477598558{margin-bottom: 0px !important;}\u00bb]<\/p>\n<h4>V\u00eddeos relacionados<\/h4>\n<p>[\/vc_column_text][\/vc_column_inner][\/vc_row_inner][vc_row_inner css=\u00bb.vc_custom_1547494641207{margin-bottom: 0px !important;}\u00bb][vc_column_inner width=\u00bb1\/3&#8243;][vc_video link=\u00bbhttps:\/\/www.youtube.com\/watch?v=41Toih_Aou4&#8243; align=\u00bbcenter\u00bb css_animation=\u00bbfadeIn\u00bb][\/vc_column_inner][vc_column_inner width=\u00bb1\/3&#8243;][\/vc_column_inner][vc_column_inner width=\u00bb1\/3&#8243;][\/vc_column_inner][\/vc_row_inner][\/vc_column][\/vc_row][vc_row css=\u00bb.vc_custom_1617654656123{margin-right: 15px !important;margin-bottom: 0px !important;padding-top: 40px !important;padding-bottom: 40px !important;background: #07397e url(https:\/\/www.drfranklinpena.com\/mywp\/wp-content\/uploads\/2021\/04\/banner-bg6.jpg?id=6176) !important;background-position: center !important;background-repeat: no-repeat !important;background-size: cover !important;}\u00bb][vc_column css=\u00bb.vc_custom_1518646975951{margin-bottom: 0px !important;padding-top: 0px !important;padding-bottom: 0px !important;}\u00bb][vc_row_inner equal_height=\u00bbyes\u00bb content_placement=\u00bbmiddle\u00bb css=\u00bb.vc_custom_1519134969446{margin-bottom: 0px !important;padding-top: 0px !important;padding-right: 3% !important;padding-bottom: 0px !important;padding-left: 3% !important;}\u00bb][vc_column_inner css=\u00bb.vc_custom_1550261994491{margin-bottom: 0px !important;padding-top: 0px !important;padding-bottom: 0px !important;}\u00bb offset=\u00bbvc_col-lg-7 vc_col-md-7 vc_col-xs-12&#8243;][vc_custom_heading text=\u00bb\u00bfEst\u00e1s lista para ver el resultado en ti?\u00bb font_container=\u00bbtag:h1|font_size:1.5rem|text_align:center|color:%23ffffff|line_height:1.2em\u00bb use_theme_fonts=\u00bbyes\u00bb css_animation=\u00bbfadeInLeft\u00bb css=\u00bb.vc_custom_1551983725856{margin-top: 10px !important;margin-bottom: 10px !important;padding-top: 0px !important;padding-bottom: 0px !important;}\u00bb][\/vc_column_inner][vc_column_inner css=\u00bb.vc_custom_1550262009091{margin-bottom: 0px !important;padding-top: 0px !important;padding-bottom: 0px !important;}\u00bb offset=\u00bbvc_col-lg-3 vc_col-md-3 vc_col-xs-12&#8243;][vc_btn title=\u00bbAGENDAR CITA\u00bb style=\u00bbcustom\u00bb custom_background=\u00bb#e80e97&#8243; custom_text=\u00bb#ffffff\u00bb shape=\u00bbsquare\u00bb align=\u00bbcenter\u00bb css_animation=\u00bbfadeInRight\u00bb link=\u00bburl:https%3A%2F%2Fwww.drfranklinpena.com%2Fagenda-tu-consulta%2F|title:Agenda%20tu%20consulta||\u00bb el_class=\u00bbfrontcta\u00bb css=\u00bb.vc_custom_1617654868308{margin-top: 0px !important;margin-bottom: 0px !important;}\u00bb][\/vc_column_inner][\/vc_row_inner][\/vc_column][\/vc_row]<\/p>\n<\/div>","protected":false},"excerpt":{"rendered":"<p><span class=\"excerpt-hellip\"> [\u2026]<\/span><\/p>\n","protected":false},"author":1,"featured_media":0,"parent":180,"menu_order":0,"comment_status":"closed","ping_status":"closed","template":"","meta":{"content-type":"","footnotes":""},"class_list":["post-6495","page","type-page","status-publish","hentry"],"yoast_head":"<!-- This site is optimized with the Yoast SEO plugin v27.2 - https:\/\/yoast.com\/product\/yoast-seo-wordpress\/ -->\n<title>Lifting de Muslos - Dr. Franklin Pe\u00f1a<\/title>\n<meta name=\"description\" content=\"El lifting de muslos o cruroplastia es el procedimiento quir\u00fargico que se utiliza para eliminar la flacidez de los muslos.\" \/>\n<meta name=\"robots\" content=\"index, follow, max-snippet:-1, max-image-preview:large, max-video-preview:-1\" \/>\n<link rel=\"canonical\" href=\"https:\/\/www.drfranklinpena.com\/mywp\/procedimientos\/cuerpo\/lifting-muslos\/\" \/>\n<meta property=\"og:locale\" content=\"es_ES\" \/>\n<meta property=\"og:type\" content=\"article\" \/>\n<meta property=\"og:title\" content=\"Lifting de Muslos - Dr. Franklin Pe\u00f1a\" \/>\n<meta property=\"og:description\" content=\"El lifting de muslos o cruroplastia es el procedimiento quir\u00fargico que se utiliza para eliminar la flacidez de los muslos.\" \/>\n<meta property=\"og:url\" content=\"https:\/\/www.drfranklinpena.com\/mywp\/procedimientos\/cuerpo\/lifting-muslos\/\" \/>\n<meta property=\"og:site_name\" content=\"Dr. Franklin Pe\u00f1a\" \/>\n<meta property=\"article:publisher\" content=\"https:\/\/www.facebook.com\/drfranklinpena\" \/>\n<meta property=\"article:modified_time\" content=\"2021-07-05T14:22:06+00:00\" \/>\n<meta property=\"og:image\" content=\"https:\/\/i0.wp.com\/www.drfranklinpena.com\/mywp\/wp-content\/uploads\/2025\/08\/Diseno-sin-titulo-51.jpg?fit=640%2C369&ssl=1\" \/>\n\t<meta property=\"og:image:width\" content=\"640\" \/>\n\t<meta property=\"og:image:height\" content=\"369\" \/>\n\t<meta property=\"og:image:type\" content=\"image\/jpeg\" \/>\n<meta name=\"twitter:card\" content=\"summary_large_image\" \/>\n<meta name=\"twitter:site\" content=\"@Dr_FranklinPena\" \/>\n<meta name=\"twitter:label1\" content=\"Tiempo de lectura\" \/>\n\t<meta name=\"twitter:data1\" content=\"4 minutos\" \/>\n<script type=\"application\/ld+json\" class=\"yoast-schema-graph\">{\"@context\":\"https:\/\/schema.org\",\"@graph\":[{\"@type\":\"WebPage\",\"@id\":\"https:\/\/www.drfranklinpena.com\/mywp\/procedimientos\/cuerpo\/lifting-muslos\/\",\"url\":\"https:\/\/www.drfranklinpena.com\/mywp\/procedimientos\/cuerpo\/lifting-muslos\/\",\"name\":\"Lifting de Muslos - Dr. Franklin Pe\u00f1a\",\"isPartOf\":{\"@id\":\"https:\/\/www.drfranklinpena.com\/mywp\/#website\"},\"datePublished\":\"2021-05-26T20:21:45+00:00\",\"dateModified\":\"2021-07-05T14:22:06+00:00\",\"description\":\"El lifting de muslos o cruroplastia es el procedimiento quir\u00fargico que se utiliza para eliminar la flacidez de los muslos.\",\"breadcrumb\":{\"@id\":\"https:\/\/www.drfranklinpena.com\/mywp\/procedimientos\/cuerpo\/lifting-muslos\/#breadcrumb\"},\"inLanguage\":\"es\",\"potentialAction\":[{\"@type\":\"ReadAction\",\"target\":[\"https:\/\/www.drfranklinpena.com\/mywp\/procedimientos\/cuerpo\/lifting-muslos\/\"]}]},{\"@type\":\"BreadcrumbList\",\"@id\":\"https:\/\/www.drfranklinpena.com\/mywp\/procedimientos\/cuerpo\/lifting-muslos\/#breadcrumb\",\"itemListElement\":[{\"@type\":\"ListItem\",\"position\":1,\"name\":\"Portada\",\"item\":\"https:\/\/www.drfranklinpena.com\/\"},{\"@type\":\"ListItem\",\"position\":2,\"name\":\"Procedimientos\",\"item\":\"https:\/\/www.drfranklinpena.com\/mywp\/procedimientos\/\"},{\"@type\":\"ListItem\",\"position\":3,\"name\":\"Cuerpo\",\"item\":\"https:\/\/www.drfranklinpena.com\/mywp\/procedimientos\/cuerpo\/\"},{\"@type\":\"ListItem\",\"position\":4,\"name\":\"Lifting de Muslos\"}]},{\"@type\":\"WebSite\",\"@id\":\"https:\/\/www.drfranklinpena.com\/mywp\/#website\",\"url\":\"https:\/\/www.drfranklinpena.com\/mywp\/\",\"name\":\"Dr. Franklin Pe\u00f1a\",\"description\":\"Cirug\u00eda Pl\u00e1stica, Est\u00e9tica y Reconstructiva | Resultados que cambian tu vida\",\"publisher\":{\"@id\":\"https:\/\/www.drfranklinpena.com\/mywp\/#organization\"},\"potentialAction\":[{\"@type\":\"SearchAction\",\"target\":{\"@type\":\"EntryPoint\",\"urlTemplate\":\"https:\/\/www.drfranklinpena.com\/mywp\/?s={search_term_string}\"},\"query-input\":{\"@type\":\"PropertyValueSpecification\",\"valueRequired\":true,\"valueName\":\"search_term_string\"}}],\"inLanguage\":\"es\"},{\"@type\":\"Organization\",\"@id\":\"https:\/\/www.drfranklinpena.com\/mywp\/#organization\",\"name\":\"Dr. Franklin Pe\u00f1a\",\"url\":\"https:\/\/www.drfranklinpena.com\/mywp\/\",\"logo\":{\"@type\":\"ImageObject\",\"inLanguage\":\"es\",\"@id\":\"https:\/\/www.drfranklinpena.com\/mywp\/#\/schema\/logo\/image\/\",\"url\":\"https:\/\/i0.wp.com\/www.drfranklinpena.com\/mywp\/wp-content\/uploads\/2021\/01\/ogimage2021.png?fit=640%2C369&ssl=1\",\"contentUrl\":\"https:\/\/i0.wp.com\/www.drfranklinpena.com\/mywp\/wp-content\/uploads\/2021\/01\/ogimage2021.png?fit=640%2C369&ssl=1\",\"width\":640,\"height\":369,\"caption\":\"Dr. Franklin Pe\u00f1a\"},\"image\":{\"@id\":\"https:\/\/www.drfranklinpena.com\/mywp\/#\/schema\/logo\/image\/\"},\"sameAs\":[\"https:\/\/www.facebook.com\/drfranklinpena\",\"https:\/\/x.com\/Dr_FranklinPena\",\"http:\/\/instagram.com\/drfranklinpena\/\",\"https:\/\/www.linkedin.com\/in\/franklin-pe\u00f1a-9b75a6141\/\",\"http:\/\/www.youtube.com\/user\/drfranklinpena\"]}]}<\/script>\n<!-- \/ Yoast SEO plugin. -->","yoast_head_json":{"title":"Lifting de Muslos - Dr. Franklin Pe\u00f1a","description":"El lifting de muslos o cruroplastia es el procedimiento quir\u00fargico que se utiliza para eliminar la flacidez de los muslos.","robots":{"index":"index","follow":"follow","max-snippet":"max-snippet:-1","max-image-preview":"max-image-preview:large","max-video-preview":"max-video-preview:-1"},"canonical":"https:\/\/www.drfranklinpena.com\/mywp\/procedimientos\/cuerpo\/lifting-muslos\/","og_locale":"es_ES","og_type":"article","og_title":"Lifting de Muslos - Dr. Franklin Pe\u00f1a","og_description":"El lifting de muslos o cruroplastia es el procedimiento quir\u00fargico que se utiliza para eliminar la flacidez de los muslos.","og_url":"https:\/\/www.drfranklinpena.com\/mywp\/procedimientos\/cuerpo\/lifting-muslos\/","og_site_name":"Dr. Franklin Pe\u00f1a","article_publisher":"https:\/\/www.facebook.com\/drfranklinpena","article_modified_time":"2021-07-05T14:22:06+00:00","og_image":[{"width":640,"height":369,"url":"https:\/\/i0.wp.com\/www.drfranklinpena.com\/mywp\/wp-content\/uploads\/2025\/08\/Diseno-sin-titulo-51.jpg?fit=640%2C369&ssl=1","type":"image\/jpeg"}],"twitter_card":"summary_large_image","twitter_site":"@Dr_FranklinPena","twitter_misc":{"Tiempo de lectura":"4 minutos"},"schema":{"@context":"https:\/\/schema.org","@graph":[{"@type":"WebPage","@id":"https:\/\/www.drfranklinpena.com\/mywp\/procedimientos\/cuerpo\/lifting-muslos\/","url":"https:\/\/www.drfranklinpena.com\/mywp\/procedimientos\/cuerpo\/lifting-muslos\/","name":"Lifting de Muslos - Dr. Franklin Pe\u00f1a","isPartOf":{"@id":"https:\/\/www.drfranklinpena.com\/mywp\/#website"},"datePublished":"2021-05-26T20:21:45+00:00","dateModified":"2021-07-05T14:22:06+00:00","description":"El lifting de muslos o cruroplastia es el procedimiento quir\u00fargico que se utiliza para eliminar la flacidez de los muslos.","breadcrumb":{"@id":"https:\/\/www.drfranklinpena.com\/mywp\/procedimientos\/cuerpo\/lifting-muslos\/#breadcrumb"},"inLanguage":"es","potentialAction":[{"@type":"ReadAction","target":["https:\/\/www.drfranklinpena.com\/mywp\/procedimientos\/cuerpo\/lifting-muslos\/"]}]},{"@type":"BreadcrumbList","@id":"https:\/\/www.drfranklinpena.com\/mywp\/procedimientos\/cuerpo\/lifting-muslos\/#breadcrumb","itemListElement":[{"@type":"ListItem","position":1,"name":"Portada","item":"https:\/\/www.drfranklinpena.com\/"},{"@type":"ListItem","position":2,"name":"Procedimientos","item":"https:\/\/www.drfranklinpena.com\/mywp\/procedimientos\/"},{"@type":"ListItem","position":3,"name":"Cuerpo","item":"https:\/\/www.drfranklinpena.com\/mywp\/procedimientos\/cuerpo\/"},{"@type":"ListItem","position":4,"name":"Lifting de Muslos"}]},{"@type":"WebSite","@id":"https:\/\/www.drfranklinpena.com\/mywp\/#website","url":"https:\/\/www.drfranklinpena.com\/mywp\/","name":"Dr. Franklin Pe\u00f1a","description":"Cirug\u00eda Pl\u00e1stica, Est\u00e9tica y Reconstructiva | Resultados que cambian tu vida","publisher":{"@id":"https:\/\/www.drfranklinpena.com\/mywp\/#organization"},"potentialAction":[{"@type":"SearchAction","target":{"@type":"EntryPoint","urlTemplate":"https:\/\/www.drfranklinpena.com\/mywp\/?s={search_term_string}"},"query-input":{"@type":"PropertyValueSpecification","valueRequired":true,"valueName":"search_term_string"}}],"inLanguage":"es"},{"@type":"Organization","@id":"https:\/\/www.drfranklinpena.com\/mywp\/#organization","name":"Dr. Franklin Pe\u00f1a","url":"https:\/\/www.drfranklinpena.com\/mywp\/","logo":{"@type":"ImageObject","inLanguage":"es","@id":"https:\/\/www.drfranklinpena.com\/mywp\/#\/schema\/logo\/image\/","url":"https:\/\/i0.wp.com\/www.drfranklinpena.com\/mywp\/wp-content\/uploads\/2021\/01\/ogimage2021.png?fit=640%2C369&ssl=1","contentUrl":"https:\/\/i0.wp.com\/www.drfranklinpena.com\/mywp\/wp-content\/uploads\/2021\/01\/ogimage2021.png?fit=640%2C369&ssl=1","width":640,"height":369,"caption":"Dr. Franklin Pe\u00f1a"},"image":{"@id":"https:\/\/www.drfranklinpena.com\/mywp\/#\/schema\/logo\/image\/"},"sameAs":["https:\/\/www.facebook.com\/drfranklinpena","https:\/\/x.com\/Dr_FranklinPena","http:\/\/instagram.com\/drfranklinpena\/","https:\/\/www.linkedin.com\/in\/franklin-pe\u00f1a-9b75a6141\/","http:\/\/www.youtube.com\/user\/drfranklinpena"]}]}},"jetpack_sharing_enabled":true,"_links":{"self":[{"href":"https:\/\/www.drfranklinpena.com\/mywp\/wp-json\/wp\/v2\/pages\/6495","targetHints":{"allow":["GET"]}}],"collection":[{"href":"https:\/\/www.drfranklinpena.com\/mywp\/wp-json\/wp\/v2\/pages"}],"about":[{"href":"https:\/\/www.drfranklinpena.com\/mywp\/wp-json\/wp\/v2\/types\/page"}],"author":[{"embeddable":true,"href":"https:\/\/www.drfranklinpena.com\/mywp\/wp-json\/wp\/v2\/users\/1"}],"replies":[{"embeddable":true,"href":"https:\/\/www.drfranklinpena.com\/mywp\/wp-json\/wp\/v2\/comments?post=6495"}],"version-history":[{"count":2,"href":"https:\/\/www.drfranklinpena.com\/mywp\/wp-json\/wp\/v2\/pages\/6495\/revisions"}],"predecessor-version":[{"id":6687,"href":"https:\/\/www.drfranklinpena.com\/mywp\/wp-json\/wp\/v2\/pages\/6495\/revisions\/6687"}],"up":[{"embeddable":true,"href":"https:\/\/www.drfranklinpena.com\/mywp\/wp-json\/wp\/v2\/pages\/180"}],"wp:attachment":[{"href":"https:\/\/www.drfranklinpena.com\/mywp\/wp-json\/wp\/v2\/media?parent=6495"}],"curies":[{"name":"wp","href":"https:\/\/api.w.org\/{rel}","templated":true}]}}