{"id":5853,"date":"2021-02-02T16:25:01","date_gmt":"2021-02-02T20:25:01","guid":{"rendered":"https:\/\/www.drfranklinpena.com\/?page_id=5853"},"modified":"2024-01-11T10:33:45","modified_gmt":"2024-01-11T14:33:45","slug":"reservas","status":"publish","type":"page","link":"https:\/\/www.drfranklinpena.com\/mywp\/reservas\/","title":{"rendered":"Reservas"},"content":{"rendered":"<div class=\"wpb-content-wrapper\"><p>[vc_row full_width=\u00bbstretch_row\u00bb css=\u00bb.vc_custom_1612381654558{padding-top: 30px !important;padding-bottom: 30px !important;background-color: #ffffff !important;}\u00bb][vc_column][vc_custom_heading text=\u00bbCONOCE NUESTRAS\u00bb font_container=\u00bbtag:h2|font_size:0.933rem|text_align:left|color:%23e80e97|line_height:1.2em\u00bb google_fonts=\u00bbfont_family:Roboto%3A100%2C100italic%2C300%2C300italic%2Cregular%2Citalic%2C500%2C500italic%2C700%2C700italic%2C900%2C900italic|font_style:400%20regular%3A400%3Anormal\u00bb css_animation=\u00bbleft-to-right\u00bb][vc_custom_heading text=\u00bbPol\u00edticas de reserva, cancelaci\u00f3n<br \/>\ny cambio de fecha de cirug\u00eda\u00bb font_container=\u00bbtag:h1|font_size:2.2rem|text_align:left|color:%235ca9dd|line_height:1.2em\u00bb google_fonts=\u00bbfont_family:Roboto%3A100%2C100italic%2C300%2C300italic%2Cregular%2Citalic%2C500%2C500italic%2C700%2C700italic%2C900%2C900italic|font_style:300%20light%20regular%3A300%3Anormal\u00bb css_animation=\u00bbleft-to-right\u00bb][vc_separator color=\u00bbcustom\u00bb align=\u00bbalign_left\u00bb border_width=\u00bb2&#8243; el_width=\u00bb30&#8243; css_animation=\u00bbfadeInLeft\u00bb accent_color=\u00bb#e80e97&#8243; css=\u00bb.vc_custom_1612381836964{margin-top: 15px !important;margin-bottom: 35px !important;}\u00bb][vc_column_text]<span class=\"bigtext\">La fecha de cirug\u00eda se reserva con un dep\u00f3sito previo de US$ 500, al menos 3 meses antes de la fecha deseada.<\/span><\/p>\n<p><span class=\"bigtext\">La solicitud del dep\u00f3sito es con el fin de reservar y asegurar la fecha para un paciente, tanto para la disponibilidad de todo el equipo m\u00e9dico quir\u00fargico como el espacio en el quir\u00f3fano.<\/span><\/p>\n<p><span class=\"bigtext\">Cuando un paciente reserva una fecha de cirug\u00eda, esta fecha queda asignada para este paciente. Con esa ocupaci\u00f3n, se niega esa fecha para otros pacientes y se limitan los espacios de cirug\u00eda disponibles en los quir\u00f3fanos de la cl\u00ednica, de forma que esta fecha no puede ser utilizada por otro paciente, ni el quir\u00f3fano por otro cirujano de la cl\u00ednica.<\/span><\/p>\n<p><span class=\"bigtext\">Podemos entender que pueden suceder acontecimientos no previsibles que puedan impedirle al paciente no realizar la cirug\u00eda en la fecha pautada. Por eso, tambi\u00e9n estamos en condiciones de permitir cambio de fecha de cirug\u00eda, el cual ser\u00e1 llevado a cabo exclusivamente en una sola ocasi\u00f3n.<\/span><\/p>\n<p><span class=\"bigtext\">Las cancelaciones sin previo aviso por el paciente, nos deja sin la oportunidad de asignar el lugar de la cirug\u00eda a otra persona, as\u00ed como la falta de disponibilidad en quir\u00f3fano para ser aprovechado por otro cirujano en la cl\u00ednica.<\/span><\/p>\n<p><span class=\"bigtext\">Por estas razones, los casos de cancelaci\u00f3n o cambio de fecha de cirug\u00eda, se aplicar\u00e1 una penalidad.<\/span><\/p>\n<p><span class=\"bigtext\">El dep\u00f3sito de la reserva NO es reembolsable.\u00a0<\/span><\/p>\n<p><span class=\"bigtext\">En caso de excepciones, se podr\u00e1 posponer la cirug\u00eda a una fecha futura dejando este dep\u00f3sito como garant\u00eda de la planificaci\u00f3n administrativa realizada a la fecha.<\/span><\/p>\n<p><span class=\"bigtext\">El Dr. Pe\u00f1a se reserva el derecho de cancelar una cirug\u00eda cuando haya cambios importantes de peso entre el tiempo de la consulta y la cirug\u00eda. En este caso tambi\u00e9n aplica la penalidad por cancelaci\u00f3n o posposici\u00f3n de la fecha.<\/span><\/p>\n<p><span class=\"bigtext\">Los pagos realizados por concepto de consultas y \/ o revisiones m\u00e9dicas NO son reembolsables.<\/span>[\/vc_column_text][\/vc_column][\/vc_row][vc_row full_width=\u00bbstretch_row\u00bb css=\u00bb.vc_custom_1612362456486{margin-bottom: 0px !important;padding-top: 30px !important;padding-bottom: 30px !important;background-color: #f2f2f2 !important;}\u00bb][vc_column][vc_row_inner css=\u00bb.vc_custom_1612361874427{margin-bottom: 0px !important;}\u00bb][vc_column_inner css=\u00bb.vc_custom_1612361883319{margin-bottom: 0px !important;}\u00bb][vc_column_text]<\/p>\n<h4 style=\"text-align: center;\">Cont\u00e1ctenos<\/h4>\n<p style=\"text-align: center;\"><span style=\"color: #e80e97;\">VIA WHATSAPP<\/span><br \/>\n829.471.5842<\/p>\n<p>[\/vc_column_text][\/vc_column_inner][\/vc_row_inner][vc_row_inner][vc_column_inner width=\u00bb1\/4&#8243; offset=\u00bbvc_hidden-xs\u00bb][\/vc_column_inner][vc_column_inner width=\u00bb1\/4&#8243;][vc_column_text]<\/p>\n<p style=\"text-align: center;\"><span style=\"color: #e80e97;\">SANTO DOMINGO<\/span><br \/>\nPlastimedic. Calle S\u00f3crates Nolasco #4,<br \/>\nEns. Naco. Rep\u00fablica Dominicana<br \/>\n809.535.6060<\/p>\n<p>[\/vc_column_text][\/vc_column_inner][vc_column_inner width=\u00bb1\/4&#8243;][vc_column_text]<\/p>\n<p style=\"text-align: center;\"><span style=\"color: #e80e97;\">SAN PEDRO DE MACORIS<\/span><br \/>\nCl\u00ednica de Medicina Familiar Franklin Pe\u00f1a<br \/>\nAv. Mauricio B\u00e1ez #159. R.D.<br \/>\n809.246.3873<\/p>\n<p>[\/vc_column_text][\/vc_column_inner][vc_column_inner width=\u00bb1\/4&#8243; offset=\u00bbvc_hidden-xs\u00bb][\/vc_column_inner][\/vc_row_inner][\/vc_column][\/vc_row]<\/p>\n<\/div>","protected":false},"excerpt":{"rendered":"<p><span class=\"excerpt-hellip\"> [\u2026]<\/span><\/p>\n","protected":false},"author":2,"featured_media":0,"parent":0,"menu_order":0,"comment_status":"closed","ping_status":"closed","template":"","meta":{"content-type":"","footnotes":""},"class_list":["post-5853","page","type-page","status-publish","hentry"],"yoast_head":"<!-- This site is optimized with the Yoast SEO plugin v27.2 - https:\/\/yoast.com\/product\/yoast-seo-wordpress\/ -->\n<title>Reservas - Dr. Franklin Pe\u00f1a<\/title>\n<meta name=\"robots\" content=\"index, follow, max-snippet:-1, max-image-preview:large, max-video-preview:-1\" \/>\n<link rel=\"canonical\" href=\"https:\/\/www.drfranklinpena.com\/mywp\/reservas\/\" \/>\n<meta property=\"og:locale\" content=\"es_ES\" \/>\n<meta property=\"og:type\" content=\"article\" \/>\n<meta property=\"og:title\" content=\"Reservas - Dr. Franklin Pe\u00f1a\" \/>\n<meta property=\"og:description\" content=\"[\u2026]\" \/>\n<meta property=\"og:url\" content=\"https:\/\/www.drfranklinpena.com\/mywp\/reservas\/\" \/>\n<meta property=\"og:site_name\" content=\"Dr. Franklin Pe\u00f1a\" \/>\n<meta property=\"article:publisher\" content=\"https:\/\/www.facebook.com\/drfranklinpena\" \/>\n<meta property=\"article:modified_time\" content=\"2024-01-11T14:33:45+00:00\" \/>\n<meta property=\"og:image\" content=\"https:\/\/i0.wp.com\/www.drfranklinpena.com\/mywp\/wp-content\/uploads\/2025\/08\/Diseno-sin-titulo-51.jpg?fit=640%2C369&ssl=1\" \/>\n\t<meta property=\"og:image:width\" content=\"640\" \/>\n\t<meta property=\"og:image:height\" content=\"369\" \/>\n\t<meta property=\"og:image:type\" content=\"image\/jpeg\" \/>\n<meta name=\"twitter:card\" content=\"summary_large_image\" \/>\n<meta name=\"twitter:site\" content=\"@Dr_FranklinPena\" \/>\n<meta name=\"twitter:label1\" content=\"Tiempo de lectura\" \/>\n\t<meta name=\"twitter:data1\" content=\"2 minutos\" \/>\n<script type=\"application\/ld+json\" class=\"yoast-schema-graph\">{\"@context\":\"https:\/\/schema.org\",\"@graph\":[{\"@type\":\"WebPage\",\"@id\":\"https:\/\/www.drfranklinpena.com\/mywp\/reservas\/\",\"url\":\"https:\/\/www.drfranklinpena.com\/mywp\/reservas\/\",\"name\":\"Reservas - Dr. Franklin Pe\u00f1a\",\"isPartOf\":{\"@id\":\"https:\/\/www.drfranklinpena.com\/mywp\/#website\"},\"datePublished\":\"2021-02-02T20:25:01+00:00\",\"dateModified\":\"2024-01-11T14:33:45+00:00\",\"breadcrumb\":{\"@id\":\"https:\/\/www.drfranklinpena.com\/mywp\/reservas\/#breadcrumb\"},\"inLanguage\":\"es\",\"potentialAction\":[{\"@type\":\"ReadAction\",\"target\":[\"https:\/\/www.drfranklinpena.com\/mywp\/reservas\/\"]}]},{\"@type\":\"BreadcrumbList\",\"@id\":\"https:\/\/www.drfranklinpena.com\/mywp\/reservas\/#breadcrumb\",\"itemListElement\":[{\"@type\":\"ListItem\",\"position\":1,\"name\":\"Portada\",\"item\":\"https:\/\/www.drfranklinpena.com\/\"},{\"@type\":\"ListItem\",\"position\":2,\"name\":\"Reservas\"}]},{\"@type\":\"WebSite\",\"@id\":\"https:\/\/www.drfranklinpena.com\/mywp\/#website\",\"url\":\"https:\/\/www.drfranklinpena.com\/mywp\/\",\"name\":\"Dr. Franklin Pe\u00f1a\",\"description\":\"Cirug\u00eda Pl\u00e1stica, Est\u00e9tica y Reconstructiva | Resultados que cambian tu vida\",\"publisher\":{\"@id\":\"https:\/\/www.drfranklinpena.com\/mywp\/#organization\"},\"potentialAction\":[{\"@type\":\"SearchAction\",\"target\":{\"@type\":\"EntryPoint\",\"urlTemplate\":\"https:\/\/www.drfranklinpena.com\/mywp\/?s={search_term_string}\"},\"query-input\":{\"@type\":\"PropertyValueSpecification\",\"valueRequired\":true,\"valueName\":\"search_term_string\"}}],\"inLanguage\":\"es\"},{\"@type\":\"Organization\",\"@id\":\"https:\/\/www.drfranklinpena.com\/mywp\/#organization\",\"name\":\"Dr. Franklin Pe\u00f1a\",\"url\":\"https:\/\/www.drfranklinpena.com\/mywp\/\",\"logo\":{\"@type\":\"ImageObject\",\"inLanguage\":\"es\",\"@id\":\"https:\/\/www.drfranklinpena.com\/mywp\/#\/schema\/logo\/image\/\",\"url\":\"https:\/\/i0.wp.com\/www.drfranklinpena.com\/mywp\/wp-content\/uploads\/2021\/01\/ogimage2021.png?fit=640%2C369&ssl=1\",\"contentUrl\":\"https:\/\/i0.wp.com\/www.drfranklinpena.com\/mywp\/wp-content\/uploads\/2021\/01\/ogimage2021.png?fit=640%2C369&ssl=1\",\"width\":640,\"height\":369,\"caption\":\"Dr. Franklin Pe\u00f1a\"},\"image\":{\"@id\":\"https:\/\/www.drfranklinpena.com\/mywp\/#\/schema\/logo\/image\/\"},\"sameAs\":[\"https:\/\/www.facebook.com\/drfranklinpena\",\"https:\/\/x.com\/Dr_FranklinPena\",\"http:\/\/instagram.com\/drfranklinpena\/\",\"https:\/\/www.linkedin.com\/in\/franklin-pe\u00f1a-9b75a6141\/\",\"http:\/\/www.youtube.com\/user\/drfranklinpena\"]}]}<\/script>\n<!-- \/ Yoast SEO plugin. -->","yoast_head_json":{"title":"Reservas - Dr. Franklin Pe\u00f1a","robots":{"index":"index","follow":"follow","max-snippet":"max-snippet:-1","max-image-preview":"max-image-preview:large","max-video-preview":"max-video-preview:-1"},"canonical":"https:\/\/www.drfranklinpena.com\/mywp\/reservas\/","og_locale":"es_ES","og_type":"article","og_title":"Reservas - Dr. Franklin Pe\u00f1a","og_description":"[\u2026]","og_url":"https:\/\/www.drfranklinpena.com\/mywp\/reservas\/","og_site_name":"Dr. Franklin Pe\u00f1a","article_publisher":"https:\/\/www.facebook.com\/drfranklinpena","article_modified_time":"2024-01-11T14:33:45+00:00","og_image":[{"width":640,"height":369,"url":"https:\/\/i0.wp.com\/www.drfranklinpena.com\/mywp\/wp-content\/uploads\/2025\/08\/Diseno-sin-titulo-51.jpg?fit=640%2C369&ssl=1","type":"image\/jpeg"}],"twitter_card":"summary_large_image","twitter_site":"@Dr_FranklinPena","twitter_misc":{"Tiempo de lectura":"2 minutos"},"schema":{"@context":"https:\/\/schema.org","@graph":[{"@type":"WebPage","@id":"https:\/\/www.drfranklinpena.com\/mywp\/reservas\/","url":"https:\/\/www.drfranklinpena.com\/mywp\/reservas\/","name":"Reservas - Dr. Franklin Pe\u00f1a","isPartOf":{"@id":"https:\/\/www.drfranklinpena.com\/mywp\/#website"},"datePublished":"2021-02-02T20:25:01+00:00","dateModified":"2024-01-11T14:33:45+00:00","breadcrumb":{"@id":"https:\/\/www.drfranklinpena.com\/mywp\/reservas\/#breadcrumb"},"inLanguage":"es","potentialAction":[{"@type":"ReadAction","target":["https:\/\/www.drfranklinpena.com\/mywp\/reservas\/"]}]},{"@type":"BreadcrumbList","@id":"https:\/\/www.drfranklinpena.com\/mywp\/reservas\/#breadcrumb","itemListElement":[{"@type":"ListItem","position":1,"name":"Portada","item":"https:\/\/www.drfranklinpena.com\/"},{"@type":"ListItem","position":2,"name":"Reservas"}]},{"@type":"WebSite","@id":"https:\/\/www.drfranklinpena.com\/mywp\/#website","url":"https:\/\/www.drfranklinpena.com\/mywp\/","name":"Dr. Franklin Pe\u00f1a","description":"Cirug\u00eda Pl\u00e1stica, Est\u00e9tica y Reconstructiva | Resultados que cambian tu vida","publisher":{"@id":"https:\/\/www.drfranklinpena.com\/mywp\/#organization"},"potentialAction":[{"@type":"SearchAction","target":{"@type":"EntryPoint","urlTemplate":"https:\/\/www.drfranklinpena.com\/mywp\/?s={search_term_string}"},"query-input":{"@type":"PropertyValueSpecification","valueRequired":true,"valueName":"search_term_string"}}],"inLanguage":"es"},{"@type":"Organization","@id":"https:\/\/www.drfranklinpena.com\/mywp\/#organization","name":"Dr. Franklin Pe\u00f1a","url":"https:\/\/www.drfranklinpena.com\/mywp\/","logo":{"@type":"ImageObject","inLanguage":"es","@id":"https:\/\/www.drfranklinpena.com\/mywp\/#\/schema\/logo\/image\/","url":"https:\/\/i0.wp.com\/www.drfranklinpena.com\/mywp\/wp-content\/uploads\/2021\/01\/ogimage2021.png?fit=640%2C369&ssl=1","contentUrl":"https:\/\/i0.wp.com\/www.drfranklinpena.com\/mywp\/wp-content\/uploads\/2021\/01\/ogimage2021.png?fit=640%2C369&ssl=1","width":640,"height":369,"caption":"Dr. Franklin Pe\u00f1a"},"image":{"@id":"https:\/\/www.drfranklinpena.com\/mywp\/#\/schema\/logo\/image\/"},"sameAs":["https:\/\/www.facebook.com\/drfranklinpena","https:\/\/x.com\/Dr_FranklinPena","http:\/\/instagram.com\/drfranklinpena\/","https:\/\/www.linkedin.com\/in\/franklin-pe\u00f1a-9b75a6141\/","http:\/\/www.youtube.com\/user\/drfranklinpena"]}]}},"jetpack_sharing_enabled":true,"_links":{"self":[{"href":"https:\/\/www.drfranklinpena.com\/mywp\/wp-json\/wp\/v2\/pages\/5853","targetHints":{"allow":["GET"]}}],"collection":[{"href":"https:\/\/www.drfranklinpena.com\/mywp\/wp-json\/wp\/v2\/pages"}],"about":[{"href":"https:\/\/www.drfranklinpena.com\/mywp\/wp-json\/wp\/v2\/types\/page"}],"author":[{"embeddable":true,"href":"https:\/\/www.drfranklinpena.com\/mywp\/wp-json\/wp\/v2\/users\/2"}],"replies":[{"embeddable":true,"href":"https:\/\/www.drfranklinpena.com\/mywp\/wp-json\/wp\/v2\/comments?post=5853"}],"version-history":[{"count":15,"href":"https:\/\/www.drfranklinpena.com\/mywp\/wp-json\/wp\/v2\/pages\/5853\/revisions"}],"predecessor-version":[{"id":8590,"href":"https:\/\/www.drfranklinpena.com\/mywp\/wp-json\/wp\/v2\/pages\/5853\/revisions\/8590"}],"wp:attachment":[{"href":"https:\/\/www.drfranklinpena.com\/mywp\/wp-json\/wp\/v2\/media?parent=5853"}],"curies":[{"name":"wp","href":"https:\/\/api.w.org\/{rel}","templated":true}]}}