{"id":506,"date":"2018-02-08T11:58:12","date_gmt":"2018-02-08T15:58:12","guid":{"rendered":"http:\/\/www.drfranklinpena.com\/mywp\/?page_id=506"},"modified":"2019-07-04T16:57:40","modified_gmt":"2019-07-04T20:57:40","slug":"politicas-de-uso","status":"publish","type":"page","link":"https:\/\/www.drfranklinpena.com\/mywp\/politicas-de-uso\/","title":{"rendered":"Pol\u00edticas de uso"},"content":{"rendered":"<div class=\"wpb-content-wrapper\"><p>[vc_row css=\u00bb.vc_custom_1518468644548{padding-top: 60px !important;padding-bottom: 60px !important;}\u00bb][vc_column][vc_column_text]<\/p>\n<ol style=\"list-style-type: upper-roman;\">\n<li style=\"list-style-type: none;\">\n<ol style=\"list-style-type: upper-roman;\">\n<li><strong>OBJETO<\/strong>\n<ol>\n<li>Las presentes Condiciones Generales regulan el uso (incluyendo el mero acceso) de las p\u00e1ginas web integrantes del sitio web del DR. FRANKLIN PE\u00d1A, CIRUJANO PL\u00c1STICO, S.R.L., (\u201cEL CENTRO\u201d), incluidos los contenidos y servicios puestos a disposici\u00f3n en ellas (el \u201cSitio DRFRANKLINPENA\u201d). Toda persona que acceda al Sitio DRFRANKLINPENA (\u201cUsuario\u201d) acepta someterse a las Condiciones Generales vigentes en cada momento en que acceda al Sitio DRFRANKLINPENA.<\/li>\n<li>Los contenidos y servicios que EL CENTRO pone a disposici\u00f3n del Usuario en el Sitio DRFRANKLINPENA (respectivamente, los \u201cContenidos\u201d y los \u201cServicios\u201d) podr\u00e1n asimismo quedar regulados por condiciones particulares que, en caso de conflicto, prevalecer\u00e1n sobre las Condiciones Generales (las \u201cCondiciones Particulares\u201d). El Usuario se somete asimismo, cada vez que utilice el correspondiente Contenido o Servicio, a sus correspondientes Condiciones Particulares aplicables.<\/li>\n<li>En consecuencia, el Usuario debe leer con atenci\u00f3n las Condiciones Generales cada vez que se proponga utilizar el Sitio DRFRANKLINPENA, as\u00ed como, en su caso, las correspondientes Condiciones Particulares cada vez que se proponga utilizar el Contenido o Servicio de que se trate.<\/li>\n<li>En todo caso, EL CENTRO se reserva el derecho de modificar, en cualquier momento y sin necesidad de previo aviso, la presentaci\u00f3n y configuraci\u00f3n del Sitio DRFRANKLINPENA, as\u00ed como las presentes Condiciones Generales o las correspondientes Condiciones Particulares.<\/li>\n<\/ol>\n<\/li>\n<\/ol>\n<\/li>\n<li style=\"list-style-type: none;\">\n<ol style=\"list-style-type: upper-roman;\" start=\"2\">\n<li><strong>USO DEL SITIO DRFRANKLINPENA.COM<\/strong>\n<ol start=\"5\">\n<li>El Sitio DRFRANKLINPENA.COM no constituye una fuente de asesoramiento ni un medio para establecer una relaci\u00f3n profesional ni de ning\u00fan otro tipo entre el cliente y EL CENTRO.<br \/>\nUso<\/li>\n<li>Salvo que se disponga otra cosa en las Condiciones Particulares, el uso del Sitio DRFRANKLINPENA tendr\u00e1 car\u00e1cter gratuito, sin perjuicio del coste de conexi\u00f3n a trav\u00e9s de la correspondiente red de telecomunicaciones que para el Usuario tenga el acceso.<\/li>\n<li>El Usuario es consciente y acepta voluntaria y expresamente que el uso del Sitio DRFRANKLINPENA se realiza en todo caso bajo su \u00fanica y exclusiva responsabilidad.<\/li>\n<li>En la utilizaci\u00f3n del Sitio DRFRANKLINPENA, el Usuario se compromete a no llevar a cabo ninguna conducta que pudiera da\u00f1ar la imagen, los intereses y los derechos de EL CENTRO o de terceros o que pudiera da\u00f1ar, inutilizar o sobrecargar el Sitio DRFRANKLINPENA, o que impidiera, de cualquier forma, la normal utilizaci\u00f3n del Sitio DRFRANKLINPENA.<\/li>\n<li>EL CENTRO adopta medidas de seguridad razonablemente adecuadas para detectar la existencia de virus. No obstante, el Usuario debe ser consciente de que las medidas de seguridad de los sistemas inform\u00e1ticos en Internet no son enteramente fiables y que, por tanto, EL CENTRO no puede garantizar la inexistencia de virus u otros elementos que puedan producir alteraciones en los sistemas inform\u00e1ticos (software y hardware) del Usuario o en sus documentos electr\u00f3nicos y ficheros contenidos en los mismos.<br \/>\nContenidos<\/li>\n<li>Los Contenidos del Sitio DRFRANKLINPENA son puestos a disposici\u00f3n del Usuario por EL CENTRO con informaci\u00f3n procedente tanto de fuentes propias como de terceros.<\/li>\n<li>EL CENTRO procura que los Contenidos sean de la mayor calidad posible y est\u00e9n razonablemente actualizados, pero no garantiza la utilidad, exactitud, exhaustividad, pertinencia y\/o actualidad de los Contenidos.<\/li>\n<li>La inclusi\u00f3n de Contenidos en el Sitio DRFRANKLINPENA no constituye en modo alguno la prestaci\u00f3n de un servicio de asesoramiento profesional. El Usuario reconoce que, en la medida en que la aplicaci\u00f3n del conocimiento a casos concretos no es autom\u00e1tica, sino que puede variar en funci\u00f3n de circunstancias muy diversas, la informaci\u00f3n recogida en los Contenidos es insuficiente para la toma de decisiones de cualquier naturaleza. Por ello, la informaci\u00f3n incluida en los Contenidos no puede ser considerada como una alternativa al asesoramiento m\u00e9dico particular, y EL CENTRO desaconseja al Usuario la toma de decisiones sobre la base de la informaci\u00f3n recogida en los Contenidos sin obtener un asesoramiento profesional personalizado y adecuado.<br \/>\nDerechos de propiedad intelectual e industrial<\/li>\n<li>Mediante estas Condiciones Generales no se cede ning\u00fan derecho de propiedad intelectual o industrial sobre el sitio DRFRANKLINPENA ni sobre ninguno de sus elementos integrantes, quedando expresamente prohibidos al Usuario la reproducci\u00f3n, transformaci\u00f3n, distribuci\u00f3n, comunicaci\u00f3n p\u00fablica, puesta a disposici\u00f3n, extracci\u00f3n, reutilizaci\u00f3n, reenv\u00edo o la utilizaci\u00f3n de cualquier naturaleza, por cualquier medio o procedimiento, de cualquiera de ellos, salvo en los casos en que est\u00e9 legalmente permitido o sea autorizado por el titular de los correspondientes derechos.<\/li>\n<li>El Usuario podr\u00e1 visualizar y obtener una copia privada temporal de los Contenidos para su exclusivo uso personal y privado en sus sistemas inform\u00e1ticos (software y hardware), siempre que no sea con la finalidad de desarrollar actividades de car\u00e1cter comercial o profesional. El Usuario deber\u00e1 abstenerse de obtener, o intentar obtener, los Contenidos por medios o procedimientos distintos de los que en cada caso se hayan puesto a su disposici\u00f3n o indicado al efecto o de los que se utilicen habitualmente en Internet (siempre que estos \u00faltimos no entra\u00f1en un riesgo de da\u00f1o o inutilizaci\u00f3n del Sitio DRFRANKLINPENA). El Usuario deber\u00e1 respetar en todo momento todos los derechos de propiedad intelectual e industrial sobre el Sitio DRFRANKLINPENA, de titularidad de EL CENTRO o de terceros.<br \/>\nHiperenlaces y Sitios Enlazados<\/li>\n<li>Hiperenlaces.- El Usuario y, en general, cualquier persona f\u00edsica o jur\u00eddica que se proponga establecer un hiperenlace o dispositivo t\u00e9cnico de enlace (por ejemplo, links o botones) desde su sitio web al Sitio DRFRANKLINPENA (el \u201cHiperenlace\u201d) deber\u00e1 obtener una autorizaci\u00f3n previa y por escrito de EL CENTRO.<\/li>\n<li>El establecimiento del Hiperenlace no implica en ning\u00fan caso la existencia de relaciones entre EL CENTRO y el propietario del sitio o de la p\u00e1gina web en la que se establezca el Hiperenlace, ni la aceptaci\u00f3n o aprobaci\u00f3n por parte de EL CENTRO de sus contenidos o servicios.<\/li>\n<li>En todo caso, EL CENTRO se reserva el derecho de prohibir o inutilizar en cualquier momento cualquier hiperenlace al Sitio DRFRANKLINPENA, especialmente en los supuestos de ilicitud de la actividad o contenidos del sitio web en el que se incluye el hiperenlace.<\/li>\n<li>Sitios Enlazados.- El Sitio DRFRANKLINPENA pone a disposici\u00f3n del Usuario, \u00fanicamente para la b\u00fasqueda de, y acceso a, la informaci\u00f3n, contenidos y servicios disponibles en Internet, hiperenlaces o dispositivos t\u00e9cnicos de enlace (por ejemplo, links o botones), que permiten al Usuario el acceso a sitios o portales de Internet pertenecientes a o gestionados por terceros (los \u201cSitios Enlazados\u201d).<\/li>\n<li>EL CENTRO no ofrece ni comercializa por s\u00ed ni por medio de terceros la informaci\u00f3n, contenidos y servicios disponibles en los Sitios Enlazados, ni aprueba, supervisa o controla en modo alguno los contenidos y servicios y cualquier material de cualquier naturaleza existente en los mismos, asumiendo el Usuario de manera exclusiva toda la responsabilidad de la navegaci\u00f3n a trav\u00e9s de los mismos.<\/li>\n<\/ol>\n<\/li>\n<\/ol>\n<\/li>\n<li style=\"list-style-type: none;\">\n<ol style=\"list-style-type: upper-roman;\" start=\"3\">\n<li><strong>FORMULARIO DE RECOGIDA DE DATOS<\/strong>\n<ol start=\"20\">\n<li>Sin perjuicio de lo dispuesto en las pol\u00edticas de privacidad accesibles desde el Sitio DRFRANKLINPENA y que pudieran resultar aplicable en cada momento, la utilizaci\u00f3n de ciertos servicios o solicitudes dirigidas a EL CENTRO est\u00e1n condicionadas a la previa cumplimentaci\u00f3n del correspondiente registro de Usuario.<\/li>\n<li>Toda la informaci\u00f3n que facilite el Usuario a trav\u00e9s de los formularios del Sitio DRFRANKLINPENA a los efectos anteriores o cualesquiera otros deber\u00e1 ser veraz. A estos efectos, el Usuario garantiza la autenticidad de todos aquellos datos que comunique y mantendr\u00e1 la informaci\u00f3n facilitada a EL CENTRO perfectamente actualizada de forma que responda, en todo momento, a la situaci\u00f3n real del Usuario. En todo caso ser\u00e1 el Usuario el \u00fanico responsable de las manifestaciones falsas o inexactas que realice y de los perjuicios que cause a EL CENTRO o a terceros por la informaci\u00f3n que facilite.<\/li>\n<\/ol>\n<\/li>\n<\/ol>\n<\/li>\n<li style=\"list-style-type: none;\">\n<ol style=\"list-style-type: upper-roman;\" start=\"4\">\n<li><strong>LEY APLICABLE Y JURISDICCI\u00d3N<\/strong>\n<ol start=\"22\">\n<li>Estas Condiciones Generales se rigen por las leyes de la Rep\u00fablica Dominicana.<\/li>\n<\/ol>\n<\/li>\n<\/ol>\n<\/li>\n<li style=\"list-style-type: none;\">\n<ol style=\"list-style-type: upper-roman;\" start=\"5\">\n<li><strong>DIRECCIONES DE CONTACTO<\/strong>\n<ol start=\"23\">\n<li>En caso de que cualquier Usuario tuviese alguna duda acerca de estas Condiciones Generales o cualquier comentario sobre el Sitio DRFRANKLINPENA, por favor dir\u00edjase a INFO@DRFRANKLINPENA.COM<\/li>\n<\/ol>\n<\/li>\n<\/ol>\n<\/li>\n<\/ol>\n<p>\u00a9 Copyright 2018 DR. FRANKLIN PE\u00d1A. Prohibida su reproducci\u00f3n total o parcial. Reservados todos los derechos.[\/vc_column_text][\/vc_column][\/vc_row]<\/p>\n<\/div>","protected":false},"excerpt":{"rendered":"<p><span class=\"excerpt-hellip\"> [\u2026]<\/span><\/p>\n","protected":false},"author":2,"featured_media":0,"parent":0,"menu_order":0,"comment_status":"closed","ping_status":"closed","template":"","meta":{"content-type":"","footnotes":""},"class_list":["post-506","page","type-page","status-publish","hentry"],"yoast_head":"<!-- This site is optimized with the Yoast SEO plugin v27.2 - https:\/\/yoast.com\/product\/yoast-seo-wordpress\/ -->\n<title>Pol\u00edticas de uso - Dr. Franklin Pe\u00f1a<\/title>\n<meta name=\"description\" content=\"Pol\u00edticas de uso que regulan el uso (incluyendo el mero acceso) de las p\u00e1ginas web integrantes del sitio web del Dr. Franklin Pe\u00f1a Cirujano pl\u00e1stico, est\u00e9tico y reconstructivo.\" \/>\n<meta name=\"robots\" content=\"index, follow, max-snippet:-1, max-image-preview:large, max-video-preview:-1\" \/>\n<link rel=\"canonical\" href=\"https:\/\/www.drfranklinpena.com\/mywp\/politicas-de-uso\/\" \/>\n<meta property=\"og:locale\" content=\"es_ES\" \/>\n<meta property=\"og:type\" content=\"article\" \/>\n<meta property=\"og:title\" content=\"Pol\u00edticas de uso - Dr. Franklin Pe\u00f1a\" \/>\n<meta property=\"og:description\" content=\"Pol\u00edticas de uso que regulan el uso (incluyendo el mero acceso) de las p\u00e1ginas web integrantes del sitio web del Dr. Franklin Pe\u00f1a Cirujano pl\u00e1stico, est\u00e9tico y reconstructivo.\" \/>\n<meta property=\"og:url\" content=\"https:\/\/www.drfranklinpena.com\/mywp\/politicas-de-uso\/\" \/>\n<meta property=\"og:site_name\" content=\"Dr. Franklin Pe\u00f1a\" \/>\n<meta property=\"article:publisher\" content=\"https:\/\/www.facebook.com\/drfranklinpena\" \/>\n<meta property=\"article:modified_time\" content=\"2019-07-04T20:57:40+00:00\" \/>\n<meta property=\"og:image\" content=\"https:\/\/i0.wp.com\/www.drfranklinpena.com\/mywp\/wp-content\/uploads\/2025\/08\/Diseno-sin-titulo-51.jpg?fit=640%2C369&ssl=1\" \/>\n\t<meta property=\"og:image:width\" content=\"640\" \/>\n\t<meta property=\"og:image:height\" content=\"369\" \/>\n\t<meta property=\"og:image:type\" content=\"image\/jpeg\" \/>\n<meta name=\"twitter:card\" content=\"summary_large_image\" \/>\n<meta name=\"twitter:site\" content=\"@Dr_FranklinPena\" \/>\n<meta name=\"twitter:label1\" content=\"Tiempo de lectura\" \/>\n\t<meta name=\"twitter:data1\" content=\"7 minutos\" \/>\n<script type=\"application\/ld+json\" class=\"yoast-schema-graph\">{\"@context\":\"https:\/\/schema.org\",\"@graph\":[{\"@type\":\"WebPage\",\"@id\":\"https:\/\/www.drfranklinpena.com\/mywp\/politicas-de-uso\/\",\"url\":\"https:\/\/www.drfranklinpena.com\/mywp\/politicas-de-uso\/\",\"name\":\"Pol\u00edticas de uso - Dr. Franklin Pe\u00f1a\",\"isPartOf\":{\"@id\":\"https:\/\/www.drfranklinpena.com\/mywp\/#website\"},\"datePublished\":\"2018-02-08T15:58:12+00:00\",\"dateModified\":\"2019-07-04T20:57:40+00:00\",\"description\":\"Pol\u00edticas de uso que regulan el uso (incluyendo el mero acceso) de las p\u00e1ginas web integrantes del sitio web del Dr. Franklin Pe\u00f1a Cirujano pl\u00e1stico, est\u00e9tico y reconstructivo.\",\"breadcrumb\":{\"@id\":\"https:\/\/www.drfranklinpena.com\/mywp\/politicas-de-uso\/#breadcrumb\"},\"inLanguage\":\"es\",\"potentialAction\":[{\"@type\":\"ReadAction\",\"target\":[\"https:\/\/www.drfranklinpena.com\/mywp\/politicas-de-uso\/\"]}]},{\"@type\":\"BreadcrumbList\",\"@id\":\"https:\/\/www.drfranklinpena.com\/mywp\/politicas-de-uso\/#breadcrumb\",\"itemListElement\":[{\"@type\":\"ListItem\",\"position\":1,\"name\":\"Portada\",\"item\":\"https:\/\/www.drfranklinpena.com\/\"},{\"@type\":\"ListItem\",\"position\":2,\"name\":\"Pol\u00edticas de uso\"}]},{\"@type\":\"WebSite\",\"@id\":\"https:\/\/www.drfranklinpena.com\/mywp\/#website\",\"url\":\"https:\/\/www.drfranklinpena.com\/mywp\/\",\"name\":\"Dr. Franklin Pe\u00f1a\",\"description\":\"Cirug\u00eda Pl\u00e1stica, Est\u00e9tica y Reconstructiva | Resultados que cambian tu vida\",\"publisher\":{\"@id\":\"https:\/\/www.drfranklinpena.com\/mywp\/#organization\"},\"potentialAction\":[{\"@type\":\"SearchAction\",\"target\":{\"@type\":\"EntryPoint\",\"urlTemplate\":\"https:\/\/www.drfranklinpena.com\/mywp\/?s={search_term_string}\"},\"query-input\":{\"@type\":\"PropertyValueSpecification\",\"valueRequired\":true,\"valueName\":\"search_term_string\"}}],\"inLanguage\":\"es\"},{\"@type\":\"Organization\",\"@id\":\"https:\/\/www.drfranklinpena.com\/mywp\/#organization\",\"name\":\"Dr. Franklin Pe\u00f1a\",\"url\":\"https:\/\/www.drfranklinpena.com\/mywp\/\",\"logo\":{\"@type\":\"ImageObject\",\"inLanguage\":\"es\",\"@id\":\"https:\/\/www.drfranklinpena.com\/mywp\/#\/schema\/logo\/image\/\",\"url\":\"https:\/\/i0.wp.com\/www.drfranklinpena.com\/mywp\/wp-content\/uploads\/2021\/01\/ogimage2021.png?fit=640%2C369&ssl=1\",\"contentUrl\":\"https:\/\/i0.wp.com\/www.drfranklinpena.com\/mywp\/wp-content\/uploads\/2021\/01\/ogimage2021.png?fit=640%2C369&ssl=1\",\"width\":640,\"height\":369,\"caption\":\"Dr. Franklin Pe\u00f1a\"},\"image\":{\"@id\":\"https:\/\/www.drfranklinpena.com\/mywp\/#\/schema\/logo\/image\/\"},\"sameAs\":[\"https:\/\/www.facebook.com\/drfranklinpena\",\"https:\/\/x.com\/Dr_FranklinPena\",\"http:\/\/instagram.com\/drfranklinpena\/\",\"https:\/\/www.linkedin.com\/in\/franklin-pe\u00f1a-9b75a6141\/\",\"http:\/\/www.youtube.com\/user\/drfranklinpena\"]}]}<\/script>\n<!-- \/ Yoast SEO plugin. -->","yoast_head_json":{"title":"Pol\u00edticas de uso - Dr. Franklin Pe\u00f1a","description":"Pol\u00edticas de uso que regulan el uso (incluyendo el mero acceso) de las p\u00e1ginas web integrantes del sitio web del Dr. Franklin Pe\u00f1a Cirujano pl\u00e1stico, est\u00e9tico y reconstructivo.","robots":{"index":"index","follow":"follow","max-snippet":"max-snippet:-1","max-image-preview":"max-image-preview:large","max-video-preview":"max-video-preview:-1"},"canonical":"https:\/\/www.drfranklinpena.com\/mywp\/politicas-de-uso\/","og_locale":"es_ES","og_type":"article","og_title":"Pol\u00edticas de uso - Dr. Franklin Pe\u00f1a","og_description":"Pol\u00edticas de uso que regulan el uso (incluyendo el mero acceso) de las p\u00e1ginas web integrantes del sitio web del Dr. Franklin Pe\u00f1a Cirujano pl\u00e1stico, est\u00e9tico y reconstructivo.","og_url":"https:\/\/www.drfranklinpena.com\/mywp\/politicas-de-uso\/","og_site_name":"Dr. Franklin Pe\u00f1a","article_publisher":"https:\/\/www.facebook.com\/drfranklinpena","article_modified_time":"2019-07-04T20:57:40+00:00","og_image":[{"width":640,"height":369,"url":"https:\/\/i0.wp.com\/www.drfranklinpena.com\/mywp\/wp-content\/uploads\/2025\/08\/Diseno-sin-titulo-51.jpg?fit=640%2C369&ssl=1","type":"image\/jpeg"}],"twitter_card":"summary_large_image","twitter_site":"@Dr_FranklinPena","twitter_misc":{"Tiempo de lectura":"7 minutos"},"schema":{"@context":"https:\/\/schema.org","@graph":[{"@type":"WebPage","@id":"https:\/\/www.drfranklinpena.com\/mywp\/politicas-de-uso\/","url":"https:\/\/www.drfranklinpena.com\/mywp\/politicas-de-uso\/","name":"Pol\u00edticas de uso - Dr. Franklin Pe\u00f1a","isPartOf":{"@id":"https:\/\/www.drfranklinpena.com\/mywp\/#website"},"datePublished":"2018-02-08T15:58:12+00:00","dateModified":"2019-07-04T20:57:40+00:00","description":"Pol\u00edticas de uso que regulan el uso (incluyendo el mero acceso) de las p\u00e1ginas web integrantes del sitio web del Dr. Franklin Pe\u00f1a Cirujano pl\u00e1stico, est\u00e9tico y reconstructivo.","breadcrumb":{"@id":"https:\/\/www.drfranklinpena.com\/mywp\/politicas-de-uso\/#breadcrumb"},"inLanguage":"es","potentialAction":[{"@type":"ReadAction","target":["https:\/\/www.drfranklinpena.com\/mywp\/politicas-de-uso\/"]}]},{"@type":"BreadcrumbList","@id":"https:\/\/www.drfranklinpena.com\/mywp\/politicas-de-uso\/#breadcrumb","itemListElement":[{"@type":"ListItem","position":1,"name":"Portada","item":"https:\/\/www.drfranklinpena.com\/"},{"@type":"ListItem","position":2,"name":"Pol\u00edticas de uso"}]},{"@type":"WebSite","@id":"https:\/\/www.drfranklinpena.com\/mywp\/#website","url":"https:\/\/www.drfranklinpena.com\/mywp\/","name":"Dr. Franklin Pe\u00f1a","description":"Cirug\u00eda Pl\u00e1stica, Est\u00e9tica y Reconstructiva | Resultados que cambian tu vida","publisher":{"@id":"https:\/\/www.drfranklinpena.com\/mywp\/#organization"},"potentialAction":[{"@type":"SearchAction","target":{"@type":"EntryPoint","urlTemplate":"https:\/\/www.drfranklinpena.com\/mywp\/?s={search_term_string}"},"query-input":{"@type":"PropertyValueSpecification","valueRequired":true,"valueName":"search_term_string"}}],"inLanguage":"es"},{"@type":"Organization","@id":"https:\/\/www.drfranklinpena.com\/mywp\/#organization","name":"Dr. Franklin Pe\u00f1a","url":"https:\/\/www.drfranklinpena.com\/mywp\/","logo":{"@type":"ImageObject","inLanguage":"es","@id":"https:\/\/www.drfranklinpena.com\/mywp\/#\/schema\/logo\/image\/","url":"https:\/\/i0.wp.com\/www.drfranklinpena.com\/mywp\/wp-content\/uploads\/2021\/01\/ogimage2021.png?fit=640%2C369&ssl=1","contentUrl":"https:\/\/i0.wp.com\/www.drfranklinpena.com\/mywp\/wp-content\/uploads\/2021\/01\/ogimage2021.png?fit=640%2C369&ssl=1","width":640,"height":369,"caption":"Dr. Franklin Pe\u00f1a"},"image":{"@id":"https:\/\/www.drfranklinpena.com\/mywp\/#\/schema\/logo\/image\/"},"sameAs":["https:\/\/www.facebook.com\/drfranklinpena","https:\/\/x.com\/Dr_FranklinPena","http:\/\/instagram.com\/drfranklinpena\/","https:\/\/www.linkedin.com\/in\/franklin-pe\u00f1a-9b75a6141\/","http:\/\/www.youtube.com\/user\/drfranklinpena"]}]}},"jetpack_sharing_enabled":true,"_links":{"self":[{"href":"https:\/\/www.drfranklinpena.com\/mywp\/wp-json\/wp\/v2\/pages\/506","targetHints":{"allow":["GET"]}}],"collection":[{"href":"https:\/\/www.drfranklinpena.com\/mywp\/wp-json\/wp\/v2\/pages"}],"about":[{"href":"https:\/\/www.drfranklinpena.com\/mywp\/wp-json\/wp\/v2\/types\/page"}],"author":[{"embeddable":true,"href":"https:\/\/www.drfranklinpena.com\/mywp\/wp-json\/wp\/v2\/users\/2"}],"replies":[{"embeddable":true,"href":"https:\/\/www.drfranklinpena.com\/mywp\/wp-json\/wp\/v2\/comments?post=506"}],"version-history":[{"count":1,"href":"https:\/\/www.drfranklinpena.com\/mywp\/wp-json\/wp\/v2\/pages\/506\/revisions"}],"predecessor-version":[{"id":4408,"href":"https:\/\/www.drfranklinpena.com\/mywp\/wp-json\/wp\/v2\/pages\/506\/revisions\/4408"}],"wp:attachment":[{"href":"https:\/\/www.drfranklinpena.com\/mywp\/wp-json\/wp\/v2\/media?parent=506"}],"curies":[{"name":"wp","href":"https:\/\/api.w.org\/{rel}","templated":true}]}}