{"id":4220,"date":"2019-04-12T16:08:24","date_gmt":"2019-04-12T20:08:24","guid":{"rendered":"https:\/\/www.drfranklinpena.com\/?page_id=4220"},"modified":"2021-05-03T16:57:06","modified_gmt":"2021-05-03T20:57:06","slug":"myoplasty","status":"publish","type":"page","link":"https:\/\/www.drfranklinpena.com\/mywp\/en\/procedures\/body\/myoplasty\/","title":{"rendered":"Myoplasty (Calves augmentation)"},"content":{"rendered":"<div class=\"wpb-content-wrapper\"><p>[vc_row css=\u00bb.vc_custom_1519054678978{margin-bottom: 0px !important;padding-top: 30px !important;padding-bottom: 30px !important;}\u00bb][vc_column css=\u00bb.vc_custom_1519054634540{margin-bottom: 0px !important;padding-top: 0px !important;padding-bottom: 0px !important;}\u00bb][vc_row_inner css=\u00bb.vc_custom_1547477350296{padding-top: 0px !important;padding-bottom: 0px !important;}\u00bb][vc_column_inner css=\u00bb.vc_custom_1519054625769{margin-bottom: 0px !important;padding-top: 0px !important;padding-bottom: 0px !important;}\u00bb][vc_column_text]<\/p>\n<h3><strong>Calves augmentation with implants<\/strong><\/h3>\n<p>[\/vc_column_text][vc_column_text css=\u00bb.vc_custom_1555099286519{margin-bottom: 0px !important;}\u00bb]<\/p>\n<h4>Description<\/h4>\n<p>Myoplasty is the name of the procedure of plastic and aesthetic surgery that serves to increase the volume of the posterior muscle of the leg, through the placement of an implant.<\/p>\n<p>[\/vc_column_text][\/vc_column_inner][\/vc_row_inner][\/vc_column][\/vc_row][vc_row][vc_column][vc_row_inner css=\u00bb.vc_custom_1547477382145{padding-top: 0px !important;padding-bottom: 0px !important;}\u00bb][vc_column_inner css=\u00bb.vc_custom_1519054625769{margin-bottom: 0px !important;padding-top: 0px !important;padding-bottom: 0px !important;}\u00bb][vc_column_text css=\u00bb.vc_custom_1555099324839{margin-bottom: 0px !important;}\u00bb]<\/p>\n<h4>Infographics<\/h4>\n<p>Specific details of the procedure:[\/vc_column_text][\/vc_column_inner][\/vc_row_inner][vc_row_inner css=\u00bb.vc_custom_1547491983217{margin-bottom: 0px !important;padding-top: 0px !important;padding-bottom: 0px !important;}\u00bb][vc_column_inner width=\u00bb1\/2&#8243; css=\u00bb.vc_custom_1547567872835{margin-bottom: 0px !important;padding-top: 0px !important;padding-bottom: 0px !important;}\u00bb offset=\u00bbvc_col-md-4&#8243;]<div class=\"list_item lists_2 clearfix\"><div class=\"list_left list_image\"><img decoding=\"async\" src=\"https:\/\/i0.wp.com\/www.drfranklinpena.com\/mywp\/wp-content\/uploads\/2019\/01\/tiempocirugia-1.png?fit=60%2C60&#038;ssl=1\" class=\"scale-with-grid\" alt=\"Myoplasty (Calves augmentation)\" width=\"\" height=\"\"\/><\/div><div class=\"list_right\"><h4 class=\"title \">Surgery Time<\/h4><div class=\"desc\">1 hour and a half<\/div><\/div><\/div>\n[\/vc_column_inner][vc_column_inner width=\u00bb1\/2&#8243; offset=\u00bbvc_col-md-4&#8243;]<div class=\"list_item lists_2 clearfix\"><div class=\"list_left list_image\"><img decoding=\"async\" src=\"https:\/\/i0.wp.com\/www.drfranklinpena.com\/mywp\/wp-content\/uploads\/2019\/01\/anestesia-1.png?fit=60%2C60&#038;ssl=1\" class=\"scale-with-grid\" alt=\"Myoplasty (Calves augmentation)\" width=\"\" height=\"\"\/><\/div><div class=\"list_right\"><h4 class=\"title \">Anesthesia<\/h4><div class=\"desc\">General with sedation<\/div><\/div><\/div>\n[\/vc_column_inner][vc_column_inner width=\u00bb1\/2&#8243; offset=\u00bbvc_col-md-4&#8243;]<div class=\"list_item lists_2 clearfix\"><div class=\"list_left list_image\"><img decoding=\"async\" src=\"https:\/\/i0.wp.com\/www.drfranklinpena.com\/mywp\/wp-content\/uploads\/2019\/01\/hospitalizacion.png?fit=60%2C60&#038;ssl=1\" class=\"scale-with-grid\" alt=\"Myoplasty (Calves augmentation)\" width=\"\" height=\"\"\/><\/div><div class=\"list_right\"><h4 class=\"title \">Hospitalization<\/h4><div class=\"desc\">1 night<\/div><\/div><\/div>\n[\/vc_column_inner][vc_column_inner width=\u00bb1\/2&#8243; offset=\u00bbvc_col-md-4&#8243;]<div class=\"list_item lists_2 clearfix\"><div class=\"list_left list_image\"><img decoding=\"async\" src=\"https:\/\/i0.wp.com\/www.drfranklinpena.com\/mywp\/wp-content\/uploads\/2019\/01\/recuperacion.png?fit=60%2C60&#038;ssl=1\" class=\"scale-with-grid\" alt=\"Myoplasty (Calves augmentation)\" width=\"\" height=\"\"\/><\/div><div class=\"list_right\"><h4 class=\"title \">Recuperation<\/h4><div class=\"desc\">15 days<\/div><\/div><\/div>\n[\/vc_column_inner][vc_column_inner width=\u00bb1\/2&#8243; offset=\u00bbvc_col-md-4&#8243;]<div class=\"list_item lists_2 clearfix\"><div class=\"list_left list_image\"><img decoding=\"async\" src=\"https:\/\/i0.wp.com\/www.drfranklinpena.com\/mywp\/wp-content\/uploads\/2019\/01\/efectos.png?fit=60%2C60&#038;ssl=1\" class=\"scale-with-grid\" alt=\"Myoplasty (Calves augmentation)\" width=\"\" height=\"\"\/><\/div><div class=\"list_right\"><h4 class=\"title \">Effects<\/h4><div class=\"desc\">Inmediate<\/div><\/div><\/div>\n[\/vc_column_inner][vc_column_inner width=\u00bb1\/2&#8243; offset=\u00bbvc_col-md-4&#8243;]<div class=\"list_item lists_2 clearfix\"><div class=\"list_left list_image\"><img decoding=\"async\" src=\"https:\/\/i0.wp.com\/www.drfranklinpena.com\/mywp\/wp-content\/uploads\/2019\/01\/resultados.png?fit=60%2C60&#038;ssl=1\" class=\"scale-with-grid\" alt=\"Myoplasty (Calves augmentation)\" width=\"\" height=\"\"\/><\/div><div class=\"list_right\"><h4 class=\"title \">Results<\/h4><div class=\"desc\">Enduring<\/div><\/div><\/div>\n[\/vc_column_inner][\/vc_row_inner][\/vc_column][\/vc_row][vc_row css=\u00bb.vc_custom_1617654656123{margin-right: 15px !important;margin-bottom: 0px !important;padding-top: 40px !important;padding-bottom: 40px !important;background: #07397e url(https:\/\/www.drfranklinpena.com\/mywp\/wp-content\/uploads\/2021\/04\/banner-bg6.jpg?id=6176) !important;background-position: center !important;background-repeat: no-repeat !important;background-size: cover !important;}\u00bb][vc_column css=\u00bb.vc_custom_1518646975951{margin-bottom: 0px !important;padding-top: 0px !important;padding-bottom: 0px !important;}\u00bb][vc_row_inner equal_height=\u00bbyes\u00bb content_placement=\u00bbmiddle\u00bb css=\u00bb.vc_custom_1519134969446{margin-bottom: 0px !important;padding-top: 0px !important;padding-right: 3% !important;padding-bottom: 0px !important;padding-left: 3% !important;}\u00bb][vc_column_inner css=\u00bb.vc_custom_1550261994491{margin-bottom: 0px !important;padding-top: 0px !important;padding-bottom: 0px !important;}\u00bb offset=\u00bbvc_col-lg-7 vc_col-md-7 vc_col-xs-12&#8243;][vc_custom_heading text=\u00bbREADY TO PLAN YOUR SURGERY?\u00bb font_container=\u00bbtag:h1|font_size:1.5rem|text_align:center|color:%23ffffff|line_height:1.2em\u00bb use_theme_fonts=\u00bbyes\u00bb css_animation=\u00bbfadeInLeft\u00bb css=\u00bb.vc_custom_1550257770023{margin-top: 10px !important;margin-bottom: 10px !important;padding-top: 0px !important;padding-bottom: 0px !important;}\u00bb][\/vc_column_inner][vc_column_inner css=\u00bb.vc_custom_1550262009091{margin-bottom: 0px !important;padding-top: 0px !important;padding-bottom: 0px !important;}\u00bb offset=\u00bbvc_col-lg-3 vc_col-md-3 vc_col-xs-12&#8243;][vc_btn title=\u00bbGET A QUOTE\u00bb style=\u00bbcustom\u00bb custom_background=\u00bb#e80e97&#8243; custom_text=\u00bb#ffffff\u00bb shape=\u00bbsquare\u00bb align=\u00bbcenter\u00bb css_animation=\u00bbfadeInRight\u00bb link=\u00bburl:http%3A%2F%2Fwww.drfranklinpena.com%2Fen%2Fconsult%2F|||\u00bb el_class=\u00bbfrontcta\u00bb css=\u00bb.vc_custom_1617654975427{margin-top: 0px !important;margin-bottom: 0px !important;}\u00bb][\/vc_column_inner][\/vc_row_inner][\/vc_column][\/vc_row][vc_row][vc_column][vc_row_inner css=\u00bb.vc_custom_1547477402338{padding-top: 0px !important;padding-bottom: 0px !important;}\u00bb][vc_column_inner css=\u00bb.vc_custom_1519054625769{margin-bottom: 0px !important;padding-top: 0px !important;padding-bottom: 0px !important;}\u00bb][vc_column_text css=\u00bb.vc_custom_1555099507969{margin-bottom: 0px !important;}\u00bb]<\/p>\n<h4>Requirements<\/h4>\n<p>Anyone who is not confirmed with the volume of their calves or has some asymmetry, can be increased by implants. The ideal candidate could present:<\/p>\n<ul>\n<li>Injuries to the lower limbs<\/li>\n<li>Men and women with undeveloped twins<\/li>\n<li>People who still practice sports do not get the desired volume in this area.<\/li>\n<li>Patients who have suffered neurological diseases.<\/li>\n<li>Patients with orthopedic problems.<\/li>\n<\/ul>\n<p>Calf augmentation surgery is performed in both men and women, the important thing is that the patient has reached the age of majority and has a complete physical development and is in good health psychophysical.<\/p>\n<p>It is not recommended in people with diabetes, cardiovascular diseases or lung diseases.[\/vc_column_text][\/vc_column_inner][\/vc_row_inner][vc_row_inner css=\u00bb.vc_custom_1547477410031{padding-top: 0px !important;padding-bottom: 0px !important;}\u00bb][vc_column_inner css=\u00bb.vc_custom_1519054625769{margin-bottom: 0px !important;padding-top: 0px !important;padding-bottom: 0px !important;}\u00bb][vc_column_text css=\u00bb.vc_custom_1555099540434{margin-bottom: 0px !important;}\u00bb]<\/p>\n<h4>Benefits<\/h4>\n<p>The main advantage of this procedure is that its result is permanent and offers an improvement in the lower part of the leg.<\/p>\n<p>This procedure can help correct traumas in the lower limbs.[\/vc_column_text][\/vc_column_inner][\/vc_row_inner][vc_row_inner css=\u00bb.vc_custom_1547477418659{padding-top: 0px !important;padding-bottom: 0px !important;}\u00bb][vc_column_inner css=\u00bb.vc_custom_1519054625769{margin-bottom: 0px !important;padding-top: 0px !important;padding-bottom: 0px !important;}\u00bb][vc_column_text css=\u00bb.vc_custom_1620074942597{margin-bottom: 0px !important;}\u00bb]<\/p>\n<h4>Expected results<\/h4>\n<p>Calf augmentation through prosthetic placement offers immediate results. To see the final result, it is necessary to wait a few weeks, until the inflammation has subsided and some bruises that could remain from the surgery disappear.<\/p>\n<p>There will be some small scars, results of the incision behind the knees, so that they are hidden behind the folds. To promote healing and reduce it, it is advisable to start caring for the scars immediately with the application of creams, always following the instructions of Dr. Franklin Pe\u00f1a.[\/vc_column_text][\/vc_column_inner][\/vc_row_inner][vc_row_inner css=\u00bb.vc_custom_1547477425900{padding-top: 0px !important;padding-bottom: 0px !important;}\u00bb][vc_column_inner css=\u00bb.vc_custom_1519054625769{margin-bottom: 0px !important;padding-top: 0px !important;padding-bottom: 0px !important;}\u00bb][vc_column_text css=\u00bb.vc_custom_1555099602503{margin-bottom: 0px !important;}\u00bb]<\/p>\n<h4>Intervention<\/h4>\n<p>The increase consists of the placement of a prosthesis on the gastrocnemius muscle through an incision of about 5cm, made in the area below the knee to create a pocket between the facsia and the underlying muscle in which the prosthesis will be placed.[\/vc_column_text][\/vc_column_inner][\/vc_row_inner][vc_row_inner css=\u00bb.vc_custom_1547477434223{padding-top: 0px !important;padding-bottom: 0px !important;}\u00bb][vc_column_inner css=\u00bb.vc_custom_1519054625769{margin-bottom: 0px !important;padding-top: 0px !important;padding-bottom: 0px !important;}\u00bb][vc_column_text css=\u00bb.vc_custom_1555099628630{margin-bottom: 0px !important;}\u00bb]<\/p>\n<h4>Post-operative<\/h4>\n<p>During the rest period, the patient should wear a compression bandage for approximately 2 weeks or those indicated by Dr. Franklin Pe\u00f1a, as it helps control inflammation.<\/p>\n<p>The next 2 days after the operation it is recommended to maintain an absolute rest by keeping the legs up, and avoid exerting excessive force on the calves.<\/p>\n<p>During the first few days, you may experience some discomfort, which will be calmed down with pre-written analgesics for these purposes.[\/vc_column_text][\/vc_column_inner][\/vc_row_inner][\/vc_column][\/vc_row][vc_row css=\u00bb.vc_custom_1547492342797{margin-bottom: 0px !important;}\u00bb][vc_column][vc_row_inner css=\u00bb.vc_custom_1547672290369{padding-top: 0px !important;padding-bottom: 0px !important;}\u00bb][vc_column_inner css=\u00bb.vc_custom_1519054625769{margin-bottom: 0px !important;padding-top: 0px !important;padding-bottom: 0px !important;}\u00bb][vc_column_text css=\u00bb.vc_custom_1547477598558{margin-bottom: 0px !important;}\u00bb]<\/p>\n<h4>V\u00eddeos relacionados<\/h4>\n<p>[\/vc_column_text][\/vc_column_inner][\/vc_row_inner][vc_row_inner css=\u00bb.vc_custom_1547494641207{margin-bottom: 0px !important;}\u00bb][vc_column_inner width=\u00bb1\/3&#8243;][vc_video link=\u00bbhttps:\/\/www.youtube.com\/watch?v=41Toih_Aou4&#8243; align=\u00bbcenter\u00bb css_animation=\u00bbfadeIn\u00bb][\/vc_column_inner][vc_column_inner width=\u00bb1\/3&#8243;][\/vc_column_inner][vc_column_inner width=\u00bb1\/3&#8243;][\/vc_column_inner][\/vc_row_inner][\/vc_column][\/vc_row][vc_row css=\u00bb.vc_custom_1617654656123{margin-right: 15px !important;margin-bottom: 0px !important;padding-top: 40px !important;padding-bottom: 40px !important;background: #07397e url(https:\/\/www.drfranklinpena.com\/mywp\/wp-content\/uploads\/2021\/04\/banner-bg6.jpg?id=6176) !important;background-position: center !important;background-repeat: no-repeat !important;background-size: cover !important;}\u00bb][vc_column css=\u00bb.vc_custom_1518646975951{margin-bottom: 0px !important;padding-top: 0px !important;padding-bottom: 0px !important;}\u00bb][vc_row_inner equal_height=\u00bbyes\u00bb content_placement=\u00bbmiddle\u00bb css=\u00bb.vc_custom_1519134969446{margin-bottom: 0px !important;padding-top: 0px !important;padding-right: 3% !important;padding-bottom: 0px !important;padding-left: 3% !important;}\u00bb][vc_column_inner css=\u00bb.vc_custom_1550261994491{margin-bottom: 0px !important;padding-top: 0px !important;padding-bottom: 0px !important;}\u00bb offset=\u00bbvc_col-lg-7 vc_col-md-7 vc_col-xs-12&#8243;][vc_custom_heading text=\u00bbReady to see results in you?\u00bb font_container=\u00bbtag:h1|font_size:1.5rem|text_align:center|color:%23ffffff|line_height:1.2em\u00bb use_theme_fonts=\u00bbyes\u00bb css_animation=\u00bbfadeInLeft\u00bb css=\u00bb.vc_custom_1555958468251{margin-top: 10px !important;margin-bottom: 10px !important;padding-top: 0px !important;padding-bottom: 0px !important;}\u00bb][\/vc_column_inner][vc_column_inner css=\u00bb.vc_custom_1550262009091{margin-bottom: 0px !important;padding-top: 0px !important;padding-bottom: 0px !important;}\u00bb offset=\u00bbvc_col-lg-3 vc_col-md-3 vc_col-xs-12&#8243;][vc_btn title=\u00bbSCHEDULE APPOINTMENT\u00bb style=\u00bbcustom\u00bb custom_background=\u00bb#e80e97&#8243; custom_text=\u00bb#ffffff\u00bb shape=\u00bbsquare\u00bb align=\u00bbcenter\u00bb css_animation=\u00bbfadeInRight\u00bb link=\u00bburl:https%3A%2F%2Fwww.drfranklinpena.com%2Fen%2Fschedule-appointment%2F|title:Agenda%20tu%20consulta||\u00bb el_class=\u00bbfrontcta\u00bb css=\u00bb.vc_custom_1617654920792{margin-top: 0px !important;margin-bottom: 0px !important;}\u00bb][\/vc_column_inner][\/vc_row_inner][\/vc_column][\/vc_row]<\/p>\n<\/div>","protected":false},"excerpt":{"rendered":"<p><span class=\"excerpt-hellip\"> [\u2026]<\/span><\/p>\n","protected":false},"author":2,"featured_media":0,"parent":1646,"menu_order":0,"comment_status":"closed","ping_status":"closed","template":"","meta":{"content-type":"","footnotes":""},"class_list":["post-4220","page","type-page","status-publish","hentry"],"yoast_head":"<!-- This site is optimized with the Yoast SEO plugin v27.2 - https:\/\/yoast.com\/product\/yoast-seo-wordpress\/ -->\n<title>Myoplasty (Calves augmentation) - Dr. Franklin Pe\u00f1a<\/title>\n<meta name=\"description\" content=\"Myoplasty is the name of the procedure of plastic and aesthetic surgery that serves to increase the volume of the calves with implants...\" \/>\n<meta name=\"robots\" content=\"index, follow, max-snippet:-1, max-image-preview:large, max-video-preview:-1\" \/>\n<link rel=\"canonical\" href=\"https:\/\/www.drfranklinpena.com\/mywp\/en\/procedures\/body\/myoplasty\/\" \/>\n<meta property=\"og:locale\" content=\"es_ES\" \/>\n<meta property=\"og:type\" content=\"article\" \/>\n<meta property=\"og:title\" content=\"Myoplasty (Calves augmentation) - Dr. Franklin Pe\u00f1a\" \/>\n<meta property=\"og:description\" content=\"Myoplasty is the name of the procedure of plastic and aesthetic surgery that serves to increase the volume of the calves with implants...\" \/>\n<meta property=\"og:url\" content=\"https:\/\/www.drfranklinpena.com\/mywp\/en\/procedures\/body\/myoplasty\/\" \/>\n<meta property=\"og:site_name\" content=\"Dr. Franklin Pe\u00f1a\" \/>\n<meta property=\"article:publisher\" content=\"https:\/\/www.facebook.com\/drfranklinpena\" \/>\n<meta property=\"article:modified_time\" content=\"2021-05-03T20:57:06+00:00\" \/>\n<meta property=\"og:image\" content=\"https:\/\/i0.wp.com\/www.drfranklinpena.com\/mywp\/wp-content\/uploads\/2025\/08\/Diseno-sin-titulo-51.jpg?fit=640%2C369&ssl=1\" \/>\n\t<meta property=\"og:image:width\" content=\"640\" \/>\n\t<meta property=\"og:image:height\" content=\"369\" \/>\n\t<meta property=\"og:image:type\" content=\"image\/jpeg\" \/>\n<meta name=\"twitter:card\" content=\"summary_large_image\" \/>\n<meta name=\"twitter:site\" content=\"@Dr_FranklinPena\" \/>\n<meta name=\"twitter:label1\" content=\"Tiempo de lectura\" \/>\n\t<meta name=\"twitter:data1\" content=\"4 minutos\" \/>\n<script type=\"application\/ld+json\" class=\"yoast-schema-graph\">{\"@context\":\"https:\/\/schema.org\",\"@graph\":[{\"@type\":\"WebPage\",\"@id\":\"https:\/\/www.drfranklinpena.com\/mywp\/en\/procedures\/body\/myoplasty\/\",\"url\":\"https:\/\/www.drfranklinpena.com\/mywp\/en\/procedures\/body\/myoplasty\/\",\"name\":\"Myoplasty (Calves augmentation) - Dr. Franklin Pe\u00f1a\",\"isPartOf\":{\"@id\":\"https:\/\/www.drfranklinpena.com\/mywp\/#website\"},\"datePublished\":\"2019-04-12T20:08:24+00:00\",\"dateModified\":\"2021-05-03T20:57:06+00:00\",\"description\":\"Myoplasty is the name of the procedure of plastic and aesthetic surgery that serves to increase the volume of the calves with implants...\",\"breadcrumb\":{\"@id\":\"https:\/\/www.drfranklinpena.com\/mywp\/en\/procedures\/body\/myoplasty\/#breadcrumb\"},\"inLanguage\":\"es\",\"potentialAction\":[{\"@type\":\"ReadAction\",\"target\":[\"https:\/\/www.drfranklinpena.com\/mywp\/en\/procedures\/body\/myoplasty\/\"]}]},{\"@type\":\"BreadcrumbList\",\"@id\":\"https:\/\/www.drfranklinpena.com\/mywp\/en\/procedures\/body\/myoplasty\/#breadcrumb\",\"itemListElement\":[{\"@type\":\"ListItem\",\"position\":1,\"name\":\"Portada\",\"item\":\"https:\/\/www.drfranklinpena.com\/\"},{\"@type\":\"ListItem\",\"position\":2,\"name\":\"Procedures\",\"item\":\"https:\/\/www.drfranklinpena.com\/mywp\/en\/procedures\/\"},{\"@type\":\"ListItem\",\"position\":3,\"name\":\"Body\",\"item\":\"https:\/\/www.drfranklinpena.com\/mywp\/en\/procedures\/body\/\"},{\"@type\":\"ListItem\",\"position\":4,\"name\":\"Myoplasty (Calves augmentation)\"}]},{\"@type\":\"WebSite\",\"@id\":\"https:\/\/www.drfranklinpena.com\/mywp\/#website\",\"url\":\"https:\/\/www.drfranklinpena.com\/mywp\/\",\"name\":\"Dr. Franklin Pe\u00f1a\",\"description\":\"Cirug\u00eda Pl\u00e1stica, Est\u00e9tica y Reconstructiva | Resultados que cambian tu vida\",\"publisher\":{\"@id\":\"https:\/\/www.drfranklinpena.com\/mywp\/#organization\"},\"potentialAction\":[{\"@type\":\"SearchAction\",\"target\":{\"@type\":\"EntryPoint\",\"urlTemplate\":\"https:\/\/www.drfranklinpena.com\/mywp\/?s={search_term_string}\"},\"query-input\":{\"@type\":\"PropertyValueSpecification\",\"valueRequired\":true,\"valueName\":\"search_term_string\"}}],\"inLanguage\":\"es\"},{\"@type\":\"Organization\",\"@id\":\"https:\/\/www.drfranklinpena.com\/mywp\/#organization\",\"name\":\"Dr. Franklin Pe\u00f1a\",\"url\":\"https:\/\/www.drfranklinpena.com\/mywp\/\",\"logo\":{\"@type\":\"ImageObject\",\"inLanguage\":\"es\",\"@id\":\"https:\/\/www.drfranklinpena.com\/mywp\/#\/schema\/logo\/image\/\",\"url\":\"https:\/\/i0.wp.com\/www.drfranklinpena.com\/mywp\/wp-content\/uploads\/2021\/01\/ogimage2021.png?fit=640%2C369&ssl=1\",\"contentUrl\":\"https:\/\/i0.wp.com\/www.drfranklinpena.com\/mywp\/wp-content\/uploads\/2021\/01\/ogimage2021.png?fit=640%2C369&ssl=1\",\"width\":640,\"height\":369,\"caption\":\"Dr. Franklin Pe\u00f1a\"},\"image\":{\"@id\":\"https:\/\/www.drfranklinpena.com\/mywp\/#\/schema\/logo\/image\/\"},\"sameAs\":[\"https:\/\/www.facebook.com\/drfranklinpena\",\"https:\/\/x.com\/Dr_FranklinPena\",\"http:\/\/instagram.com\/drfranklinpena\/\",\"https:\/\/www.linkedin.com\/in\/franklin-pe\u00f1a-9b75a6141\/\",\"http:\/\/www.youtube.com\/user\/drfranklinpena\"]}]}<\/script>\n<!-- \/ Yoast SEO plugin. -->","yoast_head_json":{"title":"Myoplasty (Calves augmentation) - Dr. Franklin Pe\u00f1a","description":"Myoplasty is the name of the procedure of plastic and aesthetic surgery that serves to increase the volume of the calves with implants...","robots":{"index":"index","follow":"follow","max-snippet":"max-snippet:-1","max-image-preview":"max-image-preview:large","max-video-preview":"max-video-preview:-1"},"canonical":"https:\/\/www.drfranklinpena.com\/mywp\/en\/procedures\/body\/myoplasty\/","og_locale":"es_ES","og_type":"article","og_title":"Myoplasty (Calves augmentation) - Dr. Franklin Pe\u00f1a","og_description":"Myoplasty is the name of the procedure of plastic and aesthetic surgery that serves to increase the volume of the calves with implants...","og_url":"https:\/\/www.drfranklinpena.com\/mywp\/en\/procedures\/body\/myoplasty\/","og_site_name":"Dr. Franklin Pe\u00f1a","article_publisher":"https:\/\/www.facebook.com\/drfranklinpena","article_modified_time":"2021-05-03T20:57:06+00:00","og_image":[{"width":640,"height":369,"url":"https:\/\/i0.wp.com\/www.drfranklinpena.com\/mywp\/wp-content\/uploads\/2025\/08\/Diseno-sin-titulo-51.jpg?fit=640%2C369&ssl=1","type":"image\/jpeg"}],"twitter_card":"summary_large_image","twitter_site":"@Dr_FranklinPena","twitter_misc":{"Tiempo de lectura":"4 minutos"},"schema":{"@context":"https:\/\/schema.org","@graph":[{"@type":"WebPage","@id":"https:\/\/www.drfranklinpena.com\/mywp\/en\/procedures\/body\/myoplasty\/","url":"https:\/\/www.drfranklinpena.com\/mywp\/en\/procedures\/body\/myoplasty\/","name":"Myoplasty (Calves augmentation) - Dr. Franklin Pe\u00f1a","isPartOf":{"@id":"https:\/\/www.drfranklinpena.com\/mywp\/#website"},"datePublished":"2019-04-12T20:08:24+00:00","dateModified":"2021-05-03T20:57:06+00:00","description":"Myoplasty is the name of the procedure of plastic and aesthetic surgery that serves to increase the volume of the calves with implants...","breadcrumb":{"@id":"https:\/\/www.drfranklinpena.com\/mywp\/en\/procedures\/body\/myoplasty\/#breadcrumb"},"inLanguage":"es","potentialAction":[{"@type":"ReadAction","target":["https:\/\/www.drfranklinpena.com\/mywp\/en\/procedures\/body\/myoplasty\/"]}]},{"@type":"BreadcrumbList","@id":"https:\/\/www.drfranklinpena.com\/mywp\/en\/procedures\/body\/myoplasty\/#breadcrumb","itemListElement":[{"@type":"ListItem","position":1,"name":"Portada","item":"https:\/\/www.drfranklinpena.com\/"},{"@type":"ListItem","position":2,"name":"Procedures","item":"https:\/\/www.drfranklinpena.com\/mywp\/en\/procedures\/"},{"@type":"ListItem","position":3,"name":"Body","item":"https:\/\/www.drfranklinpena.com\/mywp\/en\/procedures\/body\/"},{"@type":"ListItem","position":4,"name":"Myoplasty (Calves augmentation)"}]},{"@type":"WebSite","@id":"https:\/\/www.drfranklinpena.com\/mywp\/#website","url":"https:\/\/www.drfranklinpena.com\/mywp\/","name":"Dr. Franklin Pe\u00f1a","description":"Cirug\u00eda Pl\u00e1stica, Est\u00e9tica y Reconstructiva | Resultados que cambian tu vida","publisher":{"@id":"https:\/\/www.drfranklinpena.com\/mywp\/#organization"},"potentialAction":[{"@type":"SearchAction","target":{"@type":"EntryPoint","urlTemplate":"https:\/\/www.drfranklinpena.com\/mywp\/?s={search_term_string}"},"query-input":{"@type":"PropertyValueSpecification","valueRequired":true,"valueName":"search_term_string"}}],"inLanguage":"es"},{"@type":"Organization","@id":"https:\/\/www.drfranklinpena.com\/mywp\/#organization","name":"Dr. Franklin Pe\u00f1a","url":"https:\/\/www.drfranklinpena.com\/mywp\/","logo":{"@type":"ImageObject","inLanguage":"es","@id":"https:\/\/www.drfranklinpena.com\/mywp\/#\/schema\/logo\/image\/","url":"https:\/\/i0.wp.com\/www.drfranklinpena.com\/mywp\/wp-content\/uploads\/2021\/01\/ogimage2021.png?fit=640%2C369&ssl=1","contentUrl":"https:\/\/i0.wp.com\/www.drfranklinpena.com\/mywp\/wp-content\/uploads\/2021\/01\/ogimage2021.png?fit=640%2C369&ssl=1","width":640,"height":369,"caption":"Dr. Franklin Pe\u00f1a"},"image":{"@id":"https:\/\/www.drfranklinpena.com\/mywp\/#\/schema\/logo\/image\/"},"sameAs":["https:\/\/www.facebook.com\/drfranklinpena","https:\/\/x.com\/Dr_FranklinPena","http:\/\/instagram.com\/drfranklinpena\/","https:\/\/www.linkedin.com\/in\/franklin-pe\u00f1a-9b75a6141\/","http:\/\/www.youtube.com\/user\/drfranklinpena"]}]}},"jetpack_sharing_enabled":true,"_links":{"self":[{"href":"https:\/\/www.drfranklinpena.com\/mywp\/wp-json\/wp\/v2\/pages\/4220","targetHints":{"allow":["GET"]}}],"collection":[{"href":"https:\/\/www.drfranklinpena.com\/mywp\/wp-json\/wp\/v2\/pages"}],"about":[{"href":"https:\/\/www.drfranklinpena.com\/mywp\/wp-json\/wp\/v2\/types\/page"}],"author":[{"embeddable":true,"href":"https:\/\/www.drfranklinpena.com\/mywp\/wp-json\/wp\/v2\/users\/2"}],"replies":[{"embeddable":true,"href":"https:\/\/www.drfranklinpena.com\/mywp\/wp-json\/wp\/v2\/comments?post=4220"}],"version-history":[{"count":6,"href":"https:\/\/www.drfranklinpena.com\/mywp\/wp-json\/wp\/v2\/pages\/4220\/revisions"}],"predecessor-version":[{"id":6461,"href":"https:\/\/www.drfranklinpena.com\/mywp\/wp-json\/wp\/v2\/pages\/4220\/revisions\/6461"}],"up":[{"embeddable":true,"href":"https:\/\/www.drfranklinpena.com\/mywp\/wp-json\/wp\/v2\/pages\/1646"}],"wp:attachment":[{"href":"https:\/\/www.drfranklinpena.com\/mywp\/wp-json\/wp\/v2\/media?parent=4220"}],"curies":[{"name":"wp","href":"https:\/\/api.w.org\/{rel}","templated":true}]}}