{"id":3967,"date":"2019-01-29T17:01:05","date_gmt":"2019-01-29T21:01:05","guid":{"rendered":"https:\/\/www.drfranklinpena.com\/?page_id=3967"},"modified":"2021-04-07T14:33:35","modified_gmt":"2021-04-07T18:33:35","slug":"schedule-appointment","status":"publish","type":"page","link":"https:\/\/www.drfranklinpena.com\/mywp\/en\/schedule-appointment\/","title":{"rendered":"Schedule an appointment"},"content":{"rendered":"<div class=\"wpb-content-wrapper\"><p>[vc_row full_width=\u00bbstretch_row\u00bb full_height=\u00bbyes\u00bb css=\u00bb.vc_custom_1617820344887{padding-top: 6% !important;padding-bottom: 6% !important;background-color: #07397e !important;background-position: center !important;background-repeat: no-repeat !important;background-size: cover !important;}\u00bb][vc_column][vc_row_inner css=\u00bb.vc_custom_1548702087861{margin-bottom: 0px !important;}\u00bb][vc_column_inner el_class=\u00bbtext-center\u00bb][vc_custom_heading text=\u00bbSCHEDULE AN APPOINTMENT\u00bb font_container=\u00bbtag:h1|text_align:center|color:%23ffffff\u00bb google_fonts=\u00bbfont_family:Ubuntu%3A300%2C300italic%2Cregular%2Citalic%2C500%2C500italic%2C700%2C700italic|font_style:700%20bold%20regular%3A700%3Anormal\u00bb][vc_custom_heading text=\u00bbChoose the office for your appointment\u00bb font_container=\u00bbtag:h3|font_size:19px|text_align:center|color:%23ffffff|line_height:24px\u00bb google_fonts=\u00bbfont_family:Ubuntu%3A300%2C300italic%2Cregular%2Citalic%2C500%2C500italic%2C700%2C700italic|font_style:300%20light%20regular%3A300%3Anormal\u00bb][vc_empty_space height=\u00bb40px\u00bb css=\u00bb.vc_custom_1548707350321{margin-bottom: 0px !important;}\u00bb][vc_btn title=\u00bbSanto Domingo\u00bb style=\u00bbcustom\u00bb custom_background=\u00bb#e80e97&#8243; custom_text=\u00bb#ffffff\u00bb shape=\u00bbsquare\u00bb size=\u00bblg\u00bb i_type=\u00bblinecons\u00bb i_icon_linecons=\u00bbvc_li vc_li-calendar\u00bb add_icon=\u00bbtrue\u00bb link=\u00bburl:https%3A%2F%2Fapp.hubspot.com%2Fmeetings%2Fjazmin|||\u00bb css=\u00bb.vc_custom_1548791023910{margin-right: 7px !important;}\u00bb][vc_btn title=\u00bbSan Pedro de Macor\u00eds\u00bb style=\u00bbflat\u00bb shape=\u00bbsquare\u00bb color=\u00bbwhite\u00bb size=\u00bblg\u00bb i_type=\u00bblinecons\u00bb i_icon_linecons=\u00bbvc_li vc_li-calendar\u00bb add_icon=\u00bbtrue\u00bb link=\u00bburl:https%3A%2F%2Fapp.hubspot.com%2Fmeetings%2Fscarlet1|||\u00bb][\/vc_column_inner][\/vc_row_inner][\/vc_column][\/vc_row][vc_row full_width=\u00bbstretch_row\u00bb equal_height=\u00bbyes\u00bb css=\u00bb.vc_custom_1548789939949{margin-bottom: 0px !important;padding-top: 80px !important;padding-bottom: 45px !important;}\u00bb][vc_column css=\u00bb.vc_custom_1548789649183{margin-bottom: 0px !important;padding-top: 0px !important;padding-bottom: 0px !important;}\u00bb][vc_row_inner css=\u00bb.vc_custom_1548789981059{margin-bottom: 0px !important;padding-top: 0px !important;padding-bottom: 0px !important;}\u00bb][vc_column_inner width=\u00bb1\/2&#8243; css=\u00bb.vc_custom_1548789840604{margin-bottom: 0px !important;padding-right: 5% !important;padding-left: 5% !important;}\u00bb]<div class=\"list_item lists_2 clearfix\"><div class=\"list_left list_icon\"><i class=\"icon-calendar-line\" aria-hidden=\"true\"><\/i><\/div><div class=\"list_right\"><h4 class=\"title \">Choose the date<\/h4><div class=\"desc\">Select the day for your appointment in the calendar.<\/div><\/div><\/div>\n<div class=\"list_item lists_2 clearfix\"><div class=\"list_left list_icon\"><i class=\"icon-clock-line\" aria-hidden=\"true\"><\/i><\/div><div class=\"list_right\"><h4 class=\"title \">Select the time you need<\/h4><div class=\"desc\">Depending on the need of your appointment, it can be 15 &#8211; 30 minutes, or 1 hour.<\/div><\/div><\/div>\n<div class=\"list_item lists_2 clearfix\"><div class=\"list_left list_icon\"><i class=\"icon-list\" aria-hidden=\"true\"><\/i><\/div><div class=\"list_right\"><h4 class=\"title \">Ask your questions<\/h4><div class=\"desc\">Each appointment is different, but the ideal is that you arrive with a list of questions to clarify your doubts.<\/div><\/div><\/div>\n[\/vc_column_inner][vc_column_inner width=\u00bb1\/2&#8243; css=\u00bb.vc_custom_1548789828769{margin-bottom: 0px !important;padding-right: 5% !important;padding-left: 5% !important;}\u00bb]<div class=\"list_item lists_2 clearfix\"><div class=\"list_left list_icon\"><i class=\"icon-clock\" aria-hidden=\"true\"><\/i><\/div><div class=\"list_right\"><h4 class=\"title \">Exact time of your appointment<\/h4><div class=\"desc\">Select the time you wish to be received. <b>You must arrive at least 10 minutes before<\/b> to your appointment.<\/div><\/div><\/div>\n<div class=\"list_item lists_2 clearfix\"><div class=\"list_left list_icon\"><i class=\"icon-cancel\" aria-hidden=\"true\"><\/i><\/div><div class=\"list_right\"><h4 class=\"title \">Appointment cancellation<\/h4><div class=\"desc\">An appointment is considered canceled if you do not show up in the next 10 minutes of the confirmed time.<\/div><\/div><\/div>\n<div class=\"list_item lists_2 clearfix\"><div class=\"list_left list_icon\"><i class=\"icon-call\" aria-hidden=\"true\"><\/i><\/div><div class=\"list_right\"><h4 class=\"title \">Communicate any delay<\/h4><div class=\"desc\">In case something happens that delays your arrival to the appointment, you must notify it as soon as possible: At <b>Santo Domingo<\/b> to the <a style=\"color: #e80e97; font-weight: 600;\" href=\"tel:+18095356060\">809 535 6060<\/a>. or to <a style=\"color: #e80e97; font-weight: 600;\" href=\"tel:+18294715842\">829 471 5842<\/a>. At <b>San Pedro de Macor\u00eds<\/b> to the <a style=\"color: #e80e97; font-weight: 600;\" href=\"tel:+18092463873\">809 246 3873<\/a>.<\/div><\/div><\/div>\n[\/vc_column_inner][\/vc_row_inner][\/vc_column][\/vc_row][vc_row full_width=\u00bbstretch_row\u00bb css=\u00bb.vc_custom_1548792123705{margin-bottom: 0px !important;border-top-width: 1px !important;padding-top: 60px !important;padding-bottom: 25px !important;background-color: #f7f7f7 !important;border-top-color: #e7e7e7 !important;border-top-style: solid !important;}\u00bb][vc_column css=\u00bb.vc_custom_1548788223620{margin-bottom: 0px !important;padding-top: 0px !important;padding-bottom: 0px !important;}\u00bb][vc_row_inner css=\u00bb.vc_custom_1548793372192{margin-bottom: 0px !important;}\u00bb][vc_column_inner css=\u00bb.vc_custom_1548793303769{margin-bottom: 0px !important;}\u00bb][vc_custom_heading text=\u00bbWhat to expect in your query?\u00bb font_container=\u00bbtag:h1|text_align:center|color:%23e80e97&#8243; google_fonts=\u00bbfont_family:Ubuntu%3A300%2C300italic%2Cregular%2Citalic%2C500%2C500italic%2C700%2C700italic|font_style:500%20bold%20regular%3A500%3Anormal\u00bb css=\u00bb.vc_custom_1548795564712{margin-bottom: 35px !important;}\u00bb][\/vc_column_inner][\/vc_row_inner][vc_row_inner equal_height=\u00bbyes\u00bb gap=\u00bb10&#8243; css=\u00bb.vc_custom_1548788230831{margin-bottom: 0px !important;padding-top: 0px !important;padding-bottom: 0px !important;}\u00bb][vc_column_inner width=\u00bb1\/2&#8243; css=\u00bb.vc_custom_1548788240566{margin-bottom: 0px !important;padding-top: 0px !important;padding-right: 0px !important;padding-bottom: 0px !important;padding-left: 0px !important;}\u00bb]<div class=\"hover_color align_\" style=\"background-color:#e80e97;border-color:;\"><div class=\"hover_color_bg\" style=\"background-color:#e80e97;border-color:;border-width:;\"><div class=\"hover_color_wrapper\" style=\"padding:40px 30px;\"><\/p>\n<h3 style=\"color: #fff; font-weight: bold!important;\">EVALUATION<\/h3>\n<p style=\"font-size: 1.2em;\">Evaluation on the area you want to improve and its possibilities.<br \/>\nFirmness of the skin.<br \/>\nGeneral health condition<br \/>\nIndication of the necessary studies and analysis.<br \/>\nExpectation of the result.<\/p>\n<p><\/div><\/div>\n<\/div>\n[\/vc_column_inner][vc_column_inner width=\u00bb1\/2&#8243; css=\u00bb.vc_custom_1548788246671{margin-bottom: 0px !important;padding-top: 0px !important;padding-right: 0px !important;padding-bottom: 0px !important;padding-left: 0px !important;}\u00bb]<div class=\"hover_color align_\" style=\"background-color:#5ca9dd;border-color:;\"><div class=\"hover_color_bg\" style=\"background-color:#5ca9dd;border-color:;border-width:;\"><div class=\"hover_color_wrapper\" style=\"padding:40px 30px;\"><\/p>\n<h3 style=\"color: #fff; font-weight: bold;\">PROCEDURES<\/h3>\n<p style=\"font-size: 1.2em;\">Explanation of different most appropriate techniques for your case.<br \/>\nOptions and combination of procedures.<br \/>\nTypes of anesthesia.<br \/>\nNeed for admission to clinic.<br \/>\nCost of the intervention.<\/p>\n<p><\/div><\/div>\n<\/div>\n[\/vc_column_inner][\/vc_row_inner][\/vc_column][\/vc_row]<\/p>\n<\/div>","protected":false},"excerpt":{"rendered":"<p><span class=\"excerpt-hellip\"> [\u2026]<\/span><\/p>\n","protected":false},"author":2,"featured_media":0,"parent":0,"menu_order":0,"comment_status":"closed","ping_status":"closed","template":"","meta":{"content-type":"","footnotes":""},"class_list":["post-3967","page","type-page","status-publish","hentry"],"yoast_head":"<!-- This site is optimized with the Yoast SEO plugin v27.2 - https:\/\/yoast.com\/product\/yoast-seo-wordpress\/ -->\n<title>Schedule an appointment - Dr. Franklin Pe\u00f1a<\/title>\n<meta name=\"description\" content=\"Puedes agendar tu cita con el Dr. Franklin Pe\u00f1a, para la oficina en Santo Domingo y San Pedro de Macor\u00eds.\" \/>\n<meta name=\"robots\" content=\"index, follow, max-snippet:-1, max-image-preview:large, max-video-preview:-1\" \/>\n<link rel=\"canonical\" href=\"https:\/\/www.drfranklinpena.com\/mywp\/en\/schedule-appointment\/\" \/>\n<meta property=\"og:locale\" content=\"es_ES\" \/>\n<meta property=\"og:type\" content=\"article\" \/>\n<meta property=\"og:title\" content=\"Schedule an appointment - Dr. Franklin Pe\u00f1a\" \/>\n<meta property=\"og:description\" content=\"Puedes agendar tu cita con el Dr. Franklin Pe\u00f1a, para la oficina en Santo Domingo y San Pedro de Macor\u00eds.\" \/>\n<meta property=\"og:url\" content=\"https:\/\/www.drfranklinpena.com\/mywp\/en\/schedule-appointment\/\" \/>\n<meta property=\"og:site_name\" content=\"Dr. Franklin Pe\u00f1a\" \/>\n<meta property=\"article:publisher\" content=\"https:\/\/www.facebook.com\/drfranklinpena\" \/>\n<meta property=\"article:modified_time\" content=\"2021-04-07T18:33:35+00:00\" \/>\n<meta property=\"og:image\" content=\"https:\/\/i0.wp.com\/www.drfranklinpena.com\/mywp\/wp-content\/uploads\/2025\/08\/Diseno-sin-titulo-51.jpg?fit=640%2C369&ssl=1\" \/>\n\t<meta property=\"og:image:width\" content=\"640\" \/>\n\t<meta property=\"og:image:height\" content=\"369\" \/>\n\t<meta property=\"og:image:type\" content=\"image\/jpeg\" \/>\n<meta name=\"twitter:card\" content=\"summary_large_image\" \/>\n<meta name=\"twitter:site\" content=\"@Dr_FranklinPena\" \/>\n<meta name=\"twitter:label1\" content=\"Tiempo de lectura\" \/>\n\t<meta name=\"twitter:data1\" content=\"2 minutos\" \/>\n<script type=\"application\/ld+json\" class=\"yoast-schema-graph\">{\"@context\":\"https:\/\/schema.org\",\"@graph\":[{\"@type\":\"WebPage\",\"@id\":\"https:\/\/www.drfranklinpena.com\/mywp\/en\/schedule-appointment\/\",\"url\":\"https:\/\/www.drfranklinpena.com\/mywp\/en\/schedule-appointment\/\",\"name\":\"Schedule an appointment - Dr. Franklin Pe\u00f1a\",\"isPartOf\":{\"@id\":\"https:\/\/www.drfranklinpena.com\/mywp\/#website\"},\"datePublished\":\"2019-01-29T21:01:05+00:00\",\"dateModified\":\"2021-04-07T18:33:35+00:00\",\"description\":\"Puedes agendar tu cita con el Dr. Franklin Pe\u00f1a, para la oficina en Santo Domingo y San Pedro de Macor\u00eds.\",\"breadcrumb\":{\"@id\":\"https:\/\/www.drfranklinpena.com\/mywp\/en\/schedule-appointment\/#breadcrumb\"},\"inLanguage\":\"es\",\"potentialAction\":[{\"@type\":\"ReadAction\",\"target\":[\"https:\/\/www.drfranklinpena.com\/mywp\/en\/schedule-appointment\/\"]}]},{\"@type\":\"BreadcrumbList\",\"@id\":\"https:\/\/www.drfranklinpena.com\/mywp\/en\/schedule-appointment\/#breadcrumb\",\"itemListElement\":[{\"@type\":\"ListItem\",\"position\":1,\"name\":\"Portada\",\"item\":\"https:\/\/www.drfranklinpena.com\/\"},{\"@type\":\"ListItem\",\"position\":2,\"name\":\"Schedule an appointment\"}]},{\"@type\":\"WebSite\",\"@id\":\"https:\/\/www.drfranklinpena.com\/mywp\/#website\",\"url\":\"https:\/\/www.drfranklinpena.com\/mywp\/\",\"name\":\"Dr. Franklin Pe\u00f1a\",\"description\":\"Cirug\u00eda Pl\u00e1stica, Est\u00e9tica y Reconstructiva | Resultados que cambian tu vida\",\"publisher\":{\"@id\":\"https:\/\/www.drfranklinpena.com\/mywp\/#organization\"},\"potentialAction\":[{\"@type\":\"SearchAction\",\"target\":{\"@type\":\"EntryPoint\",\"urlTemplate\":\"https:\/\/www.drfranklinpena.com\/mywp\/?s={search_term_string}\"},\"query-input\":{\"@type\":\"PropertyValueSpecification\",\"valueRequired\":true,\"valueName\":\"search_term_string\"}}],\"inLanguage\":\"es\"},{\"@type\":\"Organization\",\"@id\":\"https:\/\/www.drfranklinpena.com\/mywp\/#organization\",\"name\":\"Dr. Franklin Pe\u00f1a\",\"url\":\"https:\/\/www.drfranklinpena.com\/mywp\/\",\"logo\":{\"@type\":\"ImageObject\",\"inLanguage\":\"es\",\"@id\":\"https:\/\/www.drfranklinpena.com\/mywp\/#\/schema\/logo\/image\/\",\"url\":\"https:\/\/i0.wp.com\/www.drfranklinpena.com\/mywp\/wp-content\/uploads\/2021\/01\/ogimage2021.png?fit=640%2C369&ssl=1\",\"contentUrl\":\"https:\/\/i0.wp.com\/www.drfranklinpena.com\/mywp\/wp-content\/uploads\/2021\/01\/ogimage2021.png?fit=640%2C369&ssl=1\",\"width\":640,\"height\":369,\"caption\":\"Dr. Franklin Pe\u00f1a\"},\"image\":{\"@id\":\"https:\/\/www.drfranklinpena.com\/mywp\/#\/schema\/logo\/image\/\"},\"sameAs\":[\"https:\/\/www.facebook.com\/drfranklinpena\",\"https:\/\/x.com\/Dr_FranklinPena\",\"http:\/\/instagram.com\/drfranklinpena\/\",\"https:\/\/www.linkedin.com\/in\/franklin-pe\u00f1a-9b75a6141\/\",\"http:\/\/www.youtube.com\/user\/drfranklinpena\"]}]}<\/script>\n<!-- \/ Yoast SEO plugin. -->","yoast_head_json":{"title":"Schedule an appointment - Dr. Franklin Pe\u00f1a","description":"Puedes agendar tu cita con el Dr. Franklin Pe\u00f1a, para la oficina en Santo Domingo y San Pedro de Macor\u00eds.","robots":{"index":"index","follow":"follow","max-snippet":"max-snippet:-1","max-image-preview":"max-image-preview:large","max-video-preview":"max-video-preview:-1"},"canonical":"https:\/\/www.drfranklinpena.com\/mywp\/en\/schedule-appointment\/","og_locale":"es_ES","og_type":"article","og_title":"Schedule an appointment - Dr. Franklin Pe\u00f1a","og_description":"Puedes agendar tu cita con el Dr. Franklin Pe\u00f1a, para la oficina en Santo Domingo y San Pedro de Macor\u00eds.","og_url":"https:\/\/www.drfranklinpena.com\/mywp\/en\/schedule-appointment\/","og_site_name":"Dr. Franklin Pe\u00f1a","article_publisher":"https:\/\/www.facebook.com\/drfranklinpena","article_modified_time":"2021-04-07T18:33:35+00:00","og_image":[{"width":640,"height":369,"url":"https:\/\/i0.wp.com\/www.drfranklinpena.com\/mywp\/wp-content\/uploads\/2025\/08\/Diseno-sin-titulo-51.jpg?fit=640%2C369&ssl=1","type":"image\/jpeg"}],"twitter_card":"summary_large_image","twitter_site":"@Dr_FranklinPena","twitter_misc":{"Tiempo de lectura":"2 minutos"},"schema":{"@context":"https:\/\/schema.org","@graph":[{"@type":"WebPage","@id":"https:\/\/www.drfranklinpena.com\/mywp\/en\/schedule-appointment\/","url":"https:\/\/www.drfranklinpena.com\/mywp\/en\/schedule-appointment\/","name":"Schedule an appointment - Dr. Franklin Pe\u00f1a","isPartOf":{"@id":"https:\/\/www.drfranklinpena.com\/mywp\/#website"},"datePublished":"2019-01-29T21:01:05+00:00","dateModified":"2021-04-07T18:33:35+00:00","description":"Puedes agendar tu cita con el Dr. Franklin Pe\u00f1a, para la oficina en Santo Domingo y San Pedro de Macor\u00eds.","breadcrumb":{"@id":"https:\/\/www.drfranklinpena.com\/mywp\/en\/schedule-appointment\/#breadcrumb"},"inLanguage":"es","potentialAction":[{"@type":"ReadAction","target":["https:\/\/www.drfranklinpena.com\/mywp\/en\/schedule-appointment\/"]}]},{"@type":"BreadcrumbList","@id":"https:\/\/www.drfranklinpena.com\/mywp\/en\/schedule-appointment\/#breadcrumb","itemListElement":[{"@type":"ListItem","position":1,"name":"Portada","item":"https:\/\/www.drfranklinpena.com\/"},{"@type":"ListItem","position":2,"name":"Schedule an appointment"}]},{"@type":"WebSite","@id":"https:\/\/www.drfranklinpena.com\/mywp\/#website","url":"https:\/\/www.drfranklinpena.com\/mywp\/","name":"Dr. Franklin Pe\u00f1a","description":"Cirug\u00eda Pl\u00e1stica, Est\u00e9tica y Reconstructiva | Resultados que cambian tu vida","publisher":{"@id":"https:\/\/www.drfranklinpena.com\/mywp\/#organization"},"potentialAction":[{"@type":"SearchAction","target":{"@type":"EntryPoint","urlTemplate":"https:\/\/www.drfranklinpena.com\/mywp\/?s={search_term_string}"},"query-input":{"@type":"PropertyValueSpecification","valueRequired":true,"valueName":"search_term_string"}}],"inLanguage":"es"},{"@type":"Organization","@id":"https:\/\/www.drfranklinpena.com\/mywp\/#organization","name":"Dr. Franklin Pe\u00f1a","url":"https:\/\/www.drfranklinpena.com\/mywp\/","logo":{"@type":"ImageObject","inLanguage":"es","@id":"https:\/\/www.drfranklinpena.com\/mywp\/#\/schema\/logo\/image\/","url":"https:\/\/i0.wp.com\/www.drfranklinpena.com\/mywp\/wp-content\/uploads\/2021\/01\/ogimage2021.png?fit=640%2C369&ssl=1","contentUrl":"https:\/\/i0.wp.com\/www.drfranklinpena.com\/mywp\/wp-content\/uploads\/2021\/01\/ogimage2021.png?fit=640%2C369&ssl=1","width":640,"height":369,"caption":"Dr. Franklin Pe\u00f1a"},"image":{"@id":"https:\/\/www.drfranklinpena.com\/mywp\/#\/schema\/logo\/image\/"},"sameAs":["https:\/\/www.facebook.com\/drfranklinpena","https:\/\/x.com\/Dr_FranklinPena","http:\/\/instagram.com\/drfranklinpena\/","https:\/\/www.linkedin.com\/in\/franklin-pe\u00f1a-9b75a6141\/","http:\/\/www.youtube.com\/user\/drfranklinpena"]}]}},"jetpack_sharing_enabled":true,"_links":{"self":[{"href":"https:\/\/www.drfranklinpena.com\/mywp\/wp-json\/wp\/v2\/pages\/3967","targetHints":{"allow":["GET"]}}],"collection":[{"href":"https:\/\/www.drfranklinpena.com\/mywp\/wp-json\/wp\/v2\/pages"}],"about":[{"href":"https:\/\/www.drfranklinpena.com\/mywp\/wp-json\/wp\/v2\/types\/page"}],"author":[{"embeddable":true,"href":"https:\/\/www.drfranklinpena.com\/mywp\/wp-json\/wp\/v2\/users\/2"}],"replies":[{"embeddable":true,"href":"https:\/\/www.drfranklinpena.com\/mywp\/wp-json\/wp\/v2\/comments?post=3967"}],"version-history":[{"count":4,"href":"https:\/\/www.drfranklinpena.com\/mywp\/wp-json\/wp\/v2\/pages\/3967\/revisions"}],"predecessor-version":[{"id":6327,"href":"https:\/\/www.drfranklinpena.com\/mywp\/wp-json\/wp\/v2\/pages\/3967\/revisions\/6327"}],"wp:attachment":[{"href":"https:\/\/www.drfranklinpena.com\/mywp\/wp-json\/wp\/v2\/media?parent=3967"}],"curies":[{"name":"wp","href":"https:\/\/api.w.org\/{rel}","templated":true}]}}