{"id":217,"date":"2018-01-31T17:19:33","date_gmt":"2018-01-31T21:19:33","guid":{"rendered":"http:\/\/www.drfranklinpena.com\/mywp\/?page_id=217"},"modified":"2021-04-05T18:12:42","modified_gmt":"2021-04-05T22:12:42","slug":"mastopexia-de-aumento","status":"publish","type":"page","link":"https:\/\/www.drfranklinpena.com\/mywp\/procedimientos\/senos\/mastopexia-de-aumento\/","title":{"rendered":"Mastopexia de Aumento"},"content":{"rendered":"<div class=\"wpb-content-wrapper\"><p>[vc_row css=\u00bb.vc_custom_1519054678978{margin-bottom: 0px !important;padding-top: 30px !important;padding-bottom: 30px !important;}\u00bb][vc_column css=\u00bb.vc_custom_1519054634540{margin-bottom: 0px !important;padding-top: 0px !important;padding-bottom: 0px !important;}\u00bb][vc_single_image image=\u00bb1341&#8243; img_size=\u00bblarge\u00bb alignment=\u00bbcenter\u00bb style=\u00bbvc_box_shadow_border\u00bb css_animation=\u00bbfadeInUp\u00bb css=\u00bb.vc_custom_1519139088270{margin-bottom: 0px !important;}\u00bb][vc_row_inner css=\u00bb.vc_custom_1519054687203{margin-bottom: 0px !important;padding-top: 0px !important;padding-bottom: 0px !important;}\u00bb][vc_column_inner css=\u00bb.vc_custom_1519054625769{margin-bottom: 0px !important;padding-top: 0px !important;padding-bottom: 0px !important;}\u00bb][vc_column_text css=\u00bb.vc_custom_1519138823802{margin-bottom: 0px !important;}\u00bb]Hoy m\u00e1s que nunca es necesario proyectar la mejor imagen; nuestro cuerpo, nuestra forma de vestir y actuar forma parte de la percepci\u00f3n que los dem\u00e1s tienen de nosotros.<\/p>\n<p>Las mamas, as\u00ed como regi\u00f3n gl\u00fatea, han sido en todas las \u00e9pocas las regiones anat\u00f3micas m\u00e1s observadas y admiradas. Asimismo la moda actual se inspira y tiene como uno de los objetivos principales exaltar la belleza de las mamas y los gl\u00fateos.<\/p>\n<p>De hecho son los elementos de atracci\u00f3n sexual que ocupan los primeros lugares en el concepto de belleza en casi todas las culturas y grupos \u00e9tnicos.<\/p>\n<p>El escote es la zona del cuerpo m\u00e1s expuesta y es motivo de preocupaci\u00f3n para las que tienen poco busto; quienes tienen los senos caidos; e incluso cuando son exageradamente grandes.<\/p>\n<p>Los implantes mamarios son la opcion para mujeres de todas las edades que buscan embellecer sus senos y sobre todo lucir un escote perfecto. Desde hace ya m\u00e1s de 50 a\u00f1os numerosos estudios han demostrado que las pr\u00f3tesis de silicona son seguras para fines est\u00e9ticos; que no se pierde la sensibilidad y que se puede lactar.[\/vc_column_text][\/vc_column_inner][\/vc_row_inner][\/vc_column][\/vc_row][vc_row css=\u00bb.vc_custom_1617654656123{margin-right: 15px !important;margin-bottom: 0px !important;padding-top: 40px !important;padding-bottom: 40px !important;background: #07397e url(https:\/\/www.drfranklinpena.com\/mywp\/wp-content\/uploads\/2021\/04\/banner-bg6.jpg?id=6176) !important;background-position: center !important;background-repeat: no-repeat !important;background-size: cover !important;}\u00bb][vc_column css=\u00bb.vc_custom_1518646975951{margin-bottom: 0px !important;padding-top: 0px !important;padding-bottom: 0px !important;}\u00bb][vc_row_inner equal_height=\u00bbyes\u00bb content_placement=\u00bbmiddle\u00bb css=\u00bb.vc_custom_1519134969446{margin-bottom: 0px !important;padding-top: 0px !important;padding-right: 3% !important;padding-bottom: 0px !important;padding-left: 3% !important;}\u00bb][vc_column_inner css=\u00bb.vc_custom_1550261994491{margin-bottom: 0px !important;padding-top: 0px !important;padding-bottom: 0px !important;}\u00bb offset=\u00bbvc_col-lg-7 vc_col-md-7 vc_col-xs-12&#8243;][vc_custom_heading text=\u00bb\u00bfLISTA PARA PLANIFICAR TU CIRUG\u00cdA?\u00bb font_container=\u00bbtag:h1|font_size:1.5rem|text_align:center|color:%23ffffff|line_height:1.2em\u00bb use_theme_fonts=\u00bbyes\u00bb css_animation=\u00bbfadeInLeft\u00bb css=\u00bb.vc_custom_1550257863051{margin-top: 10px !important;margin-bottom: 10px !important;padding-top: 0px !important;padding-bottom: 0px !important;}\u00bb][\/vc_column_inner][vc_column_inner css=\u00bb.vc_custom_1550262009091{margin-bottom: 0px !important;padding-top: 0px !important;padding-bottom: 0px !important;}\u00bb offset=\u00bbvc_col-lg-3 vc_col-md-3 vc_col-xs-12&#8243;][vc_btn title=\u00bbPRESUPUESTO\u00bb style=\u00bbcustom\u00bb custom_background=\u00bb#e80e97&#8243; custom_text=\u00bb#ffffff\u00bb shape=\u00bbsquare\u00bb align=\u00bbcenter\u00bb css_animation=\u00bbfadeInRight\u00bb link=\u00bburl:https%3A%2F%2Fwww.drfranklinpena.com%2Fconsulta%2F|||\u00bb el_class=\u00bbfrontcta\u00bb css=\u00bb.vc_custom_1617652929318{margin-top: 0px !important;margin-bottom: 0px !important;}\u00bb][\/vc_column_inner][\/vc_row_inner][\/vc_column][\/vc_row][vc_row][vc_column][vc_row_inner][vc_column_inner][vc_column_text]La cirug\u00eda de aumento mamario es la segunda cirug\u00eda, despu\u00e9s de la lipoescultura, que m\u00e1s se realiza en todo el mundo y cada d\u00eda m\u00e1s mujeres acuden a nosotros para mejorar sus senos de forma segura mediante implantes de silicona.<\/p>\n<p>Muy importante es saber que los implantes se colocan principalmente por cuatro v\u00edas; Areolar, en el surco mamario, por la axila, y a trav\u00e9s del ombligo. Una quinta opcion es v\u00eda abdominal, pero solo cuando se combina el aumento mamario con una Abdominoplastia.<\/p>\n<p>Son candidatas mujeres j\u00f3venes que a\u00fan no tienen hijos, mujeres que ya han tenido embarazos, pre y pos menop\u00e1usicas, etc. La mamoplastia de aumento se la ofrecemos a las mujeres de casi todas las edades despu\u00e9s de los 18 a\u00f1os.<\/p>\n<p>Es un procedimiento corto, m\u00ednimamente invasivo, de aproximadamente 45 minutos, sin dolor y con muy m\u00ednimos riesgos. El tiempo de recuperaci\u00f3n es tan corto que por lo regular antes de los diez d\u00edas las pacientes vuelven a su trabajo y a sus actividades sociales.<\/p>\n<p>Lo m\u00e1s importante es su seguridad, es por lo que en toda cirug\u00eda pl\u00e1stica nosotros indicamos al menos diez ex\u00e1menes de laboratorio, electrocardiograma, radiograf\u00eda de t\u00f3rax, evaluaci\u00f3n pre-anest\u00e9sica, evaluaci\u00f3n cardiovascular y respiratoria.<\/p>\n<p>Tambi\u00e9n se recomienda siempre acudir a un especialista acreditado por las instituciones correspondientes; que en nuestro pa\u00eds son la Sociedad Dominicana de Cirug\u00eda Pl\u00e1stica, el Colegio Dominicano de Cirujanos y el Colegio M\u00e9dico Dominicano.[\/vc_column_text][vc_video link=\u00bbhttps:\/\/www.youtube.com\/watch?v=DE5AhhzInLM\u00bb align=\u00bbcenter\u00bb css_animation=\u00bbfadeIn\u00bb][\/vc_column_inner][\/vc_row_inner][\/vc_column][\/vc_row]<\/p>\n<\/div>","protected":false},"excerpt":{"rendered":"<p><span class=\"excerpt-hellip\"> [\u2026]<\/span><\/p>\n","protected":false},"author":2,"featured_media":0,"parent":178,"menu_order":0,"comment_status":"closed","ping_status":"closed","template":"","meta":{"content-type":"","footnotes":""},"class_list":["post-217","page","type-page","status-publish","hentry"],"yoast_head":"<!-- This site is optimized with the Yoast SEO plugin v27.2 - https:\/\/yoast.com\/product\/yoast-seo-wordpress\/ -->\n<title>Mastopexia de Aumento - Dr. Franklin Pe\u00f1a<\/title>\n<meta name=\"description\" content=\"La cirug\u00eda de Mastopexia de Aumento es la segunda cirug\u00eda, despu\u00e9s de la lipoescultura, que m\u00e1s se realiza en todo el mundo y cada d\u00eda m\u00e1s mujeres acuden a nosotros para mejorar sus senos de forma segura mediante implantes de silicona.\" \/>\n<meta name=\"robots\" content=\"index, follow, max-snippet:-1, max-image-preview:large, max-video-preview:-1\" \/>\n<link rel=\"canonical\" href=\"https:\/\/www.drfranklinpena.com\/mywp\/procedimientos\/senos\/mastopexia-de-aumento\/\" \/>\n<meta property=\"og:locale\" content=\"es_ES\" \/>\n<meta property=\"og:type\" content=\"article\" \/>\n<meta property=\"og:title\" content=\"Mastopexia de Aumento - Dr. Franklin Pe\u00f1a\" \/>\n<meta property=\"og:description\" content=\"La cirug\u00eda de Mastopexia de Aumento es la segunda cirug\u00eda, despu\u00e9s de la lipoescultura, que m\u00e1s se realiza en todo el mundo y cada d\u00eda m\u00e1s mujeres acuden a nosotros para mejorar sus senos de forma segura mediante implantes de silicona.\" \/>\n<meta property=\"og:url\" content=\"https:\/\/www.drfranklinpena.com\/mywp\/procedimientos\/senos\/mastopexia-de-aumento\/\" \/>\n<meta property=\"og:site_name\" content=\"Dr. Franklin Pe\u00f1a\" \/>\n<meta property=\"article:publisher\" content=\"https:\/\/www.facebook.com\/drfranklinpena\" \/>\n<meta property=\"article:modified_time\" content=\"2021-04-05T22:12:42+00:00\" \/>\n<meta property=\"og:image\" content=\"https:\/\/i0.wp.com\/www.drfranklinpena.com\/mywp\/wp-content\/uploads\/2025\/08\/Diseno-sin-titulo-51.jpg?fit=640%2C369&ssl=1\" \/>\n\t<meta property=\"og:image:width\" content=\"640\" \/>\n\t<meta property=\"og:image:height\" content=\"369\" \/>\n\t<meta property=\"og:image:type\" content=\"image\/jpeg\" \/>\n<meta name=\"twitter:card\" content=\"summary_large_image\" \/>\n<meta name=\"twitter:site\" content=\"@Dr_FranklinPena\" \/>\n<meta name=\"twitter:label1\" content=\"Tiempo de lectura\" \/>\n\t<meta name=\"twitter:data1\" content=\"3 minutos\" \/>\n<script type=\"application\/ld+json\" class=\"yoast-schema-graph\">{\"@context\":\"https:\/\/schema.org\",\"@graph\":[{\"@type\":\"WebPage\",\"@id\":\"https:\/\/www.drfranklinpena.com\/mywp\/procedimientos\/senos\/mastopexia-de-aumento\/\",\"url\":\"https:\/\/www.drfranklinpena.com\/mywp\/procedimientos\/senos\/mastopexia-de-aumento\/\",\"name\":\"Mastopexia de Aumento - Dr. Franklin Pe\u00f1a\",\"isPartOf\":{\"@id\":\"https:\/\/www.drfranklinpena.com\/mywp\/#website\"},\"datePublished\":\"2018-01-31T21:19:33+00:00\",\"dateModified\":\"2021-04-05T22:12:42+00:00\",\"description\":\"La cirug\u00eda de Mastopexia de Aumento es la segunda cirug\u00eda, despu\u00e9s de la lipoescultura, que m\u00e1s se realiza en todo el mundo y cada d\u00eda m\u00e1s mujeres acuden a nosotros para mejorar sus senos de forma segura mediante implantes de silicona.\",\"breadcrumb\":{\"@id\":\"https:\/\/www.drfranklinpena.com\/mywp\/procedimientos\/senos\/mastopexia-de-aumento\/#breadcrumb\"},\"inLanguage\":\"es\",\"potentialAction\":[{\"@type\":\"ReadAction\",\"target\":[\"https:\/\/www.drfranklinpena.com\/mywp\/procedimientos\/senos\/mastopexia-de-aumento\/\"]}]},{\"@type\":\"BreadcrumbList\",\"@id\":\"https:\/\/www.drfranklinpena.com\/mywp\/procedimientos\/senos\/mastopexia-de-aumento\/#breadcrumb\",\"itemListElement\":[{\"@type\":\"ListItem\",\"position\":1,\"name\":\"Portada\",\"item\":\"https:\/\/www.drfranklinpena.com\/\"},{\"@type\":\"ListItem\",\"position\":2,\"name\":\"Procedimientos\",\"item\":\"https:\/\/www.drfranklinpena.com\/mywp\/procedimientos\/\"},{\"@type\":\"ListItem\",\"position\":3,\"name\":\"Senos\",\"item\":\"https:\/\/www.drfranklinpena.com\/mywp\/procedimientos\/senos\/\"},{\"@type\":\"ListItem\",\"position\":4,\"name\":\"Mastopexia de Aumento\"}]},{\"@type\":\"WebSite\",\"@id\":\"https:\/\/www.drfranklinpena.com\/mywp\/#website\",\"url\":\"https:\/\/www.drfranklinpena.com\/mywp\/\",\"name\":\"Dr. Franklin Pe\u00f1a\",\"description\":\"Cirug\u00eda Pl\u00e1stica, Est\u00e9tica y Reconstructiva | Resultados que cambian tu vida\",\"publisher\":{\"@id\":\"https:\/\/www.drfranklinpena.com\/mywp\/#organization\"},\"potentialAction\":[{\"@type\":\"SearchAction\",\"target\":{\"@type\":\"EntryPoint\",\"urlTemplate\":\"https:\/\/www.drfranklinpena.com\/mywp\/?s={search_term_string}\"},\"query-input\":{\"@type\":\"PropertyValueSpecification\",\"valueRequired\":true,\"valueName\":\"search_term_string\"}}],\"inLanguage\":\"es\"},{\"@type\":\"Organization\",\"@id\":\"https:\/\/www.drfranklinpena.com\/mywp\/#organization\",\"name\":\"Dr. Franklin Pe\u00f1a\",\"url\":\"https:\/\/www.drfranklinpena.com\/mywp\/\",\"logo\":{\"@type\":\"ImageObject\",\"inLanguage\":\"es\",\"@id\":\"https:\/\/www.drfranklinpena.com\/mywp\/#\/schema\/logo\/image\/\",\"url\":\"https:\/\/i0.wp.com\/www.drfranklinpena.com\/mywp\/wp-content\/uploads\/2021\/01\/ogimage2021.png?fit=640%2C369&ssl=1\",\"contentUrl\":\"https:\/\/i0.wp.com\/www.drfranklinpena.com\/mywp\/wp-content\/uploads\/2021\/01\/ogimage2021.png?fit=640%2C369&ssl=1\",\"width\":640,\"height\":369,\"caption\":\"Dr. Franklin Pe\u00f1a\"},\"image\":{\"@id\":\"https:\/\/www.drfranklinpena.com\/mywp\/#\/schema\/logo\/image\/\"},\"sameAs\":[\"https:\/\/www.facebook.com\/drfranklinpena\",\"https:\/\/x.com\/Dr_FranklinPena\",\"http:\/\/instagram.com\/drfranklinpena\/\",\"https:\/\/www.linkedin.com\/in\/franklin-pe\u00f1a-9b75a6141\/\",\"http:\/\/www.youtube.com\/user\/drfranklinpena\"]}]}<\/script>\n<!-- \/ Yoast SEO plugin. -->","yoast_head_json":{"title":"Mastopexia de Aumento - Dr. Franklin Pe\u00f1a","description":"La cirug\u00eda de Mastopexia de Aumento es la segunda cirug\u00eda, despu\u00e9s de la lipoescultura, que m\u00e1s se realiza en todo el mundo y cada d\u00eda m\u00e1s mujeres acuden a nosotros para mejorar sus senos de forma segura mediante implantes de silicona.","robots":{"index":"index","follow":"follow","max-snippet":"max-snippet:-1","max-image-preview":"max-image-preview:large","max-video-preview":"max-video-preview:-1"},"canonical":"https:\/\/www.drfranklinpena.com\/mywp\/procedimientos\/senos\/mastopexia-de-aumento\/","og_locale":"es_ES","og_type":"article","og_title":"Mastopexia de Aumento - Dr. Franklin Pe\u00f1a","og_description":"La cirug\u00eda de Mastopexia de Aumento es la segunda cirug\u00eda, despu\u00e9s de la lipoescultura, que m\u00e1s se realiza en todo el mundo y cada d\u00eda m\u00e1s mujeres acuden a nosotros para mejorar sus senos de forma segura mediante implantes de silicona.","og_url":"https:\/\/www.drfranklinpena.com\/mywp\/procedimientos\/senos\/mastopexia-de-aumento\/","og_site_name":"Dr. Franklin Pe\u00f1a","article_publisher":"https:\/\/www.facebook.com\/drfranklinpena","article_modified_time":"2021-04-05T22:12:42+00:00","og_image":[{"width":640,"height":369,"url":"https:\/\/i0.wp.com\/www.drfranklinpena.com\/mywp\/wp-content\/uploads\/2025\/08\/Diseno-sin-titulo-51.jpg?fit=640%2C369&ssl=1","type":"image\/jpeg"}],"twitter_card":"summary_large_image","twitter_site":"@Dr_FranklinPena","twitter_misc":{"Tiempo de lectura":"3 minutos"},"schema":{"@context":"https:\/\/schema.org","@graph":[{"@type":"WebPage","@id":"https:\/\/www.drfranklinpena.com\/mywp\/procedimientos\/senos\/mastopexia-de-aumento\/","url":"https:\/\/www.drfranklinpena.com\/mywp\/procedimientos\/senos\/mastopexia-de-aumento\/","name":"Mastopexia de Aumento - Dr. Franklin Pe\u00f1a","isPartOf":{"@id":"https:\/\/www.drfranklinpena.com\/mywp\/#website"},"datePublished":"2018-01-31T21:19:33+00:00","dateModified":"2021-04-05T22:12:42+00:00","description":"La cirug\u00eda de Mastopexia de Aumento es la segunda cirug\u00eda, despu\u00e9s de la lipoescultura, que m\u00e1s se realiza en todo el mundo y cada d\u00eda m\u00e1s mujeres acuden a nosotros para mejorar sus senos de forma segura mediante implantes de silicona.","breadcrumb":{"@id":"https:\/\/www.drfranklinpena.com\/mywp\/procedimientos\/senos\/mastopexia-de-aumento\/#breadcrumb"},"inLanguage":"es","potentialAction":[{"@type":"ReadAction","target":["https:\/\/www.drfranklinpena.com\/mywp\/procedimientos\/senos\/mastopexia-de-aumento\/"]}]},{"@type":"BreadcrumbList","@id":"https:\/\/www.drfranklinpena.com\/mywp\/procedimientos\/senos\/mastopexia-de-aumento\/#breadcrumb","itemListElement":[{"@type":"ListItem","position":1,"name":"Portada","item":"https:\/\/www.drfranklinpena.com\/"},{"@type":"ListItem","position":2,"name":"Procedimientos","item":"https:\/\/www.drfranklinpena.com\/mywp\/procedimientos\/"},{"@type":"ListItem","position":3,"name":"Senos","item":"https:\/\/www.drfranklinpena.com\/mywp\/procedimientos\/senos\/"},{"@type":"ListItem","position":4,"name":"Mastopexia de Aumento"}]},{"@type":"WebSite","@id":"https:\/\/www.drfranklinpena.com\/mywp\/#website","url":"https:\/\/www.drfranklinpena.com\/mywp\/","name":"Dr. Franklin Pe\u00f1a","description":"Cirug\u00eda Pl\u00e1stica, Est\u00e9tica y Reconstructiva | Resultados que cambian tu vida","publisher":{"@id":"https:\/\/www.drfranklinpena.com\/mywp\/#organization"},"potentialAction":[{"@type":"SearchAction","target":{"@type":"EntryPoint","urlTemplate":"https:\/\/www.drfranklinpena.com\/mywp\/?s={search_term_string}"},"query-input":{"@type":"PropertyValueSpecification","valueRequired":true,"valueName":"search_term_string"}}],"inLanguage":"es"},{"@type":"Organization","@id":"https:\/\/www.drfranklinpena.com\/mywp\/#organization","name":"Dr. Franklin Pe\u00f1a","url":"https:\/\/www.drfranklinpena.com\/mywp\/","logo":{"@type":"ImageObject","inLanguage":"es","@id":"https:\/\/www.drfranklinpena.com\/mywp\/#\/schema\/logo\/image\/","url":"https:\/\/i0.wp.com\/www.drfranklinpena.com\/mywp\/wp-content\/uploads\/2021\/01\/ogimage2021.png?fit=640%2C369&ssl=1","contentUrl":"https:\/\/i0.wp.com\/www.drfranklinpena.com\/mywp\/wp-content\/uploads\/2021\/01\/ogimage2021.png?fit=640%2C369&ssl=1","width":640,"height":369,"caption":"Dr. Franklin Pe\u00f1a"},"image":{"@id":"https:\/\/www.drfranklinpena.com\/mywp\/#\/schema\/logo\/image\/"},"sameAs":["https:\/\/www.facebook.com\/drfranklinpena","https:\/\/x.com\/Dr_FranklinPena","http:\/\/instagram.com\/drfranklinpena\/","https:\/\/www.linkedin.com\/in\/franklin-pe\u00f1a-9b75a6141\/","http:\/\/www.youtube.com\/user\/drfranklinpena"]}]}},"jetpack_sharing_enabled":true,"_links":{"self":[{"href":"https:\/\/www.drfranklinpena.com\/mywp\/wp-json\/wp\/v2\/pages\/217","targetHints":{"allow":["GET"]}}],"collection":[{"href":"https:\/\/www.drfranklinpena.com\/mywp\/wp-json\/wp\/v2\/pages"}],"about":[{"href":"https:\/\/www.drfranklinpena.com\/mywp\/wp-json\/wp\/v2\/types\/page"}],"author":[{"embeddable":true,"href":"https:\/\/www.drfranklinpena.com\/mywp\/wp-json\/wp\/v2\/users\/2"}],"replies":[{"embeddable":true,"href":"https:\/\/www.drfranklinpena.com\/mywp\/wp-json\/wp\/v2\/comments?post=217"}],"version-history":[{"count":3,"href":"https:\/\/www.drfranklinpena.com\/mywp\/wp-json\/wp\/v2\/pages\/217\/revisions"}],"predecessor-version":[{"id":6292,"href":"https:\/\/www.drfranklinpena.com\/mywp\/wp-json\/wp\/v2\/pages\/217\/revisions\/6292"}],"up":[{"embeddable":true,"href":"https:\/\/www.drfranklinpena.com\/mywp\/wp-json\/wp\/v2\/pages\/178"}],"wp:attachment":[{"href":"https:\/\/www.drfranklinpena.com\/mywp\/wp-json\/wp\/v2\/media?parent=217"}],"curies":[{"name":"wp","href":"https:\/\/api.w.org\/{rel}","templated":true}]}}