{"id":2136,"date":"2018-03-19T11:08:27","date_gmt":"2018-03-19T15:08:27","guid":{"rendered":"http:\/\/www.drfranklinpena.com\/mywp\/?page_id=2136"},"modified":"2022-10-14T17:20:13","modified_gmt":"2022-10-14T21:20:13","slug":"braquioplastia","status":"publish","type":"page","link":"https:\/\/www.drfranklinpena.com\/mywp\/procedimientos\/cuerpo\/braquioplastia\/","title":{"rendered":"Braquioplastia o cirug\u00eda de brazos"},"content":{"rendered":"<div class=\"wpb-content-wrapper\"><p>[vc_row css=\u00bb.vc_custom_1519054678978{margin-bottom: 0px !important;padding-top: 30px !important;padding-bottom: 30px !important;}\u00bb][vc_column css=\u00bb.vc_custom_1519054634540{margin-bottom: 0px !important;padding-top: 0px !important;padding-bottom: 0px !important;}\u00bb][vc_row_inner css=\u00bb.vc_custom_1547477350296{padding-top: 0px !important;padding-bottom: 0px !important;}\u00bb][vc_column_inner css=\u00bb.vc_custom_1519054625769{margin-bottom: 0px !important;padding-top: 0px !important;padding-bottom: 0px !important;}\u00bb][vc_column_text]<\/p>\n<h3><strong>Cirug\u00eda de brazos<\/strong><\/h3>\n<p>[\/vc_column_text][vc_column_text css=\u00bb.vc_custom_1665763135699{margin-bottom: 0px !important;}\u00bb]<\/p>\n<h4>Descripci\u00f3n<\/h4>\n<p>La braquioplastia o cirug\u00eda de brazos, es el procedimiento que se utiliza para mejorar el aspecto de la parte inferior de los brazos. Durante esta cirug\u00eda se remueve la piel y la grasa excedente entre la axila y el codo.[\/vc_column_text][\/vc_column_inner][\/vc_row_inner][\/vc_column][\/vc_row][vc_row][vc_column][vc_row_inner css=\u00bb.vc_custom_1547477382145{padding-top: 0px !important;padding-bottom: 0px !important;}\u00bb][vc_column_inner css=\u00bb.vc_custom_1519054625769{margin-bottom: 0px !important;padding-top: 0px !important;padding-bottom: 0px !important;}\u00bb][vc_column_text css=\u00bb.vc_custom_1548861651372{margin-bottom: 0px !important;}\u00bb]<\/p>\n<h4>Infograf\u00eda<\/h4>\n<p>Detalles espec\u00edficos del procedimiento:[\/vc_column_text][\/vc_column_inner][\/vc_row_inner][vc_row_inner css=\u00bb.vc_custom_1547491983217{margin-bottom: 0px !important;padding-top: 0px !important;padding-bottom: 0px !important;}\u00bb][vc_column_inner width=\u00bb1\/2&#8243; css=\u00bb.vc_custom_1547567872835{margin-bottom: 0px !important;padding-top: 0px !important;padding-bottom: 0px !important;}\u00bb offset=\u00bbvc_col-md-4&#8243;]<div class=\"list_item lists_2 clearfix\"><div class=\"list_left list_image\"><img decoding=\"async\" src=\"https:\/\/i0.wp.com\/www.drfranklinpena.com\/mywp\/wp-content\/uploads\/2019\/01\/tiempocirugia-1.png?fit=60%2C60&#038;ssl=1\" class=\"scale-with-grid\" alt=\"Braquioplastia o cirug\u00eda de brazos\" width=\"\" height=\"\"\/><\/div><div class=\"list_right\"><h4 class=\"title \">Tiempo de cirug\u00eda<\/h4><div class=\"desc\">2 horas<\/div><\/div><\/div>\n[\/vc_column_inner][vc_column_inner width=\u00bb1\/2&#8243; offset=\u00bbvc_col-md-4&#8243;]<div class=\"list_item lists_2 clearfix\"><div class=\"list_left list_image\"><img decoding=\"async\" src=\"https:\/\/i0.wp.com\/www.drfranklinpena.com\/mywp\/wp-content\/uploads\/2019\/01\/anestesia-1.png?fit=60%2C60&#038;ssl=1\" class=\"scale-with-grid\" alt=\"Braquioplastia o cirug\u00eda de brazos\" width=\"\" height=\"\"\/><\/div><div class=\"list_right\"><h4 class=\"title \">Anestesia<\/h4><div class=\"desc\">Anestesia con sedaci\u00f3n<\/div><\/div><\/div>\n[\/vc_column_inner][vc_column_inner width=\u00bb1\/2&#8243; offset=\u00bbvc_col-md-4&#8243;]<div class=\"list_item lists_2 clearfix\"><div class=\"list_left list_image\"><img decoding=\"async\" src=\"https:\/\/i0.wp.com\/www.drfranklinpena.com\/mywp\/wp-content\/uploads\/2019\/01\/hospitalizacion.png?fit=60%2C60&#038;ssl=1\" class=\"scale-with-grid\" alt=\"Braquioplastia o cirug\u00eda de brazos\" width=\"\" height=\"\"\/><\/div><div class=\"list_right\"><h4 class=\"title \">Hospitalizaci\u00f3n<\/h4><div class=\"desc\">1 noche<\/div><\/div><\/div>\n[\/vc_column_inner][vc_column_inner width=\u00bb1\/2&#8243; offset=\u00bbvc_col-md-4&#8243;]<div class=\"list_item lists_2 clearfix\"><div class=\"list_left list_image\"><img decoding=\"async\" src=\"https:\/\/i0.wp.com\/www.drfranklinpena.com\/mywp\/wp-content\/uploads\/2019\/01\/recuperacion.png?fit=60%2C60&#038;ssl=1\" class=\"scale-with-grid\" alt=\"Braquioplastia o cirug\u00eda de brazos\" width=\"\" height=\"\"\/><\/div><div class=\"list_right\"><h4 class=\"title \">Recuperaci\u00f3n<\/h4><div class=\"desc\">15 d\u00edas<\/div><\/div><\/div>\n[\/vc_column_inner][vc_column_inner width=\u00bb1\/2&#8243; offset=\u00bbvc_col-md-4&#8243;]<div class=\"list_item lists_2 clearfix\"><div class=\"list_left list_image\"><img decoding=\"async\" src=\"https:\/\/i0.wp.com\/www.drfranklinpena.com\/mywp\/wp-content\/uploads\/2019\/01\/efectos.png?fit=60%2C60&#038;ssl=1\" class=\"scale-with-grid\" alt=\"Braquioplastia o cirug\u00eda de brazos\" width=\"\" height=\"\"\/><\/div><div class=\"list_right\"><h4 class=\"title \">Efectos<\/h4><div class=\"desc\">Inmediato<\/div><\/div><\/div>\n[\/vc_column_inner][vc_column_inner width=\u00bb1\/2&#8243; offset=\u00bbvc_col-md-4&#8243;]<div class=\"list_item lists_2 clearfix\"><div class=\"list_left list_image\"><img decoding=\"async\" src=\"https:\/\/i0.wp.com\/www.drfranklinpena.com\/mywp\/wp-content\/uploads\/2019\/01\/resultados.png?fit=60%2C60&#038;ssl=1\" class=\"scale-with-grid\" alt=\"Braquioplastia o cirug\u00eda de brazos\" width=\"\" height=\"\"\/><\/div><div class=\"list_right\"><h4 class=\"title \">Resultados<\/h4><div class=\"desc\">Inmediato<\/div><\/div><\/div>\n[\/vc_column_inner][\/vc_row_inner][\/vc_column][\/vc_row][vc_row css=\u00bb.vc_custom_1617654656123{margin-right: 15px !important;margin-bottom: 0px !important;padding-top: 40px !important;padding-bottom: 40px !important;background: #07397e url(https:\/\/www.drfranklinpena.com\/mywp\/wp-content\/uploads\/2021\/04\/banner-bg6.jpg?id=6176) !important;background-position: center !important;background-repeat: no-repeat !important;background-size: cover !important;}\u00bb][vc_column css=\u00bb.vc_custom_1518646975951{margin-bottom: 0px !important;padding-top: 0px !important;padding-bottom: 0px !important;}\u00bb][vc_row_inner equal_height=\u00bbyes\u00bb content_placement=\u00bbmiddle\u00bb css=\u00bb.vc_custom_1519134969446{margin-bottom: 0px !important;padding-top: 0px !important;padding-right: 3% !important;padding-bottom: 0px !important;padding-left: 3% !important;}\u00bb][vc_column_inner css=\u00bb.vc_custom_1550261994491{margin-bottom: 0px !important;padding-top: 0px !important;padding-bottom: 0px !important;}\u00bb offset=\u00bbvc_col-lg-7 vc_col-md-7 vc_col-xs-12&#8243;][vc_custom_heading text=\u00bb\u00bfLISTA PARA PLANIFICAR TU CIRUG\u00cdA?\u00bb font_container=\u00bbtag:h1|font_size:1.5rem|text_align:center|color:%23ffffff|line_height:1.2em\u00bb use_theme_fonts=\u00bbyes\u00bb css_animation=\u00bbfadeInLeft\u00bb css=\u00bb.vc_custom_1550257863051{margin-top: 10px !important;margin-bottom: 10px !important;padding-top: 0px !important;padding-bottom: 0px !important;}\u00bb][\/vc_column_inner][vc_column_inner css=\u00bb.vc_custom_1550262009091{margin-bottom: 0px !important;padding-top: 0px !important;padding-bottom: 0px !important;}\u00bb offset=\u00bbvc_col-lg-3 vc_col-md-3 vc_col-xs-12&#8243;][vc_btn title=\u00bbPRESUPUESTO\u00bb style=\u00bbcustom\u00bb custom_background=\u00bb#e80e97&#8243; custom_text=\u00bb#ffffff\u00bb shape=\u00bbsquare\u00bb align=\u00bbcenter\u00bb css_animation=\u00bbfadeInRight\u00bb link=\u00bburl:https%3A%2F%2Fwww.drfranklinpena.com%2Fconsulta%2F|||\u00bb el_class=\u00bbfrontcta\u00bb css=\u00bb.vc_custom_1617652929318{margin-top: 0px !important;margin-bottom: 0px !important;}\u00bb][\/vc_column_inner][\/vc_row_inner][\/vc_column][\/vc_row][vc_row][vc_column][vc_row_inner css=\u00bb.vc_custom_1547477402338{padding-top: 0px !important;padding-bottom: 0px !important;}\u00bb][vc_column_inner css=\u00bb.vc_custom_1519054625769{margin-bottom: 0px !important;padding-top: 0px !important;padding-bottom: 0px !important;}\u00bb][vc_column_text css=\u00bb.vc_custom_1601905864687{margin-bottom: 0px !important;}\u00bb]<\/p>\n<h4>Requisitos<\/h4>\n<p>Para llevar a cabo esta cirug\u00eda deben determinarse los antecedentes m\u00e9dicos del paciente, el tipo de piel, la cantidad de tejido dermograso a retirar y por supuesto revisas las expectativas del paciente con este cambio en su cuerpo.[\/vc_column_text][\/vc_column_inner][\/vc_row_inner][vc_row_inner css=\u00bb.vc_custom_1547477410031{padding-top: 0px !important;padding-bottom: 0px !important;}\u00bb][vc_column_inner css=\u00bb.vc_custom_1519054625769{margin-bottom: 0px !important;padding-top: 0px !important;padding-bottom: 0px !important;}\u00bb][vc_column_text css=\u00bb.vc_custom_1601905920885{margin-bottom: 0px !important;}\u00bb]<\/p>\n<h4>Ventajas<\/h4>\n<p>Los beneficios de la braquioplastia o lifting de brazos se ven r\u00e1pidamente y se traducen en un incremento de la autoestima de quien se realiza esta cirug\u00eda. El cuerpo tiene mejor aspecto y la ropa ajustada luce mucho mejor.[\/vc_column_text][\/vc_column_inner][\/vc_row_inner][vc_row_inner css=\u00bb.vc_custom_1547477418659{padding-top: 0px !important;padding-bottom: 0px !important;}\u00bb][vc_column_inner css=\u00bb.vc_custom_1519054625769{margin-bottom: 0px !important;padding-top: 0px !important;padding-bottom: 0px !important;}\u00bb][vc_column_text css=\u00bb.vc_custom_1601905954803{margin-bottom: 0px !important;}\u00bb]<\/p>\n<h4>Resultados esperados<\/h4>\n<p>En la mayor\u00eda de los casos, los pacientes que presentan esta condici\u00f3n cuando tienen una reducci\u00f3n de peso r\u00e1pida, o la falta de elasticidad a causa de variaci\u00f3n de peso durante mucho tiempo.[\/vc_column_text][\/vc_column_inner][\/vc_row_inner][vc_row_inner css=\u00bb.vc_custom_1547477425900{padding-top: 0px !important;padding-bottom: 0px !important;}\u00bb][vc_column_inner css=\u00bb.vc_custom_1519054625769{margin-bottom: 0px !important;padding-top: 0px !important;padding-bottom: 0px !important;}\u00bb][vc_column_text css=\u00bb.vc_custom_1601905994645{margin-bottom: 0px !important;}\u00bb]<\/p>\n<h4>Intervenci\u00f3n<\/h4>\n<p><strong>La intervenci\u00f3n de la braquioplastia, puede ser:<\/strong><\/p>\n<ol>\n<li>Braquioplastia simple: se realiza en pacientes j\u00f3venes, donde la flacidez cut\u00e1nea solo se muestra en la parte interna de los brazos y esta no es muy visible. La intervenci\u00f3n suele ser sencilla con anestesia local tipo liposucci\u00f3n y las cicatrices quedan casi inexistentes.<\/li>\n<li>Braquioplastia con extensi\u00f3n axilar y tor\u00e1cica: se lleva a cabo en pacientes con m\u00e1s edad, donde se identifica un \u201cbrazo tipo p\u00e9ndulo\u201d y dicha flacidez se extiende hacia la zona tor\u00e1cica y submamaria. En este segundo caso, la cirug\u00eda se realiza a trav\u00e9s de una incisi\u00f3n en T y la cicatriz se ubica en la zona interna del brazo.<\/li>\n<\/ol>\n<p>[\/vc_column_text][\/vc_column_inner][\/vc_row_inner][vc_row_inner css=\u00bb.vc_custom_1547477434223{padding-top: 0px !important;padding-bottom: 0px !important;}\u00bb][vc_column_inner css=\u00bb.vc_custom_1519054625769{margin-bottom: 0px !important;padding-top: 0px !important;padding-bottom: 0px !important;}\u00bb][vc_column_text css=\u00bb.vc_custom_1601906043950{margin-bottom: 0px !important;}\u00bb]<\/p>\n<h4>Post-operatorio<\/h4>\n<p>Despu\u00e9s de la cirug\u00eda, se le colocar\u00e1n vendas y se le recetar\u00e1n medicamentos para controlar el dolor, y la inflamaci\u00f3n de los primeros d\u00edas del post-operatorio.<\/p>\n<p>La cicatriz que deja esta cirug\u00eda, muchas veces es m\u00ednima, pero es imposible reafirmar todo el brazo sin dejar una cicatriz. Sin embargo, es muy posible que con el tiempo se har\u00e1 menos visible.<\/p>\n<p>Mientras m\u00e1s larga es la incisi\u00f3n, el resultado de la cirug\u00eda es mejor, debido a que permite tras el retiro del exceso de tejido dermograso, un mayor estiramiento de la piel para otorgar en el brazo la apariencia deseada.<\/p>\n<p>Las cicatrices si bien no est\u00e1n del todo ausentes, con la ayuda de un cirujano pl\u00e1stico, en los casos m\u00e1s extremos; se ir\u00e1n atenuando con el tiempo y es posible que en situaciones espec\u00edficas se requiera de una atenci\u00f3n sencilla, s\u00f3lo para trabajar la visibilidad de la marca.<\/p>\n<p>En ambos casos se requiere de reposo durante un par de semanas para que el paciente pueda volver a sus actividades habituales y tener unos brazos estilizados y sin excesos.[\/vc_column_text][\/vc_column_inner][\/vc_row_inner][\/vc_column][\/vc_row][vc_row css=\u00bb.vc_custom_1547492342797{margin-bottom: 0px !important;}\u00bb][vc_column][vc_row_inner css=\u00bb.vc_custom_1547672290369{padding-top: 0px !important;padding-bottom: 0px !important;}\u00bb][vc_column_inner css=\u00bb.vc_custom_1519054625769{margin-bottom: 0px !important;padding-top: 0px !important;padding-bottom: 0px !important;}\u00bb][vc_column_text css=\u00bb.vc_custom_1547477598558{margin-bottom: 0px !important;}\u00bb]<\/p>\n<h4>V\u00eddeos relacionados<\/h4>\n<p>[\/vc_column_text][\/vc_column_inner][\/vc_row_inner][vc_row_inner css=\u00bb.vc_custom_1547494641207{margin-bottom: 0px !important;}\u00bb][vc_column_inner width=\u00bb1\/3&#8243;][vc_video link=\u00bbhttps:\/\/www.youtube.com\/watch?v=Koo2Z9oZ_uk\u00bb align=\u00bbcenter\u00bb css_animation=\u00bbfadeIn\u00bb][\/vc_column_inner][vc_column_inner width=\u00bb1\/3&#8243;][\/vc_column_inner][vc_column_inner width=\u00bb1\/3&#8243;][\/vc_column_inner][\/vc_row_inner][\/vc_column][\/vc_row][vc_row css=\u00bb.vc_custom_1617654656123{margin-right: 15px !important;margin-bottom: 0px !important;padding-top: 40px !important;padding-bottom: 40px !important;background: #07397e url(https:\/\/www.drfranklinpena.com\/mywp\/wp-content\/uploads\/2021\/04\/banner-bg6.jpg?id=6176) !important;background-position: center !important;background-repeat: no-repeat !important;background-size: cover !important;}\u00bb][vc_column css=\u00bb.vc_custom_1518646975951{margin-bottom: 0px !important;padding-top: 0px !important;padding-bottom: 0px !important;}\u00bb][vc_row_inner equal_height=\u00bbyes\u00bb content_placement=\u00bbmiddle\u00bb css=\u00bb.vc_custom_1519134969446{margin-bottom: 0px !important;padding-top: 0px !important;padding-right: 3% !important;padding-bottom: 0px !important;padding-left: 3% !important;}\u00bb][vc_column_inner css=\u00bb.vc_custom_1550261994491{margin-bottom: 0px !important;padding-top: 0px !important;padding-bottom: 0px !important;}\u00bb offset=\u00bbvc_col-lg-7 vc_col-md-7 vc_col-xs-12&#8243;][vc_custom_heading text=\u00bb\u00bfEst\u00e1s lista para ver el resultado en ti?\u00bb font_container=\u00bbtag:h1|font_size:1.5rem|text_align:center|color:%23ffffff|line_height:1.2em\u00bb use_theme_fonts=\u00bbyes\u00bb css_animation=\u00bbfadeInLeft\u00bb css=\u00bb.vc_custom_1551983725856{margin-top: 10px !important;margin-bottom: 10px !important;padding-top: 0px !important;padding-bottom: 0px !important;}\u00bb][\/vc_column_inner][vc_column_inner css=\u00bb.vc_custom_1550262009091{margin-bottom: 0px !important;padding-top: 0px !important;padding-bottom: 0px !important;}\u00bb offset=\u00bbvc_col-lg-3 vc_col-md-3 vc_col-xs-12&#8243;][vc_btn title=\u00bbAGENDAR CITA\u00bb style=\u00bbcustom\u00bb custom_background=\u00bb#e80e97&#8243; custom_text=\u00bb#ffffff\u00bb shape=\u00bbsquare\u00bb align=\u00bbcenter\u00bb css_animation=\u00bbfadeInRight\u00bb link=\u00bburl:https%3A%2F%2Fwww.drfranklinpena.com%2Fagenda-tu-consulta%2F|title:Agenda%20tu%20consulta||\u00bb el_class=\u00bbfrontcta\u00bb css=\u00bb.vc_custom_1617654868308{margin-top: 0px !important;margin-bottom: 0px !important;}\u00bb][\/vc_column_inner][\/vc_row_inner][\/vc_column][\/vc_row]<\/p>\n<\/div>","protected":false},"excerpt":{"rendered":"<p><span class=\"excerpt-hellip\"> [\u2026]<\/span><\/p>\n","protected":false},"author":2,"featured_media":0,"parent":180,"menu_order":0,"comment_status":"closed","ping_status":"closed","template":"","meta":{"content-type":"","footnotes":""},"class_list":["post-2136","page","type-page","status-publish","hentry"],"yoast_head":"<!-- This site is optimized with the Yoast SEO plugin v27.2 - https:\/\/yoast.com\/product\/yoast-seo-wordpress\/ -->\n<title>Braquioplastia o cirug\u00eda de brazos - Dr. Franklin Pe\u00f1a<\/title>\n<meta name=\"description\" content=\"La Braquioplastia o el lifting de brazos es la t\u00e9cnica que utilizamos para eliminar el exceso de piel que cuelga de la parte superior del brazo.\" \/>\n<meta name=\"robots\" content=\"index, follow, max-snippet:-1, max-image-preview:large, max-video-preview:-1\" \/>\n<link rel=\"canonical\" href=\"https:\/\/www.drfranklinpena.com\/mywp\/procedimientos\/cuerpo\/braquioplastia\/\" \/>\n<meta property=\"og:locale\" content=\"es_ES\" \/>\n<meta property=\"og:type\" content=\"article\" \/>\n<meta property=\"og:title\" content=\"Braquioplastia o cirug\u00eda de brazos - Dr. Franklin Pe\u00f1a\" \/>\n<meta property=\"og:description\" content=\"La Braquioplastia o el lifting de brazos es la t\u00e9cnica que utilizamos para eliminar el exceso de piel que cuelga de la parte superior del brazo.\" \/>\n<meta property=\"og:url\" content=\"https:\/\/www.drfranklinpena.com\/mywp\/procedimientos\/cuerpo\/braquioplastia\/\" \/>\n<meta property=\"og:site_name\" content=\"Dr. Franklin Pe\u00f1a\" \/>\n<meta property=\"article:publisher\" content=\"https:\/\/www.facebook.com\/drfranklinpena\" \/>\n<meta property=\"article:modified_time\" content=\"2022-10-14T21:20:13+00:00\" \/>\n<meta property=\"og:image\" content=\"https:\/\/i0.wp.com\/www.drfranklinpena.com\/mywp\/wp-content\/uploads\/2025\/08\/Diseno-sin-titulo-51.jpg?fit=640%2C369&ssl=1\" \/>\n\t<meta property=\"og:image:width\" content=\"640\" \/>\n\t<meta property=\"og:image:height\" content=\"369\" \/>\n\t<meta property=\"og:image:type\" content=\"image\/jpeg\" \/>\n<meta name=\"twitter:card\" content=\"summary_large_image\" \/>\n<meta name=\"twitter:site\" content=\"@Dr_FranklinPena\" \/>\n<meta name=\"twitter:label1\" content=\"Tiempo de lectura\" \/>\n\t<meta name=\"twitter:data1\" content=\"4 minutos\" \/>\n<script type=\"application\/ld+json\" class=\"yoast-schema-graph\">{\"@context\":\"https:\/\/schema.org\",\"@graph\":[{\"@type\":\"WebPage\",\"@id\":\"https:\/\/www.drfranklinpena.com\/mywp\/procedimientos\/cuerpo\/braquioplastia\/\",\"url\":\"https:\/\/www.drfranklinpena.com\/mywp\/procedimientos\/cuerpo\/braquioplastia\/\",\"name\":\"Braquioplastia o cirug\u00eda de brazos - Dr. Franklin Pe\u00f1a\",\"isPartOf\":{\"@id\":\"https:\/\/www.drfranklinpena.com\/mywp\/#website\"},\"datePublished\":\"2018-03-19T15:08:27+00:00\",\"dateModified\":\"2022-10-14T21:20:13+00:00\",\"description\":\"La Braquioplastia o el lifting de brazos es la t\u00e9cnica que utilizamos para eliminar el exceso de piel que cuelga de la parte superior del brazo.\",\"breadcrumb\":{\"@id\":\"https:\/\/www.drfranklinpena.com\/mywp\/procedimientos\/cuerpo\/braquioplastia\/#breadcrumb\"},\"inLanguage\":\"es\",\"potentialAction\":[{\"@type\":\"ReadAction\",\"target\":[\"https:\/\/www.drfranklinpena.com\/mywp\/procedimientos\/cuerpo\/braquioplastia\/\"]}]},{\"@type\":\"BreadcrumbList\",\"@id\":\"https:\/\/www.drfranklinpena.com\/mywp\/procedimientos\/cuerpo\/braquioplastia\/#breadcrumb\",\"itemListElement\":[{\"@type\":\"ListItem\",\"position\":1,\"name\":\"Portada\",\"item\":\"https:\/\/www.drfranklinpena.com\/\"},{\"@type\":\"ListItem\",\"position\":2,\"name\":\"Procedimientos\",\"item\":\"https:\/\/www.drfranklinpena.com\/mywp\/procedimientos\/\"},{\"@type\":\"ListItem\",\"position\":3,\"name\":\"Cuerpo\",\"item\":\"https:\/\/www.drfranklinpena.com\/mywp\/procedimientos\/cuerpo\/\"},{\"@type\":\"ListItem\",\"position\":4,\"name\":\"Braquioplastia o cirug\u00eda de brazos\"}]},{\"@type\":\"WebSite\",\"@id\":\"https:\/\/www.drfranklinpena.com\/mywp\/#website\",\"url\":\"https:\/\/www.drfranklinpena.com\/mywp\/\",\"name\":\"Dr. Franklin Pe\u00f1a\",\"description\":\"Cirug\u00eda Pl\u00e1stica, Est\u00e9tica y Reconstructiva | Resultados que cambian tu vida\",\"publisher\":{\"@id\":\"https:\/\/www.drfranklinpena.com\/mywp\/#organization\"},\"potentialAction\":[{\"@type\":\"SearchAction\",\"target\":{\"@type\":\"EntryPoint\",\"urlTemplate\":\"https:\/\/www.drfranklinpena.com\/mywp\/?s={search_term_string}\"},\"query-input\":{\"@type\":\"PropertyValueSpecification\",\"valueRequired\":true,\"valueName\":\"search_term_string\"}}],\"inLanguage\":\"es\"},{\"@type\":\"Organization\",\"@id\":\"https:\/\/www.drfranklinpena.com\/mywp\/#organization\",\"name\":\"Dr. Franklin Pe\u00f1a\",\"url\":\"https:\/\/www.drfranklinpena.com\/mywp\/\",\"logo\":{\"@type\":\"ImageObject\",\"inLanguage\":\"es\",\"@id\":\"https:\/\/www.drfranklinpena.com\/mywp\/#\/schema\/logo\/image\/\",\"url\":\"https:\/\/i0.wp.com\/www.drfranklinpena.com\/mywp\/wp-content\/uploads\/2021\/01\/ogimage2021.png?fit=640%2C369&ssl=1\",\"contentUrl\":\"https:\/\/i0.wp.com\/www.drfranklinpena.com\/mywp\/wp-content\/uploads\/2021\/01\/ogimage2021.png?fit=640%2C369&ssl=1\",\"width\":640,\"height\":369,\"caption\":\"Dr. Franklin Pe\u00f1a\"},\"image\":{\"@id\":\"https:\/\/www.drfranklinpena.com\/mywp\/#\/schema\/logo\/image\/\"},\"sameAs\":[\"https:\/\/www.facebook.com\/drfranklinpena\",\"https:\/\/x.com\/Dr_FranklinPena\",\"http:\/\/instagram.com\/drfranklinpena\/\",\"https:\/\/www.linkedin.com\/in\/franklin-pe\u00f1a-9b75a6141\/\",\"http:\/\/www.youtube.com\/user\/drfranklinpena\"]}]}<\/script>\n<!-- \/ Yoast SEO plugin. -->","yoast_head_json":{"title":"Braquioplastia o cirug\u00eda de brazos - Dr. Franklin Pe\u00f1a","description":"La Braquioplastia o el lifting de brazos es la t\u00e9cnica que utilizamos para eliminar el exceso de piel que cuelga de la parte superior del brazo.","robots":{"index":"index","follow":"follow","max-snippet":"max-snippet:-1","max-image-preview":"max-image-preview:large","max-video-preview":"max-video-preview:-1"},"canonical":"https:\/\/www.drfranklinpena.com\/mywp\/procedimientos\/cuerpo\/braquioplastia\/","og_locale":"es_ES","og_type":"article","og_title":"Braquioplastia o cirug\u00eda de brazos - Dr. Franklin Pe\u00f1a","og_description":"La Braquioplastia o el lifting de brazos es la t\u00e9cnica que utilizamos para eliminar el exceso de piel que cuelga de la parte superior del brazo.","og_url":"https:\/\/www.drfranklinpena.com\/mywp\/procedimientos\/cuerpo\/braquioplastia\/","og_site_name":"Dr. Franklin Pe\u00f1a","article_publisher":"https:\/\/www.facebook.com\/drfranklinpena","article_modified_time":"2022-10-14T21:20:13+00:00","og_image":[{"width":640,"height":369,"url":"https:\/\/i0.wp.com\/www.drfranklinpena.com\/mywp\/wp-content\/uploads\/2025\/08\/Diseno-sin-titulo-51.jpg?fit=640%2C369&ssl=1","type":"image\/jpeg"}],"twitter_card":"summary_large_image","twitter_site":"@Dr_FranklinPena","twitter_misc":{"Tiempo de lectura":"4 minutos"},"schema":{"@context":"https:\/\/schema.org","@graph":[{"@type":"WebPage","@id":"https:\/\/www.drfranklinpena.com\/mywp\/procedimientos\/cuerpo\/braquioplastia\/","url":"https:\/\/www.drfranklinpena.com\/mywp\/procedimientos\/cuerpo\/braquioplastia\/","name":"Braquioplastia o cirug\u00eda de brazos - Dr. Franklin Pe\u00f1a","isPartOf":{"@id":"https:\/\/www.drfranklinpena.com\/mywp\/#website"},"datePublished":"2018-03-19T15:08:27+00:00","dateModified":"2022-10-14T21:20:13+00:00","description":"La Braquioplastia o el lifting de brazos es la t\u00e9cnica que utilizamos para eliminar el exceso de piel que cuelga de la parte superior del brazo.","breadcrumb":{"@id":"https:\/\/www.drfranklinpena.com\/mywp\/procedimientos\/cuerpo\/braquioplastia\/#breadcrumb"},"inLanguage":"es","potentialAction":[{"@type":"ReadAction","target":["https:\/\/www.drfranklinpena.com\/mywp\/procedimientos\/cuerpo\/braquioplastia\/"]}]},{"@type":"BreadcrumbList","@id":"https:\/\/www.drfranklinpena.com\/mywp\/procedimientos\/cuerpo\/braquioplastia\/#breadcrumb","itemListElement":[{"@type":"ListItem","position":1,"name":"Portada","item":"https:\/\/www.drfranklinpena.com\/"},{"@type":"ListItem","position":2,"name":"Procedimientos","item":"https:\/\/www.drfranklinpena.com\/mywp\/procedimientos\/"},{"@type":"ListItem","position":3,"name":"Cuerpo","item":"https:\/\/www.drfranklinpena.com\/mywp\/procedimientos\/cuerpo\/"},{"@type":"ListItem","position":4,"name":"Braquioplastia o cirug\u00eda de brazos"}]},{"@type":"WebSite","@id":"https:\/\/www.drfranklinpena.com\/mywp\/#website","url":"https:\/\/www.drfranklinpena.com\/mywp\/","name":"Dr. Franklin Pe\u00f1a","description":"Cirug\u00eda Pl\u00e1stica, Est\u00e9tica y Reconstructiva | Resultados que cambian tu vida","publisher":{"@id":"https:\/\/www.drfranklinpena.com\/mywp\/#organization"},"potentialAction":[{"@type":"SearchAction","target":{"@type":"EntryPoint","urlTemplate":"https:\/\/www.drfranklinpena.com\/mywp\/?s={search_term_string}"},"query-input":{"@type":"PropertyValueSpecification","valueRequired":true,"valueName":"search_term_string"}}],"inLanguage":"es"},{"@type":"Organization","@id":"https:\/\/www.drfranklinpena.com\/mywp\/#organization","name":"Dr. Franklin Pe\u00f1a","url":"https:\/\/www.drfranklinpena.com\/mywp\/","logo":{"@type":"ImageObject","inLanguage":"es","@id":"https:\/\/www.drfranklinpena.com\/mywp\/#\/schema\/logo\/image\/","url":"https:\/\/i0.wp.com\/www.drfranklinpena.com\/mywp\/wp-content\/uploads\/2021\/01\/ogimage2021.png?fit=640%2C369&ssl=1","contentUrl":"https:\/\/i0.wp.com\/www.drfranklinpena.com\/mywp\/wp-content\/uploads\/2021\/01\/ogimage2021.png?fit=640%2C369&ssl=1","width":640,"height":369,"caption":"Dr. Franklin Pe\u00f1a"},"image":{"@id":"https:\/\/www.drfranklinpena.com\/mywp\/#\/schema\/logo\/image\/"},"sameAs":["https:\/\/www.facebook.com\/drfranklinpena","https:\/\/x.com\/Dr_FranklinPena","http:\/\/instagram.com\/drfranklinpena\/","https:\/\/www.linkedin.com\/in\/franklin-pe\u00f1a-9b75a6141\/","http:\/\/www.youtube.com\/user\/drfranklinpena"]}]}},"jetpack_sharing_enabled":true,"_links":{"self":[{"href":"https:\/\/www.drfranklinpena.com\/mywp\/wp-json\/wp\/v2\/pages\/2136","targetHints":{"allow":["GET"]}}],"collection":[{"href":"https:\/\/www.drfranklinpena.com\/mywp\/wp-json\/wp\/v2\/pages"}],"about":[{"href":"https:\/\/www.drfranklinpena.com\/mywp\/wp-json\/wp\/v2\/types\/page"}],"author":[{"embeddable":true,"href":"https:\/\/www.drfranklinpena.com\/mywp\/wp-json\/wp\/v2\/users\/2"}],"replies":[{"embeddable":true,"href":"https:\/\/www.drfranklinpena.com\/mywp\/wp-json\/wp\/v2\/comments?post=2136"}],"version-history":[{"count":7,"href":"https:\/\/www.drfranklinpena.com\/mywp\/wp-json\/wp\/v2\/pages\/2136\/revisions"}],"predecessor-version":[{"id":7854,"href":"https:\/\/www.drfranklinpena.com\/mywp\/wp-json\/wp\/v2\/pages\/2136\/revisions\/7854"}],"up":[{"embeddable":true,"href":"https:\/\/www.drfranklinpena.com\/mywp\/wp-json\/wp\/v2\/pages\/180"}],"wp:attachment":[{"href":"https:\/\/www.drfranklinpena.com\/mywp\/wp-json\/wp\/v2\/media?parent=2136"}],"curies":[{"name":"wp","href":"https:\/\/api.w.org\/{rel}","templated":true}]}}