{"id":206,"date":"2018-01-31T17:16:39","date_gmt":"2018-01-31T21:16:39","guid":{"rendered":"http:\/\/www.drfranklinpena.com\/mywp\/?page_id=206"},"modified":"2021-04-05T17:33:53","modified_gmt":"2021-04-05T21:33:53","slug":"gluteoplastia-aumento-de-gluteos","status":"publish","type":"page","link":"https:\/\/www.drfranklinpena.com\/mywp\/procedimientos\/cuerpo\/gluteoplastia-aumento-de-gluteos\/","title":{"rendered":"Gluteoplastia (Aumento de Gl\u00fateos)"},"content":{"rendered":"<div class=\"wpb-content-wrapper\"><p>[vc_row css=\u00bb.vc_custom_1519054678978{margin-bottom: 0px !important;padding-top: 30px !important;padding-bottom: 30px !important;}\u00bb][vc_column css=\u00bb.vc_custom_1519054634540{margin-bottom: 0px !important;padding-top: 0px !important;padding-bottom: 0px !important;}\u00bb][vc_single_image image=\u00bb1289&#8243; img_size=\u00bblarge\u00bb alignment=\u00bbcenter\u00bb style=\u00bbvc_box_shadow_border\u00bb css_animation=\u00bbfadeInUp\u00bb css=\u00bb.vc_custom_1519076017278{margin-bottom: 0px !important;}\u00bb][vc_row_inner css=\u00bb.vc_custom_1519054687203{margin-bottom: 0px !important;padding-top: 0px !important;padding-bottom: 0px !important;}\u00bb][vc_column_inner css=\u00bb.vc_custom_1519054625769{margin-bottom: 0px !important;padding-top: 0px !important;padding-bottom: 0px !important;}\u00bb][vc_column_text css=\u00bb.vc_custom_1519075955802{margin-bottom: 0px !important;}\u00bb]Cuando se habla de intervenciones en los gl\u00fateos hay detalles de sumo inter\u00e9s que se deben conocer para obtener los mejores resultados y evitar situaciones no deseadas.<\/p>\n<p>Ciertos tipos de defectos est\u00e9ticos en los gl\u00fateos, como la ausencia o disminuci\u00f3n de la proyecci\u00f3n, forma, contorno y volumen, son las principales indicaciones para gluteoplastia de aumento por lipoinyecci\u00f3n o de colocaci\u00f3n de implantes de silic\u00f3n en las nalgas.<\/p>\n<p>Hoy en d\u00eda, con los cambios en las preferencias de la moda y las normas est\u00e9ticas de la sociedad, ha aumentado el inter\u00e9s en la cirug\u00eda de contorno gl\u00fateo por parte de pacientes y cirujanos pl\u00e1sticos.<\/p>\n<p>El mayor deseo de las pacientes, adem\u00e1s de mejorar el contorno y el volumen de sus nalgas es tener mayor seguridad en los procedimientos, lo que sin lugar a dudas ha mejorado gracias al refinamiento de las t\u00e9cnicas en liposucci\u00f3n, manejo de los injertos de grasa, as\u00ed como lipoinyecci\u00f3n.<\/p>\n<p>Es de suma importancia que las pacientes sepan que hay solamente dos m\u00e9todos de aumento de gl\u00fateos: la lipoinyecci\u00f3n, que es el injerto de grasa del mismo paciente. Y el aumento de los gl\u00fateos por implantes de silic\u00f3n. Cualquier otra sustancia, m\u00e9todo o mecanismo no ha resultado seguro y no hay estudios que demuestren resultados satisfactorios.<\/p>\n<p>La grasa se obtiene por liposucci\u00f3n de adiposidades de diferentes regiones, como el abdomen o la espalda, logrando un abdomen plano mediante liposucci\u00f3n y utilizar as\u00ed esa misma grasa para embellecer las nalgas. Claro est\u00e1 que en pacientes muy delgadas, sin dep\u00f3sitos grasos de volumen adecuado, la t\u00e9cnica de lipoinyecci\u00f3n no ser\u00e1 la recomendada, sino los implantes gl\u00fateos. [\/vc_column_text][\/vc_column_inner][\/vc_row_inner][\/vc_column][\/vc_row][vc_row css=\u00bb.vc_custom_1617654656123{margin-right: 15px !important;margin-bottom: 0px !important;padding-top: 40px !important;padding-bottom: 40px !important;background: #07397e url(https:\/\/www.drfranklinpena.com\/mywp\/wp-content\/uploads\/2021\/04\/banner-bg6.jpg?id=6176) !important;background-position: center !important;background-repeat: no-repeat !important;background-size: cover !important;}\u00bb][vc_column css=\u00bb.vc_custom_1518646975951{margin-bottom: 0px !important;padding-top: 0px !important;padding-bottom: 0px !important;}\u00bb][vc_row_inner equal_height=\u00bbyes\u00bb content_placement=\u00bbmiddle\u00bb css=\u00bb.vc_custom_1519134969446{margin-bottom: 0px !important;padding-top: 0px !important;padding-right: 3% !important;padding-bottom: 0px !important;padding-left: 3% !important;}\u00bb][vc_column_inner css=\u00bb.vc_custom_1550261994491{margin-bottom: 0px !important;padding-top: 0px !important;padding-bottom: 0px !important;}\u00bb offset=\u00bbvc_col-lg-7 vc_col-md-7 vc_col-xs-12&#8243;][vc_custom_heading text=\u00bb\u00bfLISTA PARA PLANIFICAR TU CIRUG\u00cdA?\u00bb font_container=\u00bbtag:h1|font_size:1.5rem|text_align:center|color:%23ffffff|line_height:1.2em\u00bb use_theme_fonts=\u00bbyes\u00bb css_animation=\u00bbfadeInLeft\u00bb css=\u00bb.vc_custom_1550257863051{margin-top: 10px !important;margin-bottom: 10px !important;padding-top: 0px !important;padding-bottom: 0px !important;}\u00bb][\/vc_column_inner][vc_column_inner css=\u00bb.vc_custom_1550262009091{margin-bottom: 0px !important;padding-top: 0px !important;padding-bottom: 0px !important;}\u00bb offset=\u00bbvc_col-lg-3 vc_col-md-3 vc_col-xs-12&#8243;][vc_btn title=\u00bbPRESUPUESTO\u00bb style=\u00bbcustom\u00bb custom_background=\u00bb#e80e97&#8243; custom_text=\u00bb#ffffff\u00bb shape=\u00bbsquare\u00bb align=\u00bbcenter\u00bb css_animation=\u00bbfadeInRight\u00bb link=\u00bburl:https%3A%2F%2Fwww.drfranklinpena.com%2Fconsulta%2F|||\u00bb el_class=\u00bbfrontcta\u00bb css=\u00bb.vc_custom_1617652929318{margin-top: 0px !important;margin-bottom: 0px !important;}\u00bb][\/vc_column_inner][\/vc_row_inner][\/vc_column][\/vc_row][vc_row][vc_column][vc_row_inner][vc_column_inner][vc_column_text]<strong>\u00bfCu\u00e1l es el t\u00e9rmino m\u00e9dico para en aumento de gl\u00fateos?<\/strong><br \/>\nGluteoplast\u00eda, es el t\u00e9rmino usado para hacer referencia a procedimientos est\u00e9ticos en las nalgas.<\/p>\n<p><strong>\u00bfQui\u00e9n es candidato para un aumento de este tipo?<\/strong><br \/>\nCasi cualquier persona mayor de edad. Lo importante son las expectativas de cada paciente, puesto que los resultados no son iguales en todos. Hay personas que traen una fotograf\u00eda de alguna revista de c\u00f3mo les gustar\u00eda, cosa que no siempre puede ser reproducida, ya que cada cuerpo tiene sus caracter\u00edsticas. Lo que s\u00ed aseguramos a nuestras pacientes es que haremos todo lo necesario dentro de los protocolos de seguridad para que sus gl\u00fateos queden lo m\u00e1s hermosos posible.<\/p>\n<p><strong>\u00bfHasta qu\u00e9 edad es posible la gluteoplast\u00eda de aumento?<\/strong><br \/>\nNo hay una edad espec\u00edfica, pero despu\u00e9s de 60 a\u00f1os los resultados no son igual que a los 20, 30, 40, e incluso, 50. Despu\u00e9s de los 60, los tejidos son muy fl\u00e1cidos y quiz\u00e1s no vale la pena hacerlo.<\/p>\n<p><strong>\u00bfCu\u00e1les m\u00e9todos seguros existen para esta intervenci\u00f3n?<\/strong><br \/>\nLa principales y \u00fanicas t\u00e9cnicas seguras son dos. La gluteoplast\u00eda por lipoinyecci\u00f3n, que es una transferencia de la misma grasa (tejido adiposo) de la paciente, y los implantes gl\u00fateos de gel cohesivo de silicona, para quienes no tengan adiposidades (gordura o \u201cchichos\u201d). Ning\u00fan otro m\u00e9todo es seguro, y se pueden presentar graves complicaciones con la inyecci\u00f3n de sustancias o productos que no sean las opciones antes mencionadas.<\/p>\n<p><strong>\u00bfLa lipoinyecci\u00f3n es aplicable a todo el mundo?<\/strong><br \/>\nEl injerto de tejido graso es aplicable a casi todos, pero hay indicaciones espec\u00edficas y es posible que en pacientes con flacidez excesiva en la piel de los gl\u00fateos no se obtenga el mejor resultado. Como experto, siempre tomo en cuenta las expectativas del paciente y le explico qu\u00e9 se puede obtener en su caso espec\u00edfico. Aunque logramos resultados sorprendentes, la cirug\u00eda pl\u00e1stica no es magia.<\/p>\n<p><strong>\u00bfCu\u00e1nto dura el procedimiento?<\/strong><br \/>\nEl procedimiento por lipoinyecci\u00f3n incluye lipoescultura para obtener la grasa y modelado de la zona superior, inferior y lateral a las nalgas. Regularmente tiene una duraci\u00f3n de una a dos horas.<\/p>\n<p>El proceso de recuperaci\u00f3n, al igual que la mayor\u00eda de los procedimientos est\u00e9ticos, dura de 10 a 15 d\u00edas. Luego de este per\u00edodo, los pacientes pueden llevar a cabo sus actividades rutinarias, dejando para despu\u00e9s de un mes hacer ejercicios, playa o solearse.<\/p>\n<p><strong>\u00bfA qu\u00e9 se llama Alogenosis Iatrog\u00e9nica?<\/strong><br \/>\nEn una nueva enfermedad que surge por la introducci\u00f3n al organismo de sustancias ajenas a \u00e9ste. Adem\u00e1s de los productos para gl\u00fateos, en otras partes, como en la cara, se puede usar botox.<\/p>\n<p><strong>\u00bfEs definitivo el aumento de gl\u00fateos?<\/strong><br \/>\nPor lo regular permanece en el tiempo, cuando es una lipoinyecci\u00f3n, si el paciente aumenta o disminuye de peso despu\u00e9s del procedimiento; del mismo modo, puede aumentar o disminuir el tama\u00f1o de los gl\u00fateos. Cuando en un implante de silic\u00f3n permanece independientemente del peso.<\/p>\n<p><strong>\u00bfLos hombres tambi\u00e9n tienen opci\u00f3n?<\/strong><br \/>\nClaro, las mismas. Cada vez m\u00e1s hombres acuden para mejorar su f\u00edsico\u2026 incluyendo esa parte.<\/p>\n<p>Lo m\u00e1s importante es su seguridad: es por lo que en toda cirug\u00eda pl\u00e1stica nosotros indicamos al menos diez ex\u00e1menes de laboratorio que incluyen electrocardiograma, radiograf\u00eda de t\u00f3rax, evaluaci\u00f3n pre-anest\u00e9sica, evaluaci\u00f3n cardiovascular y respiratoria. Tambi\u00e9n se recomienda acudir a un especialista acreditado por las instituciones correspondientes que en nuestro pa\u00eds son la Sociedad Dominicana de Cirug\u00eda Pl\u00e1stica, el Colegio Dominicano de Cirujanos y el Colegio M\u00e9dico Dominicano.[\/vc_column_text][vc_video link=\u00bbhttps:\/\/www.youtube.com\/watch?v=30SzES8Qu6I\u00bb align=\u00bbcenter\u00bb css_animation=\u00bbfadeIn\u00bb][\/vc_column_inner][\/vc_row_inner][\/vc_column][\/vc_row]<\/p>\n<\/div>","protected":false},"excerpt":{"rendered":"<p><span class=\"excerpt-hellip\"> [\u2026]<\/span><\/p>\n","protected":false},"author":2,"featured_media":0,"parent":180,"menu_order":0,"comment_status":"closed","ping_status":"closed","template":"","meta":{"content-type":"","footnotes":""},"class_list":["post-206","page","type-page","status-publish","hentry"],"yoast_head":"<!-- This site is optimized with the Yoast SEO plugin v27.2 - https:\/\/yoast.com\/product\/yoast-seo-wordpress\/ -->\n<title>Gluteoplastia (Aumento de Gl\u00fateos) - Dr. Franklin Pe\u00f1a<\/title>\n<meta name=\"description\" content=\"Gluteoplast\u00eda, es el t\u00e9rmino usado para hacer referencia a procedimientos est\u00e9ticos en realizados al area de las nalgas.\" \/>\n<meta name=\"robots\" content=\"index, follow, max-snippet:-1, max-image-preview:large, max-video-preview:-1\" \/>\n<link rel=\"canonical\" href=\"https:\/\/www.drfranklinpena.com\/mywp\/procedimientos\/cuerpo\/gluteoplastia-aumento-de-gluteos\/\" \/>\n<meta property=\"og:locale\" content=\"es_ES\" \/>\n<meta property=\"og:type\" content=\"article\" \/>\n<meta property=\"og:title\" content=\"Gluteoplastia (Aumento de Gl\u00fateos) - Dr. Franklin Pe\u00f1a\" \/>\n<meta property=\"og:description\" content=\"Gluteoplast\u00eda, es el t\u00e9rmino usado para hacer referencia a procedimientos est\u00e9ticos en realizados al area de las nalgas.\" \/>\n<meta property=\"og:url\" content=\"https:\/\/www.drfranklinpena.com\/mywp\/procedimientos\/cuerpo\/gluteoplastia-aumento-de-gluteos\/\" \/>\n<meta property=\"og:site_name\" content=\"Dr. Franklin Pe\u00f1a\" \/>\n<meta property=\"article:publisher\" content=\"https:\/\/www.facebook.com\/drfranklinpena\" \/>\n<meta property=\"article:modified_time\" content=\"2021-04-05T21:33:53+00:00\" \/>\n<meta property=\"og:image\" content=\"https:\/\/i0.wp.com\/www.drfranklinpena.com\/mywp\/wp-content\/uploads\/2025\/08\/Diseno-sin-titulo-51.jpg?fit=640%2C369&ssl=1\" \/>\n\t<meta property=\"og:image:width\" content=\"640\" \/>\n\t<meta property=\"og:image:height\" content=\"369\" \/>\n\t<meta property=\"og:image:type\" content=\"image\/jpeg\" \/>\n<meta name=\"twitter:card\" content=\"summary_large_image\" \/>\n<meta name=\"twitter:site\" content=\"@Dr_FranklinPena\" \/>\n<meta name=\"twitter:label1\" content=\"Tiempo de lectura\" \/>\n\t<meta name=\"twitter:data1\" content=\"5 minutos\" \/>\n<script type=\"application\/ld+json\" class=\"yoast-schema-graph\">{\"@context\":\"https:\/\/schema.org\",\"@graph\":[{\"@type\":\"WebPage\",\"@id\":\"https:\/\/www.drfranklinpena.com\/mywp\/procedimientos\/cuerpo\/gluteoplastia-aumento-de-gluteos\/\",\"url\":\"https:\/\/www.drfranklinpena.com\/mywp\/procedimientos\/cuerpo\/gluteoplastia-aumento-de-gluteos\/\",\"name\":\"Gluteoplastia (Aumento de Gl\u00fateos) - Dr. Franklin Pe\u00f1a\",\"isPartOf\":{\"@id\":\"https:\/\/www.drfranklinpena.com\/mywp\/#website\"},\"datePublished\":\"2018-01-31T21:16:39+00:00\",\"dateModified\":\"2021-04-05T21:33:53+00:00\",\"description\":\"Gluteoplast\u00eda, es el t\u00e9rmino usado para hacer referencia a procedimientos est\u00e9ticos en realizados al area de las nalgas.\",\"breadcrumb\":{\"@id\":\"https:\/\/www.drfranklinpena.com\/mywp\/procedimientos\/cuerpo\/gluteoplastia-aumento-de-gluteos\/#breadcrumb\"},\"inLanguage\":\"es\",\"potentialAction\":[{\"@type\":\"ReadAction\",\"target\":[\"https:\/\/www.drfranklinpena.com\/mywp\/procedimientos\/cuerpo\/gluteoplastia-aumento-de-gluteos\/\"]}]},{\"@type\":\"BreadcrumbList\",\"@id\":\"https:\/\/www.drfranklinpena.com\/mywp\/procedimientos\/cuerpo\/gluteoplastia-aumento-de-gluteos\/#breadcrumb\",\"itemListElement\":[{\"@type\":\"ListItem\",\"position\":1,\"name\":\"Portada\",\"item\":\"https:\/\/www.drfranklinpena.com\/\"},{\"@type\":\"ListItem\",\"position\":2,\"name\":\"Procedimientos\",\"item\":\"https:\/\/www.drfranklinpena.com\/mywp\/procedimientos\/\"},{\"@type\":\"ListItem\",\"position\":3,\"name\":\"Cuerpo\",\"item\":\"https:\/\/www.drfranklinpena.com\/mywp\/procedimientos\/cuerpo\/\"},{\"@type\":\"ListItem\",\"position\":4,\"name\":\"Gluteoplastia (Aumento de Gl\u00fateos)\"}]},{\"@type\":\"WebSite\",\"@id\":\"https:\/\/www.drfranklinpena.com\/mywp\/#website\",\"url\":\"https:\/\/www.drfranklinpena.com\/mywp\/\",\"name\":\"Dr. Franklin Pe\u00f1a\",\"description\":\"Cirug\u00eda Pl\u00e1stica, Est\u00e9tica y Reconstructiva | Resultados que cambian tu vida\",\"publisher\":{\"@id\":\"https:\/\/www.drfranklinpena.com\/mywp\/#organization\"},\"potentialAction\":[{\"@type\":\"SearchAction\",\"target\":{\"@type\":\"EntryPoint\",\"urlTemplate\":\"https:\/\/www.drfranklinpena.com\/mywp\/?s={search_term_string}\"},\"query-input\":{\"@type\":\"PropertyValueSpecification\",\"valueRequired\":true,\"valueName\":\"search_term_string\"}}],\"inLanguage\":\"es\"},{\"@type\":\"Organization\",\"@id\":\"https:\/\/www.drfranklinpena.com\/mywp\/#organization\",\"name\":\"Dr. Franklin Pe\u00f1a\",\"url\":\"https:\/\/www.drfranklinpena.com\/mywp\/\",\"logo\":{\"@type\":\"ImageObject\",\"inLanguage\":\"es\",\"@id\":\"https:\/\/www.drfranklinpena.com\/mywp\/#\/schema\/logo\/image\/\",\"url\":\"https:\/\/i0.wp.com\/www.drfranklinpena.com\/mywp\/wp-content\/uploads\/2021\/01\/ogimage2021.png?fit=640%2C369&ssl=1\",\"contentUrl\":\"https:\/\/i0.wp.com\/www.drfranklinpena.com\/mywp\/wp-content\/uploads\/2021\/01\/ogimage2021.png?fit=640%2C369&ssl=1\",\"width\":640,\"height\":369,\"caption\":\"Dr. Franklin Pe\u00f1a\"},\"image\":{\"@id\":\"https:\/\/www.drfranklinpena.com\/mywp\/#\/schema\/logo\/image\/\"},\"sameAs\":[\"https:\/\/www.facebook.com\/drfranklinpena\",\"https:\/\/x.com\/Dr_FranklinPena\",\"http:\/\/instagram.com\/drfranklinpena\/\",\"https:\/\/www.linkedin.com\/in\/franklin-pe\u00f1a-9b75a6141\/\",\"http:\/\/www.youtube.com\/user\/drfranklinpena\"]}]}<\/script>\n<!-- \/ Yoast SEO plugin. -->","yoast_head_json":{"title":"Gluteoplastia (Aumento de Gl\u00fateos) - Dr. Franklin Pe\u00f1a","description":"Gluteoplast\u00eda, es el t\u00e9rmino usado para hacer referencia a procedimientos est\u00e9ticos en realizados al area de las nalgas.","robots":{"index":"index","follow":"follow","max-snippet":"max-snippet:-1","max-image-preview":"max-image-preview:large","max-video-preview":"max-video-preview:-1"},"canonical":"https:\/\/www.drfranklinpena.com\/mywp\/procedimientos\/cuerpo\/gluteoplastia-aumento-de-gluteos\/","og_locale":"es_ES","og_type":"article","og_title":"Gluteoplastia (Aumento de Gl\u00fateos) - Dr. Franklin Pe\u00f1a","og_description":"Gluteoplast\u00eda, es el t\u00e9rmino usado para hacer referencia a procedimientos est\u00e9ticos en realizados al area de las nalgas.","og_url":"https:\/\/www.drfranklinpena.com\/mywp\/procedimientos\/cuerpo\/gluteoplastia-aumento-de-gluteos\/","og_site_name":"Dr. Franklin Pe\u00f1a","article_publisher":"https:\/\/www.facebook.com\/drfranklinpena","article_modified_time":"2021-04-05T21:33:53+00:00","og_image":[{"width":640,"height":369,"url":"https:\/\/i0.wp.com\/www.drfranklinpena.com\/mywp\/wp-content\/uploads\/2025\/08\/Diseno-sin-titulo-51.jpg?fit=640%2C369&ssl=1","type":"image\/jpeg"}],"twitter_card":"summary_large_image","twitter_site":"@Dr_FranklinPena","twitter_misc":{"Tiempo de lectura":"5 minutos"},"schema":{"@context":"https:\/\/schema.org","@graph":[{"@type":"WebPage","@id":"https:\/\/www.drfranklinpena.com\/mywp\/procedimientos\/cuerpo\/gluteoplastia-aumento-de-gluteos\/","url":"https:\/\/www.drfranklinpena.com\/mywp\/procedimientos\/cuerpo\/gluteoplastia-aumento-de-gluteos\/","name":"Gluteoplastia (Aumento de Gl\u00fateos) - Dr. Franklin Pe\u00f1a","isPartOf":{"@id":"https:\/\/www.drfranklinpena.com\/mywp\/#website"},"datePublished":"2018-01-31T21:16:39+00:00","dateModified":"2021-04-05T21:33:53+00:00","description":"Gluteoplast\u00eda, es el t\u00e9rmino usado para hacer referencia a procedimientos est\u00e9ticos en realizados al area de las nalgas.","breadcrumb":{"@id":"https:\/\/www.drfranklinpena.com\/mywp\/procedimientos\/cuerpo\/gluteoplastia-aumento-de-gluteos\/#breadcrumb"},"inLanguage":"es","potentialAction":[{"@type":"ReadAction","target":["https:\/\/www.drfranklinpena.com\/mywp\/procedimientos\/cuerpo\/gluteoplastia-aumento-de-gluteos\/"]}]},{"@type":"BreadcrumbList","@id":"https:\/\/www.drfranklinpena.com\/mywp\/procedimientos\/cuerpo\/gluteoplastia-aumento-de-gluteos\/#breadcrumb","itemListElement":[{"@type":"ListItem","position":1,"name":"Portada","item":"https:\/\/www.drfranklinpena.com\/"},{"@type":"ListItem","position":2,"name":"Procedimientos","item":"https:\/\/www.drfranklinpena.com\/mywp\/procedimientos\/"},{"@type":"ListItem","position":3,"name":"Cuerpo","item":"https:\/\/www.drfranklinpena.com\/mywp\/procedimientos\/cuerpo\/"},{"@type":"ListItem","position":4,"name":"Gluteoplastia (Aumento de Gl\u00fateos)"}]},{"@type":"WebSite","@id":"https:\/\/www.drfranklinpena.com\/mywp\/#website","url":"https:\/\/www.drfranklinpena.com\/mywp\/","name":"Dr. Franklin Pe\u00f1a","description":"Cirug\u00eda Pl\u00e1stica, Est\u00e9tica y Reconstructiva | Resultados que cambian tu vida","publisher":{"@id":"https:\/\/www.drfranklinpena.com\/mywp\/#organization"},"potentialAction":[{"@type":"SearchAction","target":{"@type":"EntryPoint","urlTemplate":"https:\/\/www.drfranklinpena.com\/mywp\/?s={search_term_string}"},"query-input":{"@type":"PropertyValueSpecification","valueRequired":true,"valueName":"search_term_string"}}],"inLanguage":"es"},{"@type":"Organization","@id":"https:\/\/www.drfranklinpena.com\/mywp\/#organization","name":"Dr. Franklin Pe\u00f1a","url":"https:\/\/www.drfranklinpena.com\/mywp\/","logo":{"@type":"ImageObject","inLanguage":"es","@id":"https:\/\/www.drfranklinpena.com\/mywp\/#\/schema\/logo\/image\/","url":"https:\/\/i0.wp.com\/www.drfranklinpena.com\/mywp\/wp-content\/uploads\/2021\/01\/ogimage2021.png?fit=640%2C369&ssl=1","contentUrl":"https:\/\/i0.wp.com\/www.drfranklinpena.com\/mywp\/wp-content\/uploads\/2021\/01\/ogimage2021.png?fit=640%2C369&ssl=1","width":640,"height":369,"caption":"Dr. Franklin Pe\u00f1a"},"image":{"@id":"https:\/\/www.drfranklinpena.com\/mywp\/#\/schema\/logo\/image\/"},"sameAs":["https:\/\/www.facebook.com\/drfranklinpena","https:\/\/x.com\/Dr_FranklinPena","http:\/\/instagram.com\/drfranklinpena\/","https:\/\/www.linkedin.com\/in\/franklin-pe\u00f1a-9b75a6141\/","http:\/\/www.youtube.com\/user\/drfranklinpena"]}]}},"jetpack_sharing_enabled":true,"_links":{"self":[{"href":"https:\/\/www.drfranklinpena.com\/mywp\/wp-json\/wp\/v2\/pages\/206","targetHints":{"allow":["GET"]}}],"collection":[{"href":"https:\/\/www.drfranklinpena.com\/mywp\/wp-json\/wp\/v2\/pages"}],"about":[{"href":"https:\/\/www.drfranklinpena.com\/mywp\/wp-json\/wp\/v2\/types\/page"}],"author":[{"embeddable":true,"href":"https:\/\/www.drfranklinpena.com\/mywp\/wp-json\/wp\/v2\/users\/2"}],"replies":[{"embeddable":true,"href":"https:\/\/www.drfranklinpena.com\/mywp\/wp-json\/wp\/v2\/comments?post=206"}],"version-history":[{"count":2,"href":"https:\/\/www.drfranklinpena.com\/mywp\/wp-json\/wp\/v2\/pages\/206\/revisions"}],"predecessor-version":[{"id":6222,"href":"https:\/\/www.drfranklinpena.com\/mywp\/wp-json\/wp\/v2\/pages\/206\/revisions\/6222"}],"up":[{"embeddable":true,"href":"https:\/\/www.drfranklinpena.com\/mywp\/wp-json\/wp\/v2\/pages\/180"}],"wp:attachment":[{"href":"https:\/\/www.drfranklinpena.com\/mywp\/wp-json\/wp\/v2\/media?parent=206"}],"curies":[{"name":"wp","href":"https:\/\/api.w.org\/{rel}","templated":true}]}}