{"id":198,"date":"2018-01-31T17:15:15","date_gmt":"2018-01-31T21:15:15","guid":{"rendered":"http:\/\/www.drfranklinpena.com\/mywp\/?page_id=198"},"modified":"2021-04-05T16:54:15","modified_gmt":"2021-04-05T20:54:15","slug":"menton-malar","status":"publish","type":"page","link":"https:\/\/www.drfranklinpena.com\/mywp\/procedimientos\/cara\/menton-malar\/","title":{"rendered":"Ment\u00f3n \/ Malar"},"content":{"rendered":"<div class=\"wpb-content-wrapper\"><p>[vc_row css=\u00bb.vc_custom_1519054678978{margin-bottom: 0px !important;padding-top: 30px !important;padding-bottom: 30px !important;}\u00bb][vc_column css=\u00bb.vc_custom_1519054634540{margin-bottom: 0px !important;padding-top: 0px !important;padding-bottom: 0px !important;}\u00bb][vc_single_image image=\u00bb1227&#8243; img_size=\u00bblarge\u00bb alignment=\u00bbcenter\u00bb style=\u00bbvc_box_shadow_border\u00bb css_animation=\u00bbfadeInUp\u00bb css=\u00bb.vc_custom_1519065931664{margin-bottom: 0px !important;}\u00bb][vc_row_inner css=\u00bb.vc_custom_1519054687203{margin-bottom: 0px !important;padding-top: 0px !important;padding-bottom: 0px !important;}\u00bb][vc_column_inner css=\u00bb.vc_custom_1519054625769{margin-bottom: 0px !important;padding-top: 0px !important;padding-bottom: 0px !important;}\u00bb][vc_column_text css=\u00bb.vc_custom_1519065987558{margin-bottom: 0px !important;}\u00bb]<strong>Duraci\u00f3n:<\/strong> 30 minutos<br \/>\n<strong>Recuperaci\u00f3n:<\/strong> 7 d\u00edas<br \/>\n<strong>Viajar:<\/strong> 7 d\u00edas<\/p>\n<p>La cirug\u00eda de implantes faciales es fascinante y produce resultados que satisface por igual a cirujanos y pacientes. En el sentido propio de las palabras; es puro arte. La cirug\u00eda pl\u00e1stica cuenta en su arsenal con implantes de silicona para zonas espec\u00edficas de la cara; los m\u00e1s comunes el de ment\u00f3n, implantes malares e implantes nasales.<\/p>\n<p><strong>MENTOPLASTIA \u00d3 IMPLANTE DE MENT\u00d3N<\/strong><br \/>\nEs el tipo de implante espec\u00edfico para la barbilla. Trae forma anat\u00f3mica y se introduce a trav\u00e9s de la boca. La zona de la incisi\u00f3n es el vest\u00edbulo bucal; precisamente la zona que est\u00e1 por delante de los dientes inferiores. la incisi\u00f3n que realizamos tiene 2 cent\u00edmetros y a trav\u00e9s de la misma dise\u00f1amos el espacio o bolsa exacta para la colocaci\u00f3n de la pr\u00f3tesis. La misma viene en diferentes modelos y tama\u00f1os que se ajustan a las necesidades de cada paciente en particular.[\/vc_column_text][\/vc_column_inner][\/vc_row_inner][\/vc_column][\/vc_row][vc_row css=\u00bb.vc_custom_1617654656123{margin-right: 15px !important;margin-bottom: 0px !important;padding-top: 40px !important;padding-bottom: 40px !important;background: #07397e url(https:\/\/www.drfranklinpena.com\/mywp\/wp-content\/uploads\/2021\/04\/banner-bg6.jpg?id=6176) !important;background-position: center !important;background-repeat: no-repeat !important;background-size: cover !important;}\u00bb][vc_column css=\u00bb.vc_custom_1518646975951{margin-bottom: 0px !important;padding-top: 0px !important;padding-bottom: 0px !important;}\u00bb][vc_row_inner equal_height=\u00bbyes\u00bb content_placement=\u00bbmiddle\u00bb css=\u00bb.vc_custom_1519134969446{margin-bottom: 0px !important;padding-top: 0px !important;padding-right: 3% !important;padding-bottom: 0px !important;padding-left: 3% !important;}\u00bb][vc_column_inner css=\u00bb.vc_custom_1550261994491{margin-bottom: 0px !important;padding-top: 0px !important;padding-bottom: 0px !important;}\u00bb offset=\u00bbvc_col-lg-7 vc_col-md-7 vc_col-xs-12&#8243;][vc_custom_heading text=\u00bb\u00bfLISTA PARA PLANIFICAR TU CIRUG\u00cdA?\u00bb font_container=\u00bbtag:h1|font_size:1.5rem|text_align:center|color:%23ffffff|line_height:1.2em\u00bb use_theme_fonts=\u00bbyes\u00bb css_animation=\u00bbfadeInLeft\u00bb css=\u00bb.vc_custom_1550257863051{margin-top: 10px !important;margin-bottom: 10px !important;padding-top: 0px !important;padding-bottom: 0px !important;}\u00bb][\/vc_column_inner][vc_column_inner css=\u00bb.vc_custom_1550262009091{margin-bottom: 0px !important;padding-top: 0px !important;padding-bottom: 0px !important;}\u00bb offset=\u00bbvc_col-lg-3 vc_col-md-3 vc_col-xs-12&#8243;][vc_btn title=\u00bbPRESUPUESTO\u00bb style=\u00bbcustom\u00bb custom_background=\u00bb#e80e97&#8243; custom_text=\u00bb#ffffff\u00bb shape=\u00bbsquare\u00bb align=\u00bbcenter\u00bb css_animation=\u00bbfadeInRight\u00bb link=\u00bburl:https%3A%2F%2Fwww.drfranklinpena.com%2Fconsulta%2F|||\u00bb el_class=\u00bbfrontcta\u00bb css=\u00bb.vc_custom_1617652929318{margin-top: 0px !important;margin-bottom: 0px !important;}\u00bb][\/vc_column_inner][\/vc_row_inner][\/vc_column][\/vc_row][vc_row][vc_column][vc_row_inner][vc_column_inner][vc_column_text]La cirug\u00eda para aumento del ment\u00f3n tiene una duraci\u00f3n de 15 minutos. Los puntos para cerrar la incisi\u00f3n el la mucosa oral se absorben solos, lo que evita cualquier molestia durante el periodo de recuperaci\u00f3n que suele ser de una semana.<\/p>\n<p>Con anestesia local y sedaci\u00f3n es como se realiza la cirug\u00eda. El paciente se queda en sala de recuperaci\u00f3n por 1 hora tras lo cual puede retornar a su casa. La inflamaci\u00f3n suele ser m\u00ednima y el paciente puede volver al trabajo tres d\u00edas despu\u00e9s.<\/p>\n<p>Hay casos en los que, en vez de aumentar el ment\u00f3n el objetivo ser\u00e1 reducirlo. En \u00e9stos pacientes el tratamiento suele llevar la misma incisi\u00f3n pero la recuperaci\u00f3n toma al menos 2 semanas. Lo que hacemos es reducir el hueso de la mand\u00edbula con osteotom\u00eda y extirpaci\u00f3n de la cantidad de hueso que produce un ment\u00f3n excesivo.<\/p>\n<p>Hay casos en los que no se trata solo del ment\u00f3n, sino de la mand\u00edbula completa; en estos pacientes hacemos una cirug\u00eda ortogn\u00e1tica previo tratamiento con ortodoncia y en combinaci\u00f3n con cirug\u00eda maxilofacial.<\/p>\n<p>El aumento de ment\u00f3n en muchos casos se combina con cirug\u00eda de nar\u00edz para lograr mayor armon\u00eda en el rostro. Adem\u00e1s la bichectom\u00eda, o extracci\u00f3n de las bolsas de bichat es uno de los procedimientos m\u00e1s practicados junto a la mentoplastia.<\/p>\n<p><strong>IMPLANTES MALARES (P\u00d3MULOS)<\/strong><br \/>\nLa zona malar, que es donde comienza la mejilla resulta ser un elemento elemental para la armon\u00eda de la cara y adem\u00e1s lo que m\u00e1s proyecta la juventud facial.<\/p>\n<p>El procedimiento de implante malar se realiza mediante una m\u00ednima incisi\u00f3n debajo de la pesta\u00f1a, que ser\u00e1 imperceptible semanas despu\u00e9s del procedimiento. Se realiza bajo anestesia local y sedaci\u00f3n, en modo ambulatorio, y con una recuperaci\u00f3n de no m\u00e1s de 7 d\u00edas.<\/p>\n<p>Como en todos los casos de implantes faciales, cada paciente tiene requerimientos espec\u00edficos y se toman en cuenta tanto las expectativas del paciente como sus necesidades. Hay personas que podr\u00edan pensar que necesitan \u00e9stos implantes, cuando en vez de eso necesitar\u00edan otro tipo de procedimiento e incluso no hacerse nada. De ah\u00ed la importancia de una detallada evaluaci\u00f3n tanto est\u00e9tica como psicologica en nuestro consultorio. Lo m\u00e1s recomendable son los resultados naturales, es indispensable para nosotros que los pacientes conozcan los detalles de lo que los criterios m\u00e9dicos y est\u00e9ticos nos permiten realizar. Si usted no califica sinceramente le recomendaremos no operarse o prepararse para hacerlo en otra oportunidad siempre acorde a los criterios y protocolos mundialmente usados en cirug\u00eda cosm\u00e9tica.[\/vc_column_text][vc_video link=\u00bbhttps:\/\/www.youtube.com\/watch?v=Icldc11tcGo\u00bb align=\u00bbcenter\u00bb css_animation=\u00bbfadeIn\u00bb][\/vc_column_inner][\/vc_row_inner][\/vc_column][\/vc_row]<\/p>\n<\/div>","protected":false},"excerpt":{"rendered":"<p><span class=\"excerpt-hellip\"> [\u2026]<\/span><\/p>\n","protected":false},"author":2,"featured_media":0,"parent":174,"menu_order":0,"comment_status":"closed","ping_status":"closed","template":"","meta":{"content-type":"","footnotes":""},"class_list":["post-198","page","type-page","status-publish","hentry"],"yoast_head":"<!-- This site is optimized with the Yoast SEO plugin v27.2 - https:\/\/yoast.com\/product\/yoast-seo-wordpress\/ -->\n<title>Ment\u00f3n \/ Malar - Dr. Franklin Pe\u00f1a<\/title>\n<meta name=\"description\" content=\"La cirug\u00eda de implantes faciales como la del ment\u00f3n es fascinante y produce resultados que satisface por igual a cirujanos y pacientes.\" \/>\n<meta name=\"robots\" content=\"index, follow, max-snippet:-1, max-image-preview:large, max-video-preview:-1\" \/>\n<link rel=\"canonical\" href=\"https:\/\/www.drfranklinpena.com\/mywp\/procedimientos\/cara\/menton-malar\/\" \/>\n<meta property=\"og:locale\" content=\"es_ES\" \/>\n<meta property=\"og:type\" content=\"article\" \/>\n<meta property=\"og:title\" content=\"Ment\u00f3n \/ Malar - Dr. Franklin Pe\u00f1a\" \/>\n<meta property=\"og:description\" content=\"La cirug\u00eda de implantes faciales como la del ment\u00f3n es fascinante y produce resultados que satisface por igual a cirujanos y pacientes.\" \/>\n<meta property=\"og:url\" content=\"https:\/\/www.drfranklinpena.com\/mywp\/procedimientos\/cara\/menton-malar\/\" \/>\n<meta property=\"og:site_name\" content=\"Dr. Franklin Pe\u00f1a\" \/>\n<meta property=\"article:publisher\" content=\"https:\/\/www.facebook.com\/drfranklinpena\" \/>\n<meta property=\"article:modified_time\" content=\"2021-04-05T20:54:15+00:00\" \/>\n<meta property=\"og:image\" content=\"https:\/\/i0.wp.com\/www.drfranklinpena.com\/mywp\/wp-content\/uploads\/2025\/08\/Diseno-sin-titulo-51.jpg?fit=640%2C369&ssl=1\" \/>\n\t<meta property=\"og:image:width\" content=\"640\" \/>\n\t<meta property=\"og:image:height\" content=\"369\" \/>\n\t<meta property=\"og:image:type\" content=\"image\/jpeg\" \/>\n<meta name=\"twitter:card\" content=\"summary_large_image\" \/>\n<meta name=\"twitter:site\" content=\"@Dr_FranklinPena\" \/>\n<meta name=\"twitter:label1\" content=\"Tiempo de lectura\" \/>\n\t<meta name=\"twitter:data1\" content=\"5 minutos\" \/>\n<script type=\"application\/ld+json\" class=\"yoast-schema-graph\">{\"@context\":\"https:\/\/schema.org\",\"@graph\":[{\"@type\":\"WebPage\",\"@id\":\"https:\/\/www.drfranklinpena.com\/mywp\/procedimientos\/cara\/menton-malar\/\",\"url\":\"https:\/\/www.drfranklinpena.com\/mywp\/procedimientos\/cara\/menton-malar\/\",\"name\":\"Ment\u00f3n \/ Malar - Dr. Franklin Pe\u00f1a\",\"isPartOf\":{\"@id\":\"https:\/\/www.drfranklinpena.com\/mywp\/#website\"},\"datePublished\":\"2018-01-31T21:15:15+00:00\",\"dateModified\":\"2021-04-05T20:54:15+00:00\",\"description\":\"La cirug\u00eda de implantes faciales como la del ment\u00f3n es fascinante y produce resultados que satisface por igual a cirujanos y pacientes.\",\"breadcrumb\":{\"@id\":\"https:\/\/www.drfranklinpena.com\/mywp\/procedimientos\/cara\/menton-malar\/#breadcrumb\"},\"inLanguage\":\"es\",\"potentialAction\":[{\"@type\":\"ReadAction\",\"target\":[\"https:\/\/www.drfranklinpena.com\/mywp\/procedimientos\/cara\/menton-malar\/\"]}]},{\"@type\":\"BreadcrumbList\",\"@id\":\"https:\/\/www.drfranklinpena.com\/mywp\/procedimientos\/cara\/menton-malar\/#breadcrumb\",\"itemListElement\":[{\"@type\":\"ListItem\",\"position\":1,\"name\":\"Portada\",\"item\":\"https:\/\/www.drfranklinpena.com\/\"},{\"@type\":\"ListItem\",\"position\":2,\"name\":\"Procedimientos\",\"item\":\"https:\/\/www.drfranklinpena.com\/mywp\/procedimientos\/\"},{\"@type\":\"ListItem\",\"position\":3,\"name\":\"Cara\",\"item\":\"https:\/\/www.drfranklinpena.com\/mywp\/procedimientos\/cara\/\"},{\"@type\":\"ListItem\",\"position\":4,\"name\":\"Ment\u00f3n \/ Malar\"}]},{\"@type\":\"WebSite\",\"@id\":\"https:\/\/www.drfranklinpena.com\/mywp\/#website\",\"url\":\"https:\/\/www.drfranklinpena.com\/mywp\/\",\"name\":\"Dr. Franklin Pe\u00f1a\",\"description\":\"Cirug\u00eda Pl\u00e1stica, Est\u00e9tica y Reconstructiva | Resultados que cambian tu vida\",\"publisher\":{\"@id\":\"https:\/\/www.drfranklinpena.com\/mywp\/#organization\"},\"potentialAction\":[{\"@type\":\"SearchAction\",\"target\":{\"@type\":\"EntryPoint\",\"urlTemplate\":\"https:\/\/www.drfranklinpena.com\/mywp\/?s={search_term_string}\"},\"query-input\":{\"@type\":\"PropertyValueSpecification\",\"valueRequired\":true,\"valueName\":\"search_term_string\"}}],\"inLanguage\":\"es\"},{\"@type\":\"Organization\",\"@id\":\"https:\/\/www.drfranklinpena.com\/mywp\/#organization\",\"name\":\"Dr. Franklin Pe\u00f1a\",\"url\":\"https:\/\/www.drfranklinpena.com\/mywp\/\",\"logo\":{\"@type\":\"ImageObject\",\"inLanguage\":\"es\",\"@id\":\"https:\/\/www.drfranklinpena.com\/mywp\/#\/schema\/logo\/image\/\",\"url\":\"https:\/\/i0.wp.com\/www.drfranklinpena.com\/mywp\/wp-content\/uploads\/2021\/01\/ogimage2021.png?fit=640%2C369&ssl=1\",\"contentUrl\":\"https:\/\/i0.wp.com\/www.drfranklinpena.com\/mywp\/wp-content\/uploads\/2021\/01\/ogimage2021.png?fit=640%2C369&ssl=1\",\"width\":640,\"height\":369,\"caption\":\"Dr. Franklin Pe\u00f1a\"},\"image\":{\"@id\":\"https:\/\/www.drfranklinpena.com\/mywp\/#\/schema\/logo\/image\/\"},\"sameAs\":[\"https:\/\/www.facebook.com\/drfranklinpena\",\"https:\/\/x.com\/Dr_FranklinPena\",\"http:\/\/instagram.com\/drfranklinpena\/\",\"https:\/\/www.linkedin.com\/in\/franklin-pe\u00f1a-9b75a6141\/\",\"http:\/\/www.youtube.com\/user\/drfranklinpena\"]}]}<\/script>\n<!-- \/ Yoast SEO plugin. -->","yoast_head_json":{"title":"Ment\u00f3n \/ Malar - Dr. Franklin Pe\u00f1a","description":"La cirug\u00eda de implantes faciales como la del ment\u00f3n es fascinante y produce resultados que satisface por igual a cirujanos y pacientes.","robots":{"index":"index","follow":"follow","max-snippet":"max-snippet:-1","max-image-preview":"max-image-preview:large","max-video-preview":"max-video-preview:-1"},"canonical":"https:\/\/www.drfranklinpena.com\/mywp\/procedimientos\/cara\/menton-malar\/","og_locale":"es_ES","og_type":"article","og_title":"Ment\u00f3n \/ Malar - Dr. Franklin Pe\u00f1a","og_description":"La cirug\u00eda de implantes faciales como la del ment\u00f3n es fascinante y produce resultados que satisface por igual a cirujanos y pacientes.","og_url":"https:\/\/www.drfranklinpena.com\/mywp\/procedimientos\/cara\/menton-malar\/","og_site_name":"Dr. Franklin Pe\u00f1a","article_publisher":"https:\/\/www.facebook.com\/drfranklinpena","article_modified_time":"2021-04-05T20:54:15+00:00","og_image":[{"width":640,"height":369,"url":"https:\/\/i0.wp.com\/www.drfranklinpena.com\/mywp\/wp-content\/uploads\/2025\/08\/Diseno-sin-titulo-51.jpg?fit=640%2C369&ssl=1","type":"image\/jpeg"}],"twitter_card":"summary_large_image","twitter_site":"@Dr_FranklinPena","twitter_misc":{"Tiempo de lectura":"5 minutos"},"schema":{"@context":"https:\/\/schema.org","@graph":[{"@type":"WebPage","@id":"https:\/\/www.drfranklinpena.com\/mywp\/procedimientos\/cara\/menton-malar\/","url":"https:\/\/www.drfranklinpena.com\/mywp\/procedimientos\/cara\/menton-malar\/","name":"Ment\u00f3n \/ Malar - Dr. Franklin Pe\u00f1a","isPartOf":{"@id":"https:\/\/www.drfranklinpena.com\/mywp\/#website"},"datePublished":"2018-01-31T21:15:15+00:00","dateModified":"2021-04-05T20:54:15+00:00","description":"La cirug\u00eda de implantes faciales como la del ment\u00f3n es fascinante y produce resultados que satisface por igual a cirujanos y pacientes.","breadcrumb":{"@id":"https:\/\/www.drfranklinpena.com\/mywp\/procedimientos\/cara\/menton-malar\/#breadcrumb"},"inLanguage":"es","potentialAction":[{"@type":"ReadAction","target":["https:\/\/www.drfranklinpena.com\/mywp\/procedimientos\/cara\/menton-malar\/"]}]},{"@type":"BreadcrumbList","@id":"https:\/\/www.drfranklinpena.com\/mywp\/procedimientos\/cara\/menton-malar\/#breadcrumb","itemListElement":[{"@type":"ListItem","position":1,"name":"Portada","item":"https:\/\/www.drfranklinpena.com\/"},{"@type":"ListItem","position":2,"name":"Procedimientos","item":"https:\/\/www.drfranklinpena.com\/mywp\/procedimientos\/"},{"@type":"ListItem","position":3,"name":"Cara","item":"https:\/\/www.drfranklinpena.com\/mywp\/procedimientos\/cara\/"},{"@type":"ListItem","position":4,"name":"Ment\u00f3n \/ Malar"}]},{"@type":"WebSite","@id":"https:\/\/www.drfranklinpena.com\/mywp\/#website","url":"https:\/\/www.drfranklinpena.com\/mywp\/","name":"Dr. Franklin Pe\u00f1a","description":"Cirug\u00eda Pl\u00e1stica, Est\u00e9tica y Reconstructiva | Resultados que cambian tu vida","publisher":{"@id":"https:\/\/www.drfranklinpena.com\/mywp\/#organization"},"potentialAction":[{"@type":"SearchAction","target":{"@type":"EntryPoint","urlTemplate":"https:\/\/www.drfranklinpena.com\/mywp\/?s={search_term_string}"},"query-input":{"@type":"PropertyValueSpecification","valueRequired":true,"valueName":"search_term_string"}}],"inLanguage":"es"},{"@type":"Organization","@id":"https:\/\/www.drfranklinpena.com\/mywp\/#organization","name":"Dr. Franklin Pe\u00f1a","url":"https:\/\/www.drfranklinpena.com\/mywp\/","logo":{"@type":"ImageObject","inLanguage":"es","@id":"https:\/\/www.drfranklinpena.com\/mywp\/#\/schema\/logo\/image\/","url":"https:\/\/i0.wp.com\/www.drfranklinpena.com\/mywp\/wp-content\/uploads\/2021\/01\/ogimage2021.png?fit=640%2C369&ssl=1","contentUrl":"https:\/\/i0.wp.com\/www.drfranklinpena.com\/mywp\/wp-content\/uploads\/2021\/01\/ogimage2021.png?fit=640%2C369&ssl=1","width":640,"height":369,"caption":"Dr. Franklin Pe\u00f1a"},"image":{"@id":"https:\/\/www.drfranklinpena.com\/mywp\/#\/schema\/logo\/image\/"},"sameAs":["https:\/\/www.facebook.com\/drfranklinpena","https:\/\/x.com\/Dr_FranklinPena","http:\/\/instagram.com\/drfranklinpena\/","https:\/\/www.linkedin.com\/in\/franklin-pe\u00f1a-9b75a6141\/","http:\/\/www.youtube.com\/user\/drfranklinpena"]}]}},"jetpack_sharing_enabled":true,"_links":{"self":[{"href":"https:\/\/www.drfranklinpena.com\/mywp\/wp-json\/wp\/v2\/pages\/198","targetHints":{"allow":["GET"]}}],"collection":[{"href":"https:\/\/www.drfranklinpena.com\/mywp\/wp-json\/wp\/v2\/pages"}],"about":[{"href":"https:\/\/www.drfranklinpena.com\/mywp\/wp-json\/wp\/v2\/types\/page"}],"author":[{"embeddable":true,"href":"https:\/\/www.drfranklinpena.com\/mywp\/wp-json\/wp\/v2\/users\/2"}],"replies":[{"embeddable":true,"href":"https:\/\/www.drfranklinpena.com\/mywp\/wp-json\/wp\/v2\/comments?post=198"}],"version-history":[{"count":3,"href":"https:\/\/www.drfranklinpena.com\/mywp\/wp-json\/wp\/v2\/pages\/198\/revisions"}],"predecessor-version":[{"id":6199,"href":"https:\/\/www.drfranklinpena.com\/mywp\/wp-json\/wp\/v2\/pages\/198\/revisions\/6199"}],"up":[{"embeddable":true,"href":"https:\/\/www.drfranklinpena.com\/mywp\/wp-json\/wp\/v2\/pages\/174"}],"wp:attachment":[{"href":"https:\/\/www.drfranklinpena.com\/mywp\/wp-json\/wp\/v2\/media?parent=198"}],"curies":[{"name":"wp","href":"https:\/\/api.w.org\/{rel}","templated":true}]}}