{"id":196,"date":"2018-01-31T17:14:58","date_gmt":"2018-01-31T21:14:58","guid":{"rendered":"http:\/\/www.drfranklinpena.com\/mywp\/?page_id=196"},"modified":"2021-04-05T16:55:39","modified_gmt":"2021-04-05T20:55:39","slug":"perfiloplastia-perfil","status":"publish","type":"page","link":"https:\/\/www.drfranklinpena.com\/mywp\/procedimientos\/cara\/perfiloplastia-perfil\/","title":{"rendered":"Perfiloplastia (Perfil)"},"content":{"rendered":"<div class=\"wpb-content-wrapper\"><p>[vc_row css=\u00bb.vc_custom_1519054678978{margin-bottom: 0px !important;padding-top: 30px !important;padding-bottom: 30px !important;}\u00bb][vc_column css=\u00bb.vc_custom_1519054634540{margin-bottom: 0px !important;padding-top: 0px !important;padding-bottom: 0px !important;}\u00bb][vc_single_image image=\u00bb1232&#8243; img_size=\u00bblarge\u00bb alignment=\u00bbcenter\u00bb style=\u00bbvc_box_shadow_border\u00bb css_animation=\u00bbfadeInUp\u00bb css=\u00bb.vc_custom_1519066573337{margin-bottom: 0px !important;}\u00bb][vc_row_inner css=\u00bb.vc_custom_1519054687203{margin-bottom: 0px !important;padding-top: 0px !important;padding-bottom: 0px !important;}\u00bb][vc_column_inner css=\u00bb.vc_custom_1519054625769{margin-bottom: 0px !important;padding-top: 0px !important;padding-bottom: 0px !important;}\u00bb][vc_column_text css=\u00bb.vc_custom_1519066395398{margin-bottom: 0px !important;}\u00bb]<strong>Duraci\u00f3n:<\/strong> 1.30 horas<br \/>\n<strong>Recuperaci\u00f3n:<\/strong> 10 d\u00edas<br \/>\n<strong>Viajar:<\/strong> 10 d\u00edas<\/p>\n<p>La cirug\u00eda del perfil ofrece gran armon\u00eda al rostro. En la rinoplastia debe considerarse no solo los cambios que se har\u00e1n en la estructura nasal sino tambi\u00e9n la cara en su conjunto. Elementos como el ment\u00f3n, p\u00f3mulos, y la frente son los que forman el perfil de cada uno.<\/p>\n<p>Siempre que un paciente solicita una rinoplastia hacemos un an\u00e1lisis est\u00e9tico de su rostro y junto al paciente, frente al espejo definimos el plan operatorio.<\/p>\n<p>Siendo el centro de la cara, la nariz sin lugar a dudas predomina sobre los dem\u00e1s elementos. La rinoplastia busca modificar la nariz en sus diferentes zonas, el dorso, la punta, las alas, la columela, etc. Nuestra t\u00e9cnica favorita en la rinoplastia cerrada; la cual no deja cicatrices y a trav\u00e9s de los orificios nasales se realizan las modificaciones necesarias.[\/vc_column_text][\/vc_column_inner][\/vc_row_inner][\/vc_column][\/vc_row][vc_row css=\u00bb.vc_custom_1617654656123{margin-right: 15px !important;margin-bottom: 0px !important;padding-top: 40px !important;padding-bottom: 40px !important;background: #07397e url(https:\/\/www.drfranklinpena.com\/mywp\/wp-content\/uploads\/2021\/04\/banner-bg6.jpg?id=6176) !important;background-position: center !important;background-repeat: no-repeat !important;background-size: cover !important;}\u00bb][vc_column css=\u00bb.vc_custom_1518646975951{margin-bottom: 0px !important;padding-top: 0px !important;padding-bottom: 0px !important;}\u00bb][vc_row_inner equal_height=\u00bbyes\u00bb content_placement=\u00bbmiddle\u00bb css=\u00bb.vc_custom_1519134969446{margin-bottom: 0px !important;padding-top: 0px !important;padding-right: 3% !important;padding-bottom: 0px !important;padding-left: 3% !important;}\u00bb][vc_column_inner css=\u00bb.vc_custom_1550261994491{margin-bottom: 0px !important;padding-top: 0px !important;padding-bottom: 0px !important;}\u00bb offset=\u00bbvc_col-lg-7 vc_col-md-7 vc_col-xs-12&#8243;][vc_custom_heading text=\u00bb\u00bfLISTA PARA PLANIFICAR TU CIRUG\u00cdA?\u00bb font_container=\u00bbtag:h1|font_size:1.5rem|text_align:center|color:%23ffffff|line_height:1.2em\u00bb use_theme_fonts=\u00bbyes\u00bb css_animation=\u00bbfadeInLeft\u00bb css=\u00bb.vc_custom_1550257863051{margin-top: 10px !important;margin-bottom: 10px !important;padding-top: 0px !important;padding-bottom: 0px !important;}\u00bb][\/vc_column_inner][vc_column_inner css=\u00bb.vc_custom_1550262009091{margin-bottom: 0px !important;padding-top: 0px !important;padding-bottom: 0px !important;}\u00bb offset=\u00bbvc_col-lg-3 vc_col-md-3 vc_col-xs-12&#8243;][vc_btn title=\u00bbPRESUPUESTO\u00bb style=\u00bbcustom\u00bb custom_background=\u00bb#e80e97&#8243; custom_text=\u00bb#ffffff\u00bb shape=\u00bbsquare\u00bb align=\u00bbcenter\u00bb css_animation=\u00bbfadeInRight\u00bb link=\u00bburl:https%3A%2F%2Fwww.drfranklinpena.com%2Fconsulta%2F|||\u00bb el_class=\u00bbfrontcta\u00bb css=\u00bb.vc_custom_1617652929318{margin-top: 0px !important;margin-bottom: 0px !important;}\u00bb][\/vc_column_inner][\/vc_row_inner][\/vc_column][\/vc_row][vc_row][vc_column][vc_row_inner][vc_column_inner][vc_column_text]Las expectativas son lo m\u00e1s importante en la cirug\u00eda de nariz. Pacientes que vienen con la idea de que se les puede, en sentido figurado, quitar su nariz y poner una nueva; definitivamente no son candidatos para \u00e9ste tipo de operaci\u00f3n.<\/p>\n<p>Hay casos en que podr\u00eda convenir m\u00e1s un tratamiento psicol\u00f3gico. Ahora bien, quienes tienen expectativas realistas de lo que la cirug\u00eda pl\u00e1stica como ciencia avanzada les puede ofrecer, son los mejores candidatos.<\/p>\n<p>En la perfiloplastia realizamos primero la nariz, luego el ment\u00f3n. En su conjunto en tercio inferior de la cara queda definido est\u00e9ticamente por la rinoplastia y el aumento de ment\u00f3n.<\/p>\n<p>Con anestesia local y sedaci\u00f3n es como realizamos la perfiloplastia; regularmente dura una hora y 30 minutos. En los casos que se requiere lipo de la papada, o suavizar los rasgos de la frente. Incluso quiz\u00e1s aumentar los p\u00f3mulos o zona malar se requiere 20 a 30 minutos m\u00e1s.<\/p>\n<p>La deficiencia de ment\u00f3n que puede tener un paciente puede mejorarse con una pr\u00f3tesis para ment\u00f3n. Hay casos en los que la mand\u00edbula est\u00e1 muy peque\u00f1a, a lo que llamamos micrognatia, o que est\u00e1 exageradamente prominente; en \u00e9stos casos se requiere no\u00a0un simple aumento o reducci\u00f3n sino una cirug\u00eda ortogn\u00e1tica; que se lleva a cabo en conjunto con cirug\u00eda maxilofacial y previo tratamiento de ortodoncia.<\/p>\n<p>Un procedimiento muy com\u00fan en la perfiloplastia es la bichectom\u00eda o extracci\u00f3n de las bolsas de bichat. \u00c9stas son son adiposidades de forma redondeada que se encuentran profundas en las mejillas y que se extraen v\u00eda oral. Lo hacemos con una peque\u00f1a incisi\u00f3n de\u00a06 mil\u00edmetros a nivel del segundo molar superior, lo que produce un bello contorno en las mejillas. \u00c9ste procedimiento por s\u00ed solo toma 10 minutos, se realiza con anestesia local y en modo ambulatorio. La recuperaci\u00f3n individual de la bichectom\u00eda es de 5 d\u00edas.<\/p>\n<p>Como en toda cirug\u00eda est\u00e9tica la perfiloplastia se recomienda a partir de los 18 a\u00f1os y el l\u00edmite de edad depender\u00e1 de las condiciones de salud de cada paciente. En los casos de ni\u00f1os con la mand\u00edbula peque\u00f1a por micrognatia o deficiencia cong\u00e9nita el tratamiento puede iniciar en la ni\u00f1ez.[\/vc_column_text][vc_video link=\u00bbhttps:\/\/www.youtube.com\/watch?v=FIpdshpxzFA\u00bb align=\u00bbcenter\u00bb css_animation=\u00bbfadeIn\u00bb][\/vc_column_inner][\/vc_row_inner][\/vc_column][\/vc_row]<\/p>\n<\/div>","protected":false},"excerpt":{"rendered":"<p><span class=\"excerpt-hellip\"> [\u2026]<\/span><\/p>\n","protected":false},"author":2,"featured_media":0,"parent":174,"menu_order":0,"comment_status":"closed","ping_status":"closed","template":"","meta":{"content-type":"","footnotes":""},"class_list":["post-196","page","type-page","status-publish","hentry"],"yoast_head":"<!-- This site is optimized with the Yoast SEO plugin v27.2 - https:\/\/yoast.com\/product\/yoast-seo-wordpress\/ -->\n<title>Perfiloplastia (Perfil) - Dr. Franklin Pe\u00f1a<\/title>\n<meta name=\"description\" content=\"La Perfiloplastia o cirug\u00eda del perfil ofrece gran armon\u00eda al rostro. En la rinoplastia debe considerarse no solo los cambios que se har\u00e1n en la estructura nasal sino tambi\u00e9n la cara en su conjunto. Elementos como el ment\u00f3n, p\u00f3mulos, y la frente son los que forman el perfil de cada uno.\" \/>\n<meta name=\"robots\" content=\"index, follow, max-snippet:-1, max-image-preview:large, max-video-preview:-1\" \/>\n<link rel=\"canonical\" href=\"https:\/\/www.drfranklinpena.com\/mywp\/procedimientos\/cara\/perfiloplastia-perfil\/\" \/>\n<meta property=\"og:locale\" content=\"es_ES\" \/>\n<meta property=\"og:type\" content=\"article\" \/>\n<meta property=\"og:title\" content=\"Perfiloplastia (Perfil) - Dr. Franklin Pe\u00f1a\" \/>\n<meta property=\"og:description\" content=\"La Perfiloplastia o cirug\u00eda del perfil ofrece gran armon\u00eda al rostro. En la rinoplastia debe considerarse no solo los cambios que se har\u00e1n en la estructura nasal sino tambi\u00e9n la cara en su conjunto. Elementos como el ment\u00f3n, p\u00f3mulos, y la frente son los que forman el perfil de cada uno.\" \/>\n<meta property=\"og:url\" content=\"https:\/\/www.drfranklinpena.com\/mywp\/procedimientos\/cara\/perfiloplastia-perfil\/\" \/>\n<meta property=\"og:site_name\" content=\"Dr. Franklin Pe\u00f1a\" \/>\n<meta property=\"article:publisher\" content=\"https:\/\/www.facebook.com\/drfranklinpena\" \/>\n<meta property=\"article:modified_time\" content=\"2021-04-05T20:55:39+00:00\" \/>\n<meta property=\"og:image\" content=\"https:\/\/i0.wp.com\/www.drfranklinpena.com\/mywp\/wp-content\/uploads\/2025\/08\/Diseno-sin-titulo-51.jpg?fit=640%2C369&ssl=1\" \/>\n\t<meta property=\"og:image:width\" content=\"640\" \/>\n\t<meta property=\"og:image:height\" content=\"369\" \/>\n\t<meta property=\"og:image:type\" content=\"image\/jpeg\" \/>\n<meta name=\"twitter:card\" content=\"summary_large_image\" \/>\n<meta name=\"twitter:site\" content=\"@Dr_FranklinPena\" \/>\n<meta name=\"twitter:label1\" content=\"Tiempo de lectura\" \/>\n\t<meta name=\"twitter:data1\" content=\"5 minutos\" \/>\n<script type=\"application\/ld+json\" class=\"yoast-schema-graph\">{\"@context\":\"https:\/\/schema.org\",\"@graph\":[{\"@type\":\"WebPage\",\"@id\":\"https:\/\/www.drfranklinpena.com\/mywp\/procedimientos\/cara\/perfiloplastia-perfil\/\",\"url\":\"https:\/\/www.drfranklinpena.com\/mywp\/procedimientos\/cara\/perfiloplastia-perfil\/\",\"name\":\"Perfiloplastia (Perfil) - Dr. Franklin Pe\u00f1a\",\"isPartOf\":{\"@id\":\"https:\/\/www.drfranklinpena.com\/mywp\/#website\"},\"datePublished\":\"2018-01-31T21:14:58+00:00\",\"dateModified\":\"2021-04-05T20:55:39+00:00\",\"description\":\"La Perfiloplastia o cirug\u00eda del perfil ofrece gran armon\u00eda al rostro. En la rinoplastia debe considerarse no solo los cambios que se har\u00e1n en la estructura nasal sino tambi\u00e9n la cara en su conjunto. Elementos como el ment\u00f3n, p\u00f3mulos, y la frente son los que forman el perfil de cada uno.\",\"breadcrumb\":{\"@id\":\"https:\/\/www.drfranklinpena.com\/mywp\/procedimientos\/cara\/perfiloplastia-perfil\/#breadcrumb\"},\"inLanguage\":\"es\",\"potentialAction\":[{\"@type\":\"ReadAction\",\"target\":[\"https:\/\/www.drfranklinpena.com\/mywp\/procedimientos\/cara\/perfiloplastia-perfil\/\"]}]},{\"@type\":\"BreadcrumbList\",\"@id\":\"https:\/\/www.drfranklinpena.com\/mywp\/procedimientos\/cara\/perfiloplastia-perfil\/#breadcrumb\",\"itemListElement\":[{\"@type\":\"ListItem\",\"position\":1,\"name\":\"Portada\",\"item\":\"https:\/\/www.drfranklinpena.com\/\"},{\"@type\":\"ListItem\",\"position\":2,\"name\":\"Procedimientos\",\"item\":\"https:\/\/www.drfranklinpena.com\/mywp\/procedimientos\/\"},{\"@type\":\"ListItem\",\"position\":3,\"name\":\"Cara\",\"item\":\"https:\/\/www.drfranklinpena.com\/mywp\/procedimientos\/cara\/\"},{\"@type\":\"ListItem\",\"position\":4,\"name\":\"Perfiloplastia (Perfil)\"}]},{\"@type\":\"WebSite\",\"@id\":\"https:\/\/www.drfranklinpena.com\/mywp\/#website\",\"url\":\"https:\/\/www.drfranklinpena.com\/mywp\/\",\"name\":\"Dr. Franklin Pe\u00f1a\",\"description\":\"Cirug\u00eda Pl\u00e1stica, Est\u00e9tica y Reconstructiva | Resultados que cambian tu vida\",\"publisher\":{\"@id\":\"https:\/\/www.drfranklinpena.com\/mywp\/#organization\"},\"potentialAction\":[{\"@type\":\"SearchAction\",\"target\":{\"@type\":\"EntryPoint\",\"urlTemplate\":\"https:\/\/www.drfranklinpena.com\/mywp\/?s={search_term_string}\"},\"query-input\":{\"@type\":\"PropertyValueSpecification\",\"valueRequired\":true,\"valueName\":\"search_term_string\"}}],\"inLanguage\":\"es\"},{\"@type\":\"Organization\",\"@id\":\"https:\/\/www.drfranklinpena.com\/mywp\/#organization\",\"name\":\"Dr. Franklin Pe\u00f1a\",\"url\":\"https:\/\/www.drfranklinpena.com\/mywp\/\",\"logo\":{\"@type\":\"ImageObject\",\"inLanguage\":\"es\",\"@id\":\"https:\/\/www.drfranklinpena.com\/mywp\/#\/schema\/logo\/image\/\",\"url\":\"https:\/\/i0.wp.com\/www.drfranklinpena.com\/mywp\/wp-content\/uploads\/2021\/01\/ogimage2021.png?fit=640%2C369&ssl=1\",\"contentUrl\":\"https:\/\/i0.wp.com\/www.drfranklinpena.com\/mywp\/wp-content\/uploads\/2021\/01\/ogimage2021.png?fit=640%2C369&ssl=1\",\"width\":640,\"height\":369,\"caption\":\"Dr. Franklin Pe\u00f1a\"},\"image\":{\"@id\":\"https:\/\/www.drfranklinpena.com\/mywp\/#\/schema\/logo\/image\/\"},\"sameAs\":[\"https:\/\/www.facebook.com\/drfranklinpena\",\"https:\/\/x.com\/Dr_FranklinPena\",\"http:\/\/instagram.com\/drfranklinpena\/\",\"https:\/\/www.linkedin.com\/in\/franklin-pe\u00f1a-9b75a6141\/\",\"http:\/\/www.youtube.com\/user\/drfranklinpena\"]}]}<\/script>\n<!-- \/ Yoast SEO plugin. -->","yoast_head_json":{"title":"Perfiloplastia (Perfil) - Dr. Franklin Pe\u00f1a","description":"La Perfiloplastia o cirug\u00eda del perfil ofrece gran armon\u00eda al rostro. En la rinoplastia debe considerarse no solo los cambios que se har\u00e1n en la estructura nasal sino tambi\u00e9n la cara en su conjunto. Elementos como el ment\u00f3n, p\u00f3mulos, y la frente son los que forman el perfil de cada uno.","robots":{"index":"index","follow":"follow","max-snippet":"max-snippet:-1","max-image-preview":"max-image-preview:large","max-video-preview":"max-video-preview:-1"},"canonical":"https:\/\/www.drfranklinpena.com\/mywp\/procedimientos\/cara\/perfiloplastia-perfil\/","og_locale":"es_ES","og_type":"article","og_title":"Perfiloplastia (Perfil) - Dr. Franklin Pe\u00f1a","og_description":"La Perfiloplastia o cirug\u00eda del perfil ofrece gran armon\u00eda al rostro. En la rinoplastia debe considerarse no solo los cambios que se har\u00e1n en la estructura nasal sino tambi\u00e9n la cara en su conjunto. Elementos como el ment\u00f3n, p\u00f3mulos, y la frente son los que forman el perfil de cada uno.","og_url":"https:\/\/www.drfranklinpena.com\/mywp\/procedimientos\/cara\/perfiloplastia-perfil\/","og_site_name":"Dr. Franklin Pe\u00f1a","article_publisher":"https:\/\/www.facebook.com\/drfranklinpena","article_modified_time":"2021-04-05T20:55:39+00:00","og_image":[{"width":640,"height":369,"url":"https:\/\/i0.wp.com\/www.drfranklinpena.com\/mywp\/wp-content\/uploads\/2025\/08\/Diseno-sin-titulo-51.jpg?fit=640%2C369&ssl=1","type":"image\/jpeg"}],"twitter_card":"summary_large_image","twitter_site":"@Dr_FranklinPena","twitter_misc":{"Tiempo de lectura":"5 minutos"},"schema":{"@context":"https:\/\/schema.org","@graph":[{"@type":"WebPage","@id":"https:\/\/www.drfranklinpena.com\/mywp\/procedimientos\/cara\/perfiloplastia-perfil\/","url":"https:\/\/www.drfranklinpena.com\/mywp\/procedimientos\/cara\/perfiloplastia-perfil\/","name":"Perfiloplastia (Perfil) - Dr. Franklin Pe\u00f1a","isPartOf":{"@id":"https:\/\/www.drfranklinpena.com\/mywp\/#website"},"datePublished":"2018-01-31T21:14:58+00:00","dateModified":"2021-04-05T20:55:39+00:00","description":"La Perfiloplastia o cirug\u00eda del perfil ofrece gran armon\u00eda al rostro. En la rinoplastia debe considerarse no solo los cambios que se har\u00e1n en la estructura nasal sino tambi\u00e9n la cara en su conjunto. Elementos como el ment\u00f3n, p\u00f3mulos, y la frente son los que forman el perfil de cada uno.","breadcrumb":{"@id":"https:\/\/www.drfranklinpena.com\/mywp\/procedimientos\/cara\/perfiloplastia-perfil\/#breadcrumb"},"inLanguage":"es","potentialAction":[{"@type":"ReadAction","target":["https:\/\/www.drfranklinpena.com\/mywp\/procedimientos\/cara\/perfiloplastia-perfil\/"]}]},{"@type":"BreadcrumbList","@id":"https:\/\/www.drfranklinpena.com\/mywp\/procedimientos\/cara\/perfiloplastia-perfil\/#breadcrumb","itemListElement":[{"@type":"ListItem","position":1,"name":"Portada","item":"https:\/\/www.drfranklinpena.com\/"},{"@type":"ListItem","position":2,"name":"Procedimientos","item":"https:\/\/www.drfranklinpena.com\/mywp\/procedimientos\/"},{"@type":"ListItem","position":3,"name":"Cara","item":"https:\/\/www.drfranklinpena.com\/mywp\/procedimientos\/cara\/"},{"@type":"ListItem","position":4,"name":"Perfiloplastia (Perfil)"}]},{"@type":"WebSite","@id":"https:\/\/www.drfranklinpena.com\/mywp\/#website","url":"https:\/\/www.drfranklinpena.com\/mywp\/","name":"Dr. Franklin Pe\u00f1a","description":"Cirug\u00eda Pl\u00e1stica, Est\u00e9tica y Reconstructiva | Resultados que cambian tu vida","publisher":{"@id":"https:\/\/www.drfranklinpena.com\/mywp\/#organization"},"potentialAction":[{"@type":"SearchAction","target":{"@type":"EntryPoint","urlTemplate":"https:\/\/www.drfranklinpena.com\/mywp\/?s={search_term_string}"},"query-input":{"@type":"PropertyValueSpecification","valueRequired":true,"valueName":"search_term_string"}}],"inLanguage":"es"},{"@type":"Organization","@id":"https:\/\/www.drfranklinpena.com\/mywp\/#organization","name":"Dr. Franklin Pe\u00f1a","url":"https:\/\/www.drfranklinpena.com\/mywp\/","logo":{"@type":"ImageObject","inLanguage":"es","@id":"https:\/\/www.drfranklinpena.com\/mywp\/#\/schema\/logo\/image\/","url":"https:\/\/i0.wp.com\/www.drfranklinpena.com\/mywp\/wp-content\/uploads\/2021\/01\/ogimage2021.png?fit=640%2C369&ssl=1","contentUrl":"https:\/\/i0.wp.com\/www.drfranklinpena.com\/mywp\/wp-content\/uploads\/2021\/01\/ogimage2021.png?fit=640%2C369&ssl=1","width":640,"height":369,"caption":"Dr. Franklin Pe\u00f1a"},"image":{"@id":"https:\/\/www.drfranklinpena.com\/mywp\/#\/schema\/logo\/image\/"},"sameAs":["https:\/\/www.facebook.com\/drfranklinpena","https:\/\/x.com\/Dr_FranklinPena","http:\/\/instagram.com\/drfranklinpena\/","https:\/\/www.linkedin.com\/in\/franklin-pe\u00f1a-9b75a6141\/","http:\/\/www.youtube.com\/user\/drfranklinpena"]}]}},"jetpack_sharing_enabled":true,"_links":{"self":[{"href":"https:\/\/www.drfranklinpena.com\/mywp\/wp-json\/wp\/v2\/pages\/196","targetHints":{"allow":["GET"]}}],"collection":[{"href":"https:\/\/www.drfranklinpena.com\/mywp\/wp-json\/wp\/v2\/pages"}],"about":[{"href":"https:\/\/www.drfranklinpena.com\/mywp\/wp-json\/wp\/v2\/types\/page"}],"author":[{"embeddable":true,"href":"https:\/\/www.drfranklinpena.com\/mywp\/wp-json\/wp\/v2\/users\/2"}],"replies":[{"embeddable":true,"href":"https:\/\/www.drfranklinpena.com\/mywp\/wp-json\/wp\/v2\/comments?post=196"}],"version-history":[{"count":3,"href":"https:\/\/www.drfranklinpena.com\/mywp\/wp-json\/wp\/v2\/pages\/196\/revisions"}],"predecessor-version":[{"id":6202,"href":"https:\/\/www.drfranklinpena.com\/mywp\/wp-json\/wp\/v2\/pages\/196\/revisions\/6202"}],"up":[{"embeddable":true,"href":"https:\/\/www.drfranklinpena.com\/mywp\/wp-json\/wp\/v2\/pages\/174"}],"wp:attachment":[{"href":"https:\/\/www.drfranklinpena.com\/mywp\/wp-json\/wp\/v2\/media?parent=196"}],"curies":[{"name":"wp","href":"https:\/\/api.w.org\/{rel}","templated":true}]}}