{"id":1730,"date":"2018-03-01T11:43:35","date_gmt":"2018-03-01T15:43:35","guid":{"rendered":"http:\/\/www.drfranklinpena.com\/mywp\/?page_id=1730"},"modified":"2021-04-05T18:05:30","modified_gmt":"2021-04-05T22:05:30","slug":"injectable-dermal-fillers-btx","status":"publish","type":"page","link":"https:\/\/www.drfranklinpena.com\/mywp\/en\/procedures\/nonsurgical-treatments\/injectable-dermal-fillers-btx\/","title":{"rendered":"Injectable Dermal Fillers (BTX)"},"content":{"rendered":"<div class=\"wpb-content-wrapper\"><p>[vc_row css=\u00bb.vc_custom_1519054678978{margin-bottom: 0px !important;padding-top: 30px !important;padding-bottom: 30px !important;}\u00bb][vc_column css=\u00bb.vc_custom_1519054634540{margin-bottom: 0px !important;padding-top: 0px !important;padding-bottom: 0px !important;}\u00bb][vc_single_image image=\u00bb1373&#8243; img_size=\u00bblarge\u00bb alignment=\u00bbcenter\u00bb style=\u00bbvc_box_shadow_border\u00bb css_animation=\u00bbfadeInUp\u00bb css=\u00bb.vc_custom_1519154931390{margin-bottom: 0px !important;}\u00bb][vc_row_inner css=\u00bb.vc_custom_1519054687203{margin-bottom: 0px !important;padding-top: 0px !important;padding-bottom: 0px !important;}\u00bb][vc_column_inner css=\u00bb.vc_custom_1519054625769{margin-bottom: 0px !important;padding-top: 0px !important;padding-bottom: 0px !important;}\u00bb][vc_column_text css=\u00bb.vc_custom_1523310255780{margin-bottom: 0px !important;}\u00bb]Improving physical appearance, one of the most common desires of men and women today, does not necessarily imply going through the surgery room. However, marketing has abused concepts as \u00abnon-invasive\u00bb or \u00abminimally invasive\u00bb in promoting certain esthetic techniques, and has caused confusion in many people who think that anyone who performs these procedures does not need a medical license.<\/p>\n<p>\u00abMany people are confused and even enters into treatments with people who are not qualified,\u00bb says Franklin Pe\u00f1a, plastic surgeon of the Centro de Cirug\u00eda Pl\u00e1stica Espaillat Guerra.<\/p>\n<p>The also specialist from the Clinica de Medicina Familiar, of San Pedro de Macoris, notes that the procedures like the application of Injectable Dermal Fillers (BTX) or hyaluronic acid are less invasive than surgery, but they are still invasive.<\/p>\n<p>Warning \u00abIt\u2019s not a surgery but, as a product is being infiltrated into the body, it\u2019s already invasive,\u00bb clears up Pe\u00f1a. \u00abPutting someone an injection is an invasive procedure. What is non-invasive? Putting on cream. \u00bb<\/p>\n<p>Therefore, although the risks are minimal compared to an operation, the application of Injectable Dermal Fillers (BTX) or of hyaluronic acid can only be performed by plastic surgeons or dermatologists because, as Pe\u00f1a warns, you have to know facial anatomy and muscles of the face.<\/p>\n<p><strong>COSMETIC PROCEDURES<\/strong><br \/>\nWithin the plastic and cosmetic surgery, Dr. Franklin Pe\u00f1a remembers, there are surgical procedures (surgeries) and cosmetics.<\/p>\n<p>Among the cosmetic procedures are injecting Injectable Dermal Fillers (BTX) and hyaluronic acid, dermabrasion, laser and chemical peels. From that list only the dermabrasion, laser and chemical peels are noninvasive.[\/vc_column_text][\/vc_column_inner][\/vc_row_inner][\/vc_column][\/vc_row][vc_row css=\u00bb.vc_custom_1617654656123{margin-right: 15px !important;margin-bottom: 0px !important;padding-top: 40px !important;padding-bottom: 40px !important;background: #07397e url(https:\/\/www.drfranklinpena.com\/mywp\/wp-content\/uploads\/2021\/04\/banner-bg6.jpg?id=6176) !important;background-position: center !important;background-repeat: no-repeat !important;background-size: cover !important;}\u00bb][vc_column css=\u00bb.vc_custom_1518646975951{margin-bottom: 0px !important;padding-top: 0px !important;padding-bottom: 0px !important;}\u00bb][vc_row_inner equal_height=\u00bbyes\u00bb content_placement=\u00bbmiddle\u00bb css=\u00bb.vc_custom_1519134969446{margin-bottom: 0px !important;padding-top: 0px !important;padding-right: 3% !important;padding-bottom: 0px !important;padding-left: 3% !important;}\u00bb][vc_column_inner css=\u00bb.vc_custom_1550261994491{margin-bottom: 0px !important;padding-top: 0px !important;padding-bottom: 0px !important;}\u00bb offset=\u00bbvc_col-lg-7 vc_col-md-7 vc_col-xs-12&#8243;][vc_custom_heading text=\u00bbREADY TO PLAN YOUR SURGERY?\u00bb font_container=\u00bbtag:h1|font_size:1.5rem|text_align:center|color:%23ffffff|line_height:1.2em\u00bb use_theme_fonts=\u00bbyes\u00bb css_animation=\u00bbfadeInLeft\u00bb css=\u00bb.vc_custom_1550257770023{margin-top: 10px !important;margin-bottom: 10px !important;padding-top: 0px !important;padding-bottom: 0px !important;}\u00bb][\/vc_column_inner][vc_column_inner css=\u00bb.vc_custom_1550262009091{margin-bottom: 0px !important;padding-top: 0px !important;padding-bottom: 0px !important;}\u00bb offset=\u00bbvc_col-lg-3 vc_col-md-3 vc_col-xs-12&#8243;][vc_btn title=\u00bbGET A QUOTE\u00bb style=\u00bbcustom\u00bb custom_background=\u00bb#e80e97&#8243; custom_text=\u00bb#ffffff\u00bb shape=\u00bbsquare\u00bb align=\u00bbcenter\u00bb css_animation=\u00bbfadeInRight\u00bb link=\u00bburl:http%3A%2F%2Fwww.drfranklinpena.com%2Fen%2Fconsult%2F|||\u00bb el_class=\u00bbfrontcta\u00bb css=\u00bb.vc_custom_1617654975427{margin-top: 0px !important;margin-bottom: 0px !important;}\u00bb][\/vc_column_inner][\/vc_row_inner][\/vc_column][\/vc_row][vc_row][vc_column][vc_row_inner][vc_column_inner][vc_column_text]Cosmetic procedures to improve the image. Injectable Dermal Fillers (BTX) is the product most used in the world to eliminate wrinkles. It is injected into fine lines and frown lines, crow&#8217;s feet, the forehead and eyebrows, and produces a partial paralysis of the muscles, giving the face a more youthful appearance.<\/p>\n<p>For deep grooves like those presented in the nasolabial area, hyaluronic acid, which is a filler product is used.<\/p>\n<p>\u00abThese are, according to the plastic surgeon Franklin Pe\u00f1a- the only two products which are studied and that over time have proven to be safe.\u00bb<\/p>\n<p>Besides, you can use the same fat of the patient as filling material. In this case, however, it no longer would be a fast and simple procedure.<\/p>\n<p>Using fat from the patient involves investing at least half an hour to get it from the abdomen using local anesthesia, prepare it and then place it as if it were a filler, the plastic surgeon explains.<\/p>\n<p>The threads. The expert ensures that virtually no plastic surgeon uses threads, very popular method in years passed, to stretch and rejuvenate facial expressions, \u00abbecause they have proven to be ineffective.\u00bb<\/p>\n<p>The threads, he warns, may have the desired effect for a few months, but produce in some patients fibrosis difficult to correct.<\/p>\n<p>\u00abBecause its use is not safe it is advisable not to use it either in the the face or gluteus,\u00bb advises Pe\u00f1a.<\/p>\n<p><strong>LIFTING TO STRETCH THE FACE<\/strong><br \/>\nplastic surgeon Franklin Pe\u00f1a indicates the lifting as the face stretching technique most effective and with results tested for over 50 years.<\/p>\n<p>\u00abWhen a patient is between 30 and 45 you can perform a palliative treatment with Injectable Dermal Fillers (BTX), but when you have so much flaccidity in the tissues of the face, you can\u2019t correct it with a thread, but the excess skin must be removed and the flaccidity corrected\u00bb, Pena said.<\/p>\n<p>However, this procedure is not of the least invasive: you can\u2019t make it in a consultation the same as the application of fillers.[\/vc_column_text][vc_video link=\u00bbhttps:\/\/www.youtube.com\/watch?v=RYtwWzt7o_8&#8243; align=\u00bbcenter\u00bb css_animation=\u00bbfadeIn\u00bb][\/vc_column_inner][\/vc_row_inner][\/vc_column][\/vc_row]<\/p>\n<\/div>","protected":false},"excerpt":{"rendered":"<p><span class=\"excerpt-hellip\"> [\u2026]<\/span><\/p>\n","protected":false},"author":2,"featured_media":0,"parent":1722,"menu_order":0,"comment_status":"closed","ping_status":"closed","template":"","meta":{"content-type":"","footnotes":""},"class_list":["post-1730","page","type-page","status-publish","hentry"],"yoast_head":"<!-- This site is optimized with the Yoast SEO plugin v27.2 - https:\/\/yoast.com\/product\/yoast-seo-wordpress\/ -->\n<title>Injectable Dermal Fillers (BTX) - Dr. Franklin Pe\u00f1a<\/title>\n<meta name=\"description\" content=\"Cosmetic procedures to improve the image. Injectable Dermal Fillers (BTX) is the product most used in the world to eliminate wrinkles. It is injected into fine lines and frown lines, crow&#039;s feet, the forehead and eyebrows, and produces a partial paralysis of the muscles, giving the face a more youthful appearance.\" \/>\n<meta name=\"robots\" content=\"index, follow, max-snippet:-1, max-image-preview:large, max-video-preview:-1\" \/>\n<link rel=\"canonical\" href=\"https:\/\/www.drfranklinpena.com\/mywp\/en\/procedures\/nonsurgical-treatments\/injectable-dermal-fillers-btx\/\" \/>\n<meta property=\"og:locale\" content=\"es_ES\" \/>\n<meta property=\"og:type\" content=\"article\" \/>\n<meta property=\"og:title\" content=\"Injectable Dermal Fillers (BTX) - Dr. Franklin Pe\u00f1a\" \/>\n<meta property=\"og:description\" content=\"Cosmetic procedures to improve the image. Injectable Dermal Fillers (BTX) is the product most used in the world to eliminate wrinkles. It is injected into fine lines and frown lines, crow&#039;s feet, the forehead and eyebrows, and produces a partial paralysis of the muscles, giving the face a more youthful appearance.\" \/>\n<meta property=\"og:url\" content=\"https:\/\/www.drfranklinpena.com\/mywp\/en\/procedures\/nonsurgical-treatments\/injectable-dermal-fillers-btx\/\" \/>\n<meta property=\"og:site_name\" content=\"Dr. Franklin Pe\u00f1a\" \/>\n<meta property=\"article:publisher\" content=\"https:\/\/www.facebook.com\/drfranklinpena\" \/>\n<meta property=\"article:modified_time\" content=\"2021-04-05T22:05:30+00:00\" \/>\n<meta property=\"og:image\" content=\"https:\/\/i0.wp.com\/www.drfranklinpena.com\/mywp\/wp-content\/uploads\/2025\/08\/Diseno-sin-titulo-51.jpg?fit=640%2C369&ssl=1\" \/>\n\t<meta property=\"og:image:width\" content=\"640\" \/>\n\t<meta property=\"og:image:height\" content=\"369\" \/>\n\t<meta property=\"og:image:type\" content=\"image\/jpeg\" \/>\n<meta name=\"twitter:card\" content=\"summary_large_image\" \/>\n<meta name=\"twitter:site\" content=\"@Dr_FranklinPena\" \/>\n<meta name=\"twitter:label1\" content=\"Tiempo de lectura\" \/>\n\t<meta name=\"twitter:data1\" content=\"4 minutos\" \/>\n<script type=\"application\/ld+json\" class=\"yoast-schema-graph\">{\"@context\":\"https:\/\/schema.org\",\"@graph\":[{\"@type\":\"WebPage\",\"@id\":\"https:\/\/www.drfranklinpena.com\/mywp\/en\/procedures\/nonsurgical-treatments\/injectable-dermal-fillers-btx\/\",\"url\":\"https:\/\/www.drfranklinpena.com\/mywp\/en\/procedures\/nonsurgical-treatments\/injectable-dermal-fillers-btx\/\",\"name\":\"Injectable Dermal Fillers (BTX) - Dr. Franklin Pe\u00f1a\",\"isPartOf\":{\"@id\":\"https:\/\/www.drfranklinpena.com\/mywp\/#website\"},\"datePublished\":\"2018-03-01T15:43:35+00:00\",\"dateModified\":\"2021-04-05T22:05:30+00:00\",\"description\":\"Cosmetic procedures to improve the image. Injectable Dermal Fillers (BTX) is the product most used in the world to eliminate wrinkles. It is injected into fine lines and frown lines, crow's feet, the forehead and eyebrows, and produces a partial paralysis of the muscles, giving the face a more youthful appearance.\",\"breadcrumb\":{\"@id\":\"https:\/\/www.drfranklinpena.com\/mywp\/en\/procedures\/nonsurgical-treatments\/injectable-dermal-fillers-btx\/#breadcrumb\"},\"inLanguage\":\"es\",\"potentialAction\":[{\"@type\":\"ReadAction\",\"target\":[\"https:\/\/www.drfranklinpena.com\/mywp\/en\/procedures\/nonsurgical-treatments\/injectable-dermal-fillers-btx\/\"]}]},{\"@type\":\"BreadcrumbList\",\"@id\":\"https:\/\/www.drfranklinpena.com\/mywp\/en\/procedures\/nonsurgical-treatments\/injectable-dermal-fillers-btx\/#breadcrumb\",\"itemListElement\":[{\"@type\":\"ListItem\",\"position\":1,\"name\":\"Portada\",\"item\":\"https:\/\/www.drfranklinpena.com\/\"},{\"@type\":\"ListItem\",\"position\":2,\"name\":\"Procedures\",\"item\":\"https:\/\/www.drfranklinpena.com\/mywp\/en\/procedures\/\"},{\"@type\":\"ListItem\",\"position\":3,\"name\":\"Nonsurgical Treatments\",\"item\":\"https:\/\/www.drfranklinpena.com\/mywp\/en\/procedures\/nonsurgical-treatments\/\"},{\"@type\":\"ListItem\",\"position\":4,\"name\":\"Injectable Dermal Fillers (BTX)\"}]},{\"@type\":\"WebSite\",\"@id\":\"https:\/\/www.drfranklinpena.com\/mywp\/#website\",\"url\":\"https:\/\/www.drfranklinpena.com\/mywp\/\",\"name\":\"Dr. Franklin Pe\u00f1a\",\"description\":\"Cirug\u00eda Pl\u00e1stica, Est\u00e9tica y Reconstructiva | Resultados que cambian tu vida\",\"publisher\":{\"@id\":\"https:\/\/www.drfranklinpena.com\/mywp\/#organization\"},\"potentialAction\":[{\"@type\":\"SearchAction\",\"target\":{\"@type\":\"EntryPoint\",\"urlTemplate\":\"https:\/\/www.drfranklinpena.com\/mywp\/?s={search_term_string}\"},\"query-input\":{\"@type\":\"PropertyValueSpecification\",\"valueRequired\":true,\"valueName\":\"search_term_string\"}}],\"inLanguage\":\"es\"},{\"@type\":\"Organization\",\"@id\":\"https:\/\/www.drfranklinpena.com\/mywp\/#organization\",\"name\":\"Dr. Franklin Pe\u00f1a\",\"url\":\"https:\/\/www.drfranklinpena.com\/mywp\/\",\"logo\":{\"@type\":\"ImageObject\",\"inLanguage\":\"es\",\"@id\":\"https:\/\/www.drfranklinpena.com\/mywp\/#\/schema\/logo\/image\/\",\"url\":\"https:\/\/i0.wp.com\/www.drfranklinpena.com\/mywp\/wp-content\/uploads\/2021\/01\/ogimage2021.png?fit=640%2C369&ssl=1\",\"contentUrl\":\"https:\/\/i0.wp.com\/www.drfranklinpena.com\/mywp\/wp-content\/uploads\/2021\/01\/ogimage2021.png?fit=640%2C369&ssl=1\",\"width\":640,\"height\":369,\"caption\":\"Dr. Franklin Pe\u00f1a\"},\"image\":{\"@id\":\"https:\/\/www.drfranklinpena.com\/mywp\/#\/schema\/logo\/image\/\"},\"sameAs\":[\"https:\/\/www.facebook.com\/drfranklinpena\",\"https:\/\/x.com\/Dr_FranklinPena\",\"http:\/\/instagram.com\/drfranklinpena\/\",\"https:\/\/www.linkedin.com\/in\/franklin-pe\u00f1a-9b75a6141\/\",\"http:\/\/www.youtube.com\/user\/drfranklinpena\"]}]}<\/script>\n<!-- \/ Yoast SEO plugin. -->","yoast_head_json":{"title":"Injectable Dermal Fillers (BTX) - Dr. Franklin Pe\u00f1a","description":"Cosmetic procedures to improve the image. Injectable Dermal Fillers (BTX) is the product most used in the world to eliminate wrinkles. It is injected into fine lines and frown lines, crow's feet, the forehead and eyebrows, and produces a partial paralysis of the muscles, giving the face a more youthful appearance.","robots":{"index":"index","follow":"follow","max-snippet":"max-snippet:-1","max-image-preview":"max-image-preview:large","max-video-preview":"max-video-preview:-1"},"canonical":"https:\/\/www.drfranklinpena.com\/mywp\/en\/procedures\/nonsurgical-treatments\/injectable-dermal-fillers-btx\/","og_locale":"es_ES","og_type":"article","og_title":"Injectable Dermal Fillers (BTX) - Dr. Franklin Pe\u00f1a","og_description":"Cosmetic procedures to improve the image. Injectable Dermal Fillers (BTX) is the product most used in the world to eliminate wrinkles. It is injected into fine lines and frown lines, crow's feet, the forehead and eyebrows, and produces a partial paralysis of the muscles, giving the face a more youthful appearance.","og_url":"https:\/\/www.drfranklinpena.com\/mywp\/en\/procedures\/nonsurgical-treatments\/injectable-dermal-fillers-btx\/","og_site_name":"Dr. Franklin Pe\u00f1a","article_publisher":"https:\/\/www.facebook.com\/drfranklinpena","article_modified_time":"2021-04-05T22:05:30+00:00","og_image":[{"width":640,"height":369,"url":"https:\/\/i0.wp.com\/www.drfranklinpena.com\/mywp\/wp-content\/uploads\/2025\/08\/Diseno-sin-titulo-51.jpg?fit=640%2C369&ssl=1","type":"image\/jpeg"}],"twitter_card":"summary_large_image","twitter_site":"@Dr_FranklinPena","twitter_misc":{"Tiempo de lectura":"4 minutos"},"schema":{"@context":"https:\/\/schema.org","@graph":[{"@type":"WebPage","@id":"https:\/\/www.drfranklinpena.com\/mywp\/en\/procedures\/nonsurgical-treatments\/injectable-dermal-fillers-btx\/","url":"https:\/\/www.drfranklinpena.com\/mywp\/en\/procedures\/nonsurgical-treatments\/injectable-dermal-fillers-btx\/","name":"Injectable Dermal Fillers (BTX) - Dr. Franklin Pe\u00f1a","isPartOf":{"@id":"https:\/\/www.drfranklinpena.com\/mywp\/#website"},"datePublished":"2018-03-01T15:43:35+00:00","dateModified":"2021-04-05T22:05:30+00:00","description":"Cosmetic procedures to improve the image. Injectable Dermal Fillers (BTX) is the product most used in the world to eliminate wrinkles. It is injected into fine lines and frown lines, crow's feet, the forehead and eyebrows, and produces a partial paralysis of the muscles, giving the face a more youthful appearance.","breadcrumb":{"@id":"https:\/\/www.drfranklinpena.com\/mywp\/en\/procedures\/nonsurgical-treatments\/injectable-dermal-fillers-btx\/#breadcrumb"},"inLanguage":"es","potentialAction":[{"@type":"ReadAction","target":["https:\/\/www.drfranklinpena.com\/mywp\/en\/procedures\/nonsurgical-treatments\/injectable-dermal-fillers-btx\/"]}]},{"@type":"BreadcrumbList","@id":"https:\/\/www.drfranklinpena.com\/mywp\/en\/procedures\/nonsurgical-treatments\/injectable-dermal-fillers-btx\/#breadcrumb","itemListElement":[{"@type":"ListItem","position":1,"name":"Portada","item":"https:\/\/www.drfranklinpena.com\/"},{"@type":"ListItem","position":2,"name":"Procedures","item":"https:\/\/www.drfranklinpena.com\/mywp\/en\/procedures\/"},{"@type":"ListItem","position":3,"name":"Nonsurgical Treatments","item":"https:\/\/www.drfranklinpena.com\/mywp\/en\/procedures\/nonsurgical-treatments\/"},{"@type":"ListItem","position":4,"name":"Injectable Dermal Fillers (BTX)"}]},{"@type":"WebSite","@id":"https:\/\/www.drfranklinpena.com\/mywp\/#website","url":"https:\/\/www.drfranklinpena.com\/mywp\/","name":"Dr. Franklin Pe\u00f1a","description":"Cirug\u00eda Pl\u00e1stica, Est\u00e9tica y Reconstructiva | Resultados que cambian tu vida","publisher":{"@id":"https:\/\/www.drfranklinpena.com\/mywp\/#organization"},"potentialAction":[{"@type":"SearchAction","target":{"@type":"EntryPoint","urlTemplate":"https:\/\/www.drfranklinpena.com\/mywp\/?s={search_term_string}"},"query-input":{"@type":"PropertyValueSpecification","valueRequired":true,"valueName":"search_term_string"}}],"inLanguage":"es"},{"@type":"Organization","@id":"https:\/\/www.drfranklinpena.com\/mywp\/#organization","name":"Dr. Franklin Pe\u00f1a","url":"https:\/\/www.drfranklinpena.com\/mywp\/","logo":{"@type":"ImageObject","inLanguage":"es","@id":"https:\/\/www.drfranklinpena.com\/mywp\/#\/schema\/logo\/image\/","url":"https:\/\/i0.wp.com\/www.drfranklinpena.com\/mywp\/wp-content\/uploads\/2021\/01\/ogimage2021.png?fit=640%2C369&ssl=1","contentUrl":"https:\/\/i0.wp.com\/www.drfranklinpena.com\/mywp\/wp-content\/uploads\/2021\/01\/ogimage2021.png?fit=640%2C369&ssl=1","width":640,"height":369,"caption":"Dr. Franklin Pe\u00f1a"},"image":{"@id":"https:\/\/www.drfranklinpena.com\/mywp\/#\/schema\/logo\/image\/"},"sameAs":["https:\/\/www.facebook.com\/drfranklinpena","https:\/\/x.com\/Dr_FranklinPena","http:\/\/instagram.com\/drfranklinpena\/","https:\/\/www.linkedin.com\/in\/franklin-pe\u00f1a-9b75a6141\/","http:\/\/www.youtube.com\/user\/drfranklinpena"]}]}},"jetpack_sharing_enabled":true,"_links":{"self":[{"href":"https:\/\/www.drfranklinpena.com\/mywp\/wp-json\/wp\/v2\/pages\/1730","targetHints":{"allow":["GET"]}}],"collection":[{"href":"https:\/\/www.drfranklinpena.com\/mywp\/wp-json\/wp\/v2\/pages"}],"about":[{"href":"https:\/\/www.drfranklinpena.com\/mywp\/wp-json\/wp\/v2\/types\/page"}],"author":[{"embeddable":true,"href":"https:\/\/www.drfranklinpena.com\/mywp\/wp-json\/wp\/v2\/users\/2"}],"replies":[{"embeddable":true,"href":"https:\/\/www.drfranklinpena.com\/mywp\/wp-json\/wp\/v2\/comments?post=1730"}],"version-history":[{"count":3,"href":"https:\/\/www.drfranklinpena.com\/mywp\/wp-json\/wp\/v2\/pages\/1730\/revisions"}],"predecessor-version":[{"id":6270,"href":"https:\/\/www.drfranklinpena.com\/mywp\/wp-json\/wp\/v2\/pages\/1730\/revisions\/6270"}],"up":[{"embeddable":true,"href":"https:\/\/www.drfranklinpena.com\/mywp\/wp-json\/wp\/v2\/pages\/1722"}],"wp:attachment":[{"href":"https:\/\/www.drfranklinpena.com\/mywp\/wp-json\/wp\/v2\/media?parent=1730"}],"curies":[{"name":"wp","href":"https:\/\/api.w.org\/{rel}","templated":true}]}}