{"id":1658,"date":"2018-02-28T10:28:01","date_gmt":"2018-02-28T14:28:01","guid":{"rendered":"http:\/\/www.drfranklinpena.com\/mywp\/?page_id=1658"},"modified":"2021-04-05T17:36:09","modified_gmt":"2021-04-05T21:36:09","slug":"gluteoplasty-buttock-augmentation","status":"publish","type":"page","link":"https:\/\/www.drfranklinpena.com\/mywp\/en\/procedures\/body\/gluteoplasty-buttock-augmentation\/","title":{"rendered":"Gluteoplasty (Buttock Augmentation)"},"content":{"rendered":"<div class=\"wpb-content-wrapper\"><p>[vc_row css=\u00bb.vc_custom_1519054678978{margin-bottom: 0px !important;padding-top: 30px !important;padding-bottom: 30px !important;}\u00bb][vc_column css=\u00bb.vc_custom_1519054634540{margin-bottom: 0px !important;padding-top: 0px !important;padding-bottom: 0px !important;}\u00bb][vc_single_image image=\u00bb1289&#8243; img_size=\u00bblarge\u00bb alignment=\u00bbcenter\u00bb style=\u00bbvc_box_shadow_border\u00bb css_animation=\u00bbfadeInUp\u00bb css=\u00bb.vc_custom_1519076017278{margin-bottom: 0px !important;}\u00bb][vc_row_inner css=\u00bb.vc_custom_1519054687203{margin-bottom: 0px !important;padding-top: 0px !important;padding-bottom: 0px !important;}\u00bb][vc_column_inner css=\u00bb.vc_custom_1519054625769{margin-bottom: 0px !important;padding-top: 0px !important;padding-bottom: 0px !important;}\u00bb][vc_column_text css=\u00bb.vc_custom_1523302726313{margin-bottom: 0px !important;}\u00bb]Certain types of cosmetic defects in the gluteus, like the absence or reduction of the projection, shape, contour and volume are the main indications for gluteoplasty increased by lipoinyecci\u00f3n or by placement of silicone implants in the gluteus.<\/p>\n<p>Today, with the changes in the fashion preferences and society\u2019s esthetic norms, the interest in buttock contouring surgery by patients and plastic surgeons has increased.<\/p>\n<p>The greatest desire of the patients, besides improving the contour and volume of their gluteus is to have safer procedures, which undoubtedly has been enhanced by the refinement of techniques in liposuction, management of fat grafting, as well as by lipoinyecci\u00f3n.<\/p>\n<p>It is critical that patients know that there are only two methods of buttock augmentation: lipoinjection which is the fat grafting of the same patient. And the increase in the gluteus by silicone implants. Any other substance, method or mechanism has not resulted in being safe and there are no studies showing satisfactory results.<\/p>\n<p>The fat is obtained by liposuction of fat deposits from different regions, such as the abdomen or the back, achieving a flat stomach by liposuction and then use that same fat to embellish the gluteus. Of course, in very thin patients without fat deposits of adequate volume, the lipoinyecci\u00f3n technique is not recommended, rather the buttock implants.[\/vc_column_text][\/vc_column_inner][\/vc_row_inner][\/vc_column][\/vc_row][vc_row css=\u00bb.vc_custom_1617654656123{margin-right: 15px !important;margin-bottom: 0px !important;padding-top: 40px !important;padding-bottom: 40px !important;background: #07397e url(https:\/\/www.drfranklinpena.com\/mywp\/wp-content\/uploads\/2021\/04\/banner-bg6.jpg?id=6176) !important;background-position: center !important;background-repeat: no-repeat !important;background-size: cover !important;}\u00bb][vc_column css=\u00bb.vc_custom_1518646975951{margin-bottom: 0px !important;padding-top: 0px !important;padding-bottom: 0px !important;}\u00bb][vc_row_inner equal_height=\u00bbyes\u00bb content_placement=\u00bbmiddle\u00bb css=\u00bb.vc_custom_1519134969446{margin-bottom: 0px !important;padding-top: 0px !important;padding-right: 3% !important;padding-bottom: 0px !important;padding-left: 3% !important;}\u00bb][vc_column_inner css=\u00bb.vc_custom_1550261994491{margin-bottom: 0px !important;padding-top: 0px !important;padding-bottom: 0px !important;}\u00bb offset=\u00bbvc_col-lg-7 vc_col-md-7 vc_col-xs-12&#8243;][vc_custom_heading text=\u00bbREADY TO PLAN YOUR SURGERY?\u00bb font_container=\u00bbtag:h1|font_size:1.5rem|text_align:center|color:%23ffffff|line_height:1.2em\u00bb use_theme_fonts=\u00bbyes\u00bb css_animation=\u00bbfadeInLeft\u00bb css=\u00bb.vc_custom_1550257770023{margin-top: 10px !important;margin-bottom: 10px !important;padding-top: 0px !important;padding-bottom: 0px !important;}\u00bb][\/vc_column_inner][vc_column_inner css=\u00bb.vc_custom_1550262009091{margin-bottom: 0px !important;padding-top: 0px !important;padding-bottom: 0px !important;}\u00bb offset=\u00bbvc_col-lg-3 vc_col-md-3 vc_col-xs-12&#8243;][vc_btn title=\u00bbGET A QUOTE\u00bb style=\u00bbcustom\u00bb custom_background=\u00bb#e80e97&#8243; custom_text=\u00bb#ffffff\u00bb shape=\u00bbsquare\u00bb align=\u00bbcenter\u00bb css_animation=\u00bbfadeInRight\u00bb link=\u00bburl:http%3A%2F%2Fwww.drfranklinpena.com%2Fen%2Fconsult%2F|||\u00bb el_class=\u00bbfrontcta\u00bb css=\u00bb.vc_custom_1617654975427{margin-top: 0px !important;margin-bottom: 0px !important;}\u00bb][\/vc_column_inner][\/vc_row_inner][\/vc_column][\/vc_row][vc_row][vc_column][vc_row_inner][vc_column_inner][vc_column_text]<strong>What is the medical term for butt augmentation in?<\/strong><br \/>\nGluteoplasty, is the term used to refer to cosmetic procedures in the gluteus.<\/p>\n<p><strong>Who is a candidate for such an increase?<\/strong><br \/>\nAlmost anyone of legal age. What is important are the expectations of each patient, since the results are not the same in everyone. Some people bring a picture from a magazine of how they would like them, which not always can be reproduced, since each body has its own characteristics. What we do is ensure our patients that we will do everything necessary within the safety protocols for their gluteus to be as beautiful possible.<\/p>\n<p><strong>Until what age is an increase the gluteoplasty possible?<\/strong><br \/>\nThere is no specific age, but after 60 years the results are not the same as the in the 20, 30, 40 and even 50. After 60, the tissues are very flaccid and maybe not worth doing.<\/p>\n<p><strong>What safe methods exist for this intervention?<\/strong><br \/>\nThe main and only safe techniques are twofold. The gluteoplasty by lipoinyecci\u00f3n, which is a transfer of the same fat (adipose tissue) of the patient, and gluteus implants of cohesive silicone gel for those without adiposity (fatness or \u00abchichos\u00bb). No other method is safe, and serious complications can occur with the injection of substances or products other than the foregoing options.<\/p>\n<p><strong>Does lipoinyecci\u00f3n apply to everyone?<\/strong><br \/>\nFat grafting is applicable to almost everyone, but there are specific indications and is possible that in patients with excessive flaccid skin of the gluteus the best result is not obtained. As an expert, I always take into account the expectations of the patient and explain to the patient what can be obtained in their specific case. While we achieved remarkable results, plastic surgery is not magic.<\/p>\n<p><strong>How long is the procedure?<\/strong><br \/>\nThe procedure by lipoinyecci\u00f3n includes liposculpture and obtaining fat for modeling of the upper, lower and lateral zone of the gluteus. Regularly lasts from one to two hours.<\/p>\n<p>The recovery process, like most cosmetic procedures, takes 10 to 15 days. After this period, patients can carry out their routine activities, delaying for after one month practicing exercises, the beach or sun taking.<\/p>\n<p><strong>What is called latrogenic allogenosis?<\/strong><br \/>\nIt\u2019s a new disease that arises from the introduction to the body of foreign substances. In addition to products for the gluteus, elsewhere, as on the face, botox may be used.<\/p>\n<p><strong>Is the buttock augmentation final?<\/strong><br \/>\nUsually it remains in time, when it is a lipoinyecci\u00f3n, if the patient increases or loses weight after the procedure; likewise, the size of the gluteus can increase or decrease in size. When it\u2019s a silicone implant, it remains regardless of the weight.<\/p>\n<p><strong>Do men also have a choice?<\/strong><br \/>\nOf course, the same. More and more men come to improve their physique &#8230; including that part.<\/p>\n<p>Most importantly, is your safety: that\u2019s why in all plastic surgery we indicate at least ten laboratory tests including an electrocardiogram, thorax radiography, pre-anesthetic evaluation, cardiovascular and respiratory evaluation. It is also recommended to go to a specialist accredited by the relevant institutions which in our country are the Sociedad Dominicana de Cirug\u00eda Pl\u00e1stica, the Colegio Dominicano de Cirujanos and the Colegio M\u00e9dico Dominicano.[\/vc_column_text][vc_video link=\u00bbhttps:\/\/www.youtube.com\/watch?v=30SzES8Qu6I\u00bb align=\u00bbcenter\u00bb css_animation=\u00bbfadeIn\u00bb][\/vc_column_inner][\/vc_row_inner][\/vc_column][\/vc_row]<\/p>\n<\/div>","protected":false},"excerpt":{"rendered":"<p><span class=\"excerpt-hellip\"> [\u2026]<\/span><\/p>\n","protected":false},"author":2,"featured_media":0,"parent":1646,"menu_order":0,"comment_status":"closed","ping_status":"closed","template":"","meta":{"content-type":"","footnotes":""},"class_list":["post-1658","page","type-page","status-publish","hentry"],"yoast_head":"<!-- This site is optimized with the Yoast SEO plugin v27.2 - https:\/\/yoast.com\/product\/yoast-seo-wordpress\/ -->\n<title>Gluteoplasty (Buttock Augmentation) - Dr. Franklin Pe\u00f1a<\/title>\n<meta name=\"description\" content=\"Gluteoplasty, is the term used to refer to cosmetic procedures in the gluteus.\" \/>\n<meta name=\"robots\" content=\"index, follow, max-snippet:-1, max-image-preview:large, max-video-preview:-1\" \/>\n<link rel=\"canonical\" href=\"https:\/\/www.drfranklinpena.com\/mywp\/en\/procedures\/body\/gluteoplasty-buttock-augmentation\/\" \/>\n<meta property=\"og:locale\" content=\"es_ES\" \/>\n<meta property=\"og:type\" content=\"article\" \/>\n<meta property=\"og:title\" content=\"Gluteoplasty (Buttock Augmentation) - Dr. Franklin Pe\u00f1a\" \/>\n<meta property=\"og:description\" content=\"Gluteoplasty, is the term used to refer to cosmetic procedures in the gluteus.\" \/>\n<meta property=\"og:url\" content=\"https:\/\/www.drfranklinpena.com\/mywp\/en\/procedures\/body\/gluteoplasty-buttock-augmentation\/\" \/>\n<meta property=\"og:site_name\" content=\"Dr. Franklin Pe\u00f1a\" \/>\n<meta property=\"article:publisher\" content=\"https:\/\/www.facebook.com\/drfranklinpena\" \/>\n<meta property=\"article:modified_time\" content=\"2021-04-05T21:36:09+00:00\" \/>\n<meta property=\"og:image\" content=\"https:\/\/i0.wp.com\/www.drfranklinpena.com\/mywp\/wp-content\/uploads\/2025\/08\/Diseno-sin-titulo-51.jpg?fit=640%2C369&ssl=1\" \/>\n\t<meta property=\"og:image:width\" content=\"640\" \/>\n\t<meta property=\"og:image:height\" content=\"369\" \/>\n\t<meta property=\"og:image:type\" content=\"image\/jpeg\" \/>\n<meta name=\"twitter:card\" content=\"summary_large_image\" \/>\n<meta name=\"twitter:site\" content=\"@Dr_FranklinPena\" \/>\n<meta name=\"twitter:label1\" content=\"Tiempo de lectura\" \/>\n\t<meta name=\"twitter:data1\" content=\"4 minutos\" \/>\n<script type=\"application\/ld+json\" class=\"yoast-schema-graph\">{\"@context\":\"https:\/\/schema.org\",\"@graph\":[{\"@type\":\"WebPage\",\"@id\":\"https:\/\/www.drfranklinpena.com\/mywp\/en\/procedures\/body\/gluteoplasty-buttock-augmentation\/\",\"url\":\"https:\/\/www.drfranklinpena.com\/mywp\/en\/procedures\/body\/gluteoplasty-buttock-augmentation\/\",\"name\":\"Gluteoplasty (Buttock Augmentation) - Dr. Franklin Pe\u00f1a\",\"isPartOf\":{\"@id\":\"https:\/\/www.drfranklinpena.com\/mywp\/#website\"},\"datePublished\":\"2018-02-28T14:28:01+00:00\",\"dateModified\":\"2021-04-05T21:36:09+00:00\",\"description\":\"Gluteoplasty, is the term used to refer to cosmetic procedures in the gluteus.\",\"breadcrumb\":{\"@id\":\"https:\/\/www.drfranklinpena.com\/mywp\/en\/procedures\/body\/gluteoplasty-buttock-augmentation\/#breadcrumb\"},\"inLanguage\":\"es\",\"potentialAction\":[{\"@type\":\"ReadAction\",\"target\":[\"https:\/\/www.drfranklinpena.com\/mywp\/en\/procedures\/body\/gluteoplasty-buttock-augmentation\/\"]}]},{\"@type\":\"BreadcrumbList\",\"@id\":\"https:\/\/www.drfranklinpena.com\/mywp\/en\/procedures\/body\/gluteoplasty-buttock-augmentation\/#breadcrumb\",\"itemListElement\":[{\"@type\":\"ListItem\",\"position\":1,\"name\":\"Portada\",\"item\":\"https:\/\/www.drfranklinpena.com\/\"},{\"@type\":\"ListItem\",\"position\":2,\"name\":\"Procedures\",\"item\":\"https:\/\/www.drfranklinpena.com\/mywp\/en\/procedures\/\"},{\"@type\":\"ListItem\",\"position\":3,\"name\":\"Body\",\"item\":\"https:\/\/www.drfranklinpena.com\/mywp\/en\/procedures\/body\/\"},{\"@type\":\"ListItem\",\"position\":4,\"name\":\"Gluteoplasty (Buttock Augmentation)\"}]},{\"@type\":\"WebSite\",\"@id\":\"https:\/\/www.drfranklinpena.com\/mywp\/#website\",\"url\":\"https:\/\/www.drfranklinpena.com\/mywp\/\",\"name\":\"Dr. Franklin Pe\u00f1a\",\"description\":\"Cirug\u00eda Pl\u00e1stica, Est\u00e9tica y Reconstructiva | Resultados que cambian tu vida\",\"publisher\":{\"@id\":\"https:\/\/www.drfranklinpena.com\/mywp\/#organization\"},\"potentialAction\":[{\"@type\":\"SearchAction\",\"target\":{\"@type\":\"EntryPoint\",\"urlTemplate\":\"https:\/\/www.drfranklinpena.com\/mywp\/?s={search_term_string}\"},\"query-input\":{\"@type\":\"PropertyValueSpecification\",\"valueRequired\":true,\"valueName\":\"search_term_string\"}}],\"inLanguage\":\"es\"},{\"@type\":\"Organization\",\"@id\":\"https:\/\/www.drfranklinpena.com\/mywp\/#organization\",\"name\":\"Dr. Franklin Pe\u00f1a\",\"url\":\"https:\/\/www.drfranklinpena.com\/mywp\/\",\"logo\":{\"@type\":\"ImageObject\",\"inLanguage\":\"es\",\"@id\":\"https:\/\/www.drfranklinpena.com\/mywp\/#\/schema\/logo\/image\/\",\"url\":\"https:\/\/i0.wp.com\/www.drfranklinpena.com\/mywp\/wp-content\/uploads\/2021\/01\/ogimage2021.png?fit=640%2C369&ssl=1\",\"contentUrl\":\"https:\/\/i0.wp.com\/www.drfranklinpena.com\/mywp\/wp-content\/uploads\/2021\/01\/ogimage2021.png?fit=640%2C369&ssl=1\",\"width\":640,\"height\":369,\"caption\":\"Dr. Franklin Pe\u00f1a\"},\"image\":{\"@id\":\"https:\/\/www.drfranklinpena.com\/mywp\/#\/schema\/logo\/image\/\"},\"sameAs\":[\"https:\/\/www.facebook.com\/drfranklinpena\",\"https:\/\/x.com\/Dr_FranklinPena\",\"http:\/\/instagram.com\/drfranklinpena\/\",\"https:\/\/www.linkedin.com\/in\/franklin-pe\u00f1a-9b75a6141\/\",\"http:\/\/www.youtube.com\/user\/drfranklinpena\"]}]}<\/script>\n<!-- \/ Yoast SEO plugin. -->","yoast_head_json":{"title":"Gluteoplasty (Buttock Augmentation) - Dr. Franklin Pe\u00f1a","description":"Gluteoplasty, is the term used to refer to cosmetic procedures in the gluteus.","robots":{"index":"index","follow":"follow","max-snippet":"max-snippet:-1","max-image-preview":"max-image-preview:large","max-video-preview":"max-video-preview:-1"},"canonical":"https:\/\/www.drfranklinpena.com\/mywp\/en\/procedures\/body\/gluteoplasty-buttock-augmentation\/","og_locale":"es_ES","og_type":"article","og_title":"Gluteoplasty (Buttock Augmentation) - Dr. Franklin Pe\u00f1a","og_description":"Gluteoplasty, is the term used to refer to cosmetic procedures in the gluteus.","og_url":"https:\/\/www.drfranklinpena.com\/mywp\/en\/procedures\/body\/gluteoplasty-buttock-augmentation\/","og_site_name":"Dr. Franklin Pe\u00f1a","article_publisher":"https:\/\/www.facebook.com\/drfranklinpena","article_modified_time":"2021-04-05T21:36:09+00:00","og_image":[{"width":640,"height":369,"url":"https:\/\/i0.wp.com\/www.drfranklinpena.com\/mywp\/wp-content\/uploads\/2025\/08\/Diseno-sin-titulo-51.jpg?fit=640%2C369&ssl=1","type":"image\/jpeg"}],"twitter_card":"summary_large_image","twitter_site":"@Dr_FranklinPena","twitter_misc":{"Tiempo de lectura":"4 minutos"},"schema":{"@context":"https:\/\/schema.org","@graph":[{"@type":"WebPage","@id":"https:\/\/www.drfranklinpena.com\/mywp\/en\/procedures\/body\/gluteoplasty-buttock-augmentation\/","url":"https:\/\/www.drfranklinpena.com\/mywp\/en\/procedures\/body\/gluteoplasty-buttock-augmentation\/","name":"Gluteoplasty (Buttock Augmentation) - Dr. Franklin Pe\u00f1a","isPartOf":{"@id":"https:\/\/www.drfranklinpena.com\/mywp\/#website"},"datePublished":"2018-02-28T14:28:01+00:00","dateModified":"2021-04-05T21:36:09+00:00","description":"Gluteoplasty, is the term used to refer to cosmetic procedures in the gluteus.","breadcrumb":{"@id":"https:\/\/www.drfranklinpena.com\/mywp\/en\/procedures\/body\/gluteoplasty-buttock-augmentation\/#breadcrumb"},"inLanguage":"es","potentialAction":[{"@type":"ReadAction","target":["https:\/\/www.drfranklinpena.com\/mywp\/en\/procedures\/body\/gluteoplasty-buttock-augmentation\/"]}]},{"@type":"BreadcrumbList","@id":"https:\/\/www.drfranklinpena.com\/mywp\/en\/procedures\/body\/gluteoplasty-buttock-augmentation\/#breadcrumb","itemListElement":[{"@type":"ListItem","position":1,"name":"Portada","item":"https:\/\/www.drfranklinpena.com\/"},{"@type":"ListItem","position":2,"name":"Procedures","item":"https:\/\/www.drfranklinpena.com\/mywp\/en\/procedures\/"},{"@type":"ListItem","position":3,"name":"Body","item":"https:\/\/www.drfranklinpena.com\/mywp\/en\/procedures\/body\/"},{"@type":"ListItem","position":4,"name":"Gluteoplasty (Buttock Augmentation)"}]},{"@type":"WebSite","@id":"https:\/\/www.drfranklinpena.com\/mywp\/#website","url":"https:\/\/www.drfranklinpena.com\/mywp\/","name":"Dr. Franklin Pe\u00f1a","description":"Cirug\u00eda Pl\u00e1stica, Est\u00e9tica y Reconstructiva | Resultados que cambian tu vida","publisher":{"@id":"https:\/\/www.drfranklinpena.com\/mywp\/#organization"},"potentialAction":[{"@type":"SearchAction","target":{"@type":"EntryPoint","urlTemplate":"https:\/\/www.drfranklinpena.com\/mywp\/?s={search_term_string}"},"query-input":{"@type":"PropertyValueSpecification","valueRequired":true,"valueName":"search_term_string"}}],"inLanguage":"es"},{"@type":"Organization","@id":"https:\/\/www.drfranklinpena.com\/mywp\/#organization","name":"Dr. Franklin Pe\u00f1a","url":"https:\/\/www.drfranklinpena.com\/mywp\/","logo":{"@type":"ImageObject","inLanguage":"es","@id":"https:\/\/www.drfranklinpena.com\/mywp\/#\/schema\/logo\/image\/","url":"https:\/\/i0.wp.com\/www.drfranklinpena.com\/mywp\/wp-content\/uploads\/2021\/01\/ogimage2021.png?fit=640%2C369&ssl=1","contentUrl":"https:\/\/i0.wp.com\/www.drfranklinpena.com\/mywp\/wp-content\/uploads\/2021\/01\/ogimage2021.png?fit=640%2C369&ssl=1","width":640,"height":369,"caption":"Dr. Franklin Pe\u00f1a"},"image":{"@id":"https:\/\/www.drfranklinpena.com\/mywp\/#\/schema\/logo\/image\/"},"sameAs":["https:\/\/www.facebook.com\/drfranklinpena","https:\/\/x.com\/Dr_FranklinPena","http:\/\/instagram.com\/drfranklinpena\/","https:\/\/www.linkedin.com\/in\/franklin-pe\u00f1a-9b75a6141\/","http:\/\/www.youtube.com\/user\/drfranklinpena"]}]}},"jetpack_sharing_enabled":true,"_links":{"self":[{"href":"https:\/\/www.drfranklinpena.com\/mywp\/wp-json\/wp\/v2\/pages\/1658","targetHints":{"allow":["GET"]}}],"collection":[{"href":"https:\/\/www.drfranklinpena.com\/mywp\/wp-json\/wp\/v2\/pages"}],"about":[{"href":"https:\/\/www.drfranklinpena.com\/mywp\/wp-json\/wp\/v2\/types\/page"}],"author":[{"embeddable":true,"href":"https:\/\/www.drfranklinpena.com\/mywp\/wp-json\/wp\/v2\/users\/2"}],"replies":[{"embeddable":true,"href":"https:\/\/www.drfranklinpena.com\/mywp\/wp-json\/wp\/v2\/comments?post=1658"}],"version-history":[{"count":4,"href":"https:\/\/www.drfranklinpena.com\/mywp\/wp-json\/wp\/v2\/pages\/1658\/revisions"}],"predecessor-version":[{"id":6225,"href":"https:\/\/www.drfranklinpena.com\/mywp\/wp-json\/wp\/v2\/pages\/1658\/revisions\/6225"}],"up":[{"embeddable":true,"href":"https:\/\/www.drfranklinpena.com\/mywp\/wp-json\/wp\/v2\/pages\/1646"}],"wp:attachment":[{"href":"https:\/\/www.drfranklinpena.com\/mywp\/wp-json\/wp\/v2\/media?parent=1658"}],"curies":[{"name":"wp","href":"https:\/\/api.w.org\/{rel}","templated":true}]}}