{"id":1624,"date":"2018-02-26T17:33:00","date_gmt":"2018-02-26T21:33:00","guid":{"rendered":"http:\/\/www.drfranklinpena.com\/mywp\/?page_id=1624"},"modified":"2021-04-05T16:56:18","modified_gmt":"2021-04-05T20:56:18","slug":"profileoplasty","status":"publish","type":"page","link":"https:\/\/www.drfranklinpena.com\/mywp\/en\/procedures\/face\/profileoplasty\/","title":{"rendered":"Profileoplasty"},"content":{"rendered":"<div class=\"wpb-content-wrapper\"><p>[vc_row css=\u00bb.vc_custom_1519054678978{margin-bottom: 0px !important;padding-top: 30px !important;padding-bottom: 30px !important;}\u00bb][vc_column css=\u00bb.vc_custom_1519054634540{margin-bottom: 0px !important;padding-top: 0px !important;padding-bottom: 0px !important;}\u00bb][vc_single_image image=\u00bb1232&#8243; img_size=\u00bblarge\u00bb alignment=\u00bbcenter\u00bb style=\u00bbvc_box_shadow_border\u00bb css_animation=\u00bbfadeInUp\u00bb css=\u00bb.vc_custom_1519066573337{margin-bottom: 0px !important;}\u00bb][vc_row_inner css=\u00bb.vc_custom_1519054687203{margin-bottom: 0px !important;padding-top: 0px !important;padding-bottom: 0px !important;}\u00bb][vc_column_inner css=\u00bb.vc_custom_1519054625769{margin-bottom: 0px !important;padding-top: 0px !important;padding-bottom: 0px !important;}\u00bb][vc_column_text css=\u00bb.vc_custom_1519680730266{margin-bottom: 0px !important;}\u00bb]<strong> Duration: <\/strong> 1.30 hours<br \/>\n<strong> Recovery: <\/strong> 10 days<br \/>\n<strong> Travel: <\/strong> 10 days<\/p>\n<p>The Profileoplasty provides great harmony to the face. In the rhinoplasty not only the changes which will be made \u200b\u200bin the nasal structure should be considered, but also the face as a whole. Elements such as the chin, cheeks, and forehead are those which form the profile of each.<\/p>\n<p>Whenever a patient requests a rhinoplasty, we perform an aesthetic analysis of his face and along with the patient, in front of the mirror define the operative plan.<\/p>\n<p>Being the center of the face, the nose undoubtedly predominates over the other elements. The rhinoplasty seeks to modify the nose in different areas, the back, the tip, the wings, the columella, etc. Our favorite technique in closed rhinoplasty; which leaves no scars and through the nostrils the necessary modifications are made.[\/vc_column_text][\/vc_column_inner][\/vc_row_inner][\/vc_column][\/vc_row][vc_row css=\u00bb.vc_custom_1617654656123{margin-right: 15px !important;margin-bottom: 0px !important;padding-top: 40px !important;padding-bottom: 40px !important;background: #07397e url(https:\/\/www.drfranklinpena.com\/mywp\/wp-content\/uploads\/2021\/04\/banner-bg6.jpg?id=6176) !important;background-position: center !important;background-repeat: no-repeat !important;background-size: cover !important;}\u00bb][vc_column css=\u00bb.vc_custom_1518646975951{margin-bottom: 0px !important;padding-top: 0px !important;padding-bottom: 0px !important;}\u00bb][vc_row_inner equal_height=\u00bbyes\u00bb content_placement=\u00bbmiddle\u00bb css=\u00bb.vc_custom_1519134969446{margin-bottom: 0px !important;padding-top: 0px !important;padding-right: 3% !important;padding-bottom: 0px !important;padding-left: 3% !important;}\u00bb][vc_column_inner css=\u00bb.vc_custom_1550261994491{margin-bottom: 0px !important;padding-top: 0px !important;padding-bottom: 0px !important;}\u00bb offset=\u00bbvc_col-lg-7 vc_col-md-7 vc_col-xs-12&#8243;][vc_custom_heading text=\u00bbREADY TO PLAN YOUR SURGERY?\u00bb font_container=\u00bbtag:h1|font_size:1.5rem|text_align:center|color:%23ffffff|line_height:1.2em\u00bb use_theme_fonts=\u00bbyes\u00bb css_animation=\u00bbfadeInLeft\u00bb css=\u00bb.vc_custom_1550257770023{margin-top: 10px !important;margin-bottom: 10px !important;padding-top: 0px !important;padding-bottom: 0px !important;}\u00bb][\/vc_column_inner][vc_column_inner css=\u00bb.vc_custom_1550262009091{margin-bottom: 0px !important;padding-top: 0px !important;padding-bottom: 0px !important;}\u00bb offset=\u00bbvc_col-lg-3 vc_col-md-3 vc_col-xs-12&#8243;][vc_btn title=\u00bbGET A QUOTE\u00bb style=\u00bbcustom\u00bb custom_background=\u00bb#e80e97&#8243; custom_text=\u00bb#ffffff\u00bb shape=\u00bbsquare\u00bb align=\u00bbcenter\u00bb css_animation=\u00bbfadeInRight\u00bb link=\u00bburl:http%3A%2F%2Fwww.drfranklinpena.com%2Fen%2Fconsult%2F|||\u00bb el_class=\u00bbfrontcta\u00bb css=\u00bb.vc_custom_1617654975427{margin-top: 0px !important;margin-bottom: 0px !important;}\u00bb][\/vc_column_inner][\/vc_row_inner][\/vc_column][\/vc_row][vc_row][vc_column][vc_row_inner][vc_column_inner][vc_column_text]The expectations are the most important in the nose surgery. Patients who come with the idea that, figuratively, we can remove their nose and place a new one; definitely are not candidates for this type of surgery.<\/p>\n<p>There are cases where a psychological treatment might me more convenient. Now, those who have realistic expectations of what the plastic surgery, as an advanced science can offer, are the best candidates.<\/p>\n<p>In the first perfiloplasty, we first operate the nose, then the chin. As a whole the lower third of the face is aesthetically defined by the rhinoplasty and the chin augmentation.<\/p>\n<p>With local anesthesia and sedation we can perform the perfiloplasty; it usually lasts one hour and 30 minutes. Where a lipo of the double chin, or to soften the features of the forehead are required. Even maybe to increase or cheekbone or malar area 20 to 30 more minutes are required.<\/p>\n<p>The chin deficiency which a patient may have can be improved with a chin prosthesis. There are cases on which the jaw is very small, which we call micrognathia, or which is unduly prominent; in these cases a simple increase or decrease is not required, rather an orthognathic surgery; which is performed along with the maxillofacial surgery and previous orthodontic treatment.<\/p>\n<p>A common procedure in the Perfiloplasty is the Bichectomy or removal of the bichat bags. These are round shaped adiposities which found deep in the cheeks and are orally extracted. We do it with a small incision of 6 mm at the second upper molar level, producing a beautiful contour with the cheeks. This procedure alone takes 10 minutes, it\u2019s performed under local anesthesia and on an outpatient basis. The individual recovery of the bichectomy is of 5 days.<\/p>\n<p>As with any esthetic surgery the perfiloplasty is recommended from the age of 18 and the age limit will depend on the health conditions of each patient. In the cases of children with a small jaw from micrognathy or congenital deficiency, the treatment can begin in childhood.[\/vc_column_text][vc_video link=\u00bbhttps:\/\/www.youtube.com\/watch?v=FIpdshpxzFA\u00bb align=\u00bbcenter\u00bb css_animation=\u00bbfadeIn\u00bb][\/vc_column_inner][\/vc_row_inner][\/vc_column][\/vc_row]<\/p>\n<\/div>","protected":false},"excerpt":{"rendered":"<p><span class=\"excerpt-hellip\"> [\u2026]<\/span><\/p>\n","protected":false},"author":2,"featured_media":0,"parent":1628,"menu_order":0,"comment_status":"closed","ping_status":"closed","template":"","meta":{"content-type":"","footnotes":""},"class_list":["post-1624","page","type-page","status-publish","hentry"],"yoast_head":"<!-- This site is optimized with the Yoast SEO plugin v27.2 - https:\/\/yoast.com\/product\/yoast-seo-wordpress\/ -->\n<title>Profileoplasty - Dr. Franklin Pe\u00f1a<\/title>\n<meta name=\"description\" content=\"The Profileoplasty provides great harmony to the face. In the rhinoplasty not only the changes which will be made \u200b\u200bin the nasal structure should be considered, but also the face as a whole. Elements such as the chin, cheeks, and forehead are those which form the profile of each.\" \/>\n<meta name=\"robots\" content=\"index, follow, max-snippet:-1, max-image-preview:large, max-video-preview:-1\" \/>\n<link rel=\"canonical\" href=\"https:\/\/www.drfranklinpena.com\/mywp\/en\/procedures\/face\/profileoplasty\/\" \/>\n<meta property=\"og:locale\" content=\"es_ES\" \/>\n<meta property=\"og:type\" content=\"article\" \/>\n<meta property=\"og:title\" content=\"Profileoplasty - Dr. Franklin Pe\u00f1a\" \/>\n<meta property=\"og:description\" content=\"The Profileoplasty provides great harmony to the face. In the rhinoplasty not only the changes which will be made \u200b\u200bin the nasal structure should be considered, but also the face as a whole. Elements such as the chin, cheeks, and forehead are those which form the profile of each.\" \/>\n<meta property=\"og:url\" content=\"https:\/\/www.drfranklinpena.com\/mywp\/en\/procedures\/face\/profileoplasty\/\" \/>\n<meta property=\"og:site_name\" content=\"Dr. Franklin Pe\u00f1a\" \/>\n<meta property=\"article:publisher\" content=\"https:\/\/www.facebook.com\/drfranklinpena\" \/>\n<meta property=\"article:modified_time\" content=\"2021-04-05T20:56:18+00:00\" \/>\n<meta property=\"og:image\" content=\"https:\/\/i0.wp.com\/www.drfranklinpena.com\/mywp\/wp-content\/uploads\/2025\/08\/Diseno-sin-titulo-51.jpg?fit=640%2C369&ssl=1\" \/>\n\t<meta property=\"og:image:width\" content=\"640\" \/>\n\t<meta property=\"og:image:height\" content=\"369\" \/>\n\t<meta property=\"og:image:type\" content=\"image\/jpeg\" \/>\n<meta name=\"twitter:card\" content=\"summary_large_image\" \/>\n<meta name=\"twitter:site\" content=\"@Dr_FranklinPena\" \/>\n<meta name=\"twitter:label1\" content=\"Tiempo de lectura\" \/>\n\t<meta name=\"twitter:data1\" content=\"3 minutos\" \/>\n<script type=\"application\/ld+json\" class=\"yoast-schema-graph\">{\"@context\":\"https:\/\/schema.org\",\"@graph\":[{\"@type\":\"WebPage\",\"@id\":\"https:\/\/www.drfranklinpena.com\/mywp\/en\/procedures\/face\/profileoplasty\/\",\"url\":\"https:\/\/www.drfranklinpena.com\/mywp\/en\/procedures\/face\/profileoplasty\/\",\"name\":\"Profileoplasty - Dr. Franklin Pe\u00f1a\",\"isPartOf\":{\"@id\":\"https:\/\/www.drfranklinpena.com\/mywp\/#website\"},\"datePublished\":\"2018-02-26T21:33:00+00:00\",\"dateModified\":\"2021-04-05T20:56:18+00:00\",\"description\":\"The Profileoplasty provides great harmony to the face. In the rhinoplasty not only the changes which will be made \u200b\u200bin the nasal structure should be considered, but also the face as a whole. Elements such as the chin, cheeks, and forehead are those which form the profile of each.\",\"breadcrumb\":{\"@id\":\"https:\/\/www.drfranklinpena.com\/mywp\/en\/procedures\/face\/profileoplasty\/#breadcrumb\"},\"inLanguage\":\"es\",\"potentialAction\":[{\"@type\":\"ReadAction\",\"target\":[\"https:\/\/www.drfranklinpena.com\/mywp\/en\/procedures\/face\/profileoplasty\/\"]}]},{\"@type\":\"BreadcrumbList\",\"@id\":\"https:\/\/www.drfranklinpena.com\/mywp\/en\/procedures\/face\/profileoplasty\/#breadcrumb\",\"itemListElement\":[{\"@type\":\"ListItem\",\"position\":1,\"name\":\"Portada\",\"item\":\"https:\/\/www.drfranklinpena.com\/\"},{\"@type\":\"ListItem\",\"position\":2,\"name\":\"Procedures\",\"item\":\"https:\/\/www.drfranklinpena.com\/mywp\/en\/procedures\/\"},{\"@type\":\"ListItem\",\"position\":3,\"name\":\"Face\",\"item\":\"https:\/\/www.drfranklinpena.com\/mywp\/en\/procedures\/face\/\"},{\"@type\":\"ListItem\",\"position\":4,\"name\":\"Profileoplasty\"}]},{\"@type\":\"WebSite\",\"@id\":\"https:\/\/www.drfranklinpena.com\/mywp\/#website\",\"url\":\"https:\/\/www.drfranklinpena.com\/mywp\/\",\"name\":\"Dr. Franklin Pe\u00f1a\",\"description\":\"Cirug\u00eda Pl\u00e1stica, Est\u00e9tica y Reconstructiva | Resultados que cambian tu vida\",\"publisher\":{\"@id\":\"https:\/\/www.drfranklinpena.com\/mywp\/#organization\"},\"potentialAction\":[{\"@type\":\"SearchAction\",\"target\":{\"@type\":\"EntryPoint\",\"urlTemplate\":\"https:\/\/www.drfranklinpena.com\/mywp\/?s={search_term_string}\"},\"query-input\":{\"@type\":\"PropertyValueSpecification\",\"valueRequired\":true,\"valueName\":\"search_term_string\"}}],\"inLanguage\":\"es\"},{\"@type\":\"Organization\",\"@id\":\"https:\/\/www.drfranklinpena.com\/mywp\/#organization\",\"name\":\"Dr. Franklin Pe\u00f1a\",\"url\":\"https:\/\/www.drfranklinpena.com\/mywp\/\",\"logo\":{\"@type\":\"ImageObject\",\"inLanguage\":\"es\",\"@id\":\"https:\/\/www.drfranklinpena.com\/mywp\/#\/schema\/logo\/image\/\",\"url\":\"https:\/\/i0.wp.com\/www.drfranklinpena.com\/mywp\/wp-content\/uploads\/2021\/01\/ogimage2021.png?fit=640%2C369&ssl=1\",\"contentUrl\":\"https:\/\/i0.wp.com\/www.drfranklinpena.com\/mywp\/wp-content\/uploads\/2021\/01\/ogimage2021.png?fit=640%2C369&ssl=1\",\"width\":640,\"height\":369,\"caption\":\"Dr. Franklin Pe\u00f1a\"},\"image\":{\"@id\":\"https:\/\/www.drfranklinpena.com\/mywp\/#\/schema\/logo\/image\/\"},\"sameAs\":[\"https:\/\/www.facebook.com\/drfranklinpena\",\"https:\/\/x.com\/Dr_FranklinPena\",\"http:\/\/instagram.com\/drfranklinpena\/\",\"https:\/\/www.linkedin.com\/in\/franklin-pe\u00f1a-9b75a6141\/\",\"http:\/\/www.youtube.com\/user\/drfranklinpena\"]}]}<\/script>\n<!-- \/ Yoast SEO plugin. -->","yoast_head_json":{"title":"Profileoplasty - Dr. Franklin Pe\u00f1a","description":"The Profileoplasty provides great harmony to the face. In the rhinoplasty not only the changes which will be made \u200b\u200bin the nasal structure should be considered, but also the face as a whole. Elements such as the chin, cheeks, and forehead are those which form the profile of each.","robots":{"index":"index","follow":"follow","max-snippet":"max-snippet:-1","max-image-preview":"max-image-preview:large","max-video-preview":"max-video-preview:-1"},"canonical":"https:\/\/www.drfranklinpena.com\/mywp\/en\/procedures\/face\/profileoplasty\/","og_locale":"es_ES","og_type":"article","og_title":"Profileoplasty - Dr. Franklin Pe\u00f1a","og_description":"The Profileoplasty provides great harmony to the face. In the rhinoplasty not only the changes which will be made \u200b\u200bin the nasal structure should be considered, but also the face as a whole. Elements such as the chin, cheeks, and forehead are those which form the profile of each.","og_url":"https:\/\/www.drfranklinpena.com\/mywp\/en\/procedures\/face\/profileoplasty\/","og_site_name":"Dr. Franklin Pe\u00f1a","article_publisher":"https:\/\/www.facebook.com\/drfranklinpena","article_modified_time":"2021-04-05T20:56:18+00:00","og_image":[{"width":640,"height":369,"url":"https:\/\/i0.wp.com\/www.drfranklinpena.com\/mywp\/wp-content\/uploads\/2025\/08\/Diseno-sin-titulo-51.jpg?fit=640%2C369&ssl=1","type":"image\/jpeg"}],"twitter_card":"summary_large_image","twitter_site":"@Dr_FranklinPena","twitter_misc":{"Tiempo de lectura":"3 minutos"},"schema":{"@context":"https:\/\/schema.org","@graph":[{"@type":"WebPage","@id":"https:\/\/www.drfranklinpena.com\/mywp\/en\/procedures\/face\/profileoplasty\/","url":"https:\/\/www.drfranklinpena.com\/mywp\/en\/procedures\/face\/profileoplasty\/","name":"Profileoplasty - Dr. Franklin Pe\u00f1a","isPartOf":{"@id":"https:\/\/www.drfranklinpena.com\/mywp\/#website"},"datePublished":"2018-02-26T21:33:00+00:00","dateModified":"2021-04-05T20:56:18+00:00","description":"The Profileoplasty provides great harmony to the face. In the rhinoplasty not only the changes which will be made \u200b\u200bin the nasal structure should be considered, but also the face as a whole. Elements such as the chin, cheeks, and forehead are those which form the profile of each.","breadcrumb":{"@id":"https:\/\/www.drfranklinpena.com\/mywp\/en\/procedures\/face\/profileoplasty\/#breadcrumb"},"inLanguage":"es","potentialAction":[{"@type":"ReadAction","target":["https:\/\/www.drfranklinpena.com\/mywp\/en\/procedures\/face\/profileoplasty\/"]}]},{"@type":"BreadcrumbList","@id":"https:\/\/www.drfranklinpena.com\/mywp\/en\/procedures\/face\/profileoplasty\/#breadcrumb","itemListElement":[{"@type":"ListItem","position":1,"name":"Portada","item":"https:\/\/www.drfranklinpena.com\/"},{"@type":"ListItem","position":2,"name":"Procedures","item":"https:\/\/www.drfranklinpena.com\/mywp\/en\/procedures\/"},{"@type":"ListItem","position":3,"name":"Face","item":"https:\/\/www.drfranklinpena.com\/mywp\/en\/procedures\/face\/"},{"@type":"ListItem","position":4,"name":"Profileoplasty"}]},{"@type":"WebSite","@id":"https:\/\/www.drfranklinpena.com\/mywp\/#website","url":"https:\/\/www.drfranklinpena.com\/mywp\/","name":"Dr. Franklin Pe\u00f1a","description":"Cirug\u00eda Pl\u00e1stica, Est\u00e9tica y Reconstructiva | Resultados que cambian tu vida","publisher":{"@id":"https:\/\/www.drfranklinpena.com\/mywp\/#organization"},"potentialAction":[{"@type":"SearchAction","target":{"@type":"EntryPoint","urlTemplate":"https:\/\/www.drfranklinpena.com\/mywp\/?s={search_term_string}"},"query-input":{"@type":"PropertyValueSpecification","valueRequired":true,"valueName":"search_term_string"}}],"inLanguage":"es"},{"@type":"Organization","@id":"https:\/\/www.drfranklinpena.com\/mywp\/#organization","name":"Dr. Franklin Pe\u00f1a","url":"https:\/\/www.drfranklinpena.com\/mywp\/","logo":{"@type":"ImageObject","inLanguage":"es","@id":"https:\/\/www.drfranklinpena.com\/mywp\/#\/schema\/logo\/image\/","url":"https:\/\/i0.wp.com\/www.drfranklinpena.com\/mywp\/wp-content\/uploads\/2021\/01\/ogimage2021.png?fit=640%2C369&ssl=1","contentUrl":"https:\/\/i0.wp.com\/www.drfranklinpena.com\/mywp\/wp-content\/uploads\/2021\/01\/ogimage2021.png?fit=640%2C369&ssl=1","width":640,"height":369,"caption":"Dr. Franklin Pe\u00f1a"},"image":{"@id":"https:\/\/www.drfranklinpena.com\/mywp\/#\/schema\/logo\/image\/"},"sameAs":["https:\/\/www.facebook.com\/drfranklinpena","https:\/\/x.com\/Dr_FranklinPena","http:\/\/instagram.com\/drfranklinpena\/","https:\/\/www.linkedin.com\/in\/franklin-pe\u00f1a-9b75a6141\/","http:\/\/www.youtube.com\/user\/drfranklinpena"]}]}},"jetpack_sharing_enabled":true,"_links":{"self":[{"href":"https:\/\/www.drfranklinpena.com\/mywp\/wp-json\/wp\/v2\/pages\/1624","targetHints":{"allow":["GET"]}}],"collection":[{"href":"https:\/\/www.drfranklinpena.com\/mywp\/wp-json\/wp\/v2\/pages"}],"about":[{"href":"https:\/\/www.drfranklinpena.com\/mywp\/wp-json\/wp\/v2\/types\/page"}],"author":[{"embeddable":true,"href":"https:\/\/www.drfranklinpena.com\/mywp\/wp-json\/wp\/v2\/users\/2"}],"replies":[{"embeddable":true,"href":"https:\/\/www.drfranklinpena.com\/mywp\/wp-json\/wp\/v2\/comments?post=1624"}],"version-history":[{"count":4,"href":"https:\/\/www.drfranklinpena.com\/mywp\/wp-json\/wp\/v2\/pages\/1624\/revisions"}],"predecessor-version":[{"id":6203,"href":"https:\/\/www.drfranklinpena.com\/mywp\/wp-json\/wp\/v2\/pages\/1624\/revisions\/6203"}],"up":[{"embeddable":true,"href":"https:\/\/www.drfranklinpena.com\/mywp\/wp-json\/wp\/v2\/pages\/1628"}],"wp:attachment":[{"href":"https:\/\/www.drfranklinpena.com\/mywp\/wp-json\/wp\/v2\/media?parent=1624"}],"curies":[{"name":"wp","href":"https:\/\/api.w.org\/{rel}","templated":true}]}}