{"id":1611,"date":"2018-02-26T17:07:59","date_gmt":"2018-02-26T21:07:59","guid":{"rendered":"http:\/\/www.drfranklinpena.com\/mywp\/?page_id=1611"},"modified":"2021-04-07T14:28:30","modified_gmt":"2021-04-07T18:28:30","slug":"consult","status":"publish","type":"page","link":"https:\/\/www.drfranklinpena.com\/mywp\/en\/consult\/","title":{"rendered":"Consult Online"},"content":{"rendered":"<div class=\"wpb-content-wrapper\"><p>[vc_row css=\u00bb.vc_custom_1556634823048{padding-top: 60px !important;padding-bottom: 60px !important;}\u00bb][vc_column][vc_row_inner css=\u00bb.vc_custom_1520285879937{margin-bottom: 0px !important;}\u00bb][vc_column_inner css=\u00bb.vc_custom_1520285873482{margin-bottom: 0px !important;}\u00bb][vc_custom_heading text=\u00bbGET YOUR QUOTE BY COMPLETING THE FOLLOWING FORM\u00bb font_container=\u00bbtag:h3|font_size:1.2rem|text_align:center|line_height:1.2em\u00bb google_fonts=\u00bbfont_family:Roboto%3A100%2C100italic%2C300%2C300italic%2Cregular%2Citalic%2C500%2C500italic%2C700%2C700italic%2C900%2C900italic|font_style:500%20bold%20regular%3A500%3Anormal\u00bb css=\u00bb.vc_custom_1616766810450{margin-bottom: 30px !important;}\u00bb][\/vc_column_inner][\/vc_row_inner][vc_row_inner css=\u00bb.vc_custom_1617819929295{margin-bottom: 0px !important;}\u00bb el_class=\u00bbvc_hidden-xs vc_hidden-sm\u00bb][vc_column_inner width=\u00bb1\/2&#8243; css=\u00bb.vc_custom_1525291650348{margin-bottom: 0px !important;padding-top: 0px !important;padding-bottom: 0px !important;}\u00bb offset=\u00bbvc_col-lg-3 vc_col-md-3 vc_col-xs-6&#8243;]<div class=\"how_it_works  has_border no-img\"><div class=\"image_wrapper\"><div class=\"image\"><\/div><span class=\"number\">1<\/span><\/div><h4 class=\"title \">Contacts<\/h4><div class=\"desc\">Complete with your data the contact fields<\/div><\/div>\n[\/vc_column_inner][vc_column_inner width=\u00bb1\/2&#8243; css=\u00bb.vc_custom_1525291665853{padding-top: 0px !important;padding-bottom: 0px !important;}\u00bb offset=\u00bbvc_col-lg-3 vc_col-md-3 vc_col-xs-6&#8243;]<div class=\"how_it_works  has_border no-img\"><div class=\"image_wrapper\"><div class=\"image\"><\/div><span class=\"number\">2<\/span><\/div><h4 class=\"title \">Pre-evaluation<\/h4><div class=\"desc\">Answer the pre-evaluation questions<\/div><\/div>\n[\/vc_column_inner][vc_column_inner width=\u00bb1\/2&#8243; css=\u00bb.vc_custom_1525291713739{padding-top: 0px !important;padding-bottom: 0px !important;}\u00bb offset=\u00bbvc_col-lg-3 vc_col-md-3 vc_col-xs-6&#8243;]<div class=\"how_it_works  has_border no-img\"><div class=\"image_wrapper\"><div class=\"image\"><\/div><span class=\"number\">3<\/span><\/div><h4 class=\"title \">Procedures<\/h4><div class=\"desc\">Select the procedure (s) you wish to consult<\/div><\/div>\n[\/vc_column_inner][vc_column_inner width=\u00bb1\/2&#8243; css=\u00bb.vc_custom_1525291706865{padding-top: 0px !important;padding-bottom: 0px !important;}\u00bb offset=\u00bbvc_col-lg-3 vc_col-md-3 vc_col-xs-6&#8243;]<div class=\"how_it_works  has_border no-img\"><div class=\"image_wrapper\"><div class=\"image\"><\/div><span class=\"number\">4<\/span><\/div><h4 class=\"title \">Photos<\/h4><div class=\"desc\">Attach the photos required for the evaluation<\/div><\/div>\n[\/vc_column_inner][\/vc_row_inner][vc_row_inner css=\u00bb.vc_custom_1617820104672{margin-bottom: 15px !important;padding-top: 5px !important;padding-right: 5px !important;padding-bottom: 5px !important;padding-left: 5px !important;background-color: #f3f3f3 !important;border-radius: 5px !important;}\u00bb el_class=\u00bbvc_hidden-sm vc_hidden-xs\u00bb][vc_column_inner css=\u00bb.vc_custom_1617820071038{margin-bottom: 0px !important;}\u00bb]<div class=\"icon_box icon_position_left has_border\"><div class=\"icon_wrapper\"><div class=\"icon\"><i class=\"icon-info\" aria-hidden=\"true\"><\/i><\/div><\/div><div class=\"desc_wrapper\"><h4 class=\"title \">--We recommend that you use an @gmail.com email.<\/h4><div class=\"desc\">In case you use @hotmail.com or any other, you should check your spam folder, as the email might be received there.<\/div><\/div><\/div>\n[\/vc_column_inner][\/vc_row_inner][vc_row_inner css=\u00bb.vc_custom_1520347007575{margin-bottom: 0px !important;}\u00bb][vc_column_inner css=\u00bb.vc_custom_1520347012402{margin-bottom: 0px !important;}\u00bb][vc_raw_html el_class=\u00bbhbspt-form-presupuesto\u00bb css=\u00bb.vc_custom_1578410943713{margin-bottom: 0px !important;}\u00bb el_id=\u00bbmyformContainer\u00bb]JTNDc2NyaXB0JTIwY2hhcnNldCUzRCUyMnV0Zi04JTIyJTIwdHlwZSUzRCUyMnRleHQlMkZqYXZhc2NyaXB0JTIyJTIwc3JjJTNEJTIyJTJGJTJGanMuaHNmb3Jtcy5uZXQlMkZmb3JtcyUyRnNoZWxsLmpzJTIyJTNFJTNDJTJGc2NyaXB0JTNFJTBBJTNDc2NyaXB0JTNFJTBBJTIwaGJzcHQuZm9ybXMuY3JlYXRlJTI4JTdCJTBBcG9ydGFsSWQlM0ElMjAlMjIzNDQxMTMyJTIyJTJDJTBBZm9ybUlkJTNBJTIwJTIyYzMzZWM4MTMtM2I4Mi00YTU2LWI5NDAtNGZmOWMzMzhiZWFhJTIyJTBBJTdEJTI5JTNCJTBBJTNDJTJGc2NyaXB0JTNF[\/vc_raw_html][\/vc_column_inner][\/vc_row_inner][vc_row_inner css=\u00bb.vc_custom_1520347003433{margin-bottom: 0px !important;}\u00bb][vc_column_inner css=\u00bb.vc_custom_1520347025165{margin-bottom: 0px !important;}\u00bb][vc_column_text css=\u00bb.vc_custom_1520347085207{margin-bottom: 0px !important;}\u00bb]<em><strong> By submitting, you accept the Website&#8217;s Terms of Use and Privacy Policies.<\/strong><\/em>[\/vc_column_text][\/vc_column_inner][\/vc_row_inner][\/vc_column][\/vc_row][vc_row disable_element=\u00bbyes\u00bb css=\u00bb.vc_custom_1556634812027{padding-top: 60px !important;padding-bottom: 60px !important;}\u00bb][vc_column][vc_row_inner][vc_column_inner][vc_column_text]At this moment our <strong>ONLINE CONSULTATION<\/strong> is in maintenance. We apologize for any inconvenience this may cause.<\/p>\n<p>You can send us your information to <a href=\"mailto:info@drfranklinpena.com\"> info@drfranklinpena.com<\/a> and we will be answering as soon as possible.<\/p>\n<p><strong>The data we need to prepare your budget are the following:<\/strong><\/p>\n<p>-3 photographs of the requested area<br \/>\n&#8211; Name and phone number<br \/>\n&#8211; Procedure that interests you<br \/>\n&#8211; How old are you?<br \/>\n&#8211; Do you smoke?<br \/>\n&#8211; Any serious illness?<br \/>\n&#8211; What is your approximate weight?<\/p>\n<p><strong>All requested information, including photographs, is essential to receive your budget.<\/strong>[\/vc_column_text][\/vc_column_inner][\/vc_row_inner][\/vc_column][\/vc_row]<\/p>\n<\/div>","protected":false},"excerpt":{"rendered":"<p><span class=\"excerpt-hellip\"> [\u2026]<\/span><\/p>\n","protected":false},"author":2,"featured_media":0,"parent":0,"menu_order":0,"comment_status":"closed","ping_status":"closed","template":"","meta":{"content-type":"","footnotes":""},"class_list":["post-1611","page","type-page","status-publish","hentry"],"yoast_head":"<!-- This site is optimized with the Yoast SEO plugin v27.2 - https:\/\/yoast.com\/product\/yoast-seo-wordpress\/ -->\n<title>Consult Online - Dr. Franklin Pe\u00f1a<\/title>\n<meta name=\"description\" content=\"Consult Online and request your quote by completing the following online consultation form. You can choose all the procedures that you wish to consult, and you will receive a pre-evaluation via Email in a brief moment.\" \/>\n<meta name=\"robots\" content=\"index, follow, max-snippet:-1, max-image-preview:large, max-video-preview:-1\" \/>\n<link rel=\"canonical\" href=\"https:\/\/www.drfranklinpena.com\/mywp\/en\/consult\/\" \/>\n<meta property=\"og:locale\" content=\"es_ES\" \/>\n<meta property=\"og:type\" content=\"article\" \/>\n<meta property=\"og:title\" content=\"Consult Online - Dr. Franklin Pe\u00f1a\" \/>\n<meta property=\"og:description\" content=\"Consult Online and request your quote by completing the following online consultation form. You can choose all the procedures that you wish to consult, and you will receive a pre-evaluation via Email in a brief moment.\" \/>\n<meta property=\"og:url\" content=\"https:\/\/www.drfranklinpena.com\/mywp\/en\/consult\/\" \/>\n<meta property=\"og:site_name\" content=\"Dr. Franklin Pe\u00f1a\" \/>\n<meta property=\"article:publisher\" content=\"https:\/\/www.facebook.com\/drfranklinpena\" \/>\n<meta property=\"article:modified_time\" content=\"2021-04-07T18:28:30+00:00\" \/>\n<meta property=\"og:image\" content=\"https:\/\/i0.wp.com\/www.drfranklinpena.com\/mywp\/wp-content\/uploads\/2025\/08\/Diseno-sin-titulo-51.jpg?fit=640%2C369&ssl=1\" \/>\n\t<meta property=\"og:image:width\" content=\"640\" \/>\n\t<meta property=\"og:image:height\" content=\"369\" \/>\n\t<meta property=\"og:image:type\" content=\"image\/jpeg\" \/>\n<meta name=\"twitter:card\" content=\"summary_large_image\" \/>\n<meta name=\"twitter:site\" content=\"@Dr_FranklinPena\" \/>\n<meta name=\"twitter:label1\" content=\"Tiempo de lectura\" \/>\n\t<meta name=\"twitter:data1\" content=\"2 minutos\" \/>\n<script type=\"application\/ld+json\" class=\"yoast-schema-graph\">{\"@context\":\"https:\/\/schema.org\",\"@graph\":[{\"@type\":\"WebPage\",\"@id\":\"https:\/\/www.drfranklinpena.com\/mywp\/en\/consult\/\",\"url\":\"https:\/\/www.drfranklinpena.com\/mywp\/en\/consult\/\",\"name\":\"Consult Online - Dr. Franklin Pe\u00f1a\",\"isPartOf\":{\"@id\":\"https:\/\/www.drfranklinpena.com\/mywp\/#website\"},\"datePublished\":\"2018-02-26T21:07:59+00:00\",\"dateModified\":\"2021-04-07T18:28:30+00:00\",\"description\":\"Consult Online and request your quote by completing the following online consultation form. You can choose all the procedures that you wish to consult, and you will receive a pre-evaluation via Email in a brief moment.\",\"breadcrumb\":{\"@id\":\"https:\/\/www.drfranklinpena.com\/mywp\/en\/consult\/#breadcrumb\"},\"inLanguage\":\"es\",\"potentialAction\":[{\"@type\":\"ReadAction\",\"target\":[\"https:\/\/www.drfranklinpena.com\/mywp\/en\/consult\/\"]}]},{\"@type\":\"BreadcrumbList\",\"@id\":\"https:\/\/www.drfranklinpena.com\/mywp\/en\/consult\/#breadcrumb\",\"itemListElement\":[{\"@type\":\"ListItem\",\"position\":1,\"name\":\"Portada\",\"item\":\"https:\/\/www.drfranklinpena.com\/\"},{\"@type\":\"ListItem\",\"position\":2,\"name\":\"Consult Online\"}]},{\"@type\":\"WebSite\",\"@id\":\"https:\/\/www.drfranklinpena.com\/mywp\/#website\",\"url\":\"https:\/\/www.drfranklinpena.com\/mywp\/\",\"name\":\"Dr. Franklin Pe\u00f1a\",\"description\":\"Cirug\u00eda Pl\u00e1stica, Est\u00e9tica y Reconstructiva | Resultados que cambian tu vida\",\"publisher\":{\"@id\":\"https:\/\/www.drfranklinpena.com\/mywp\/#organization\"},\"potentialAction\":[{\"@type\":\"SearchAction\",\"target\":{\"@type\":\"EntryPoint\",\"urlTemplate\":\"https:\/\/www.drfranklinpena.com\/mywp\/?s={search_term_string}\"},\"query-input\":{\"@type\":\"PropertyValueSpecification\",\"valueRequired\":true,\"valueName\":\"search_term_string\"}}],\"inLanguage\":\"es\"},{\"@type\":\"Organization\",\"@id\":\"https:\/\/www.drfranklinpena.com\/mywp\/#organization\",\"name\":\"Dr. Franklin Pe\u00f1a\",\"url\":\"https:\/\/www.drfranklinpena.com\/mywp\/\",\"logo\":{\"@type\":\"ImageObject\",\"inLanguage\":\"es\",\"@id\":\"https:\/\/www.drfranklinpena.com\/mywp\/#\/schema\/logo\/image\/\",\"url\":\"https:\/\/i0.wp.com\/www.drfranklinpena.com\/mywp\/wp-content\/uploads\/2021\/01\/ogimage2021.png?fit=640%2C369&ssl=1\",\"contentUrl\":\"https:\/\/i0.wp.com\/www.drfranklinpena.com\/mywp\/wp-content\/uploads\/2021\/01\/ogimage2021.png?fit=640%2C369&ssl=1\",\"width\":640,\"height\":369,\"caption\":\"Dr. Franklin Pe\u00f1a\"},\"image\":{\"@id\":\"https:\/\/www.drfranklinpena.com\/mywp\/#\/schema\/logo\/image\/\"},\"sameAs\":[\"https:\/\/www.facebook.com\/drfranklinpena\",\"https:\/\/x.com\/Dr_FranklinPena\",\"http:\/\/instagram.com\/drfranklinpena\/\",\"https:\/\/www.linkedin.com\/in\/franklin-pe\u00f1a-9b75a6141\/\",\"http:\/\/www.youtube.com\/user\/drfranklinpena\"]}]}<\/script>\n<!-- \/ Yoast SEO plugin. -->","yoast_head_json":{"title":"Consult Online - Dr. Franklin Pe\u00f1a","description":"Consult Online and request your quote by completing the following online consultation form. You can choose all the procedures that you wish to consult, and you will receive a pre-evaluation via Email in a brief moment.","robots":{"index":"index","follow":"follow","max-snippet":"max-snippet:-1","max-image-preview":"max-image-preview:large","max-video-preview":"max-video-preview:-1"},"canonical":"https:\/\/www.drfranklinpena.com\/mywp\/en\/consult\/","og_locale":"es_ES","og_type":"article","og_title":"Consult Online - Dr. Franklin Pe\u00f1a","og_description":"Consult Online and request your quote by completing the following online consultation form. You can choose all the procedures that you wish to consult, and you will receive a pre-evaluation via Email in a brief moment.","og_url":"https:\/\/www.drfranklinpena.com\/mywp\/en\/consult\/","og_site_name":"Dr. Franklin Pe\u00f1a","article_publisher":"https:\/\/www.facebook.com\/drfranklinpena","article_modified_time":"2021-04-07T18:28:30+00:00","og_image":[{"width":640,"height":369,"url":"https:\/\/i0.wp.com\/www.drfranklinpena.com\/mywp\/wp-content\/uploads\/2025\/08\/Diseno-sin-titulo-51.jpg?fit=640%2C369&ssl=1","type":"image\/jpeg"}],"twitter_card":"summary_large_image","twitter_site":"@Dr_FranklinPena","twitter_misc":{"Tiempo de lectura":"2 minutos"},"schema":{"@context":"https:\/\/schema.org","@graph":[{"@type":"WebPage","@id":"https:\/\/www.drfranklinpena.com\/mywp\/en\/consult\/","url":"https:\/\/www.drfranklinpena.com\/mywp\/en\/consult\/","name":"Consult Online - Dr. Franklin Pe\u00f1a","isPartOf":{"@id":"https:\/\/www.drfranklinpena.com\/mywp\/#website"},"datePublished":"2018-02-26T21:07:59+00:00","dateModified":"2021-04-07T18:28:30+00:00","description":"Consult Online and request your quote by completing the following online consultation form. You can choose all the procedures that you wish to consult, and you will receive a pre-evaluation via Email in a brief moment.","breadcrumb":{"@id":"https:\/\/www.drfranklinpena.com\/mywp\/en\/consult\/#breadcrumb"},"inLanguage":"es","potentialAction":[{"@type":"ReadAction","target":["https:\/\/www.drfranklinpena.com\/mywp\/en\/consult\/"]}]},{"@type":"BreadcrumbList","@id":"https:\/\/www.drfranklinpena.com\/mywp\/en\/consult\/#breadcrumb","itemListElement":[{"@type":"ListItem","position":1,"name":"Portada","item":"https:\/\/www.drfranklinpena.com\/"},{"@type":"ListItem","position":2,"name":"Consult Online"}]},{"@type":"WebSite","@id":"https:\/\/www.drfranklinpena.com\/mywp\/#website","url":"https:\/\/www.drfranklinpena.com\/mywp\/","name":"Dr. Franklin Pe\u00f1a","description":"Cirug\u00eda Pl\u00e1stica, Est\u00e9tica y Reconstructiva | Resultados que cambian tu vida","publisher":{"@id":"https:\/\/www.drfranklinpena.com\/mywp\/#organization"},"potentialAction":[{"@type":"SearchAction","target":{"@type":"EntryPoint","urlTemplate":"https:\/\/www.drfranklinpena.com\/mywp\/?s={search_term_string}"},"query-input":{"@type":"PropertyValueSpecification","valueRequired":true,"valueName":"search_term_string"}}],"inLanguage":"es"},{"@type":"Organization","@id":"https:\/\/www.drfranklinpena.com\/mywp\/#organization","name":"Dr. Franklin Pe\u00f1a","url":"https:\/\/www.drfranklinpena.com\/mywp\/","logo":{"@type":"ImageObject","inLanguage":"es","@id":"https:\/\/www.drfranklinpena.com\/mywp\/#\/schema\/logo\/image\/","url":"https:\/\/i0.wp.com\/www.drfranklinpena.com\/mywp\/wp-content\/uploads\/2021\/01\/ogimage2021.png?fit=640%2C369&ssl=1","contentUrl":"https:\/\/i0.wp.com\/www.drfranklinpena.com\/mywp\/wp-content\/uploads\/2021\/01\/ogimage2021.png?fit=640%2C369&ssl=1","width":640,"height":369,"caption":"Dr. Franklin Pe\u00f1a"},"image":{"@id":"https:\/\/www.drfranklinpena.com\/mywp\/#\/schema\/logo\/image\/"},"sameAs":["https:\/\/www.facebook.com\/drfranklinpena","https:\/\/x.com\/Dr_FranklinPena","http:\/\/instagram.com\/drfranklinpena\/","https:\/\/www.linkedin.com\/in\/franklin-pe\u00f1a-9b75a6141\/","http:\/\/www.youtube.com\/user\/drfranklinpena"]}]}},"jetpack_sharing_enabled":true,"_links":{"self":[{"href":"https:\/\/www.drfranklinpena.com\/mywp\/wp-json\/wp\/v2\/pages\/1611","targetHints":{"allow":["GET"]}}],"collection":[{"href":"https:\/\/www.drfranklinpena.com\/mywp\/wp-json\/wp\/v2\/pages"}],"about":[{"href":"https:\/\/www.drfranklinpena.com\/mywp\/wp-json\/wp\/v2\/types\/page"}],"author":[{"embeddable":true,"href":"https:\/\/www.drfranklinpena.com\/mywp\/wp-json\/wp\/v2\/users\/2"}],"replies":[{"embeddable":true,"href":"https:\/\/www.drfranklinpena.com\/mywp\/wp-json\/wp\/v2\/comments?post=1611"}],"version-history":[{"count":46,"href":"https:\/\/www.drfranklinpena.com\/mywp\/wp-json\/wp\/v2\/pages\/1611\/revisions"}],"predecessor-version":[{"id":4151,"href":"https:\/\/www.drfranklinpena.com\/mywp\/wp-json\/wp\/v2\/pages\/1611\/revisions\/4151"}],"wp:attachment":[{"href":"https:\/\/www.drfranklinpena.com\/mywp\/wp-json\/wp\/v2\/media?parent=1611"}],"curies":[{"name":"wp","href":"https:\/\/api.w.org\/{rel}","templated":true}]}}