{"id":1604,"date":"2018-02-26T11:52:12","date_gmt":"2018-02-26T15:52:12","guid":{"rendered":"http:\/\/www.drfranklinpena.com\/mywp\/?page_id=1604"},"modified":"2025-07-21T11:13:36","modified_gmt":"2025-07-21T15:13:36","slug":"dr-franklin-pena-en","status":"publish","type":"page","link":"https:\/\/www.drfranklinpena.com\/mywp\/en\/dr-franklin-pena-en\/","title":{"rendered":"Dr. Franklin Pe\u00f1a"},"content":{"rendered":"<div class=\"wpb-content-wrapper\"><p>[vc_row full_width=\u00bbstretch_row_content\u00bb equal_height=\u00bbyes\u00bb content_placement=\u00bbmiddle\u00bb][vc_column css=\u00bb.vc_custom_1753110795237{margin-bottom: 0px !important;padding-top: 0px !important;padding-bottom: 0px !important;background-image: url(https:\/\/www.drfranklinpena.com\/mywp\/wp-content\/uploads\/2025\/07\/Dr-Franklin-Pena-2025.jpg?id=9207) !important;background-position: center !important;background-repeat: no-repeat !important;background-size: cover !important;}\u00bb offset=\u00bbvc_col-lg-6 vc_col-md-6 vc_hidden-sm vc_hidden-xs\u00bb][vc_empty_space height=\u00bb70vh\u00bb][\/vc_column][vc_column css=\u00bb.vc_custom_1647517962990{padding-top: 10% !important;padding-right: 10% !important;padding-bottom: 10% !important;padding-left: 10% !important;}\u00bb offset=\u00bbvc_col-lg-5 vc_col-md-6&#8243;][vc_single_image image=\u00bb9207&#8243; img_size=\u00bbfull\u00bb alignment=\u00bbcenter\u00bb css=\u00bb.vc_custom_1753110809854{margin-bottom: 0px !important;}\u00bb el_class=\u00bbvc_hidden-lg vc_hidden-md\u00bb][vc_custom_heading text=\u00bbPLASTIC, AESTHETIC AND RECONSTRUCTIVE SURGERY\u00bb font_container=\u00bbtag:h2|font_size:0.933rem|text_align:left|color:%23e80e97|line_height:1.2em\u00bb google_fonts=\u00bbfont_family:Ubuntu%3A300%2C300italic%2Cregular%2Citalic%2C500%2C500italic%2C700%2C700italic|font_style:400%20regular%3A400%3Anormal\u00bb css_animation=\u00bbleft-to-right\u00bb][vc_separator color=\u00bbcustom\u00bb align=\u00bbalign_left\u00bb border_width=\u00bb2&#8243; el_width=\u00bb30&#8243; css_animation=\u00bbfadeInLeft\u00bb css=\u00bb.vc_custom_1519313005174{margin-bottom: 35px !important;}\u00bb accent_color=\u00bb#e80e97&#8243;][vc_custom_heading text=\u00bbDR. FRANKLIN PE\u00d1A\u00bb font_container=\u00bbtag:h1|font_size:2.2rem|text_align:left|color:%235ca9dd|line_height:1.2em\u00bb google_fonts=\u00bbfont_family:Ubuntu%3A300%2C300italic%2Cregular%2Citalic%2C500%2C500italic%2C700%2C700italic|font_style:400%20regular%3A400%3Anormal\u00bb css_animation=\u00bbleft-to-right\u00bb][vc_column_text css=\u00bb.vc_custom_1651087780997{margin-bottom: 10px !important;}\u00bb]<strong>Dr. Franklin Pe\u00f1a is a Plastic, Aesthetic and Reconstructive Surgeon<\/strong>, graduated from the Plastic Sugery School, <strong>Hospital Civil of Guadalajara<\/strong>, also graduated by the prestigious <strong>University of Guadalajara (U de G)<\/strong> in Jalisco, Mexico.<\/p>\n<p>He completed his training in <strong>General Surgery<\/strong> at Padre Billini Teaching Hospital in Santo Domingo, Dominican Republic; attached to the Universidad Autonoma de Santo Domingo (UASD).<\/p>\n<p>He <strong>graduated with honors<\/strong> from the School of Medicine at Universidad Central del Este (UCE), where he is also a <strong>Professor of Plastic Surgery<\/strong>. Maintains his practice private in Santo Domingo and San Pedro de Macor\u00eds in the Dominican Republic.[\/vc_column_text][\/vc_column][\/vc_row][vc_row full_width=\u00bbstretch_row\u00bb css=\u00bb.vc_custom_1647465870848{margin-bottom: 0px !important;padding-top: 0px !important;padding-bottom: 0px !important;background-color: #f8f8f8 !important;}\u00bb][vc_column css=\u00bb.vc_custom_1647441162224{margin-bottom: 0px !important;padding-top: 5% !important;padding-bottom: 5% !important;}\u00bb][vc_row_inner css=\u00bb.vc_custom_1606332929024{padding-top: 3% !important;}\u00bb][vc_column_inner][vc_custom_heading text=\u00bbOFFICIAL ACCREDITATIONS AND CERTIFICATIONS\u00bb font_container=\u00bbtag:h6|font_size:0.933rem|text_align:center|color:%23e80e97|line_height:1.2em\u00bb use_theme_fonts=\u00bbyes\u00bb css_animation=\u00bbleft-to-right\u00bb][\/vc_column_inner][\/vc_row_inner][vc_row_inner css=\u00bb.vc_custom_1606331949875{margin-bottom: 0px !important;}\u00bb][vc_column_inner width=\u00bb1\/5&#8243; offset=\u00bbvc_col-xs-1\/5&#8243;][vc_single_image source=\u00bbexternal_link\u00bb external_img_size=\u00bb200&#215;200&#8243; alignment=\u00bbcenter\u00bb css_animation=\u00bbfadeInUp\u00bb css=\u00bb.vc_custom_1651087228212{margin-bottom: 0px !important;}\u00bb custom_src=\u00bbhttps:\/\/www.drfranklinpena.com\/mywp\/wp-content\/uploads\/2020\/11\/CMD-logo.png\u00bb][\/vc_column_inner][vc_column_inner width=\u00bb1\/5&#8243; offset=\u00bbvc_col-xs-1\/5&#8243;][vc_single_image source=\u00bbexternal_link\u00bb external_img_size=\u00bb200&#215;200&#8243; alignment=\u00bbcenter\u00bb css_animation=\u00bbfadeInUp\u00bb css=\u00bb.vc_custom_1651087273715{margin-bottom: 0px !important;}\u00bb custom_src=\u00bbhttps:\/\/www.drfranklinpena.com\/mywp\/wp-content\/uploads\/2020\/11\/SODOCIPRE.png\u00bb][\/vc_column_inner][vc_column_inner width=\u00bb1\/5&#8243; offset=\u00bbvc_col-xs-1\/5&#8243;][vc_single_image source=\u00bbexternal_link\u00bb external_img_size=\u00bb200&#215;200&#8243; alignment=\u00bbcenter\u00bb css_animation=\u00bbfadeInUp\u00bb css=\u00bb.vc_custom_1651087311200{margin-bottom: 0px !important;}\u00bb custom_src=\u00bbhttps:\/\/www.drfranklinpena.com\/mywp\/wp-content\/uploads\/2020\/11\/IPRAS-1.png\u00bb][\/vc_column_inner][vc_column_inner width=\u00bb1\/5&#8243; offset=\u00bbvc_col-xs-1\/5&#8243;][vc_single_image source=\u00bbexternal_link\u00bb external_img_size=\u00bb200&#215;200&#8243; alignment=\u00bbcenter\u00bb css_animation=\u00bbfadeInUp\u00bb css=\u00bb.vc_custom_1651087374336{margin-bottom: 0px !important;}\u00bb custom_src=\u00bbhttps:\/\/www.drfranklinpena.com\/mywp\/wp-content\/uploads\/2020\/11\/filacp.png\u00bb][\/vc_column_inner][vc_column_inner width=\u00bb1\/5&#8243; offset=\u00bbvc_col-xs-1\/5&#8243;][vc_single_image source=\u00bbexternal_link\u00bb external_img_size=\u00bb200&#215;200&#8243; alignment=\u00bbcenter\u00bb css_animation=\u00bbfadeInUp\u00bb css=\u00bb.vc_custom_1658761173142{margin-bottom: 0px !important;}\u00bb custom_src=\u00bbhttps:\/\/www.drfranklinpena.com\/mywp\/wp-content\/uploads\/2022\/07\/asps-logo-400.png\u00bb][\/vc_column_inner][\/vc_row_inner][\/vc_column][\/vc_row][vc_row full_width=\u00bbstretch_row_content\u00bb equal_height=\u00bbyes\u00bb content_placement=\u00bbmiddle\u00bb][vc_column css=\u00bb.vc_custom_1647477305536{padding-top: 10% !important;padding-right: 10% !important;padding-bottom: 10% !important;padding-left: 10% !important;}\u00bb offset=\u00bbvc_col-lg-offset-1 vc_col-lg-6 vc_col-md-6&#8243;][vc_single_image image=\u00bb7340&#8243; img_size=\u00bbfull\u00bb alignment=\u00bbcenter\u00bb css=\u00bb.vc_custom_1647465679392{margin-bottom: 0px !important;}\u00bb el_class=\u00bbvc_hidden-lg vc_hidden-md\u00bb][vc_custom_heading text=\u00bbDR. FRANKLIN PE\u00d1A\u00bb font_container=\u00bbtag:h2|font_size:0.933rem|text_align:left|color:%23e80e97|line_height:1.2em\u00bb google_fonts=\u00bbfont_family:Ubuntu%3A300%2C300italic%2Cregular%2Citalic%2C500%2C500italic%2C700%2C700italic|font_style:400%20regular%3A400%3Anormal\u00bb css_animation=\u00bbleft-to-right\u00bb][vc_separator color=\u00bbcustom\u00bb align=\u00bbalign_left\u00bb border_width=\u00bb2&#8243; el_width=\u00bb30&#8243; css_animation=\u00bbfadeInLeft\u00bb css=\u00bb.vc_custom_1519313005174{margin-bottom: 35px !important;}\u00bb accent_color=\u00bb#e80e97&#8243;][vc_column_text css=\u00bb.vc_custom_1651088059662{margin-bottom: 10px !important;}\u00bb]Dr. Franklin Pe\u00f1a Romero it&#8217;s accredited and belongs to the Iberolatin American Federation of Plastic Surgery <strong>(FILACP)<\/strong>.<\/p>\n<p>Member of the Dominican Society of Plastic and Reconstructive Surgery <strong>(SODOCIPRE)<\/strong>, has accreditation from the Dominican College of Surgeons, he is a member of the Dominican Medical Association <strong>(CMD)<\/strong> and is part of the Dominican Association of Biomedical Journal Editors, among others.<\/p>\n<p>He has the exequatur of law No. 14005 and the Dominican Medical College registration No. 18677.[\/vc_column_text][vc_empty_space height=\u00bb20px\u00bb][vc_column_text]<a href=\"http:\/\/instagram.com\/drfranklinpena\/\" aria-label=\"button with icon\" class=\"icon_bar  icon_bar_instagram icon_bar_2\" target=\"_blank\"><span class=\"t\"><i class=\"icon-instagram\"><\/i><\/span><span class=\"b\"><i class=\"icon-instagram\"><\/i><\/span><\/a>\n<a href=\"https:\/\/www.facebook.com\/drfranklinpena\/\" aria-label=\"button with icon\" class=\"icon_bar  icon_bar_facebook icon_bar_2\" target=\"_blank\"><span class=\"t\"><i class=\"icon-facebook\"><\/i><\/span><span class=\"b\"><i class=\"icon-facebook\"><\/i><\/span><\/a>\n<a href=\"http:\/\/www.youtube.com\/user\/drfranklinpena\" aria-label=\"button with icon\" class=\"icon_bar  icon_bar_youtube icon_bar_2\" target=\"_blank\"><span class=\"t\"><i class=\"icon-youtube\"><\/i><\/span><span class=\"b\"><i class=\"icon-youtube\"><\/i><\/span><\/a>\n<a href=\"https:\/\/www.tiktok.com\/@drfranklinpena\" aria-label=\"button with icon\" class=\"icon_bar  icon_bar_flickr icon_bar_2\" target=\"_blank\"><span class=\"t\"><i class=\"fab fa-tiktok\"><\/i><\/span><span class=\"b\"><i class=\"fab fa-tiktok\"><\/i><\/span><\/a>\n[\/vc_column_text][\/vc_column][vc_column css=\u00bb.vc_custom_1647465523561{margin-bottom: 0px !important;padding-top: 0px !important;padding-bottom: 0px !important;background-image: url(https:\/\/www.drfranklinpena.com\/mywp\/wp-content\/uploads\/2022\/03\/IMG_2238b.jpg?id=7341) !important;background-position: center !important;background-repeat: no-repeat !important;background-size: cover !important;}\u00bb offset=\u00bbvc_col-lg-5 vc_col-md-6 vc_hidden-sm vc_hidden-xs\u00bb][vc_empty_space height=\u00bb60vh\u00bb][\/vc_column][\/vc_row][vc_row full_width=\u00bbstretch_row\u00bb css=\u00bb.vc_custom_1647465881081{padding-top: 3% !important;background-color: #f8f8f8 !important;}\u00bb][vc_column css=\u00bb.vc_custom_1647441192375{margin-bottom: 0px !important;padding-top: 5% !important;padding-bottom: 5% !important;}\u00bb][vc_row_inner][vc_column_inner width=\u00bb1\/4&#8243;]<div class=\"counter counter_vertical animate-math\"><div class=\"icon_wrapper\"><i class=\"icon-calendar-line\"  aria-hidden=\"true\"><\/i><\/div><div class=\"desc_wrapper\"><div class=\"number-wrapper\"><span class=\"number\" data-to=\"12\"  >12<\/span><span class=\"label postfix\">+<\/span><\/div><p class=\"title \">Years of Experience<\/p><\/div><\/div>\n[\/vc_column_inner][vc_column_inner width=\u00bb1\/4&#8243;]<div class=\"counter counter_vertical animate-math\"><div class=\"icon_wrapper\"><i class=\"icon-thumbs-up-line\"  aria-hidden=\"true\"><\/i><\/div><div class=\"desc_wrapper\"><div class=\"number-wrapper\"><span class=\"number\" data-to=\"3000\"  >3000<\/span><span class=\"label postfix\">+<\/span><\/div><p class=\"title \">Successful Surgical Procedures<\/p><\/div><\/div>\n[\/vc_column_inner][vc_column_inner width=\u00bb1\/4&#8243;]<div class=\"counter counter_vertical animate-math\"><div class=\"icon_wrapper\"><i class=\"icon-graduation-cap-line\"  aria-hidden=\"true\"><\/i><\/div><div class=\"desc_wrapper\"><div class=\"number-wrapper\"><span class=\"number\" data-to=\"13\"  >13<\/span><span class=\"label postfix\">+<\/span><\/div><p class=\"title \">Years of Formation<\/p><\/div><\/div>\n[\/vc_column_inner][vc_column_inner width=\u00bb1\/4&#8243;]<div class=\"counter counter_vertical animate-math\"><div class=\"icon_wrapper\"><i class=\"icon-clock-line\"  aria-hidden=\"true\"><\/i><\/div><div class=\"desc_wrapper\"><div class=\"number-wrapper\"><span class=\"number\" data-to=\"20000\"  >20000<\/span><span class=\"label postfix\">+<\/span><\/div><p class=\"title \">Hours of Surgery<\/p><\/div><\/div>\n[\/vc_column_inner][\/vc_row_inner][\/vc_column][\/vc_row]<\/p>\n<\/div>","protected":false},"excerpt":{"rendered":"<p><span class=\"excerpt-hellip\"> [\u2026]<\/span><\/p>\n","protected":false},"author":2,"featured_media":0,"parent":0,"menu_order":0,"comment_status":"closed","ping_status":"closed","template":"","meta":{"content-type":"","footnotes":""},"class_list":["post-1604","page","type-page","status-publish","hentry"],"yoast_head":"<!-- This site is optimized with the Yoast SEO plugin v27.2 - https:\/\/yoast.com\/product\/yoast-seo-wordpress\/ -->\n<title>Dr. Franklin Pe\u00f1a - Dr. Franklin Pe\u00f1a<\/title>\n<meta name=\"description\" content=\"Dr. Franklin Pe\u00f1a is a Plastic, Aesthetic and Reconstructive Surgeon, graduated from the Plastic Sugery School, Hospital Civil of Guadalajara, supported by the Iberolatin American Federation of Plastic Surgery (FILACP)\" \/>\n<meta name=\"robots\" content=\"index, follow, max-snippet:-1, max-image-preview:large, max-video-preview:-1\" \/>\n<link rel=\"canonical\" href=\"https:\/\/www.drfranklinpena.com\/mywp\/en\/dr-franklin-pena-en\/\" \/>\n<meta property=\"og:locale\" content=\"es_ES\" \/>\n<meta property=\"og:type\" content=\"article\" \/>\n<meta property=\"og:title\" content=\"Dr. Franklin Pe\u00f1a - Dr. Franklin Pe\u00f1a\" \/>\n<meta property=\"og:description\" content=\"Dr. Franklin Pe\u00f1a is a Plastic, Aesthetic and Reconstructive Surgeon, graduated from the Plastic Sugery School, Hospital Civil of Guadalajara, supported by the Iberolatin American Federation of Plastic Surgery (FILACP)\" \/>\n<meta property=\"og:url\" content=\"https:\/\/www.drfranklinpena.com\/mywp\/en\/dr-franklin-pena-en\/\" \/>\n<meta property=\"og:site_name\" content=\"Dr. Franklin Pe\u00f1a\" \/>\n<meta property=\"article:publisher\" content=\"https:\/\/www.facebook.com\/drfranklinpena\" \/>\n<meta property=\"article:modified_time\" content=\"2025-07-21T15:13:36+00:00\" \/>\n<meta property=\"og:image\" content=\"https:\/\/i0.wp.com\/www.drfranklinpena.com\/mywp\/wp-content\/uploads\/2025\/08\/Diseno-sin-titulo-51.jpg?fit=640%2C369&ssl=1\" \/>\n\t<meta property=\"og:image:width\" content=\"640\" \/>\n\t<meta property=\"og:image:height\" content=\"369\" \/>\n\t<meta property=\"og:image:type\" content=\"image\/jpeg\" \/>\n<meta name=\"twitter:card\" content=\"summary_large_image\" \/>\n<meta name=\"twitter:site\" content=\"@Dr_FranklinPena\" \/>\n<meta name=\"twitter:label1\" content=\"Tiempo de lectura\" \/>\n\t<meta name=\"twitter:data1\" content=\"3 minutos\" \/>\n<script type=\"application\/ld+json\" class=\"yoast-schema-graph\">{\"@context\":\"https:\/\/schema.org\",\"@graph\":[{\"@type\":\"WebPage\",\"@id\":\"https:\/\/www.drfranklinpena.com\/mywp\/en\/dr-franklin-pena-en\/\",\"url\":\"https:\/\/www.drfranklinpena.com\/mywp\/en\/dr-franklin-pena-en\/\",\"name\":\"Dr. Franklin Pe\u00f1a - Dr. Franklin Pe\u00f1a\",\"isPartOf\":{\"@id\":\"https:\/\/www.drfranklinpena.com\/mywp\/#website\"},\"datePublished\":\"2018-02-26T15:52:12+00:00\",\"dateModified\":\"2025-07-21T15:13:36+00:00\",\"description\":\"Dr. Franklin Pe\u00f1a is a Plastic, Aesthetic and Reconstructive Surgeon, graduated from the Plastic Sugery School, Hospital Civil of Guadalajara, supported by the Iberolatin American Federation of Plastic Surgery (FILACP)\",\"breadcrumb\":{\"@id\":\"https:\/\/www.drfranklinpena.com\/mywp\/en\/dr-franklin-pena-en\/#breadcrumb\"},\"inLanguage\":\"es\",\"potentialAction\":[{\"@type\":\"ReadAction\",\"target\":[\"https:\/\/www.drfranklinpena.com\/mywp\/en\/dr-franklin-pena-en\/\"]}]},{\"@type\":\"BreadcrumbList\",\"@id\":\"https:\/\/www.drfranklinpena.com\/mywp\/en\/dr-franklin-pena-en\/#breadcrumb\",\"itemListElement\":[{\"@type\":\"ListItem\",\"position\":1,\"name\":\"Portada\",\"item\":\"https:\/\/www.drfranklinpena.com\/\"},{\"@type\":\"ListItem\",\"position\":2,\"name\":\"Dr. Franklin Pe\u00f1a\"}]},{\"@type\":\"WebSite\",\"@id\":\"https:\/\/www.drfranklinpena.com\/mywp\/#website\",\"url\":\"https:\/\/www.drfranklinpena.com\/mywp\/\",\"name\":\"Dr. Franklin Pe\u00f1a\",\"description\":\"Cirug\u00eda Pl\u00e1stica, Est\u00e9tica y Reconstructiva | Resultados que cambian tu vida\",\"publisher\":{\"@id\":\"https:\/\/www.drfranklinpena.com\/mywp\/#organization\"},\"potentialAction\":[{\"@type\":\"SearchAction\",\"target\":{\"@type\":\"EntryPoint\",\"urlTemplate\":\"https:\/\/www.drfranklinpena.com\/mywp\/?s={search_term_string}\"},\"query-input\":{\"@type\":\"PropertyValueSpecification\",\"valueRequired\":true,\"valueName\":\"search_term_string\"}}],\"inLanguage\":\"es\"},{\"@type\":\"Organization\",\"@id\":\"https:\/\/www.drfranklinpena.com\/mywp\/#organization\",\"name\":\"Dr. Franklin Pe\u00f1a\",\"url\":\"https:\/\/www.drfranklinpena.com\/mywp\/\",\"logo\":{\"@type\":\"ImageObject\",\"inLanguage\":\"es\",\"@id\":\"https:\/\/www.drfranklinpena.com\/mywp\/#\/schema\/logo\/image\/\",\"url\":\"https:\/\/i0.wp.com\/www.drfranklinpena.com\/mywp\/wp-content\/uploads\/2021\/01\/ogimage2021.png?fit=640%2C369&ssl=1\",\"contentUrl\":\"https:\/\/i0.wp.com\/www.drfranklinpena.com\/mywp\/wp-content\/uploads\/2021\/01\/ogimage2021.png?fit=640%2C369&ssl=1\",\"width\":640,\"height\":369,\"caption\":\"Dr. Franklin Pe\u00f1a\"},\"image\":{\"@id\":\"https:\/\/www.drfranklinpena.com\/mywp\/#\/schema\/logo\/image\/\"},\"sameAs\":[\"https:\/\/www.facebook.com\/drfranklinpena\",\"https:\/\/x.com\/Dr_FranklinPena\",\"http:\/\/instagram.com\/drfranklinpena\/\",\"https:\/\/www.linkedin.com\/in\/franklin-pe\u00f1a-9b75a6141\/\",\"http:\/\/www.youtube.com\/user\/drfranklinpena\"]}]}<\/script>\n<!-- \/ Yoast SEO plugin. -->","yoast_head_json":{"title":"Dr. Franklin Pe\u00f1a - Dr. Franklin Pe\u00f1a","description":"Dr. Franklin Pe\u00f1a is a Plastic, Aesthetic and Reconstructive Surgeon, graduated from the Plastic Sugery School, Hospital Civil of Guadalajara, supported by the Iberolatin American Federation of Plastic Surgery (FILACP)","robots":{"index":"index","follow":"follow","max-snippet":"max-snippet:-1","max-image-preview":"max-image-preview:large","max-video-preview":"max-video-preview:-1"},"canonical":"https:\/\/www.drfranklinpena.com\/mywp\/en\/dr-franklin-pena-en\/","og_locale":"es_ES","og_type":"article","og_title":"Dr. Franklin Pe\u00f1a - Dr. Franklin Pe\u00f1a","og_description":"Dr. Franklin Pe\u00f1a is a Plastic, Aesthetic and Reconstructive Surgeon, graduated from the Plastic Sugery School, Hospital Civil of Guadalajara, supported by the Iberolatin American Federation of Plastic Surgery (FILACP)","og_url":"https:\/\/www.drfranklinpena.com\/mywp\/en\/dr-franklin-pena-en\/","og_site_name":"Dr. Franklin Pe\u00f1a","article_publisher":"https:\/\/www.facebook.com\/drfranklinpena","article_modified_time":"2025-07-21T15:13:36+00:00","og_image":[{"width":640,"height":369,"url":"https:\/\/i0.wp.com\/www.drfranklinpena.com\/mywp\/wp-content\/uploads\/2025\/08\/Diseno-sin-titulo-51.jpg?fit=640%2C369&ssl=1","type":"image\/jpeg"}],"twitter_card":"summary_large_image","twitter_site":"@Dr_FranklinPena","twitter_misc":{"Tiempo de lectura":"3 minutos"},"schema":{"@context":"https:\/\/schema.org","@graph":[{"@type":"WebPage","@id":"https:\/\/www.drfranklinpena.com\/mywp\/en\/dr-franklin-pena-en\/","url":"https:\/\/www.drfranklinpena.com\/mywp\/en\/dr-franklin-pena-en\/","name":"Dr. Franklin Pe\u00f1a - Dr. Franklin Pe\u00f1a","isPartOf":{"@id":"https:\/\/www.drfranklinpena.com\/mywp\/#website"},"datePublished":"2018-02-26T15:52:12+00:00","dateModified":"2025-07-21T15:13:36+00:00","description":"Dr. Franklin Pe\u00f1a is a Plastic, Aesthetic and Reconstructive Surgeon, graduated from the Plastic Sugery School, Hospital Civil of Guadalajara, supported by the Iberolatin American Federation of Plastic Surgery (FILACP)","breadcrumb":{"@id":"https:\/\/www.drfranklinpena.com\/mywp\/en\/dr-franklin-pena-en\/#breadcrumb"},"inLanguage":"es","potentialAction":[{"@type":"ReadAction","target":["https:\/\/www.drfranklinpena.com\/mywp\/en\/dr-franklin-pena-en\/"]}]},{"@type":"BreadcrumbList","@id":"https:\/\/www.drfranklinpena.com\/mywp\/en\/dr-franklin-pena-en\/#breadcrumb","itemListElement":[{"@type":"ListItem","position":1,"name":"Portada","item":"https:\/\/www.drfranklinpena.com\/"},{"@type":"ListItem","position":2,"name":"Dr. Franklin Pe\u00f1a"}]},{"@type":"WebSite","@id":"https:\/\/www.drfranklinpena.com\/mywp\/#website","url":"https:\/\/www.drfranklinpena.com\/mywp\/","name":"Dr. Franklin Pe\u00f1a","description":"Cirug\u00eda Pl\u00e1stica, Est\u00e9tica y Reconstructiva | Resultados que cambian tu vida","publisher":{"@id":"https:\/\/www.drfranklinpena.com\/mywp\/#organization"},"potentialAction":[{"@type":"SearchAction","target":{"@type":"EntryPoint","urlTemplate":"https:\/\/www.drfranklinpena.com\/mywp\/?s={search_term_string}"},"query-input":{"@type":"PropertyValueSpecification","valueRequired":true,"valueName":"search_term_string"}}],"inLanguage":"es"},{"@type":"Organization","@id":"https:\/\/www.drfranklinpena.com\/mywp\/#organization","name":"Dr. Franklin Pe\u00f1a","url":"https:\/\/www.drfranklinpena.com\/mywp\/","logo":{"@type":"ImageObject","inLanguage":"es","@id":"https:\/\/www.drfranklinpena.com\/mywp\/#\/schema\/logo\/image\/","url":"https:\/\/i0.wp.com\/www.drfranklinpena.com\/mywp\/wp-content\/uploads\/2021\/01\/ogimage2021.png?fit=640%2C369&ssl=1","contentUrl":"https:\/\/i0.wp.com\/www.drfranklinpena.com\/mywp\/wp-content\/uploads\/2021\/01\/ogimage2021.png?fit=640%2C369&ssl=1","width":640,"height":369,"caption":"Dr. Franklin Pe\u00f1a"},"image":{"@id":"https:\/\/www.drfranklinpena.com\/mywp\/#\/schema\/logo\/image\/"},"sameAs":["https:\/\/www.facebook.com\/drfranklinpena","https:\/\/x.com\/Dr_FranklinPena","http:\/\/instagram.com\/drfranklinpena\/","https:\/\/www.linkedin.com\/in\/franklin-pe\u00f1a-9b75a6141\/","http:\/\/www.youtube.com\/user\/drfranklinpena"]}]}},"jetpack_sharing_enabled":true,"_links":{"self":[{"href":"https:\/\/www.drfranklinpena.com\/mywp\/wp-json\/wp\/v2\/pages\/1604","targetHints":{"allow":["GET"]}}],"collection":[{"href":"https:\/\/www.drfranklinpena.com\/mywp\/wp-json\/wp\/v2\/pages"}],"about":[{"href":"https:\/\/www.drfranklinpena.com\/mywp\/wp-json\/wp\/v2\/types\/page"}],"author":[{"embeddable":true,"href":"https:\/\/www.drfranklinpena.com\/mywp\/wp-json\/wp\/v2\/users\/2"}],"replies":[{"embeddable":true,"href":"https:\/\/www.drfranklinpena.com\/mywp\/wp-json\/wp\/v2\/comments?post=1604"}],"version-history":[{"count":18,"href":"https:\/\/www.drfranklinpena.com\/mywp\/wp-json\/wp\/v2\/pages\/1604\/revisions"}],"predecessor-version":[{"id":9211,"href":"https:\/\/www.drfranklinpena.com\/mywp\/wp-json\/wp\/v2\/pages\/1604\/revisions\/9211"}],"wp:attachment":[{"href":"https:\/\/www.drfranklinpena.com\/mywp\/wp-json\/wp\/v2\/media?parent=1604"}],"curies":[{"name":"wp","href":"https:\/\/api.w.org\/{rel}","templated":true}]}}