{"id":1590,"date":"2018-02-26T11:34:12","date_gmt":"2018-02-26T15:34:12","guid":{"rendered":"http:\/\/www.drfranklinpena.com\/mywp\/?page_id=1590"},"modified":"2019-07-04T16:57:41","modified_gmt":"2019-07-04T20:57:41","slug":"privacy-policy","status":"publish","type":"page","link":"https:\/\/www.drfranklinpena.com\/mywp\/en\/privacy-policy\/","title":{"rendered":"Privacy policy"},"content":{"rendered":"<div class=\"wpb-content-wrapper\"><p>[vc_row css=\u00bb.vc_custom_1518468612456{padding-top: 60px !important;padding-bottom: 60px !important;}\u00bb][vc_column][vc_column_text]<\/p>\n<ol>\n<li>La presente pol\u00edtica de privacidad y sus condiciones, se formula en obediencia a la Constituci\u00f3n de la Rep\u00fablica Dominicana, la Ley N\u00fam. 172-13 de protecci\u00f3n integral de los datos personales de fecha 15 de diciembre de 2013; la Ley N\u00fam. 358-05 de protecci\u00f3n de los derechos del consumidor o usuario de fecha 26 de julio 2005, as\u00ed como, la Ley N\u00fam. 53-07 sobre Cr\u00edmenes y Delitos de Alta Tecnolog\u00eda de fecha 23 de abril de 2007.<\/li>\n<li>Al ingresar al sitio web DRFRANKLINPENA.COM el Usuario declara que est\u00e1 aceptando de forma expresa y absoluta los t\u00e9rminos y las condiciones contenidos en la presente pol\u00edtica de privacidad, y declara y otorga expresamente su condici\u00f3n y consentimiento, en virtud de lo dispuesto por el art\u00edculo 1134 del C\u00f3digo Civil de la Rep\u00fablica Dominicana.<\/li>\n<li>El Sitio DRFRANKLINPENA.COM ha adoptado las medidas de \u00edndole t\u00e9cnica y organizativa necesarias que garanticen la seguridad de los datos suministrados y eviten su alteraci\u00f3n, p\u00e9rdida, tratamiento, acceso no autorizado o distinto habida cuenta del estado de la tecnolog\u00eda, la naturaleza de los datos tanto almacenados, como objeto de tratamiento por parte de EL CENTRO y los riesgos a que est\u00e1n expuestos, ya provengan de la acci\u00f3n humana o del medio f\u00edsico o natural. Se adoptan medidas de \u00edndole t\u00e9cnico y organizativas que persiguen alcanzar los objetivos b\u00e1sicos en materia de seguridad, tales como: la confidencialidad, entendida como la limitaci\u00f3n de acceso a la informaci\u00f3n por personas no autorizadas; la integridad, entendida como el mantenimiento de informaci\u00f3n fiable y con calidad; y, la disponibilidad, entendida como la garant\u00eda de acceso al sistema de informaci\u00f3n por solicitud de un usuario autorizado.<\/li>\n<li>Por el simple hecho de visitar el Sitio DRFRANKLINPENA.COM no queda registrado de forma autom\u00e1tica ning\u00fan dato de car\u00e1cter personal que identifique a un Usuario. Sin embargo, existe determinada informaci\u00f3n de car\u00e1cter no personal y no identificable con un Usuario concreto que se recoge y queda grabada en los servidores de internet de EL CENTRO (por ejemplo, tipo de navegador de internet del Usuario, sistema operativo del Usuario, direcci\u00f3n IP desde la que se accede a las p\u00e1ginas del Sitio DRFRANKLINPENA.COM) con el objeto de mejorar la navegaci\u00f3n del Usuario y la gesti\u00f3n del Sitio DRFRANKLINPENA.COM.<\/li>\n<li>No obstante, para la utilizaci\u00f3n de determinados Contenidos o Servicios, EL CENTRO podr\u00e1 requerir del Usuario ciertos datos de car\u00e1cter personal. EL CENTRO proporcionar\u00e1 al Usuario la informaci\u00f3n necesaria para que, con car\u00e1cter previo, pueda prestar su consentimiento a fin de que EL CENTRO proceda al tratamiento de sus datos de car\u00e1cter personal y los incorpore a las correspondientes bases de datos titularidad de EL CENTRO.<\/li>\n<li>Los datos recabados a trav\u00e9s de los formularios de recogida de datos del Sitio DRFRANKLINPENA.COM.COM ser\u00e1n incorporados a un base de datos automatizado de datos de car\u00e1cter personal del que es responsable EL CENTRO. Esta entidad tratar\u00e1 los datos de forma confidencial y exclusivamente con la finalidad de gestionar la relaci\u00f3n con sus clientes y desarrollar las actividades profesionales de EL CENTRO. Asimismo, EL CENTRO cancelar\u00e1, borrar\u00e1 y\/o bloquear\u00e1 los datos cuando resulten inexactos, incompletos o hayan dejado de ser necesarios o pertinentes para su finalidad, de conformidad con lo previsto en la legislaci\u00f3n en materia de protecci\u00f3n de datos.<\/li>\n<li>El Usuario reconoce y acepta que el Sitio web DRFRANKLINPENA.COM.COM, no obtiene la informaci\u00f3n personal de manera autom\u00e1tica, sino que, requiere que el mismo usuario la proporcione de forma directa a trav\u00e9s del sitio web DRFRANKLINPENA.COM.COM. Para efectos de lo dispuesto en los presentes t\u00e9rminos y pol\u00edtica de privacidad, el Sitio web DRFRANKLINPENA.COM.COM, podr\u00e1 recabar y tratar, de manera enunciativa, mas no limitativa, la siguiente informaci\u00f3n concerniente a una persona f\u00edsica identificada o identificable: nombre, im\u00e1genes, n\u00famero telef\u00f3nico de contacto, domicilio particular o personal, correo electr\u00f3nico y, n\u00famero y tipo de tarjeta bancaria. Por la naturaleza del servicio prestado, el Sitio web DRFRANKLINPENA.COM.COM recibe, a solicitud del usuario, datos sensibles por lo que con la aceptaci\u00f3n de los presentes t\u00e9rminos, el usuario expresa su entera aceptaci\u00f3n.<\/li>\n<li>EL CENTRO informa al usuario que por la cumplimentaci\u00f3n del formulario adjunto de env\u00edo de datos y\/o suscripci\u00f3n y al pulsar el \u201cclick\u201d de \u201caceptar\u201d, el usuario autoriza a EL CENTRO al tratamiento de los datos personales que obran en el mismo. Tales datos personales ser\u00e1n incorporados a una base de datos, cuyo responsable y titular es EL CENTRO, con la finalidad de mantener con el usuario un v\u00ednculo informativo y profesional, as\u00ed como, promocional y desarrollar perfiles de usuarios, entendiendo que la cumplimentaci\u00f3n del formulario y aceptaci\u00f3n de condiciones implica su consentimiento para llevar a cabo dicho tratamiento y para mantener dicho v\u00ednculo informativo y profesional pudiendo dirigirle comunicaciones sobre productos y servicios que puedan resultar de su inter\u00e9s. La comunicaci\u00f3n y recolecci\u00f3n de datos pudiera resultar a trav\u00e9s de diversos medios incluso el telef\u00f3nico, mensajer\u00eda digital y electr\u00f3nico.<\/li>\n<li>En los formularios de recogida de datos, los campos se\u00f1alados con asterisco son obligatorios por lo que en caso de que el Usuario no facilite los datos correspondientes, EL CENTRO podr\u00e1 a su sola discreci\u00f3n denegar el correspondiente servicio.<\/li>\n<li>La presente pol\u00edtica de privacidad podr\u00e1 modificarse por EL CENTRO, en el tiempo y forma que \u00e9ste determine, quien notificar\u00e1 a los Usuarios dicha modificaci\u00f3n mediante env\u00edo de correo electr\u00f3nico a la cuenta proporcionada por el usuario al sitio web DRFRANKLINPENA.COM.COM.<\/li>\n<li>Si el Usuario desactiva o modifica la cuenta de correo electr\u00f3nico que proporcion\u00f3 al sitio web DRFRANKLINPENA.COM.COM, \u00e9ste no ser\u00e1 responsable de conocer la nueva direcci\u00f3n de correo electr\u00f3nico y ser\u00e1 absoluta responsabilidad del titular enviar una cuenta de correo electr\u00f3nico, para o\u00edr y recibir notificaciones. As\u00ed mismo, ser\u00e1 responsabilidad del Usuario revisar la presente Pol\u00edtica de Privacidad, la cual estar\u00e1 en todo momento actualizado. La no manifestaci\u00f3n de inconformidad por parte de los Usuarios representa su consentimiento t\u00e1cito y autorizaci\u00f3n al mismo en todos sus t\u00e9rminos.<\/li>\n<li>El Usuario podr\u00e1 revocar el consentimiento prestado y ejercer los derechos de acceso, rectificaci\u00f3n, cancelaci\u00f3n y oposici\u00f3n dirigi\u00e9ndose a tal efecto a la direcci\u00f3n de contacto se\u00f1alada en el sitio web DRFRANKLINPENA.COM.COM.<\/li>\n<li>EL CENTRO podr\u00e1 utilizar cookies durante la prestaci\u00f3n del servicio de sitio web DRFRANKLINPENA.COM.COM. Las cookies son procedimientos autom\u00e1ticos de recogida de informaci\u00f3n relativa a las preferencias determinadas por un usuario durante su visita a una determinada p\u00e1gina web. Esta informaci\u00f3n se registra en peque\u00f1os archivos que son guardados en los equipos inform\u00e1ticos del usuario correspondiente de forma imperceptible. Cada vez que el usuario vuelve a acceder al sitio web en cuesti\u00f3n estos archivos se activan autom\u00e1ticamente de manera que se configura el sitio web con las preferencias se\u00f1aladas en anteriores visitas. En definitiva, las cookies son base de datos f\u00edsicos de informaci\u00f3n personal alojados en el propio terminal del usuario y asociados inequ\u00edvocamente a este terminal. Las cookies no pueden leer los archivos cookie creados por otros proveedores.<\/li>\n<li>El Usuario tiene la posibilidad de configurar su programa navegador de manera que se impida la creaci\u00f3n de archivos cookie o se advierta del momento en que esto ocurre. El sitio web DRFRANKLINPENA.COM.COM es accesible sin necesidad de que est\u00e9n activadas las opciones referentes a los archivos cookie, si bien pueden impedir el correcto funcionamiento de mecanismos de seguridad para servicios exclusivos o determinados servicios que requieren de una mayor seguridad. Por norma general, la finalidad de los archivos cookie del sitio web es la de facilitar la navegaci\u00f3n del Usuario.<\/li>\n<li>Para el caso de que exista una disputa o controversia, derivada de la interpretaci\u00f3n, ejecuci\u00f3n o cumplimiento del contrato o aviso o de cualquiera de los documentos que del mismo se deriven, o que guarden relaci\u00f3n con \u00e9ste, las partes amigablemente, buscar\u00e1n llegar a un acuerdo dentro de un plazo de treinta (30) d\u00edas, contados a partir de la fecha en que surja cualquier diferencia y se notifique por escrito sobre dicho evento a la contraparte. En caso de que no se llegare a un acuerdo, ambas partes convienen en este acto en someter todas las desavenencias que deriven del contrato, de cualquiera de los documentos que del mismo se deriven, o que guarden relaci\u00f3n con \u00e9ste o con aqu\u00e9llos, ser\u00e1n resueltas de manera definitiva se someten a la competencia del Tribunal de Primera Instancia del Distrito Nacional, renunciando expresamente a cualquier fuero distinto que por razones de sus domicilios presentes o futuros pudieren corresponderles.<\/li>\n<li>Se hace de su conocimiento, para todos los efectos legales a que haya lugar, que la persona que recaba los datos personales que se obtienen a partir de la p\u00e1gina de internet cuya direcci\u00f3n es: WWW.DRFRANKLINPENA.COM, quien se\u00f1ala como su domicilio el ubicado en: N\u00fam. 56, calle Socorro S\u00e1nchez, Gascue, Santo Domingo, Distrito Nacional.<\/li>\n<\/ol>\n<p>[\/vc_column_text][\/vc_column][\/vc_row]<\/p>\n<\/div>","protected":false},"excerpt":{"rendered":"<p><span class=\"excerpt-hellip\"> [\u2026]<\/span><\/p>\n","protected":false},"author":2,"featured_media":0,"parent":0,"menu_order":0,"comment_status":"closed","ping_status":"closed","template":"","meta":{"content-type":"","footnotes":""},"class_list":["post-1590","page","type-page","status-publish","hentry"],"yoast_head":"<!-- This site is optimized with the Yoast SEO plugin v27.2 - https:\/\/yoast.com\/product\/yoast-seo-wordpress\/ -->\n<title>Privacy policy - Dr. Franklin Pe\u00f1a<\/title>\n<meta name=\"description\" content=\"This privacy policy and its conditions, is formulated in obedience to the Constitution of the Dominican Republic, Act No. 172-13 of comprehensive protection of personal data dated December 15, 2013\" \/>\n<meta name=\"robots\" content=\"index, follow, max-snippet:-1, max-image-preview:large, max-video-preview:-1\" \/>\n<link rel=\"canonical\" href=\"https:\/\/www.drfranklinpena.com\/mywp\/en\/privacy-policy\/\" \/>\n<meta property=\"og:locale\" content=\"es_ES\" \/>\n<meta property=\"og:type\" content=\"article\" \/>\n<meta property=\"og:title\" content=\"Privacy policy - Dr. Franklin Pe\u00f1a\" \/>\n<meta property=\"og:description\" content=\"This privacy policy and its conditions, is formulated in obedience to the Constitution of the Dominican Republic, Act No. 172-13 of comprehensive protection of personal data dated December 15, 2013\" \/>\n<meta property=\"og:url\" content=\"https:\/\/www.drfranklinpena.com\/mywp\/en\/privacy-policy\/\" \/>\n<meta property=\"og:site_name\" content=\"Dr. Franklin Pe\u00f1a\" \/>\n<meta property=\"article:publisher\" content=\"https:\/\/www.facebook.com\/drfranklinpena\" \/>\n<meta property=\"article:modified_time\" content=\"2019-07-04T20:57:41+00:00\" \/>\n<meta property=\"og:image\" content=\"https:\/\/i0.wp.com\/www.drfranklinpena.com\/mywp\/wp-content\/uploads\/2025\/08\/Diseno-sin-titulo-51.jpg?fit=640%2C369&ssl=1\" \/>\n\t<meta property=\"og:image:width\" content=\"640\" \/>\n\t<meta property=\"og:image:height\" content=\"369\" \/>\n\t<meta property=\"og:image:type\" content=\"image\/jpeg\" \/>\n<meta name=\"twitter:card\" content=\"summary_large_image\" \/>\n<meta name=\"twitter:site\" content=\"@Dr_FranklinPena\" \/>\n<meta name=\"twitter:label1\" content=\"Tiempo de lectura\" \/>\n\t<meta name=\"twitter:data1\" content=\"8 minutos\" \/>\n<script type=\"application\/ld+json\" class=\"yoast-schema-graph\">{\"@context\":\"https:\/\/schema.org\",\"@graph\":[{\"@type\":\"WebPage\",\"@id\":\"https:\/\/www.drfranklinpena.com\/mywp\/en\/privacy-policy\/\",\"url\":\"https:\/\/www.drfranklinpena.com\/mywp\/en\/privacy-policy\/\",\"name\":\"Privacy policy - Dr. Franklin Pe\u00f1a\",\"isPartOf\":{\"@id\":\"https:\/\/www.drfranklinpena.com\/mywp\/#website\"},\"datePublished\":\"2018-02-26T15:34:12+00:00\",\"dateModified\":\"2019-07-04T20:57:41+00:00\",\"description\":\"This privacy policy and its conditions, is formulated in obedience to the Constitution of the Dominican Republic, Act No. 172-13 of comprehensive protection of personal data dated December 15, 2013\",\"breadcrumb\":{\"@id\":\"https:\/\/www.drfranklinpena.com\/mywp\/en\/privacy-policy\/#breadcrumb\"},\"inLanguage\":\"es\",\"potentialAction\":[{\"@type\":\"ReadAction\",\"target\":[\"https:\/\/www.drfranklinpena.com\/mywp\/en\/privacy-policy\/\"]}]},{\"@type\":\"BreadcrumbList\",\"@id\":\"https:\/\/www.drfranklinpena.com\/mywp\/en\/privacy-policy\/#breadcrumb\",\"itemListElement\":[{\"@type\":\"ListItem\",\"position\":1,\"name\":\"Portada\",\"item\":\"https:\/\/www.drfranklinpena.com\/\"},{\"@type\":\"ListItem\",\"position\":2,\"name\":\"Privacy policy\"}]},{\"@type\":\"WebSite\",\"@id\":\"https:\/\/www.drfranklinpena.com\/mywp\/#website\",\"url\":\"https:\/\/www.drfranklinpena.com\/mywp\/\",\"name\":\"Dr. Franklin Pe\u00f1a\",\"description\":\"Cirug\u00eda Pl\u00e1stica, Est\u00e9tica y Reconstructiva | Resultados que cambian tu vida\",\"publisher\":{\"@id\":\"https:\/\/www.drfranklinpena.com\/mywp\/#organization\"},\"potentialAction\":[{\"@type\":\"SearchAction\",\"target\":{\"@type\":\"EntryPoint\",\"urlTemplate\":\"https:\/\/www.drfranklinpena.com\/mywp\/?s={search_term_string}\"},\"query-input\":{\"@type\":\"PropertyValueSpecification\",\"valueRequired\":true,\"valueName\":\"search_term_string\"}}],\"inLanguage\":\"es\"},{\"@type\":\"Organization\",\"@id\":\"https:\/\/www.drfranklinpena.com\/mywp\/#organization\",\"name\":\"Dr. Franklin Pe\u00f1a\",\"url\":\"https:\/\/www.drfranklinpena.com\/mywp\/\",\"logo\":{\"@type\":\"ImageObject\",\"inLanguage\":\"es\",\"@id\":\"https:\/\/www.drfranklinpena.com\/mywp\/#\/schema\/logo\/image\/\",\"url\":\"https:\/\/i0.wp.com\/www.drfranklinpena.com\/mywp\/wp-content\/uploads\/2021\/01\/ogimage2021.png?fit=640%2C369&ssl=1\",\"contentUrl\":\"https:\/\/i0.wp.com\/www.drfranklinpena.com\/mywp\/wp-content\/uploads\/2021\/01\/ogimage2021.png?fit=640%2C369&ssl=1\",\"width\":640,\"height\":369,\"caption\":\"Dr. Franklin Pe\u00f1a\"},\"image\":{\"@id\":\"https:\/\/www.drfranklinpena.com\/mywp\/#\/schema\/logo\/image\/\"},\"sameAs\":[\"https:\/\/www.facebook.com\/drfranklinpena\",\"https:\/\/x.com\/Dr_FranklinPena\",\"http:\/\/instagram.com\/drfranklinpena\/\",\"https:\/\/www.linkedin.com\/in\/franklin-pe\u00f1a-9b75a6141\/\",\"http:\/\/www.youtube.com\/user\/drfranklinpena\"]}]}<\/script>\n<!-- \/ Yoast SEO plugin. -->","yoast_head_json":{"title":"Privacy policy - Dr. Franklin Pe\u00f1a","description":"This privacy policy and its conditions, is formulated in obedience to the Constitution of the Dominican Republic, Act No. 172-13 of comprehensive protection of personal data dated December 15, 2013","robots":{"index":"index","follow":"follow","max-snippet":"max-snippet:-1","max-image-preview":"max-image-preview:large","max-video-preview":"max-video-preview:-1"},"canonical":"https:\/\/www.drfranklinpena.com\/mywp\/en\/privacy-policy\/","og_locale":"es_ES","og_type":"article","og_title":"Privacy policy - Dr. Franklin Pe\u00f1a","og_description":"This privacy policy and its conditions, is formulated in obedience to the Constitution of the Dominican Republic, Act No. 172-13 of comprehensive protection of personal data dated December 15, 2013","og_url":"https:\/\/www.drfranklinpena.com\/mywp\/en\/privacy-policy\/","og_site_name":"Dr. Franklin Pe\u00f1a","article_publisher":"https:\/\/www.facebook.com\/drfranklinpena","article_modified_time":"2019-07-04T20:57:41+00:00","og_image":[{"width":640,"height":369,"url":"https:\/\/i0.wp.com\/www.drfranklinpena.com\/mywp\/wp-content\/uploads\/2025\/08\/Diseno-sin-titulo-51.jpg?fit=640%2C369&ssl=1","type":"image\/jpeg"}],"twitter_card":"summary_large_image","twitter_site":"@Dr_FranklinPena","twitter_misc":{"Tiempo de lectura":"8 minutos"},"schema":{"@context":"https:\/\/schema.org","@graph":[{"@type":"WebPage","@id":"https:\/\/www.drfranklinpena.com\/mywp\/en\/privacy-policy\/","url":"https:\/\/www.drfranklinpena.com\/mywp\/en\/privacy-policy\/","name":"Privacy policy - Dr. Franklin Pe\u00f1a","isPartOf":{"@id":"https:\/\/www.drfranklinpena.com\/mywp\/#website"},"datePublished":"2018-02-26T15:34:12+00:00","dateModified":"2019-07-04T20:57:41+00:00","description":"This privacy policy and its conditions, is formulated in obedience to the Constitution of the Dominican Republic, Act No. 172-13 of comprehensive protection of personal data dated December 15, 2013","breadcrumb":{"@id":"https:\/\/www.drfranklinpena.com\/mywp\/en\/privacy-policy\/#breadcrumb"},"inLanguage":"es","potentialAction":[{"@type":"ReadAction","target":["https:\/\/www.drfranklinpena.com\/mywp\/en\/privacy-policy\/"]}]},{"@type":"BreadcrumbList","@id":"https:\/\/www.drfranklinpena.com\/mywp\/en\/privacy-policy\/#breadcrumb","itemListElement":[{"@type":"ListItem","position":1,"name":"Portada","item":"https:\/\/www.drfranklinpena.com\/"},{"@type":"ListItem","position":2,"name":"Privacy policy"}]},{"@type":"WebSite","@id":"https:\/\/www.drfranklinpena.com\/mywp\/#website","url":"https:\/\/www.drfranklinpena.com\/mywp\/","name":"Dr. Franklin Pe\u00f1a","description":"Cirug\u00eda Pl\u00e1stica, Est\u00e9tica y Reconstructiva | Resultados que cambian tu vida","publisher":{"@id":"https:\/\/www.drfranklinpena.com\/mywp\/#organization"},"potentialAction":[{"@type":"SearchAction","target":{"@type":"EntryPoint","urlTemplate":"https:\/\/www.drfranklinpena.com\/mywp\/?s={search_term_string}"},"query-input":{"@type":"PropertyValueSpecification","valueRequired":true,"valueName":"search_term_string"}}],"inLanguage":"es"},{"@type":"Organization","@id":"https:\/\/www.drfranklinpena.com\/mywp\/#organization","name":"Dr. Franklin Pe\u00f1a","url":"https:\/\/www.drfranklinpena.com\/mywp\/","logo":{"@type":"ImageObject","inLanguage":"es","@id":"https:\/\/www.drfranklinpena.com\/mywp\/#\/schema\/logo\/image\/","url":"https:\/\/i0.wp.com\/www.drfranklinpena.com\/mywp\/wp-content\/uploads\/2021\/01\/ogimage2021.png?fit=640%2C369&ssl=1","contentUrl":"https:\/\/i0.wp.com\/www.drfranklinpena.com\/mywp\/wp-content\/uploads\/2021\/01\/ogimage2021.png?fit=640%2C369&ssl=1","width":640,"height":369,"caption":"Dr. Franklin Pe\u00f1a"},"image":{"@id":"https:\/\/www.drfranklinpena.com\/mywp\/#\/schema\/logo\/image\/"},"sameAs":["https:\/\/www.facebook.com\/drfranklinpena","https:\/\/x.com\/Dr_FranklinPena","http:\/\/instagram.com\/drfranklinpena\/","https:\/\/www.linkedin.com\/in\/franklin-pe\u00f1a-9b75a6141\/","http:\/\/www.youtube.com\/user\/drfranklinpena"]}]}},"jetpack_sharing_enabled":true,"_links":{"self":[{"href":"https:\/\/www.drfranklinpena.com\/mywp\/wp-json\/wp\/v2\/pages\/1590","targetHints":{"allow":["GET"]}}],"collection":[{"href":"https:\/\/www.drfranklinpena.com\/mywp\/wp-json\/wp\/v2\/pages"}],"about":[{"href":"https:\/\/www.drfranklinpena.com\/mywp\/wp-json\/wp\/v2\/types\/page"}],"author":[{"embeddable":true,"href":"https:\/\/www.drfranklinpena.com\/mywp\/wp-json\/wp\/v2\/users\/2"}],"replies":[{"embeddable":true,"href":"https:\/\/www.drfranklinpena.com\/mywp\/wp-json\/wp\/v2\/comments?post=1590"}],"version-history":[{"count":1,"href":"https:\/\/www.drfranklinpena.com\/mywp\/wp-json\/wp\/v2\/pages\/1590\/revisions"}],"predecessor-version":[{"id":4409,"href":"https:\/\/www.drfranklinpena.com\/mywp\/wp-json\/wp\/v2\/pages\/1590\/revisions\/4409"}],"wp:attachment":[{"href":"https:\/\/www.drfranklinpena.com\/mywp\/wp-json\/wp\/v2\/media?parent=1590"}],"curies":[{"name":"wp","href":"https:\/\/api.w.org\/{rel}","templated":true}]}}