{"id":1584,"date":"2018-02-26T11:26:53","date_gmt":"2018-02-26T15:26:53","guid":{"rendered":"http:\/\/www.drfranklinpena.com\/mywp\/?page_id=1584"},"modified":"2020-12-04T10:08:03","modified_gmt":"2020-12-04T14:08:03","slug":"contacts","status":"publish","type":"page","link":"https:\/\/www.drfranklinpena.com\/mywp\/en\/contacts\/","title":{"rendered":"Contacts"},"content":{"rendered":"<div class=\"wpb-content-wrapper\"><p>[vc_row full_width=\u00bbstretch_row\u00bb css=\u00bb.vc_custom_1518547552585{padding-top: 30px !important;padding-bottom: 15px !important;background-color: #ffffff !important;}\u00bb][vc_column css=\u00bb.vc_custom_1518536564325{padding-top: 0px !important;}\u00bb][vc_row_inner equal_height=\u00bbyes\u00bb css=\u00bb.vc_custom_1518538091388{padding-top: 0px !important;padding-bottom: 0px !important;}\u00bb][vc_column_inner width=\u00bb1\/3&#8243; css=\u00bb.vc_custom_1518538043337{padding-bottom: 15px !important;}\u00bb]<div class=\"icon_box icon_position_left has_border\"><div class=\"icon_wrapper\"><div class=\"icon\"><i class=\"icon-location-line\" aria-hidden=\"true\"><\/i><\/div><\/div><div class=\"desc_wrapper\"><h4 class=\"title \">OFFICES<\/h4><div class=\"desc\"><strong>Santo Domingo<\/strong><br \/>\nPlastimedic. Calle S\u00f3crates Nolasco #4, Ens. Naco. Rep\u00fablica Dominicana<br \/>\n<strong>San Pedro de Macor\u00eds<\/strong><br \/>\nCl\u00ednica de Medicina Familiar Franklin Pe\u00f1a, Av. Mauricio B\u00e1ez #159. Rep\u00fablica Dominicana<\/div><\/div><\/div>\n[\/vc_column_inner][vc_column_inner width=\u00bb1\/3&#8243; css=\u00bb.vc_custom_1518538052754{padding-bottom: 15px !important;}\u00bb]<div class=\"icon_box icon_position_left has_border\"><div class=\"icon_wrapper\"><div class=\"icon\"><i class=\"icon-mobile-line\" aria-hidden=\"true\"><\/i><\/div><\/div><div class=\"desc_wrapper\"><h4 class=\"title \">PHONES<\/h4><div class=\"desc\"><strong>Santo Domingo<\/strong><br \/>\n809.535.6060<br \/>\n<strong>San Pedro de Macor\u00eds<\/strong><br \/>\n809.246.3873<\/div><\/div><\/div>\n[\/vc_column_inner][vc_column_inner width=\u00bb1\/3&#8243; css=\u00bb.vc_custom_1518538062892{padding-bottom: 15px !important;}\u00bb]<div class=\"icon_box icon_position_left no_border\"><div class=\"icon_wrapper\"><div class=\"icon\"><i class=\"icon-comment-line\" aria-hidden=\"true\"><\/i><\/div><\/div><div class=\"desc_wrapper\"><h4 class=\"title \">TEXT US<\/h4><div class=\"desc\"><strong>Whatsapp<\/strong><br \/>\n829.471.5842<br \/>\n<strong>Email<\/strong><br \/>\ninfo@drfranklinpena.com<\/div><\/div><\/div>\n[\/vc_column_inner][\/vc_row_inner][\/vc_column][\/vc_row][vc_row full_width=\u00bbstretch_row\u00bb disable_element=\u00bbyes\u00bb css=\u00bb.vc_custom_1563564300093{border-top-width: 1px !important;border-bottom-width: 1px !important;padding-top: 0px !important;padding-bottom: 0px !important;background-image: url(https:\/\/www.drfranklinpena.com\/mywp\/wp-content\/uploads\/2018\/02\/Clinica-EGS-2-2.jpg?id=1508) !important;background-position: center !important;background-repeat: no-repeat !important;background-size: cover !important;border-top-color: #eaeaea !important;border-top-style: solid !important;border-bottom-color: #eaeaea !important;border-bottom-style: solid !important;}\u00bb][vc_column css=\u00bb.vc_custom_1518537452269{padding-top: 0px !important;padding-bottom: 0px !important;}\u00bb][vc_row_inner equal_height=\u00bbyes\u00bb css=\u00bb.vc_custom_1519325966140{border-top-width: 0px !important;border-bottom-width: 0px !important;padding-top: 0px !important;padding-bottom: 0px !important;}\u00bb][vc_column_inner width=\u00bb1\/2&#8243; css=\u00bb.vc_custom_1538057815308{margin-bottom: 0px !important;padding-top: 0px !important;padding-bottom: 0px !important;background-image: url(https:\/\/www.drfranklinpena.com\/mywp\/wp-content\/uploads\/2018\/08\/doctor01b.png?id=3365) !important;background-position: center !important;background-repeat: no-repeat !important;background-size: cover !important;}\u00bb offset=\u00bbvc_col-lg-offset-0 vc_col-lg-4 vc_col-md-offset-0 vc_col-md-4 vc_col-sm-offset-0 vc_hidden-xs\u00bb][\/vc_column_inner][vc_column_inner width=\u00bb1\/2&#8243; css=\u00bb.vc_custom_1519326914562{border-top-width: 0px !important;border-right-width: 1px !important;border-bottom-width: 0px !important;border-left-width: 1px !important;padding-top: 30px !important;padding-right: 5% !important;padding-bottom: 30px !important;padding-left: 5% !important;background-color: rgba(255,255,255,0.9) !important;*background-color: rgb(255,255,255) !important;border-left-color: rgba(0,0,0,0.08) !important;border-left-style: solid !important;border-right-color: rgba(0,0,0,0.08) !important;border-right-style: solid !important;border-top-color: rgba(0,0,0,0.08) !important;border-top-style: solid !important;border-bottom-color: rgba(0,0,0,0.08) !important;border-bottom-style: solid !important;}\u00bb offset=\u00bbvc_col-lg-8 vc_col-md-8 vc_col-xs-12&#8243;][vc_custom_heading text=\u00bbGET IN TOUCH\u00bb font_container=\u00bbtag:h6|font_size:0.933rem|text_align:left|color:%23e80e97|line_height:1.2em\u00bb use_theme_fonts=\u00bbyes\u00bb css_animation=\u00bbfadeInUp\u00bb][vc_custom_heading text=\u00bbLEAVE US A MESSAGE\u00bb font_container=\u00bbtag:h3|font_size:2.2rem|text_align:left|color:%23333333|line_height:1.2em\u00bb use_theme_fonts=\u00bbyes\u00bb css_animation=\u00bbfadeInUp\u00bb][vc_separator color=\u00bbcustom\u00bb align=\u00bbalign_left\u00bb border_width=\u00bb2&#8243; el_width=\u00bb30&#8243; css_animation=\u00bbfadeInLeft\u00bb accent_color=\u00bb#e80e97&#8243; css=\u00bb.vc_custom_1538057788932{margin-bottom: 25px !important;}\u00bb][vc_column_text css=\u00bb.vc_custom_1538081292013{margin-bottom: 35px !important;}\u00bb]Want an estimated <strong><a href=\"https:\/\/www.drfranklinpena.com\/en\/consult\/\">BUDGET<\/a><\/strong> for your plastic surgery? Request now by clicking <strong><a href=\"https:\/\/www.drfranklinpena.com\/en\/consult\/\">here.<\/a><\/strong>[\/vc_column_text][vc_column_text css=\u00bb.vc_custom_1538081300572{margin-bottom: 35px !important;}\u00bb]If you want to SCHEDULE AN APPOINTMENT, complete the following form with your info and the day of your interests. Just remember to contact us at 809. 535.6060 the day before the appointment to confirm your attendance.[\/vc_column_text][\/vc_column_inner][\/vc_row_inner][\/vc_column][\/vc_row][vc_row full_width=\u00bbstretch_row_content_no_spaces\u00bb css=\u00bb.vc_custom_1518209059705{margin-bottom: 0px !important;padding-top: 0px !important;padding-bottom: 0px !important;}\u00bb][vc_column css=\u00bb.vc_custom_1518209066855{margin-bottom: 0px !important;padding-top: 0px !important;padding-bottom: 0px !important;}\u00bb]<div class=\"google-map-wrapper no_border\"><div class=\"google-map-contact-wrapper style-box\"><div class=\"get_in_touch\"><h3>Dr. Franklin Pe\u00f1a<\/h3><div class=\"get_in_touch_wrapper\"><ul><li class=\"address\"><span class=\"icon\"><i class=\"icon-location\"><\/i><\/span><span class=\"address_wrapper\">Plastimedic. S\u00f3crates Nolasco ST. No. 4,<br \/>\nEnsanche Naco, Santo Domingo.<\/span><\/li><li class=\"phone\"><span class=\"icon\"><i class=\"icon-phone\"><\/i><\/span><p><a href=\"tel:809.535.6060\">809.535.6060<\/a><\/p><\/li><li class=\"mail\"><span class=\"icon\"><i class=\"icon-mail\"><\/i><\/span><p><a href=\"mailto:info@drfranklinpena.com\">info@drfranklinpena.com<\/a><\/p><\/li><\/ul><\/div><\/div><\/div><div class=\"google-map\" id=\"google-map-area-69ea47896fc5c\" style=\"width:100%; height:400px; \">&nbsp;<\/div><\/div>\n[\/vc_column][\/vc_row]<\/p>\n<\/div>","protected":false},"excerpt":{"rendered":"<p><span class=\"excerpt-hellip\"> [\u2026]<\/span><\/p>\n","protected":false},"author":2,"featured_media":0,"parent":0,"menu_order":0,"comment_status":"closed","ping_status":"closed","template":"","meta":{"content-type":"","footnotes":""},"class_list":["post-1584","page","type-page","status-publish","hentry"],"yoast_head":"<!-- This site is optimized with the Yoast SEO plugin v27.2 - https:\/\/yoast.com\/product\/yoast-seo-wordpress\/ -->\n<title>Contacts - Dr. Franklin Pe\u00f1a<\/title>\n<meta name=\"description\" content=\"Dr. Franklin Pe\u00f1a contacts. Plastimedic. Calle S\u00f3crates Nolasco No. 4,Ensanche Naco, Santo Domingo. Phone: 809.535.6060 Whatsapp: 829.471.5842 Email: info@drfranklinpena.com\" \/>\n<meta name=\"robots\" content=\"index, follow, max-snippet:-1, max-image-preview:large, max-video-preview:-1\" \/>\n<link rel=\"canonical\" href=\"https:\/\/www.drfranklinpena.com\/mywp\/en\/contacts\/\" \/>\n<meta property=\"og:locale\" content=\"es_ES\" \/>\n<meta property=\"og:type\" content=\"article\" \/>\n<meta property=\"og:title\" content=\"Contacts - Dr. Franklin Pe\u00f1a\" \/>\n<meta property=\"og:description\" content=\"Dr. Franklin Pe\u00f1a contacts. Plastimedic. Calle S\u00f3crates Nolasco No. 4,Ensanche Naco, Santo Domingo. Phone: 809.535.6060 Whatsapp: 829.471.5842 Email: info@drfranklinpena.com\" \/>\n<meta property=\"og:url\" content=\"https:\/\/www.drfranklinpena.com\/mywp\/en\/contacts\/\" \/>\n<meta property=\"og:site_name\" content=\"Dr. Franklin Pe\u00f1a\" \/>\n<meta property=\"article:publisher\" content=\"https:\/\/www.facebook.com\/drfranklinpena\" \/>\n<meta property=\"article:modified_time\" content=\"2020-12-04T14:08:03+00:00\" \/>\n<meta property=\"og:image\" content=\"https:\/\/i0.wp.com\/www.drfranklinpena.com\/mywp\/wp-content\/uploads\/2025\/08\/Diseno-sin-titulo-51.jpg?fit=640%2C369&ssl=1\" \/>\n\t<meta property=\"og:image:width\" content=\"640\" \/>\n\t<meta property=\"og:image:height\" content=\"369\" \/>\n\t<meta property=\"og:image:type\" content=\"image\/jpeg\" \/>\n<meta name=\"twitter:card\" content=\"summary_large_image\" \/>\n<meta name=\"twitter:site\" content=\"@Dr_FranklinPena\" \/>\n<meta name=\"twitter:label1\" content=\"Tiempo de lectura\" \/>\n\t<meta name=\"twitter:data1\" content=\"3 minutos\" \/>\n<script type=\"application\/ld+json\" class=\"yoast-schema-graph\">{\"@context\":\"https:\/\/schema.org\",\"@graph\":[{\"@type\":\"WebPage\",\"@id\":\"https:\/\/www.drfranklinpena.com\/mywp\/en\/contacts\/\",\"url\":\"https:\/\/www.drfranklinpena.com\/mywp\/en\/contacts\/\",\"name\":\"Contacts - Dr. Franklin Pe\u00f1a\",\"isPartOf\":{\"@id\":\"https:\/\/www.drfranklinpena.com\/mywp\/#website\"},\"datePublished\":\"2018-02-26T15:26:53+00:00\",\"dateModified\":\"2020-12-04T14:08:03+00:00\",\"description\":\"Dr. Franklin Pe\u00f1a contacts. Plastimedic. Calle S\u00f3crates Nolasco No. 4,Ensanche Naco, Santo Domingo. Phone: 809.535.6060 Whatsapp: 829.471.5842 Email: info@drfranklinpena.com\",\"breadcrumb\":{\"@id\":\"https:\/\/www.drfranklinpena.com\/mywp\/en\/contacts\/#breadcrumb\"},\"inLanguage\":\"es\",\"potentialAction\":[{\"@type\":\"ReadAction\",\"target\":[\"https:\/\/www.drfranklinpena.com\/mywp\/en\/contacts\/\"]}]},{\"@type\":\"BreadcrumbList\",\"@id\":\"https:\/\/www.drfranklinpena.com\/mywp\/en\/contacts\/#breadcrumb\",\"itemListElement\":[{\"@type\":\"ListItem\",\"position\":1,\"name\":\"Portada\",\"item\":\"https:\/\/www.drfranklinpena.com\/\"},{\"@type\":\"ListItem\",\"position\":2,\"name\":\"Contacts\"}]},{\"@type\":\"WebSite\",\"@id\":\"https:\/\/www.drfranklinpena.com\/mywp\/#website\",\"url\":\"https:\/\/www.drfranklinpena.com\/mywp\/\",\"name\":\"Dr. Franklin Pe\u00f1a\",\"description\":\"Cirug\u00eda Pl\u00e1stica, Est\u00e9tica y Reconstructiva | Resultados que cambian tu vida\",\"publisher\":{\"@id\":\"https:\/\/www.drfranklinpena.com\/mywp\/#organization\"},\"potentialAction\":[{\"@type\":\"SearchAction\",\"target\":{\"@type\":\"EntryPoint\",\"urlTemplate\":\"https:\/\/www.drfranklinpena.com\/mywp\/?s={search_term_string}\"},\"query-input\":{\"@type\":\"PropertyValueSpecification\",\"valueRequired\":true,\"valueName\":\"search_term_string\"}}],\"inLanguage\":\"es\"},{\"@type\":\"Organization\",\"@id\":\"https:\/\/www.drfranklinpena.com\/mywp\/#organization\",\"name\":\"Dr. Franklin Pe\u00f1a\",\"url\":\"https:\/\/www.drfranklinpena.com\/mywp\/\",\"logo\":{\"@type\":\"ImageObject\",\"inLanguage\":\"es\",\"@id\":\"https:\/\/www.drfranklinpena.com\/mywp\/#\/schema\/logo\/image\/\",\"url\":\"https:\/\/i0.wp.com\/www.drfranklinpena.com\/mywp\/wp-content\/uploads\/2021\/01\/ogimage2021.png?fit=640%2C369&ssl=1\",\"contentUrl\":\"https:\/\/i0.wp.com\/www.drfranklinpena.com\/mywp\/wp-content\/uploads\/2021\/01\/ogimage2021.png?fit=640%2C369&ssl=1\",\"width\":640,\"height\":369,\"caption\":\"Dr. Franklin Pe\u00f1a\"},\"image\":{\"@id\":\"https:\/\/www.drfranklinpena.com\/mywp\/#\/schema\/logo\/image\/\"},\"sameAs\":[\"https:\/\/www.facebook.com\/drfranklinpena\",\"https:\/\/x.com\/Dr_FranklinPena\",\"http:\/\/instagram.com\/drfranklinpena\/\",\"https:\/\/www.linkedin.com\/in\/franklin-pe\u00f1a-9b75a6141\/\",\"http:\/\/www.youtube.com\/user\/drfranklinpena\"]}]}<\/script>\n<!-- \/ Yoast SEO plugin. -->","yoast_head_json":{"title":"Contacts - Dr. Franklin Pe\u00f1a","description":"Dr. Franklin Pe\u00f1a contacts. Plastimedic. Calle S\u00f3crates Nolasco No. 4,Ensanche Naco, Santo Domingo. Phone: 809.535.6060 Whatsapp: 829.471.5842 Email: info@drfranklinpena.com","robots":{"index":"index","follow":"follow","max-snippet":"max-snippet:-1","max-image-preview":"max-image-preview:large","max-video-preview":"max-video-preview:-1"},"canonical":"https:\/\/www.drfranklinpena.com\/mywp\/en\/contacts\/","og_locale":"es_ES","og_type":"article","og_title":"Contacts - Dr. Franklin Pe\u00f1a","og_description":"Dr. Franklin Pe\u00f1a contacts. Plastimedic. Calle S\u00f3crates Nolasco No. 4,Ensanche Naco, Santo Domingo. Phone: 809.535.6060 Whatsapp: 829.471.5842 Email: info@drfranklinpena.com","og_url":"https:\/\/www.drfranklinpena.com\/mywp\/en\/contacts\/","og_site_name":"Dr. Franklin Pe\u00f1a","article_publisher":"https:\/\/www.facebook.com\/drfranklinpena","article_modified_time":"2020-12-04T14:08:03+00:00","og_image":[{"width":640,"height":369,"url":"https:\/\/i0.wp.com\/www.drfranklinpena.com\/mywp\/wp-content\/uploads\/2025\/08\/Diseno-sin-titulo-51.jpg?fit=640%2C369&ssl=1","type":"image\/jpeg"}],"twitter_card":"summary_large_image","twitter_site":"@Dr_FranklinPena","twitter_misc":{"Tiempo de lectura":"3 minutos"},"schema":{"@context":"https:\/\/schema.org","@graph":[{"@type":"WebPage","@id":"https:\/\/www.drfranklinpena.com\/mywp\/en\/contacts\/","url":"https:\/\/www.drfranklinpena.com\/mywp\/en\/contacts\/","name":"Contacts - Dr. Franklin Pe\u00f1a","isPartOf":{"@id":"https:\/\/www.drfranklinpena.com\/mywp\/#website"},"datePublished":"2018-02-26T15:26:53+00:00","dateModified":"2020-12-04T14:08:03+00:00","description":"Dr. Franklin Pe\u00f1a contacts. Plastimedic. Calle S\u00f3crates Nolasco No. 4,Ensanche Naco, Santo Domingo. Phone: 809.535.6060 Whatsapp: 829.471.5842 Email: info@drfranklinpena.com","breadcrumb":{"@id":"https:\/\/www.drfranklinpena.com\/mywp\/en\/contacts\/#breadcrumb"},"inLanguage":"es","potentialAction":[{"@type":"ReadAction","target":["https:\/\/www.drfranklinpena.com\/mywp\/en\/contacts\/"]}]},{"@type":"BreadcrumbList","@id":"https:\/\/www.drfranklinpena.com\/mywp\/en\/contacts\/#breadcrumb","itemListElement":[{"@type":"ListItem","position":1,"name":"Portada","item":"https:\/\/www.drfranklinpena.com\/"},{"@type":"ListItem","position":2,"name":"Contacts"}]},{"@type":"WebSite","@id":"https:\/\/www.drfranklinpena.com\/mywp\/#website","url":"https:\/\/www.drfranklinpena.com\/mywp\/","name":"Dr. Franklin Pe\u00f1a","description":"Cirug\u00eda Pl\u00e1stica, Est\u00e9tica y Reconstructiva | Resultados que cambian tu vida","publisher":{"@id":"https:\/\/www.drfranklinpena.com\/mywp\/#organization"},"potentialAction":[{"@type":"SearchAction","target":{"@type":"EntryPoint","urlTemplate":"https:\/\/www.drfranklinpena.com\/mywp\/?s={search_term_string}"},"query-input":{"@type":"PropertyValueSpecification","valueRequired":true,"valueName":"search_term_string"}}],"inLanguage":"es"},{"@type":"Organization","@id":"https:\/\/www.drfranklinpena.com\/mywp\/#organization","name":"Dr. Franklin Pe\u00f1a","url":"https:\/\/www.drfranklinpena.com\/mywp\/","logo":{"@type":"ImageObject","inLanguage":"es","@id":"https:\/\/www.drfranklinpena.com\/mywp\/#\/schema\/logo\/image\/","url":"https:\/\/i0.wp.com\/www.drfranklinpena.com\/mywp\/wp-content\/uploads\/2021\/01\/ogimage2021.png?fit=640%2C369&ssl=1","contentUrl":"https:\/\/i0.wp.com\/www.drfranklinpena.com\/mywp\/wp-content\/uploads\/2021\/01\/ogimage2021.png?fit=640%2C369&ssl=1","width":640,"height":369,"caption":"Dr. Franklin Pe\u00f1a"},"image":{"@id":"https:\/\/www.drfranklinpena.com\/mywp\/#\/schema\/logo\/image\/"},"sameAs":["https:\/\/www.facebook.com\/drfranklinpena","https:\/\/x.com\/Dr_FranklinPena","http:\/\/instagram.com\/drfranklinpena\/","https:\/\/www.linkedin.com\/in\/franklin-pe\u00f1a-9b75a6141\/","http:\/\/www.youtube.com\/user\/drfranklinpena"]}]}},"jetpack_sharing_enabled":true,"_links":{"self":[{"href":"https:\/\/www.drfranklinpena.com\/mywp\/wp-json\/wp\/v2\/pages\/1584","targetHints":{"allow":["GET"]}}],"collection":[{"href":"https:\/\/www.drfranklinpena.com\/mywp\/wp-json\/wp\/v2\/pages"}],"about":[{"href":"https:\/\/www.drfranklinpena.com\/mywp\/wp-json\/wp\/v2\/types\/page"}],"author":[{"embeddable":true,"href":"https:\/\/www.drfranklinpena.com\/mywp\/wp-json\/wp\/v2\/users\/2"}],"replies":[{"embeddable":true,"href":"https:\/\/www.drfranklinpena.com\/mywp\/wp-json\/wp\/v2\/comments?post=1584"}],"version-history":[{"count":12,"href":"https:\/\/www.drfranklinpena.com\/mywp\/wp-json\/wp\/v2\/pages\/1584\/revisions"}],"predecessor-version":[{"id":5698,"href":"https:\/\/www.drfranklinpena.com\/mywp\/wp-json\/wp\/v2\/pages\/1584\/revisions\/5698"}],"wp:attachment":[{"href":"https:\/\/www.drfranklinpena.com\/mywp\/wp-json\/wp\/v2\/media?parent=1584"}],"curies":[{"name":"wp","href":"https:\/\/api.w.org\/{rel}","templated":true}]}}