{"id":14,"date":"2018-01-25T10:19:56","date_gmt":"2018-01-25T14:19:56","guid":{"rendered":"http:\/\/www.drfranklinpena.com\/mywp\/?page_id=14"},"modified":"2024-03-12T10:39:04","modified_gmt":"2024-03-12T14:39:04","slug":"consulta","status":"publish","type":"page","link":"https:\/\/www.drfranklinpena.com\/mywp\/consulta\/","title":{"rendered":"Consulta en l\u00ednea"},"content":{"rendered":"<div class=\"wpb-content-wrapper\"><p>[vc_row css=\u00bb.vc_custom_1553977656438{padding-top: 60px !important;padding-bottom: 60px !important;}\u00bb][vc_column][vc_row_inner css=\u00bb.vc_custom_1532127978613{margin-bottom: 0px !important;}\u00bb][vc_column_inner css=\u00bb.vc_custom_1520285873482{margin-bottom: 0px !important;}\u00bb][vc_custom_heading text=\u00bbSOLICITA TU PRESUPUESTO COMPLETANDO EL SIGUIENTE FORMULARIO\u00bb font_container=\u00bbtag:h3|font_size:1.2rem|text_align:center|line_height:1.2em\u00bb google_fonts=\u00bbfont_family:Roboto%3A100%2C100italic%2C300%2C300italic%2Cregular%2Citalic%2C500%2C500italic%2C700%2C700italic%2C900%2C900italic|font_style:500%20bold%20regular%3A500%3Anormal\u00bb css=\u00bb.vc_custom_1525290305906{margin-bottom: 30px !important;}\u00bb][\/vc_column_inner][\/vc_row_inner][vc_row_inner css=\u00bb.vc_custom_1617820189254{margin-bottom: 0px !important;}\u00bb el_class=\u00bbvc_hidden-sm vc_hidden-xs\u00bb][vc_column_inner width=\u00bb1\/2&#8243; css=\u00bb.vc_custom_1525291650348{margin-bottom: 0px !important;padding-top: 0px !important;padding-bottom: 0px !important;}\u00bb offset=\u00bbvc_col-lg-3 vc_col-md-3 vc_col-xs-6&#8243;]<div class=\"how_it_works  has_border no-img\"><div class=\"image_wrapper\"><div class=\"image\"><\/div><span class=\"number\">1<\/span><\/div><h4 class=\"title \">Contactos<\/h4><div class=\"desc\">Completa con tus datos los campos de contactos<\/div><\/div>\n[\/vc_column_inner][vc_column_inner width=\u00bb1\/2&#8243; css=\u00bb.vc_custom_1525291665853{padding-top: 0px !important;padding-bottom: 0px !important;}\u00bb offset=\u00bbvc_col-lg-3 vc_col-md-3 vc_col-xs-6&#8243;]<div class=\"how_it_works  has_border no-img\"><div class=\"image_wrapper\"><div class=\"image\"><\/div><span class=\"number\">2<\/span><\/div><h4 class=\"title \">Pre-evaluaci\u00f3n<\/h4><div class=\"desc\">Contesta las preguntas de pre-evaluaci\u00f3n<\/div><\/div>\n[\/vc_column_inner][vc_column_inner width=\u00bb1\/2&#8243; css=\u00bb.vc_custom_1525291713739{padding-top: 0px !important;padding-bottom: 0px !important;}\u00bb offset=\u00bbvc_col-lg-3 vc_col-md-3 vc_col-xs-6&#8243;]<div class=\"how_it_works  has_border no-img\"><div class=\"image_wrapper\"><div class=\"image\"><\/div><span class=\"number\">3<\/span><\/div><h4 class=\"title \">Procedimientos<\/h4><div class=\"desc\">Selecciona el o los procedimientos que desees consultar<\/div><\/div>\n[\/vc_column_inner][vc_column_inner width=\u00bb1\/2&#8243; css=\u00bb.vc_custom_1525291706865{padding-top: 0px !important;padding-bottom: 0px !important;}\u00bb offset=\u00bbvc_col-lg-3 vc_col-md-3 vc_col-xs-6&#8243;]<div class=\"how_it_works  has_border no-img\"><div class=\"image_wrapper\"><div class=\"image\"><\/div><span class=\"number\">4<\/span><\/div><h4 class=\"title \">Fotos<\/h4><div class=\"desc\">Adjunta las fotos requeridas para la evaluaci\u00f3n<\/div><\/div>\n[\/vc_column_inner][\/vc_row_inner][vc_row_inner css=\u00bb.vc_custom_1617820211999{margin-bottom: 50px !important;padding-top: 5px !important;padding-right: 5px !important;padding-bottom: 5px !important;padding-left: 5px !important;background-color: #f3f3f3 !important;border-radius: 5px !important;}\u00bb el_class=\u00bbvc_hidden-sm vc_hidden-xs\u00bb][vc_column_inner css=\u00bb.vc_custom_1520285873482{margin-bottom: 0px !important;}\u00bb]<div class=\"icon_box icon_position_left has_border\"><div class=\"icon_wrapper\"><div class=\"icon\"><i class=\"icon-info\" aria-hidden=\"true\"><\/i><\/div><\/div><div class=\"desc_wrapper\"><h4 class=\"title \">--Recomendamos que utilices un correo @gmail.com.<\/h4><div class=\"desc\">En caso de utilizar @hotmail.com o cualquier otro, debes revisar la carpeta de correo no deseado o spam, ya que la respuesta la recibir\u00e1s ahi.<\/div><\/div><\/div>\n[\/vc_column_inner][\/vc_row_inner][vc_row_inner css=\u00bb.vc_custom_1532127966678{margin-bottom: 0px !important;}\u00bb][vc_column_inner css=\u00bb.vc_custom_1525293974197{margin-bottom: 0px !important;padding-top: 0px !important;padding-bottom: 0px !important;}\u00bb][vc_raw_html el_class=\u00bbhbspt-form-presupuesto\u00bb css=\u00bb.vc_custom_1578410904850{margin-bottom: 0px !important;}\u00bb]JTNDc2NyaXB0JTIwY2hhcnNldCUzRCUyMnV0Zi04JTIyJTIwdHlwZSUzRCUyMnRleHQlMkZqYXZhc2NyaXB0JTIyJTIwc3JjJTNEJTIyJTJGJTJGanMuaHNmb3Jtcy5uZXQlMkZmb3JtcyUyRnNoZWxsLmpzJTIyJTNFJTNDJTJGc2NyaXB0JTNFJTBBJTNDc2NyaXB0JTNFJTBBJTIwaGJzcHQuZm9ybXMuY3JlYXRlJTI4JTdCJTBBcG9ydGFsSWQlM0ElMjAlMjIzNDQxMTMyJTIyJTJDJTBBZm9ybUlkJTNBJTIwJTIyN2IyMzc0MWYtNTRmMi00NjI0LTg5MzUtYTM0MTBmMWUyMzE4JTIyJTBBJTdEJTI5JTNCJTBBJTNDJTJGc2NyaXB0JTNF[\/vc_raw_html][\/vc_column_inner][\/vc_row_inner][vc_row_inner css=\u00bb.vc_custom_1520347142721{margin-bottom: 0px !important;}\u00bb][vc_column_inner css=\u00bb.vc_custom_1520347138798{margin-bottom: 0px !important;}\u00bb][vc_column_text css=\u00bb.vc_custom_1523307459725{margin-bottom: 0px !important;}\u00bb]<em><strong>Al enviar, usted acepta los <a href=\"https:\/\/www.drfranklinpena.com\/politicas-de-uso\/\">T\u00e9rminos de uso<\/a> y <a href=\"https:\/\/www.drfranklinpena.com\/politica-de-privacidad\/\">Pol\u00edtica de privacidad<\/a> del sitio web.<\/strong><\/em>[\/vc_column_text][\/vc_column_inner][\/vc_row_inner][\/vc_column][\/vc_row][vc_row css=\u00bb.vc_custom_1553886023386{padding-top: 60px !important;padding-bottom: 60px !important;}\u00bb][vc_column][vc_row_inner disable_element=\u00bbyes\u00bb css=\u00bb.vc_custom_1553977679436{margin-bottom: 0px !important;}\u00bb][vc_column_inner css=\u00bb.vc_custom_1525293974197{margin-bottom: 0px !important;padding-top: 0px !important;padding-bottom: 0px !important;}\u00bb][vc_column_text]En estos momentos nuestra <strong>CONSULTA EN LINEA<\/strong> se encuentra en mantenimiento. Lamentamos los inconvenientes que esto pueda ocasionar.<\/p>\n<p>Puedes enviarnos tus datos a <a href=\"mailto:info@drfranklinpena.com\">info@drfranklinpena.com<\/a> y te estaremos contestando lo antes posible.<\/p>\n<p><strong>Los datos que necesitamos para elaborar tu presupuesto, son los siguientes:<\/strong><\/p>\n<p>-3 fotograf\u00edas del \u00e1rea solicitada<br \/>\n&#8211; Nombre y n\u00famero de tel\u00e9fono<br \/>\n&#8211; Procedimiento que te interesa<br \/>\n&#8211; \u00bfQu\u00e9 edad tiene?<br \/>\n&#8211; \u00bfFuma?<br \/>\n&#8211; \u00bfAlguna enfermedad grave?<br \/>\n&#8211; \u00bfCu\u00e1l es tu peso aproximado?<\/p>\n<p><strong>Todos los datos solicitados incluyendo las fotograf\u00edas, son esenciales para recibir tu presupuesto.<\/strong>[\/vc_column_text][\/vc_column_inner][\/vc_row_inner][\/vc_column][\/vc_row][vc_row disable_element=\u00bbyes\u00bb css=\u00bb.vc_custom_1532471444849{padding-top: 45px !important;padding-right: 8% !important;padding-bottom: 45px !important;padding-left: 8% !important;background-image: url(https:\/\/www.drfranklinpena.com\/mywp\/wp-content\/uploads\/2018\/06\/paypal-cta-bg-01b.jpg?id=3201) !important;background-position: center !important;background-repeat: no-repeat !important;background-size: cover !important;}\u00bb][vc_column][vc_custom_heading text=\u00bbAHORA PUEDES PAGAR CON TU TARJETA DE CR\u00c9DITO A TRAV\u00c9S DE PAYPAL\u00bb font_container=\u00bbtag:h2|text_align:center|color:%23ffffff|line_height:36px\u00bb google_fonts=\u00bbfont_family:Roboto%3A100%2C100italic%2C300%2C300italic%2Cregular%2Citalic%2C500%2C500italic%2C700%2C700italic%2C900%2C900italic|font_style:300%20light%20regular%3A300%3Anormal\u00bb][vc_btn title=\u00bbPAGAR AHORA\u00bb style=\u00bboutline-custom\u00bb outline_custom_color=\u00bb#ffffff\u00bb outline_custom_hover_background=\u00bb#e80e97&#8243; outline_custom_hover_text=\u00bb#ffffff\u00bb size=\u00bblg\u00bb align=\u00bbcenter\u00bb i_type=\u00bbmonosocial\u00bb i_icon_monosocial=\u00bbvc-mono vc-mono-paypal\u00bb css_animation=\u00bbfadeIn\u00bb add_icon=\u00bbtrue\u00bb link=\u00bburl:http%3A%2F%2Fpaypal.me%2Fdrfranklinpena||target:%20_blank|rel:nofollow\u00bb css=\u00bb.vc_custom_1528209453881{margin-top: 20px !important;}\u00bb][\/vc_column][\/vc_row]<\/p>\n<\/div>","protected":false},"excerpt":{"rendered":"<p><span class=\"excerpt-hellip\"> [\u2026]<\/span><\/p>\n","protected":false},"author":2,"featured_media":0,"parent":0,"menu_order":0,"comment_status":"closed","ping_status":"closed","template":"","meta":{"content-type":"","footnotes":""},"class_list":["post-14","page","type-page","status-publish","hentry"],"yoast_head":"<!-- This site is optimized with the Yoast SEO plugin v27.2 - https:\/\/yoast.com\/product\/yoast-seo-wordpress\/ -->\n<title>Consulta en l\u00ednea - Dr. Franklin Pe\u00f1a<\/title>\n<meta name=\"description\" content=\"Consulta en l\u00ednea y solicita tu presupuesto completando el siguiente formulario. Puedes elegir todos los procedimientos que desees consultar, y recibir\u00e1s una pre-evaluaci\u00f3n v\u00eda Email en un breve instante.\" \/>\n<meta name=\"robots\" content=\"index, follow, max-snippet:-1, max-image-preview:large, max-video-preview:-1\" \/>\n<link rel=\"canonical\" href=\"https:\/\/www.drfranklinpena.com\/mywp\/consulta\/\" \/>\n<meta property=\"og:locale\" content=\"es_ES\" \/>\n<meta property=\"og:type\" content=\"article\" \/>\n<meta property=\"og:title\" content=\"Consulta en l\u00ednea - Dr. Franklin Pe\u00f1a\" \/>\n<meta property=\"og:description\" content=\"Consulta en l\u00ednea y solicita tu presupuesto completando el siguiente formulario. Puedes elegir todos los procedimientos que desees consultar, y recibir\u00e1s una pre-evaluaci\u00f3n v\u00eda Email en un breve instante.\" \/>\n<meta property=\"og:url\" content=\"https:\/\/www.drfranklinpena.com\/mywp\/consulta\/\" \/>\n<meta property=\"og:site_name\" content=\"Dr. Franklin Pe\u00f1a\" \/>\n<meta property=\"article:publisher\" content=\"https:\/\/www.facebook.com\/drfranklinpena\" \/>\n<meta property=\"article:modified_time\" content=\"2024-03-12T14:39:04+00:00\" \/>\n<meta property=\"og:image\" content=\"https:\/\/i0.wp.com\/www.drfranklinpena.com\/mywp\/wp-content\/uploads\/2025\/08\/Diseno-sin-titulo-51.jpg?fit=640%2C369&ssl=1\" \/>\n\t<meta property=\"og:image:width\" content=\"640\" \/>\n\t<meta property=\"og:image:height\" content=\"369\" \/>\n\t<meta property=\"og:image:type\" content=\"image\/jpeg\" \/>\n<meta name=\"twitter:card\" content=\"summary_large_image\" \/>\n<meta name=\"twitter:site\" content=\"@Dr_FranklinPena\" \/>\n<meta name=\"twitter:label1\" content=\"Tiempo de lectura\" \/>\n\t<meta name=\"twitter:data1\" content=\"2 minutos\" \/>\n<script type=\"application\/ld+json\" class=\"yoast-schema-graph\">{\"@context\":\"https:\/\/schema.org\",\"@graph\":[{\"@type\":\"WebPage\",\"@id\":\"https:\/\/www.drfranklinpena.com\/mywp\/consulta\/\",\"url\":\"https:\/\/www.drfranklinpena.com\/mywp\/consulta\/\",\"name\":\"Consulta en l\u00ednea - Dr. Franklin Pe\u00f1a\",\"isPartOf\":{\"@id\":\"https:\/\/www.drfranklinpena.com\/mywp\/#website\"},\"datePublished\":\"2018-01-25T14:19:56+00:00\",\"dateModified\":\"2024-03-12T14:39:04+00:00\",\"description\":\"Consulta en l\u00ednea y solicita tu presupuesto completando el siguiente formulario. Puedes elegir todos los procedimientos que desees consultar, y recibir\u00e1s una pre-evaluaci\u00f3n v\u00eda Email en un breve instante.\",\"breadcrumb\":{\"@id\":\"https:\/\/www.drfranklinpena.com\/mywp\/consulta\/#breadcrumb\"},\"inLanguage\":\"es\",\"potentialAction\":[{\"@type\":\"ReadAction\",\"target\":[\"https:\/\/www.drfranklinpena.com\/mywp\/consulta\/\"]}]},{\"@type\":\"BreadcrumbList\",\"@id\":\"https:\/\/www.drfranklinpena.com\/mywp\/consulta\/#breadcrumb\",\"itemListElement\":[{\"@type\":\"ListItem\",\"position\":1,\"name\":\"Portada\",\"item\":\"https:\/\/www.drfranklinpena.com\/\"},{\"@type\":\"ListItem\",\"position\":2,\"name\":\"Consulta en l\u00ednea\"}]},{\"@type\":\"WebSite\",\"@id\":\"https:\/\/www.drfranklinpena.com\/mywp\/#website\",\"url\":\"https:\/\/www.drfranklinpena.com\/mywp\/\",\"name\":\"Dr. Franklin Pe\u00f1a\",\"description\":\"Cirug\u00eda Pl\u00e1stica, Est\u00e9tica y Reconstructiva | Resultados que cambian tu vida\",\"publisher\":{\"@id\":\"https:\/\/www.drfranklinpena.com\/mywp\/#organization\"},\"potentialAction\":[{\"@type\":\"SearchAction\",\"target\":{\"@type\":\"EntryPoint\",\"urlTemplate\":\"https:\/\/www.drfranklinpena.com\/mywp\/?s={search_term_string}\"},\"query-input\":{\"@type\":\"PropertyValueSpecification\",\"valueRequired\":true,\"valueName\":\"search_term_string\"}}],\"inLanguage\":\"es\"},{\"@type\":\"Organization\",\"@id\":\"https:\/\/www.drfranklinpena.com\/mywp\/#organization\",\"name\":\"Dr. Franklin Pe\u00f1a\",\"url\":\"https:\/\/www.drfranklinpena.com\/mywp\/\",\"logo\":{\"@type\":\"ImageObject\",\"inLanguage\":\"es\",\"@id\":\"https:\/\/www.drfranklinpena.com\/mywp\/#\/schema\/logo\/image\/\",\"url\":\"https:\/\/i0.wp.com\/www.drfranklinpena.com\/mywp\/wp-content\/uploads\/2021\/01\/ogimage2021.png?fit=640%2C369&ssl=1\",\"contentUrl\":\"https:\/\/i0.wp.com\/www.drfranklinpena.com\/mywp\/wp-content\/uploads\/2021\/01\/ogimage2021.png?fit=640%2C369&ssl=1\",\"width\":640,\"height\":369,\"caption\":\"Dr. Franklin Pe\u00f1a\"},\"image\":{\"@id\":\"https:\/\/www.drfranklinpena.com\/mywp\/#\/schema\/logo\/image\/\"},\"sameAs\":[\"https:\/\/www.facebook.com\/drfranklinpena\",\"https:\/\/x.com\/Dr_FranklinPena\",\"http:\/\/instagram.com\/drfranklinpena\/\",\"https:\/\/www.linkedin.com\/in\/franklin-pe\u00f1a-9b75a6141\/\",\"http:\/\/www.youtube.com\/user\/drfranklinpena\"]}]}<\/script>\n<!-- \/ Yoast SEO plugin. -->","yoast_head_json":{"title":"Consulta en l\u00ednea - Dr. Franklin Pe\u00f1a","description":"Consulta en l\u00ednea y solicita tu presupuesto completando el siguiente formulario. Puedes elegir todos los procedimientos que desees consultar, y recibir\u00e1s una pre-evaluaci\u00f3n v\u00eda Email en un breve instante.","robots":{"index":"index","follow":"follow","max-snippet":"max-snippet:-1","max-image-preview":"max-image-preview:large","max-video-preview":"max-video-preview:-1"},"canonical":"https:\/\/www.drfranklinpena.com\/mywp\/consulta\/","og_locale":"es_ES","og_type":"article","og_title":"Consulta en l\u00ednea - Dr. Franklin Pe\u00f1a","og_description":"Consulta en l\u00ednea y solicita tu presupuesto completando el siguiente formulario. Puedes elegir todos los procedimientos que desees consultar, y recibir\u00e1s una pre-evaluaci\u00f3n v\u00eda Email en un breve instante.","og_url":"https:\/\/www.drfranklinpena.com\/mywp\/consulta\/","og_site_name":"Dr. Franklin Pe\u00f1a","article_publisher":"https:\/\/www.facebook.com\/drfranklinpena","article_modified_time":"2024-03-12T14:39:04+00:00","og_image":[{"width":640,"height":369,"url":"https:\/\/i0.wp.com\/www.drfranklinpena.com\/mywp\/wp-content\/uploads\/2025\/08\/Diseno-sin-titulo-51.jpg?fit=640%2C369&ssl=1","type":"image\/jpeg"}],"twitter_card":"summary_large_image","twitter_site":"@Dr_FranklinPena","twitter_misc":{"Tiempo de lectura":"2 minutos"},"schema":{"@context":"https:\/\/schema.org","@graph":[{"@type":"WebPage","@id":"https:\/\/www.drfranklinpena.com\/mywp\/consulta\/","url":"https:\/\/www.drfranklinpena.com\/mywp\/consulta\/","name":"Consulta en l\u00ednea - Dr. Franklin Pe\u00f1a","isPartOf":{"@id":"https:\/\/www.drfranklinpena.com\/mywp\/#website"},"datePublished":"2018-01-25T14:19:56+00:00","dateModified":"2024-03-12T14:39:04+00:00","description":"Consulta en l\u00ednea y solicita tu presupuesto completando el siguiente formulario. Puedes elegir todos los procedimientos que desees consultar, y recibir\u00e1s una pre-evaluaci\u00f3n v\u00eda Email en un breve instante.","breadcrumb":{"@id":"https:\/\/www.drfranklinpena.com\/mywp\/consulta\/#breadcrumb"},"inLanguage":"es","potentialAction":[{"@type":"ReadAction","target":["https:\/\/www.drfranklinpena.com\/mywp\/consulta\/"]}]},{"@type":"BreadcrumbList","@id":"https:\/\/www.drfranklinpena.com\/mywp\/consulta\/#breadcrumb","itemListElement":[{"@type":"ListItem","position":1,"name":"Portada","item":"https:\/\/www.drfranklinpena.com\/"},{"@type":"ListItem","position":2,"name":"Consulta en l\u00ednea"}]},{"@type":"WebSite","@id":"https:\/\/www.drfranklinpena.com\/mywp\/#website","url":"https:\/\/www.drfranklinpena.com\/mywp\/","name":"Dr. Franklin Pe\u00f1a","description":"Cirug\u00eda Pl\u00e1stica, Est\u00e9tica y Reconstructiva | Resultados que cambian tu vida","publisher":{"@id":"https:\/\/www.drfranklinpena.com\/mywp\/#organization"},"potentialAction":[{"@type":"SearchAction","target":{"@type":"EntryPoint","urlTemplate":"https:\/\/www.drfranklinpena.com\/mywp\/?s={search_term_string}"},"query-input":{"@type":"PropertyValueSpecification","valueRequired":true,"valueName":"search_term_string"}}],"inLanguage":"es"},{"@type":"Organization","@id":"https:\/\/www.drfranklinpena.com\/mywp\/#organization","name":"Dr. Franklin Pe\u00f1a","url":"https:\/\/www.drfranklinpena.com\/mywp\/","logo":{"@type":"ImageObject","inLanguage":"es","@id":"https:\/\/www.drfranklinpena.com\/mywp\/#\/schema\/logo\/image\/","url":"https:\/\/i0.wp.com\/www.drfranklinpena.com\/mywp\/wp-content\/uploads\/2021\/01\/ogimage2021.png?fit=640%2C369&ssl=1","contentUrl":"https:\/\/i0.wp.com\/www.drfranklinpena.com\/mywp\/wp-content\/uploads\/2021\/01\/ogimage2021.png?fit=640%2C369&ssl=1","width":640,"height":369,"caption":"Dr. Franklin Pe\u00f1a"},"image":{"@id":"https:\/\/www.drfranklinpena.com\/mywp\/#\/schema\/logo\/image\/"},"sameAs":["https:\/\/www.facebook.com\/drfranklinpena","https:\/\/x.com\/Dr_FranklinPena","http:\/\/instagram.com\/drfranklinpena\/","https:\/\/www.linkedin.com\/in\/franklin-pe\u00f1a-9b75a6141\/","http:\/\/www.youtube.com\/user\/drfranklinpena"]}]}},"jetpack_sharing_enabled":true,"_links":{"self":[{"href":"https:\/\/www.drfranklinpena.com\/mywp\/wp-json\/wp\/v2\/pages\/14","targetHints":{"allow":["GET"]}}],"collection":[{"href":"https:\/\/www.drfranklinpena.com\/mywp\/wp-json\/wp\/v2\/pages"}],"about":[{"href":"https:\/\/www.drfranklinpena.com\/mywp\/wp-json\/wp\/v2\/types\/page"}],"author":[{"embeddable":true,"href":"https:\/\/www.drfranklinpena.com\/mywp\/wp-json\/wp\/v2\/users\/2"}],"replies":[{"embeddable":true,"href":"https:\/\/www.drfranklinpena.com\/mywp\/wp-json\/wp\/v2\/comments?post=14"}],"version-history":[{"count":37,"href":"https:\/\/www.drfranklinpena.com\/mywp\/wp-json\/wp\/v2\/pages\/14\/revisions"}],"predecessor-version":[{"id":6324,"href":"https:\/\/www.drfranklinpena.com\/mywp\/wp-json\/wp\/v2\/pages\/14\/revisions\/6324"}],"wp:attachment":[{"href":"https:\/\/www.drfranklinpena.com\/mywp\/wp-json\/wp\/v2\/media?parent=14"}],"curies":[{"name":"wp","href":"https:\/\/api.w.org\/{rel}","templated":true}]}}